{"id":7153,"date":"2024-12-12T06:11:56","date_gmt":"2024-12-12T16:11:56","guid":{"rendered":"https:\/\/www.academiaschool.edu\/programa-de-verao-kids-junior-fun\/"},"modified":"2025-01-02T19:44:28","modified_gmt":"2025-01-03T05:44:28","slug":"programa-de-verao-kids-junior-fun","status":"publish","type":"page","link":"https:\/\/www.academiaschool.edu\/pt-br\/programa-de-verao-kids-junior-fun\/","title":{"rendered":"Programa de ver\u00e3o Kids &amp; Junior Fun"},"content":{"rendered":"\n<p>Na Academia, oferecemos um programa de ver\u00e3o divertido e envolvente, feito sob medida para as crian\u00e7as durante as f\u00e9rias de ver\u00e3o.<\/p>\n\n<h2 class=\"wp-block-heading jinr-heading d--bold\"><strong>Vis\u00e3o geral do programa Kids &amp; Junior Fun<\/strong><\/h2>\n\n<p>Manh\u00e3 ao ar livre, tarde na sala de aula. Aprenda ingl\u00eas enquanto voc\u00ea se diverte. <\/p>\n\n<div class=\"wp-block-columns js--scr-animation is-layout-flex wp-container-core-columns-is-layout-9d6595d7 wp-block-columns-is-layout-flex\">\n<div class=\"wp-block-column is-layout-flow wp-block-column-is-layout-flow\">\n<section class=\"wp-block-jinr-blocks-timeline b--jinr-block b--jinr-timeline d--timeline-type-text d--timeline-design1 d--timeline-step-default\n\t\t\td--timeline-img-shadow js--scr-animation\"><div class=\"o--timeline-list\">\n<div class=\"wp-block-jinr-blocks-timelinechild c--timeline-item\"><div class=\"c--timeline-heading\"><div class=\"a--timeline-step ef\"><span class=\"a--timeline-step-text\"><\/span><\/div><div class=\"a--timeline-label d--bold\">8:15 Drop off<\/div><\/div><div class=\"c--timeline-contents\"><div class=\"a--timeline-text\">\n<p>As crian\u00e7as devem chegar \u00e0 Academia usando a camiseta fornecida pela escola.<br\/>Observe que os pais\/respons\u00e1veis n\u00e3o podem acompanhar seus filhos durante o programa.<\/p>\n<\/div><\/div><\/div>\n\n\n\n<div class=\"wp-block-jinr-blocks-timelinechild c--timeline-item\"><div class=\"c--timeline-heading\"><div class=\"a--timeline-step ef\"><span class=\"a--timeline-step-text\"><\/span><\/div><div class=\"a--timeline-label d--bold\">8:30 Departure from the school<\/div><\/div><div class=\"c--timeline-contents\"><div class=\"a--timeline-text\">\n<p>Voc\u00ea vai participar e a aventura vai come\u00e7ar!<\/p>\n<\/div><\/div><\/div>\n\n\n\n<div class=\"wp-block-jinr-blocks-timelinechild c--timeline-item\"><div class=\"c--timeline-heading\"><div class=\"a--timeline-step ef\"><span class=\"a--timeline-step-text\"><\/span><\/div><div class=\"a--timeline-label d--bold\">9:00 English Activity<\/div><\/div><div class=\"c--timeline-contents\"><div class=\"a--timeline-text\">\n<p>As crian\u00e7as desfrutar\u00e3o de uma variedade de atividades e visitar\u00e3o lugares diferentes, com uma nova experi\u00eancia a cada dia.<\/p>\n<\/div><\/div><\/div>\n\n\n\n<div class=\"wp-block-jinr-blocks-timelinechild c--timeline-item\"><div class=\"c--timeline-heading\"><div class=\"a--timeline-step ef\"><span class=\"a--timeline-step-text\"><\/span><\/div><div class=\"a--timeline-label d--bold\">12:00 Lunch<\/div><\/div><div class=\"c--timeline-contents\"><div class=\"a--timeline-text\">\n<p>O almo\u00e7o ser\u00e1 fornecido pela escola.<br\/>Para crian\u00e7as com alergias graves que n\u00e3o podemos acomodar, os pais podem precisar fornecer um almo\u00e7o embalado. Entre em contato conosco para obter mais detalhes. <\/p>\n<\/div><\/div><\/div>\n\n\n\n<div class=\"wp-block-jinr-blocks-timelinechild c--timeline-item\"><div class=\"c--timeline-heading\"><div class=\"a--timeline-step ef\"><span class=\"a--timeline-step-text\"><\/span><\/div><div class=\"a--timeline-label d--bold\">12:40 Lunch Finish<\/div><\/div><div class=\"c--timeline-contents\"><div class=\"a--timeline-text\">\n<p>Todos v\u00e3o aproveitar a refei\u00e7\u00e3o juntos.<\/p>\n<\/div><\/div><\/div>\n\n\n\n<div class=\"wp-block-jinr-blocks-timelinechild c--timeline-item\"><div class=\"c--timeline-heading\"><div class=\"a--timeline-step ef\"><span class=\"a--timeline-step-text\"><\/span><\/div><div class=\"a--timeline-label d--bold\">1:30 English Class<\/div><\/div><div class=\"c--timeline-contents\"><div class=\"a--timeline-text\">\n<p>De volta \u00e0 escola, as crian\u00e7as participar\u00e3o de atividades divertidas em sala de aula. Elas aprender\u00e3o can\u00e7\u00f5es havaianas, tocar\u00e3o o ukulele e se envolver\u00e3o em artes e trabalhos manuais. <\/p>\n<\/div><\/div><\/div>\n\n\n\n<div class=\"wp-block-jinr-blocks-timelinechild c--timeline-item\"><div class=\"c--timeline-heading\"><div class=\"a--timeline-step ef\"><span class=\"a--timeline-step-text\"><\/span><\/div><div class=\"a--timeline-label d--bold\">3:45 Pick Up<\/div><\/div><div class=\"c--timeline-contents\"><div class=\"a--timeline-text\">\n<div class=\"wp-block-columns js--scr-animation is-layout-flex wp-container-core-columns-is-layout-9d6595d7 wp-block-columns-is-layout-flex\">\n<div class=\"wp-block-column is-layout-flow wp-block-column-is-layout-flow\"><\/div>\n<\/div>\n<\/div><\/div><\/div>\n<\/div><\/section>\n<\/div>\n\n\n\n<div class=\"wp-block-column is-layout-flow wp-block-column-is-layout-flow\">\n<pre class=\"wp-block-preformatted\"><strong>Atividade de ingl\u00eas \u306e\u4f8b<\/strong><\/pre>\n\n\n\n<figure class=\"wp-block-image size-large\"><img decoding=\"async\" src=\"https:\/\/academia-sch.jp\/wp-content\/uploads\/2024\/12\/F1C9753F-79B3-40CC-86B9-6FAAEC8D3E36-1024x621.jpg\" alt=\"MiniGolfe\" class=\"wp-image-2432\"\/><\/figure>\n\n\n\n<ul class=\"wp-block-list jinr-list\">\n<li>Mini golfe<\/li>\n\n\n\n<li>Departamento de Pol\u00edcia de Honolulu<\/li>\n\n\n\n<li>Centro de Descoberta<\/li>\n\n\n\n<li>Manoa Heritage Center<\/li>\n\n\n\n<li>Caminhada Diamond Head<\/li>\n\n\n\n<li>Parque Sea Life<\/li>\n\n\n\n<li>Patina\u00e7\u00e3o no gelo<\/li>\n\n\n\n<li>Museu Bishop<\/li>\n\n\n\n<li>Pesca<\/li>\n\n\n\n<li>Planet\u00e1rio e experi\u00eancia cient\u00edfica<\/li>\n\n\n\n<li>Labirinto de abacaxis da Dole Plantation<\/li>\n<\/ul>\n\n\n\n<p><strong>Aula de ingl\u00eas \u306e\u4f8b<\/strong><\/p>\n\n\n\n<figure class=\"wp-block-image size-full\"><img decoding=\"async\" src=\"https:\/\/academia-sch.jp\/wp-content\/uploads\/2024\/12\/ukulele-4021002_640.jpg\" alt=\"\" class=\"wp-image-2427\"\/><\/figure>\n\n\n\n<ul class=\"wp-block-list jinr-list\">\n<li>m\u00fasica<\/li>\n\n\n\n<li>ukulele<\/li>\n\n\n\n<li>cantar<\/li>\n\n\n\n<li>leitura<\/li>\n\n\n\n<li>artesanato<\/li>\n<\/ul>\n<\/div>\n<\/div>\n\n<h2 class=\"wp-block-heading jinr-heading d--bold\"><strong>Instrutores do programa Kids &amp; Junior Fun<\/strong><\/h2>\n\n<div class=\"wp-block-columns js--scr-animation is-layout-flex wp-container-core-columns-is-layout-9d6595d7 wp-block-columns-is-layout-flex\">\n<div class=\"wp-block-column is-layout-flow wp-block-column-is-layout-flow\">\n<div class=\"wp-block-columns js--scr-animation is-layout-flex wp-container-core-columns-is-layout-9d6595d7 wp-block-columns-is-layout-flex\">\n<div class=\"wp-block-column is-layout-flow wp-block-column-is-layout-flow\"><div class=\"wp-block-image\">\n<figure class=\"aligncenter size-full is-resized\"><img decoding=\"async\" src=\"https:\/\/academia-sch.jp\/wp-content\/uploads\/2024\/12\/CHRISTINE_1212040418.png\" alt=\"CHRISTINE\" class=\"wp-image-2429\" style=\"width:147px;height:auto\"\/><\/figure>\n<\/div>\n\n\n<p class=\"has-text-align-center\">Christine<\/p>\n\n\n\n<p class=\"has-text-align-center\">Especialista em criar aulas divertidas e envolventes para crian\u00e7as, incluindo ukulele, dan\u00e7a e artesanato.<\/p>\n<\/div>\n\n\n\n<div class=\"wp-block-column is-layout-flow wp-block-column-is-layout-flow\"><div class=\"wp-block-image\">\n<figure class=\"aligncenter size-full is-resized\"><img decoding=\"async\" src=\"https:\/\/academia-sch.jp\/wp-content\/uploads\/2024\/12\/&#x30B9;&#x30AF;&#x30EA;&#x30FC;&#x30F3;&#x30B7;&#x30E7;&#x30C3;&#x30C8;-2024-08-31-&#x5348;&#x524D;8.29.16_1212040448.png\" alt=\"Elizabeth\" class=\"wp-image-2430\" style=\"width:152px;height:auto\"\/><\/figure>\n<\/div>\n\n\n<p class=\"has-text-align-center\">Elizabeth<\/p>\n\n\n\n<p class=\"has-text-align-center\">Como m\u00e3e que est\u00e1 criando um filho de 6 anos, Elizabeth cria programas que se identificam com as crian\u00e7as e as mant\u00eam engajadas.<\/p>\n<\/div>\n<\/div>\n<\/div>\n<\/div>\n\n<h2 class=\"wp-block-heading jinr-heading d--bold\"><strong>Programa\u00e7\u00e3o do Kids &amp; Junior Fun Program 2025<\/strong><\/h2>\n\n<p>Cada semana ter\u00e1 um limite m\u00e1ximo de 8 participantes.<\/p>\n\n<figure class=\"wp-block-table is-style-regular\" style=\"font-size:47px\"><table class=\"has-black-color has-text-color has-background has-link-color has-fixed-layout\" style=\"background-color:#f5ec8412\"><tbody><tr><td class=\"has-text-align-center\" data-align=\"center\"><strong><span class=\"jinr-d--text-color d--user-color2 d--bold\">Ver\u00e3o de 2025<\/span><\/strong><\/td><td class=\"has-text-align-center\" data-align=\"center\"><strong><span class=\"jinr-d--text-color d--user-color2 d--bold\">In\u00edcio<\/span><\/strong><\/td><td class=\"has-text-align-center\" data-align=\"center\"><strong><span class=\"jinr-d--text-color d--user-color2 d--bold\">Fim<\/span><\/strong><\/td><td class=\"has-text-align-center\" data-align=\"center\"><strong><span class=\"jinr-d--text-color d--user-color2 d--bold\">Prazo de <span class=\"jinr-d--font-size d--fontsize-13px\">inscri\u00e7\u00e3o<\/span><\/span><\/strong><\/td><\/tr><tr><td class=\"has-text-align-center\" data-align=\"center\"><strong>Semana 1<\/strong><\/td><td class=\"has-text-align-center\" data-align=\"center\">07\/14\/2025<\/td><td class=\"has-text-align-center\" data-align=\"center\">07\/18\/2025<\/td><td class=\"has-text-align-center\" data-align=\"center\">06\/29\/2025<\/td><\/tr><tr><td class=\"has-text-align-center\" data-align=\"center\"><strong>Semana 2<\/strong><\/td><td class=\"has-text-align-center\" data-align=\"center\">07\/21\/2025<\/td><td class=\"has-text-align-center\" data-align=\"center\">07\/25\/2025<\/td><td class=\"has-text-align-center\" data-align=\"center\">07\/06\/2025<\/td><\/tr><tr><td class=\"has-text-align-center\" data-align=\"center\"><strong>Semana 3<\/strong><\/td><td class=\"has-text-align-center\" data-align=\"center\">07\/28\/2025<\/td><td class=\"has-text-align-center\" data-align=\"center\">08\/01\/2025<\/td><td class=\"has-text-align-center\" data-align=\"center\">07\/13\/2025<\/td><\/tr><tr><td class=\"has-text-align-center\" data-align=\"center\"><strong>Semana 4<\/strong><\/td><td class=\"has-text-align-center\" data-align=\"center\">08\/04\/2025<\/td><td class=\"has-text-align-center\" data-align=\"center\">08\/08\/2025<\/td><td class=\"has-text-align-center\" data-align=\"center\">07\/20\/2025<\/td><\/tr><tr><td class=\"has-text-align-center\" data-align=\"center\"><strong>Semana 5<\/strong><\/td><td class=\"has-text-align-center\" data-align=\"center\">08\/11\/2025<\/td><td class=\"has-text-align-center\" data-align=\"center\">08\/15\/2025<\/td><td class=\"has-text-align-center\" data-align=\"center\">07\/27\/2025<\/td><\/tr><tr><td class=\"has-text-align-center\" data-align=\"center\"><strong>Semana 6<\/strong><\/td><td class=\"has-text-align-center\" data-align=\"center\">08\/18\/2025<\/td><td class=\"has-text-align-center\" data-align=\"center\">08\/22\/2025<\/td><td class=\"has-text-align-center\" data-align=\"center\">08\/03\/2025<\/td><\/tr><\/tbody><\/table><\/figure>\n\n<p>O programa foi desenvolvido principalmente para crian\u00e7as de 6 a 15 anos (alunos da pr\u00e9-escola, do ensino fundamental e do ensino m\u00e9dio). Os alunos do ensino m\u00e9dio com idade entre 16 e 18 anos tamb\u00e9m podem participar. No entanto, os alunos do ensino m\u00e9dio que buscam um aprendizado com foco mais acad\u00eamico s\u00e3o incentivados a se inscrever em nossas aulas gerais para adultos.  <\/p>\n\n<ul class=\"wp-block-list jinr-list\">\n<li>Programa Kids Fun (6 a 12 anos de idade)<\/li>\n\n\n\n<li>Programa Junior Fun (13 a 15 anos de idade)<\/li>\n<\/ul>\n\n<h2 class=\"wp-block-heading jinr-heading d--bold\"><strong>Taxas do programa Kids &amp; Junior Fun 2025<\/strong><\/h2>\n\n<p>Taxa de registro: US$ 100<\/p>\n\n<figure class=\"wp-block-table\"><table class=\"has-background has-fixed-layout\" style=\"background-color:#0061fc08\"><tbody><tr><td class=\"has-text-align-center\" data-align=\"center\"><span class=\"jinr-d--text-color d--user-color2 d--bold\">Ver\u00e3o de 2025<\/span><\/td><td class=\"has-text-align-center\" data-align=\"center\"><span class=\"jinr-d--text-color d--user-color2 d--bold\">Mensalidades<\/span><\/td><td class=\"has-text-align-center\" data-align=\"center\"><strong><span class=\"jinr-d--text-color d--user-color2 d--bold\">Total<\/span><\/strong><\/td><\/tr><tr><td class=\"has-text-align-center\" data-align=\"center\"><strong>1 semana<\/strong><\/td><td class=\"has-text-align-center\" data-align=\"center\">$873.00<\/td><td class=\"has-text-align-center\" data-align=\"center\">$973.00<\/td><\/tr><tr><td class=\"has-text-align-center\" data-align=\"center\"><strong>2 semanas<\/strong><\/td><td class=\"has-text-align-center\" data-align=\"center\">$1,530.00<\/td><td class=\"has-text-align-center\" data-align=\"center\">$1,630.00<\/td><\/tr><tr><td class=\"has-text-align-center\" data-align=\"center\"><strong>3 semanas<\/strong><\/td><td class=\"has-text-align-center\" data-align=\"center\">$2,160.00<\/td><td class=\"has-text-align-center\" data-align=\"center\">$2,260.00<\/td><\/tr><tr><td class=\"has-text-align-center\" data-align=\"center\"><strong>4 semanas<\/strong><\/td><td class=\"has-text-align-center\" data-align=\"center\">$2,808.00<\/td><td class=\"has-text-align-center\" data-align=\"center\">$2,908.00<\/td><\/tr><tr><td class=\"has-text-align-center\" data-align=\"center\"><strong>5 semanas<\/strong><\/td><td class=\"has-text-align-center\" data-align=\"center\">$3,375.00<\/td><td class=\"has-text-align-center\" data-align=\"center\">$3,475.00<\/td><\/tr><tr><td class=\"has-text-align-center\" data-align=\"center\"><strong>6 semanas<\/strong><\/td><td class=\"has-text-align-center\" data-align=\"center\">$3,888.00<\/td><td class=\"has-text-align-center\" data-align=\"center\">$3,988.00<\/td><\/tr><\/tbody><\/table><\/figure>\n\n<p>As taxas acima incluem impostos. Uma taxa de processamento de 3% ser\u00e1 aplicada para pagamentos com cart\u00e3o de cr\u00e9dito. <\/p>\n\n<h2 class=\"wp-block-heading jinr-heading d--bold\"><strong>Pol\u00edtica de cancelamento<\/strong><\/h2>\n\n<p>A taxa de inscri\u00e7\u00e3o n\u00e3o \u00e9 reembols\u00e1vel. Quaisquer altera\u00e7\u00f5es ou cancelamentos devem ser feitos pelo menos 22 dias antes da data de in\u00edcio do programa. Os cancelamentos feitos dentro desse per\u00edodo ser\u00e3o totalmente reembolsados, excluindo a taxa de inscri\u00e7\u00e3o n\u00e3o reembols\u00e1vel.  <\/p>\n\n<p>Os cancelamentos feitos dentro de 21 dias da data de in\u00edcio do programa n\u00e3o s\u00e3o reembols\u00e1veis. Reembolsos, reagendamentos ou atividades alternativas n\u00e3o ser\u00e3o fornecidos em casos de mau tempo, desastres naturais ou outras circunst\u00e2ncias imprevistas que levem ao cancelamento do programa. <\/p>\n\n<h2 class=\"wp-block-heading jinr-heading d--bold\"><strong>Aplicativo<\/strong><\/h2>\n\n<p>Preencha o formul\u00e1rio de inscri\u00e7\u00e3o e, em seguida, forneceremos as instru\u00e7\u00f5es de pagamento. Sua vaga ser\u00e1 confirmada ap\u00f3s o pagamento.<br\/>Envie sua inscri\u00e7\u00e3o usando o formul\u00e1rio abaixo. <\/p>\n<section class='b--jinr-block b--jinr-button   js--scr-animation block_'>\n\t\t\t\t\t<div class=\"o--button-inner d--button-type1 d--button-solid d--button-solid-hover-down d--button-solid-animation-expand d--button-center\"><span class=\"a--button-hover\"><a href=\"https:\/\/form.jotform.com\/243461090509050\" target=\"_blank\" rel=\"noopener\"><span>Application<\/span><\/a><\/span><\/div>\n\t\t\t\t<\/section>\n<p>Se voc\u00ea tiver alguma d\u00favida, sinta-se \u00e0 vontade para entrar em contato conosco usando as informa\u00e7\u00f5es abaixo.<\/p>\n\n<div class=\"wp-block-columns js--scr-animation is-layout-flex wp-container-core-columns-is-layout-9d6595d7 wp-block-columns-is-layout-flex\">\n<div class=\"wp-block-column is-layout-flow wp-block-column-is-layout-flow\">\n<p class=\"has-text-align-center\"><span class=\"jin-icons in--p jin-ifont-comment\"><\/span> <a href=\"https:\/\/wa.me\/message\/XNHGHW2TGDJ2I1\" target=\"_blank\" rel=\"noreferrer noopener nofollow\">WhatsAPP<\/a><\/p>\n<\/div>\n\n\n\n<div class=\"wp-block-column is-layout-flow wp-block-column-is-layout-flow\">\n<p class=\"has-text-align-center\"><span class=\"jin-icons in--p jin-ifont-comment\"><\/span> <a href=\"https:\/\/line.me\/R\/ti\/p\/@876dbswf?oat_content=url\" target=\"_blank\" rel=\"noreferrer noopener nofollow\">LINE<\/a><\/p>\n<\/div>\n\n\n\n<div class=\"wp-block-column is-layout-flow wp-block-column-is-layout-flow\">\n<p class=\"has-text-align-center\"><span class=\"jin-icons in--p jin-ifont-comment\"><\/span> <a href=\"https:\/\/academia-sch.kr\/kakaotalk_page\/\" target=\"_blank\" rel=\"noreferrer noopener\">KakaoTalk<\/a><\/p>\n<\/div>\n<\/div>\n\n\n<section class='b--jinr-block b--jinr-button   js--scr-animation block_'>\n\t\t\t\t\t<div class=\"o--button-inner d--button-type1 d--button-solid d--button-solid-hover-down d--button-solid-animation-expand d--button-center\"><span class=\"a--button-hover\"><a href=\"https:\/\/form.jotform.com\/241172060846048\" target=\"_blank\" rel=\"noopener\"><span>Contact Form<\/span><\/a><\/span><\/div>\n\t\t\t\t<\/section>","protected":false},"excerpt":{"rendered":"<p>Na Academia, oferecemos um programa de ver\u00e3o divertido e envolvente, feito sob medida para as crian\u00e7as durante as f\u00e9rias de ver\u00e3o. Vis\u00e3o geral do programa Kids &amp; Junior Fun Manh\u00e3 ao ar livre, tarde na sala de aula. Aprenda ingl\u00eas enquanto voc\u00ea se diverte. Atividade de ingl\u00eas \u306e\u4f8b Aula de ingl\u00eas \u306e\u4f8b Instrutores do programa [&hellip;]<\/p>\n","protected":false},"author":1,"featured_media":0,"parent":0,"menu_order":0,"comment_status":"closed","ping_status":"closed","template":"","meta":{"_jinr_url_youtube":"","_jinr_pip_youtube":false,"_jinr_time_youtube":"","_jinr_thumb_youtube":"","_jinr_media_youtube":"","_jinr_category_edit":false,"_jinr_category":"","_jinr_title_display":false,"_jinr_snsbutton_display":false,"_jinr_ads_display":false,"_jinr_thumbnail_display":false,"_jinr_profile_display":false,"_jinr_representations_display":false,"_jinr_relatedpost_display":false,"_jinr_sidebar1col_display":false,"_jinr_sidebar2col_display":false,"_jinr_seotitle_display":"","_jinr_description_display":"","_jinr_keyword_display":"","_jinr_hastag_display":"","_jinr_canonical_display":"","_jinr_noindex_display":false,"_jinr_paidpost":false,"_jinr_paidpost_product_id":"","_jinr_headtag_article":"","footnotes":""},"class_list":["post-7153","page","type-page","status-publish","hentry"],"_links":{"self":[{"href":"https:\/\/www.academiaschool.edu\/pt-br\/wp-json\/wp\/v2\/pages\/7153","targetHints":{"allow":["GET"]}}],"collection":[{"href":"https:\/\/www.academiaschool.edu\/pt-br\/wp-json\/wp\/v2\/pages"}],"about":[{"href":"https:\/\/www.academiaschool.edu\/pt-br\/wp-json\/wp\/v2\/types\/page"}],"author":[{"embeddable":true,"href":"https:\/\/www.academiaschool.edu\/pt-br\/wp-json\/wp\/v2\/users\/1"}],"replies":[{"embeddable":true,"href":"https:\/\/www.academiaschool.edu\/pt-br\/wp-json\/wp\/v2\/comments?post=7153"}],"version-history":[{"count":1,"href":"https:\/\/www.academiaschool.edu\/pt-br\/wp-json\/wp\/v2\/pages\/7153\/revisions"}],"predecessor-version":[{"id":7154,"href":"https:\/\/www.academiaschool.edu\/pt-br\/wp-json\/wp\/v2\/pages\/7153\/revisions\/7154"}],"wp:attachment":[{"href":"https:\/\/www.academiaschool.edu\/pt-br\/wp-json\/wp\/v2\/media?parent=7153"}],"curies":[{"name":"wp","href":"https:\/\/api.w.org\/{rel}","templated":true}]}}