{"id":5473,"date":"2024-03-28T12:50:46","date_gmt":"2024-03-28T22:50:46","guid":{"rendered":"https:\/\/academia-school.net\/campanha-de-transferencia\/"},"modified":"2025-01-02T22:36:15","modified_gmt":"2025-01-03T08:36:15","slug":"campanha-de-transferencia","status":"publish","type":"page","link":"https:\/\/www.academiaschool.edu\/pt-br\/campanha-de-transferencia\/","title":{"rendered":"Campanha de transfer\u00eancia"},"content":{"rendered":"\n<section class=\"wp-block-jinr-blocks-fullwidth b--jinr-block b--jinr-fullwidth-container d--top-margin-xs-pc d--bottom-margin-xs-pc d--top-margin-xs-sp d--bottom-margin-xs-sp \"><section class=\"b--jinr-fullwidth d--fullwidth-parallax-off d--fullwidth-deco-bgimage\"><div class=\"a--jinr-fullwidth-image\"><div class=\"a--jinr-fullwidth-image-clip\"><img decoding=\"async\" src=\"https:\/\/www.academiaschool.edu\/wp-content\/uploads\/2024\/03\/\u30b9\u30af\u30ea\u30fc\u30f3\u30b7\u30e7\u30c3\u30c8-2024-03-26-\u5348\u5f8c12.07.40-1.webp\"\/><\/div><\/div><div class=\"a--jinr-fullwidth-overlay\" style=\"background-color:#f5f5f5;opacity:0\"><\/div><div class=\"d--fullwidth-100 d--fullwidth-pad40 d--fullwidth-pad0-sp t--main-width\" style=\"color:#ffffff\">\n<p class=\"has-text-align-center\"><span class=\"jinr-d--font-size d--fontsize-36px\"><strong>Campanha de transfer\u00eancia<\/strong><\/span><\/p>\n<\/div><\/section><\/section>\n\n<h2 class=\"wp-block-heading jinr-heading d--bold\"><strong>Vis\u00e3o geral da campanha de transfer\u00eancia<\/strong><\/h2>\n\n<p>Nossa escola oferece uma taxa de desconto para alunos transferidos portadores do visto F-1. Essa taxa especial oferece um desconto de at\u00e9 20% sobre as taxas de ensino regulares.<\/p>\n\n<figure class=\"wp-block-table is-style-stripes\"><table><tbody><tr><td class=\"has-text-align-center\" data-align=\"center\"><\/td><td class=\"has-text-align-center\" data-align=\"center\"><strong>Pre\u00e7os regulares para 2025<\/strong><\/td><td class=\"has-text-align-center\" data-align=\"center\"><strong><strong>Pre\u00e7o com desconto<\/strong><\/strong><\/td><\/tr><tr><td class=\"has-text-align-center\" data-align=\"center\">8 semanas<\/td><td class=\"has-text-align-center\" data-align=\"center\">$2,377<\/td><td class=\"has-text-align-center\" data-align=\"center\"><span class=\"jinr-d--text-color d--user-color1 d--bold\">$1,902<\/span><\/td><\/tr><tr><td class=\"has-text-align-center\" data-align=\"center\">12 semanas<\/td><td class=\"has-text-align-center\" data-align=\"center\">$2,835<\/td><td class=\"has-text-align-center\" data-align=\"center\"><span class=\"jinr-d--text-color d--user-color1 d--bold\">$2,778<\/span><\/td><\/tr><tr><td class=\"has-text-align-center\" data-align=\"center\">16 semanas<\/td><td class=\"has-text-align-center\" data-align=\"center\">$3,989<\/td><td class=\"has-text-align-center\" data-align=\"center\"><span class=\"jinr-d--text-color d--user-color1 d--bold\">$3,690<\/span><\/td><\/tr><tr><td class=\"has-text-align-center\" data-align=\"center\">24 semanas<\/td><td class=\"has-text-align-center\" data-align=\"center\">$5,384<\/td><td class=\"has-text-align-center\" data-align=\"center\"><span class=\"jinr-d--text-color d--user-color1 d--bold\">$4,980<\/span><\/td><\/tr><tr><td class=\"has-text-align-center\" data-align=\"center\">48 semanas<\/td><td class=\"has-text-align-center\" data-align=\"center\">$8,994<\/td><td class=\"has-text-align-center\" data-align=\"center\"><span class=\"jinr-d--text-color d--user-color1 d--bold\">$7,980<\/span><\/td><\/tr><\/tbody><\/table><figcaption class=\"wp-element-caption\">As taxas incluem uma taxa \u00fanica de inscri\u00e7\u00e3o n\u00e3o reembols\u00e1vel de US$ 100 e uma taxa de tecnologia\/c\u00f3pia de US$ 135.<\/figcaption><\/figure>\n\n<p>Compras de longo prazo resultam em economia de custos.<br\/>Essa tarifa n\u00e3o est\u00e1 dispon\u00edvel por meio de agentes.<br\/>Ela pode ser combinada com promo\u00e7\u00f5es de indica\u00e7\u00e3o.<\/p>\n\n<p>Para obter informa\u00e7\u00f5es sobre reembolsos, consulte nossa <a href=\"https:\/\/www.academiaschool.edu\/pt-br\/aplicativo\/politica-de-reembolso\/\">pol\u00edtica de reembolso<\/a>.<\/p>\n<section class=\"b--jinr-block b--jinr-blogcard d--blogcard-hover-up d--blogcard-style1 d--blogcard-mysite t--round \"><div class=\"a--blogcard-label ef\">Related Page<\/div><a class=\"o--blogcard-link t--round\" href=\"https:\/\/www.academiaschool.edu\/inquiry\/\"><div class=\"c--blogcard-image\"><img loading=\"lazy\" decoding=\"async\" class=\"a--blogcard-img-src\" width=\"128\" height=\"72\" src=\"https:\/\/www.academiaschool.edu\/wp-content\/uploads\/2025\/02\/\u540d\u79f0\u672a\u8a2d\u5b9a\u306e\u30c7\u30b6\u30a4\u30f3-7.png\" alt=\"Contact Us\" \/><\/div><div class=\"a--blogcard-title d--bold\">Contact Us<\/div><\/a><\/section>","protected":false},"excerpt":{"rendered":"<p>Vis\u00e3o geral da campanha de transfer\u00eancia Nossa escola oferece uma taxa de desconto para alunos transferidos portadores do visto F-1. Essa taxa especial oferece um desconto de at\u00e9 20% sobre as taxas de ensino regulares. Pre\u00e7os regulares para 2025 Pre\u00e7o com desconto 8 semanas $2,377 $1,902 12 semanas $2,835 $2,778 16 semanas $3,989 $3,690 24 [&hellip;]<\/p>\n","protected":false},"author":1,"featured_media":0,"parent":0,"menu_order":0,"comment_status":"closed","ping_status":"closed","template":"","meta":{"_jinr_url_youtube":"","_jinr_pip_youtube":false,"_jinr_time_youtube":"","_jinr_thumb_youtube":"","_jinr_media_youtube":"","_jinr_category_edit":false,"_jinr_category":"","_jinr_title_display":false,"_jinr_snsbutton_display":false,"_jinr_ads_display":false,"_jinr_thumbnail_display":false,"_jinr_profile_display":false,"_jinr_representations_display":false,"_jinr_relatedpost_display":false,"_jinr_sidebar1col_display":false,"_jinr_sidebar2col_display":false,"_jinr_seotitle_display":"","_jinr_description_display":"","_jinr_keyword_display":"","_jinr_hastag_display":"","_jinr_canonical_display":"","_jinr_noindex_display":false,"_jinr_paidpost":false,"_jinr_paidpost_product_id":"","_jinr_headtag_article":"","footnotes":""},"class_list":["post-5473","page","type-page","status-publish","hentry"],"_links":{"self":[{"href":"https:\/\/www.academiaschool.edu\/pt-br\/wp-json\/wp\/v2\/pages\/5473","targetHints":{"allow":["GET"]}}],"collection":[{"href":"https:\/\/www.academiaschool.edu\/pt-br\/wp-json\/wp\/v2\/pages"}],"about":[{"href":"https:\/\/www.academiaschool.edu\/pt-br\/wp-json\/wp\/v2\/types\/page"}],"author":[{"embeddable":true,"href":"https:\/\/www.academiaschool.edu\/pt-br\/wp-json\/wp\/v2\/users\/1"}],"replies":[{"embeddable":true,"href":"https:\/\/www.academiaschool.edu\/pt-br\/wp-json\/wp\/v2\/comments?post=5473"}],"version-history":[{"count":4,"href":"https:\/\/www.academiaschool.edu\/pt-br\/wp-json\/wp\/v2\/pages\/5473\/revisions"}],"predecessor-version":[{"id":7239,"href":"https:\/\/www.academiaschool.edu\/pt-br\/wp-json\/wp\/v2\/pages\/5473\/revisions\/7239"}],"wp:attachment":[{"href":"https:\/\/www.academiaschool.edu\/pt-br\/wp-json\/wp\/v2\/media?parent=5473"}],"curies":[{"name":"wp","href":"https:\/\/api.w.org\/{rel}","templated":true}]}}