{"id":5469,"date":"2024-03-14T16:20:04","date_gmt":"2024-03-15T02:20:04","guid":{"rendered":"https:\/\/academia-school.net\/visao-geral-da-escola\/"},"modified":"2024-04-24T11:09:50","modified_gmt":"2024-04-24T21:09:50","slug":"visao-geral-da-escola","status":"publish","type":"page","link":"https:\/\/www.academiaschool.edu\/pt-br\/visao-geral-da-escola\/","title":{"rendered":"Vis\u00e3o geral da escola"},"content":{"rendered":"\n<section class=\"wp-block-jinr-blocks-fullwidth b--jinr-block b--jinr-fullwidth-container d--top-margin-xs-pc d--bottom-margin-xs-pc d--top-margin-xs-sp d--bottom-margin-xs-sp \"><section class=\"b--jinr-fullwidth d--fullwidth-parallax-off d--fullwidth-deco-bgimage\"><div class=\"a--jinr-fullwidth-image\"><div class=\"a--jinr-fullwidth-image-clip\"><img decoding=\"async\" src=\"https:\/\/www.academiaschool.edu\/wp-content\/uploads\/2024\/03\/\u30b9\u30af\u30ea\u30fc\u30f3\u30b7\u30e7\u30c3\u30c8-2024-03-26-\u5348\u5f8c12.42.06.webp\"\/><\/div><\/div><div class=\"a--jinr-fullwidth-overlay\" style=\"background-color:#f5f5f5;opacity:0\"><\/div><div class=\"d--fullwidth-100 d--fullwidth-pad40 d--fullwidth-pad0-sp t--main-width\" style=\"color:false\">\n<p class=\"has-text-align-center has-white-color has-text-color has-link-color wp-elements-9fac55b0e8f36d0cf65672381e50faef\"><span class=\"jinr-d--font-size d--fontsize-36px\"><strong><strong>Vis\u00e3o geral da escola<\/strong><\/strong><\/span><\/p>\n<\/div><\/section><\/section>\n\n<h2 class=\"wp-block-heading jinr-heading d--bold\"><strong>Vis\u00e3o geral da escola<\/strong><\/h2>\n\n<h3 class=\"wp-block-heading jinr-heading d--bold\"><strong>Nome da escola<\/strong><\/h3>\n\n<p>Academia Language School<\/p>\n\n<h3 class=\"wp-block-heading jinr-heading d--bold\">Diretor de programas de idiomas<\/h3>\n\n<p>Rhodes Larry<\/p>\n\n<p><a href=\"https:\/\/www.academiaschool.edu\/pt-br\/razoes-para-escolher\/corpo-docente-experiente\/\">Clique aqui para ver sua biografia<\/a><\/p>\n\n<h3 class=\"wp-block-heading jinr-heading d--bold\"><strong>Localiza\u00e7\u00e3o<\/strong><\/h3>\n\n<p>Academia Language School<br\/>1600 Kapiolani Blvd., Suite 1225<br\/>Honolulu, HI 96814<\/p>\n\n<figure class=\"wp-block-image size-full is-resized\"><img loading=\"lazy\" decoding=\"async\" width=\"640\" height=\"480\" src=\"https:\/\/www.academiaschool.edu\/wp-content\/uploads\/2024\/03\/academia_map.jpg\" alt=\"Endere&#xE7;o da Academia Language School\" class=\"wp-image-825\" style=\"width:740px;height:auto\" srcset=\"https:\/\/www.academiaschool.edu\/wp-content\/uploads\/2024\/03\/academia_map.jpg 640w, https:\/\/www.academiaschool.edu\/wp-content\/uploads\/2024\/03\/academia_map-300x225.jpg 300w\" sizes=\"auto, (max-width: 640px) 100vw, 640px\" \/><\/figure>\n\n<p><a href=\"https:\/\/maps.app.goo.gl\/yHyWr8o9g5BWrYBV9\" data-type=\"link\" data-id=\"https:\/\/maps.app.goo.gl\/yHyWr8o9g5BWrYBV9\">Mapa do Google<\/a><\/p>\n\n<h3 class=\"wp-block-heading jinr-heading d--bold\"><strong>N\u00famero de telefone<\/strong><\/h3>\n\n<p>1 (808) 946-5599<\/p>\n\n<p><strong>Hor\u00e1rio de atendimento telef\u00f4nico (hor\u00e1rio do Hava\u00ed):<\/strong><\/p>\n\n<p>De segunda a quinta-feira: das 9h \u00e0s 13h<br\/>Sexta-feira: das 9h \u00e0s 12h<\/p>\n\n<p>As visitas \u00e0 escola est\u00e3o dispon\u00edveis fora desse hor\u00e1rio, mediante agendamento pr\u00e9vio.<\/p>\n\n<h3 class=\"wp-block-heading jinr-heading d--bold\">E-MAIL<\/h3>\n\n<p>support@academiaschool.edu<\/p>\n","protected":false},"excerpt":{"rendered":"<p>Vis\u00e3o geral da escola Nome da escola Academia Language School Diretor de programas de idiomas Rhodes Larry Clique aqui para ver sua biografia Localiza\u00e7\u00e3o Academia Language School1600 Kapiolani Blvd., Suite 1225Honolulu, HI 96814 Mapa do Google N\u00famero de telefone 1 (808) 946-5599 Hor\u00e1rio de atendimento telef\u00f4nico (hor\u00e1rio do Hava\u00ed): De segunda a quinta-feira: das 9h [&hellip;]<\/p>\n","protected":false},"author":1,"featured_media":0,"parent":0,"menu_order":0,"comment_status":"closed","ping_status":"closed","template":"","meta":{"_jinr_url_youtube":"","_jinr_pip_youtube":false,"_jinr_time_youtube":"","_jinr_thumb_youtube":"","_jinr_media_youtube":"","_jinr_category_edit":false,"_jinr_category":"","_jinr_title_display":false,"_jinr_snsbutton_display":false,"_jinr_ads_display":false,"_jinr_thumbnail_display":false,"_jinr_profile_display":false,"_jinr_representations_display":false,"_jinr_relatedpost_display":false,"_jinr_sidebar1col_display":false,"_jinr_sidebar2col_display":false,"_jinr_seotitle_display":"","_jinr_description_display":"","_jinr_keyword_display":"","_jinr_hastag_display":"","_jinr_canonical_display":"","_jinr_noindex_display":false,"_jinr_paidpost":false,"_jinr_paidpost_product_id":"","_jinr_headtag_article":"","footnotes":""},"class_list":["post-5469","page","type-page","status-publish","hentry"],"_links":{"self":[{"href":"https:\/\/www.academiaschool.edu\/pt-br\/wp-json\/wp\/v2\/pages\/5469","targetHints":{"allow":["GET"]}}],"collection":[{"href":"https:\/\/www.academiaschool.edu\/pt-br\/wp-json\/wp\/v2\/pages"}],"about":[{"href":"https:\/\/www.academiaschool.edu\/pt-br\/wp-json\/wp\/v2\/types\/page"}],"author":[{"embeddable":true,"href":"https:\/\/www.academiaschool.edu\/pt-br\/wp-json\/wp\/v2\/users\/1"}],"replies":[{"embeddable":true,"href":"https:\/\/www.academiaschool.edu\/pt-br\/wp-json\/wp\/v2\/comments?post=5469"}],"version-history":[{"count":3,"href":"https:\/\/www.academiaschool.edu\/pt-br\/wp-json\/wp\/v2\/pages\/5469\/revisions"}],"predecessor-version":[{"id":5472,"href":"https:\/\/www.academiaschool.edu\/pt-br\/wp-json\/wp\/v2\/pages\/5469\/revisions\/5472"}],"wp:attachment":[{"href":"https:\/\/www.academiaschool.edu\/pt-br\/wp-json\/wp\/v2\/media?parent=5469"}],"curies":[{"name":"wp","href":"https:\/\/api.w.org\/{rel}","templated":true}]}}