{"id":5454,"date":"2024-03-28T12:51:44","date_gmt":"2024-03-28T22:51:44","guid":{"rendered":"https:\/\/academia-school.net\/campanha-de-indicacao\/"},"modified":"2024-04-24T11:08:40","modified_gmt":"2024-04-24T21:08:40","slug":"campanha-de-indicacao","status":"publish","type":"page","link":"https:\/\/www.academiaschool.edu\/pt-br\/campanha-de-indicacao\/","title":{"rendered":"Campanha de indica\u00e7\u00e3o"},"content":{"rendered":"\n<section class=\"wp-block-jinr-blocks-fullwidth b--jinr-block b--jinr-fullwidth-container d--top-margin-xs-pc d--bottom-margin-xs-pc d--top-margin-xs-sp d--bottom-margin-xs-sp \"><section class=\"b--jinr-fullwidth d--fullwidth-parallax-off d--fullwidth-deco-bgimage\"><div class=\"a--jinr-fullwidth-image\"><div class=\"a--jinr-fullwidth-image-clip\"><img decoding=\"async\" src=\"https:\/\/www.academiaschool.edu\/wp-content\/uploads\/2024\/03\/\u30b9\u30af\u30ea\u30fc\u30f3\u30b7\u30e7\u30c3\u30c8-2024-03-26-\u5348\u5f8c8.23.45.webp\"\/><\/div><\/div><div class=\"a--jinr-fullwidth-overlay\" style=\"background-color:#f5f5f5;opacity:0\"><\/div><div class=\"d--fullwidth-100 d--fullwidth-pad40 d--fullwidth-pad0-sp t--main-width\" style=\"color:#ffffff\">\n<p class=\"has-text-align-center\"><span class=\"jinr-d--font-size d--fontsize-36px\"><strong>Campanha de indica\u00e7\u00e3o<\/strong><\/span><\/p>\n<\/div><\/section><\/section>\n\n<h2 class=\"wp-block-heading jinr-heading d--bold\">Campanha de indica\u00e7\u00e3o<\/h2>\n\n<p>A campanha de indica\u00e7\u00e3o permite que tanto o remetente quanto o indiv\u00edduo indicado recebam at\u00e9 um m\u00eas de extens\u00e3o gratuita.<\/p>\n\n<p>Se o indiv\u00edduo indicado assinar por pelo menos 8 semanas, tanto o remetente quanto o indicado receber\u00e3o duas semanas adicionais de extens\u00e3o gratuita.<\/p>\n\n<p>Al\u00e9m disso, se o indiv\u00edduo indicado estender sua assinatura por 16 semanas ou mais (4 meses ou mais), tanto o referenciador quanto o indicado receber\u00e3o duas semanas adicionais de extens\u00e3o gratuita.<\/p>\n\n<p>Para se qualificar para a campanha, o indiv\u00edduo indicado deve se inscrever para a campanha de indica\u00e7\u00e3o antes de concluir o processo de assinatura. N\u00e3o ser\u00e3o aceitas inscri\u00e7\u00f5es ap\u00f3s o processo de inscri\u00e7\u00e3o.<\/p>\n\n<p>Al\u00e9m disso, os indiv\u00edduos que estavam inscritos anteriormente e est\u00e3o retornando n\u00e3o ser\u00e3o eleg\u00edveis para essa campanha.<\/p>\n","protected":false},"excerpt":{"rendered":"<p>Campanha de indica\u00e7\u00e3o A campanha de indica\u00e7\u00e3o permite que tanto o remetente quanto o indiv\u00edduo indicado recebam at\u00e9 um m\u00eas de extens\u00e3o gratuita. Se o indiv\u00edduo indicado assinar por pelo menos 8 semanas, tanto o remetente quanto o indicado receber\u00e3o duas semanas adicionais de extens\u00e3o gratuita. Al\u00e9m disso, se o indiv\u00edduo indicado estender sua assinatura [&hellip;]<\/p>\n","protected":false},"author":1,"featured_media":0,"parent":0,"menu_order":0,"comment_status":"closed","ping_status":"closed","template":"","meta":{"_jinr_url_youtube":"","_jinr_pip_youtube":false,"_jinr_time_youtube":"","_jinr_thumb_youtube":"","_jinr_media_youtube":"","_jinr_category_edit":false,"_jinr_category":"","_jinr_title_display":false,"_jinr_snsbutton_display":false,"_jinr_ads_display":false,"_jinr_thumbnail_display":false,"_jinr_profile_display":false,"_jinr_representations_display":false,"_jinr_relatedpost_display":false,"_jinr_sidebar1col_display":false,"_jinr_sidebar2col_display":false,"_jinr_seotitle_display":"","_jinr_description_display":"","_jinr_keyword_display":"","_jinr_hastag_display":"","_jinr_canonical_display":"","_jinr_noindex_display":false,"_jinr_paidpost":false,"_jinr_paidpost_product_id":"","_jinr_headtag_article":"","footnotes":""},"class_list":["post-5454","page","type-page","status-publish","hentry"],"_links":{"self":[{"href":"https:\/\/www.academiaschool.edu\/pt-br\/wp-json\/wp\/v2\/pages\/5454","targetHints":{"allow":["GET"]}}],"collection":[{"href":"https:\/\/www.academiaschool.edu\/pt-br\/wp-json\/wp\/v2\/pages"}],"about":[{"href":"https:\/\/www.academiaschool.edu\/pt-br\/wp-json\/wp\/v2\/types\/page"}],"author":[{"embeddable":true,"href":"https:\/\/www.academiaschool.edu\/pt-br\/wp-json\/wp\/v2\/users\/1"}],"replies":[{"embeddable":true,"href":"https:\/\/www.academiaschool.edu\/pt-br\/wp-json\/wp\/v2\/comments?post=5454"}],"version-history":[{"count":3,"href":"https:\/\/www.academiaschool.edu\/pt-br\/wp-json\/wp\/v2\/pages\/5454\/revisions"}],"predecessor-version":[{"id":5457,"href":"https:\/\/www.academiaschool.edu\/pt-br\/wp-json\/wp\/v2\/pages\/5454\/revisions\/5457"}],"wp:attachment":[{"href":"https:\/\/www.academiaschool.edu\/pt-br\/wp-json\/wp\/v2\/media?parent=5454"}],"curies":[{"name":"wp","href":"https:\/\/api.w.org\/{rel}","templated":true}]}}