{"id":5450,"date":"2024-03-20T17:53:13","date_gmt":"2024-03-21T03:53:13","guid":{"rendered":"https:\/\/academia-school.net\/razoes-para-escolher\/depoimentos\/"},"modified":"2024-04-24T11:08:21","modified_gmt":"2024-04-24T21:08:21","slug":"depoimentos","status":"publish","type":"page","link":"https:\/\/www.academiaschool.edu\/pt-br\/razoes-para-escolher\/depoimentos\/","title":{"rendered":"Depoimentos"},"content":{"rendered":"\n<section class=\"wp-block-jinr-blocks-fullwidth b--jinr-block b--jinr-fullwidth-container d--top-margin-xs-pc d--bottom-margin-s-pc d--top-margin-xs-sp d--bottom-margin-xs-sp \"><section class=\"b--jinr-fullwidth d--fullwidth-parallax-off d--fullwidth-deco-bgimage\"><div class=\"a--jinr-fullwidth-image\"><div class=\"a--jinr-fullwidth-image-clip\"><img decoding=\"async\" src=\"https:\/\/www.academiaschool.edu\/wp-content\/uploads\/2024\/03\/\u30b9\u30af\u30ea\u30fc\u30f3\u30b7\u30e7\u30c3\u30c8-2024-03-26-\u5348\u5f8c8.21.16.webp\"\/><\/div><\/div><div class=\"a--jinr-fullwidth-overlay\" style=\"background-color:#222222;opacity:0.15\"><\/div><div class=\"d--fullwidth-100 d--fullwidth-pad40 d--fullwidth-pad0-sp t--main-width\" style=\"color:false\">\n<p class=\"has-text-align-center has-white-color has-text-color has-link-color wp-elements-a441086c952f69d58a5653a582971b26\"><span class=\"jinr-d--font-size d--fontsize-36px\"><strong>Depoimentos<\/strong><\/span><\/p>\n<\/div><\/section><\/section>\n\n<div class=\"wp-block-columns js--scr-animation is-layout-flex wp-container-core-columns-is-layout-9d6595d7 wp-block-columns-is-layout-flex\">\n<div class=\"wp-block-column is-layout-flow wp-block-column-is-layout-flow\"><div class=\"wp-block-image\">\n<figure class=\"aligncenter size-full is-resized\"><img loading=\"lazy\" decoding=\"async\" width=\"240\" height=\"240\" src=\"https:\/\/www.academiaschool.edu\/wp-content\/uploads\/2024\/03\/student_minjae.png\" alt=\"estudante minjae\" class=\"wp-image-774\" style=\"width:188px;height:auto\" srcset=\"https:\/\/www.academiaschool.edu\/wp-content\/uploads\/2024\/03\/student_minjae.png 240w, https:\/\/www.academiaschool.edu\/wp-content\/uploads\/2024\/03\/student_minjae-150x150.png 150w\" sizes=\"auto, (max-width: 240px) 100vw, 240px\" \/><\/figure>\n<\/div>\n\n\n<section class=\"wp-block-jinr-blocks-designtitle b--jinr-block b--jinr-h2rich d--h2rich-left d--h2rich-style1 d--titledesign-weight-thin d--h2rich-none js--scr-animation\" style=\"border-color:false\"><div class=\"c--h2rich-contents\"><span class=\"a--h2rich-subcopy ef\" style=\"color:#004c80\"><strong>COREIA<\/strong><\/span><h2 class=\"a--h2rich-maincopy d--bold ef\" style=\"color:false\"><strong>MINJAE<\/strong><\/h2><\/div><\/section>\n\n\n\n<p>A filha de um colega de trabalho de meu pai estudava na Academia e, depois que terminou o curso, recomendou-me que aprimorasse meu ingl\u00eas aqui. Eu nunca havia pensado em estudar ingl\u00eas no Hava\u00ed, ent\u00e3o fiquei um pouco confuso por estar aqui, mas percebi que tive muita sorte de ter a chance de estudar na academia e de ficar na bela terra logo em seguida.<br\/>Estudei ingl\u00eas por muito tempo na Coreia, mas ainda tinha medo de falar com pessoas nativas. Mas mudei depois de fazer as aulas e agora gosto de falar com eles em todos os lugares. As aulas e os professores eram muito bons. Aprendi muito em todas as aulas. Al\u00e9m disso, eu gostava das atividades escolares. L\u00e1, eu poderia conhecer novas pessoas.<br\/>Tive lembran\u00e7as maravilhosas no Hava\u00ed por 2 meses, ent\u00e3o estou planejando estudar por mais tempo da pr\u00f3xima vez. Todos os professores e funcion\u00e1rios foram muito gentis comigo (muito obrigado!).<\/p>\n<\/div>\n\n\n\n<div class=\"wp-block-column is-layout-flow wp-block-column-is-layout-flow\"><div class=\"wp-block-image\">\n<figure class=\"aligncenter size-full is-resized\"><img loading=\"lazy\" decoding=\"async\" width=\"240\" height=\"240\" src=\"https:\/\/www.academiaschool.edu\/wp-content\/uploads\/2024\/03\/student_carlos.png\" alt=\"estudante carlos\" class=\"wp-image-773\" style=\"width:186px;height:auto\" srcset=\"https:\/\/www.academiaschool.edu\/wp-content\/uploads\/2024\/03\/student_carlos.png 240w, https:\/\/www.academiaschool.edu\/wp-content\/uploads\/2024\/03\/student_carlos-150x150.png 150w\" sizes=\"auto, (max-width: 240px) 100vw, 240px\" \/><\/figure>\n<\/div>\n\n\n<section class=\"wp-block-jinr-blocks-designtitle b--jinr-block b--jinr-h2rich d--h2rich-left d--h2rich-style1 d--titledesign-weight-thin d--h2rich-none js--scr-animation\" style=\"border-color:false\"><div class=\"c--h2rich-contents\"><span class=\"a--h2rich-subcopy ef\" style=\"color:#004c80\"><strong>ESPANHA<\/strong><\/span><h2 class=\"a--h2rich-maincopy d--bold ef\" style=\"color:false\"><strong>CARLOS<\/strong><\/h2><\/div><\/section>\n\n\n\n<p>Quando vim para o Hava\u00ed, nunca imaginei que encontraria o ambiente mais adequado para o aprendizado de ingl\u00eas, mas agora me sinto muito feliz porque encontrei pessoas amig\u00e1veis e os professores est\u00e3o sempre prontos para me ajudar. Sei que eles est\u00e3o l\u00e1 para tudo o que eu precisar.<br\/>Especialmente as aulas de conversa\u00e7\u00e3o s\u00e3o muito \u00fateis para mim, porque estou conseguindo aprimorar meu ingl\u00eas e agora consigo falar ingl\u00eas com muito mais fluidez do que h\u00e1 um ano.<br\/>Lembro-me de um dia em que Louise me disse que a Academia era como uma grande fam\u00edlia e eu pude perceber isso &#8211; \u00e9 incr\u00edvel, porque quando voc\u00ea chega a um pa\u00eds estrangeiro, valoriza muito mais o afeto.<\/p>\n<\/div>\n<\/div>\n\n<div class=\"wp-block-columns js--scr-animation is-layout-flex wp-container-core-columns-is-layout-9d6595d7 wp-block-columns-is-layout-flex\">\n<div class=\"wp-block-column is-layout-flow wp-block-column-is-layout-flow\"><div class=\"wp-block-image\">\n<figure class=\"aligncenter size-full is-resized\"><img loading=\"lazy\" decoding=\"async\" width=\"240\" height=\"240\" src=\"https:\/\/www.academiaschool.edu\/wp-content\/uploads\/2024\/03\/student_szabo.png\" alt=\"estudante_szabo\" class=\"wp-image-699\" style=\"width:182px;height:auto\" srcset=\"https:\/\/www.academiaschool.edu\/wp-content\/uploads\/2024\/03\/student_szabo.png 240w, https:\/\/www.academiaschool.edu\/wp-content\/uploads\/2024\/03\/student_szabo-150x150.png 150w\" sizes=\"auto, (max-width: 240px) 100vw, 240px\" \/><\/figure>\n<\/div>\n\n\n<section class=\"wp-block-jinr-blocks-designtitle b--jinr-block b--jinr-h2rich d--h2rich-left d--h2rich-style1 d--titledesign-weight-thin d--h2rich-none js--scr-animation\" style=\"border-color:false\"><div class=\"c--h2rich-contents\"><span class=\"a--h2rich-subcopy ef\" style=\"color:#004c80\"><strong>HUNGRIA<\/strong><\/span><h2 class=\"a--h2rich-maincopy d--bold ef\" style=\"color:false\"><strong>SZABO<\/strong><\/h2><\/div><\/section>\n\n\n\n<p>Estou na Academia h\u00e1 mais de um ano e acho que \u00e9 uma \u00f3tima escola. Agora estou estudando pron\u00fancia e gram\u00e1tica. No in\u00edcio, tive aulas de conversa\u00e7\u00e3o e compreens\u00e3o oral, mas meu ingl\u00eas est\u00e1 melhorando e, por isso, quis fazer aulas mais avan\u00e7adas. A escola tem muitas aulas para voc\u00ea escolher. Meus professores s\u00e3o muito bons e agrad\u00e1veis. Tamb\u00e9m adoro morar no Hava\u00ed. Gosto de fazer caminhadas e, no Hava\u00ed, posso caminhar o ano todo em praias, florestas tropicais e montanhas. Pretendo visitar Maui e a Big Island em breve.<\/p>\n<\/div>\n\n\n\n<div class=\"wp-block-column is-layout-flow wp-block-column-is-layout-flow\"><div class=\"wp-block-image\">\n<figure class=\"aligncenter size-full is-resized\"><img loading=\"lazy\" decoding=\"async\" width=\"240\" height=\"240\" src=\"https:\/\/www.academiaschool.edu\/wp-content\/uploads\/2024\/03\/student_joyce.png\" alt=\"\" class=\"wp-image-700\" style=\"width:178px;height:auto\" srcset=\"https:\/\/www.academiaschool.edu\/wp-content\/uploads\/2024\/03\/student_joyce.png 240w, https:\/\/www.academiaschool.edu\/wp-content\/uploads\/2024\/03\/student_joyce-150x150.png 150w\" sizes=\"auto, (max-width: 240px) 100vw, 240px\" \/><\/figure>\n<\/div>\n\n\n<section class=\"wp-block-jinr-blocks-designtitle b--jinr-block b--jinr-h2rich d--h2rich-left d--h2rich-style1 d--titledesign-weight-thin d--h2rich-none js--scr-animation\" style=\"border-color:false\"><div class=\"c--h2rich-contents\"><span class=\"a--h2rich-subcopy ef\" style=\"color:#004c80\"><strong>TAIWAN<\/strong><\/span><h2 class=\"a--h2rich-maincopy d--bold ef\" style=\"color:false\"><strong>JOYCE<\/strong><\/h2><\/div><\/section>\n\n\n\n<p>J\u00e1 estive em outras escolas de ingl\u00eas e acho que a Academia \u00e9 a melhor porque tem as melhores op\u00e7\u00f5es de aulas. Posso fazer aulas de gram\u00e1tica avan\u00e7ada, aulas de conversa\u00e7\u00e3o, aulas de neg\u00f3cios ou at\u00e9 mesmo aulas de ingl\u00eas + teatro. No momento, tamb\u00e9m estou fazendo o curso Work Practicum da Academia e estou adquirindo experi\u00eancia de trabalho enquanto aprimoro meu ingl\u00eas. Todos na Academia tamb\u00e9m s\u00e3o extremamente simp\u00e1ticos!<\/p>\n<\/div>\n<\/div>\n\n<div class=\"wp-block-columns js--scr-animation is-layout-flex wp-container-core-columns-is-layout-9d6595d7 wp-block-columns-is-layout-flex\">\n<div class=\"wp-block-column is-layout-flow wp-block-column-is-layout-flow\"><div class=\"wp-block-image\">\n<figure class=\"aligncenter size-full is-resized\"><img loading=\"lazy\" decoding=\"async\" width=\"240\" height=\"240\" src=\"https:\/\/www.academiaschool.edu\/wp-content\/uploads\/2024\/03\/student_phoung.png\" alt=\"estudante Phoung\" class=\"wp-image-768\" style=\"width:180px;height:auto\" srcset=\"https:\/\/www.academiaschool.edu\/wp-content\/uploads\/2024\/03\/student_phoung.png 240w, https:\/\/www.academiaschool.edu\/wp-content\/uploads\/2024\/03\/student_phoung-150x150.png 150w\" sizes=\"auto, (max-width: 240px) 100vw, 240px\" \/><\/figure>\n<\/div>\n\n\n<section class=\"wp-block-jinr-blocks-designtitle b--jinr-block b--jinr-h2rich d--h2rich-left d--h2rich-style1 d--titledesign-weight-thin d--h2rich-none js--scr-animation\" style=\"border-color:false\"><div class=\"c--h2rich-contents\"><span class=\"a--h2rich-subcopy ef\" style=\"color:#004c80\"><strong>VIETN\u00c3<\/strong><\/span><h2 class=\"a--h2rich-maincopy d--bold ef\" style=\"color:false\"><strong>PHUONG<\/strong><\/h2><\/div><\/section>\n\n\n\n<p>Quando cheguei \u00e0 Academia Language School, eu n\u00e3o sabia falar ingl\u00eas. Agora, depois de tr\u00eas meses, j\u00e1 consigo falar em frases, mas ainda tenho muito a aprender! Estou aprendendo mais a cada dia e isso \u00e9 importante para mim porque quero ter um emprego em que eu fale ingl\u00eas.<\/p>\n<\/div>\n\n\n\n<div class=\"wp-block-column is-layout-flow wp-block-column-is-layout-flow\"><div class=\"wp-block-image\">\n<figure class=\"aligncenter size-full is-resized\"><img loading=\"lazy\" decoding=\"async\" width=\"240\" height=\"240\" src=\"https:\/\/www.academiaschool.edu\/wp-content\/uploads\/2024\/03\/student_hirose.png\" alt=\"estudante_hirose\" class=\"wp-image-767\" style=\"width:179px;height:auto\" srcset=\"https:\/\/www.academiaschool.edu\/wp-content\/uploads\/2024\/03\/student_hirose.png 240w, https:\/\/www.academiaschool.edu\/wp-content\/uploads\/2024\/03\/student_hirose-150x150.png 150w\" sizes=\"auto, (max-width: 240px) 100vw, 240px\" \/><\/figure>\n<\/div>\n\n\n<section class=\"wp-block-jinr-blocks-designtitle b--jinr-block b--jinr-h2rich d--h2rich-left d--h2rich-style1 d--titledesign-weight-thin d--h2rich-none js--scr-animation\" style=\"border-color:false\"><div class=\"c--h2rich-contents\"><span class=\"a--h2rich-subcopy ef\" style=\"color:#004c80\">JAP\u00c3O<\/span><h2 class=\"a--h2rich-maincopy d--bold ef\" style=\"color:false\">HIROSE<\/h2><\/div><\/section>\n\n\n\n<p>Vim para a Academia com um visto de turista e o programa foi t\u00e3o bom que quero voltar e estudar por mais tempo da pr\u00f3xima vez. Gostei muito dos meus professores e colegas de classe e pretendo rev\u00ea-los em breve.<\/p>\n<\/div>\n<\/div>\n\n<div class=\"wp-block-columns js--scr-animation is-layout-flex wp-container-core-columns-is-layout-9d6595d7 wp-block-columns-is-layout-flex\">\n<div class=\"wp-block-column is-layout-flow wp-block-column-is-layout-flow\"><div class=\"wp-block-image\">\n<figure class=\"aligncenter size-full is-resized\"><img loading=\"lazy\" decoding=\"async\" width=\"240\" height=\"240\" src=\"https:\/\/www.academiaschool.edu\/wp-content\/uploads\/2024\/03\/student_guillermo.png\" alt=\"estudante_guillermo\" class=\"wp-image-772\" style=\"width:178px;height:auto\" srcset=\"https:\/\/www.academiaschool.edu\/wp-content\/uploads\/2024\/03\/student_guillermo.png 240w, https:\/\/www.academiaschool.edu\/wp-content\/uploads\/2024\/03\/student_guillermo-150x150.png 150w\" sizes=\"auto, (max-width: 240px) 100vw, 240px\" \/><\/figure>\n<\/div>\n\n\n<section class=\"wp-block-jinr-blocks-designtitle b--jinr-block b--jinr-h2rich d--h2rich-left d--h2rich-style1 d--titledesign-weight-thin d--h2rich-none js--scr-animation\" style=\"border-color:false\"><div class=\"c--h2rich-contents\"><span class=\"a--h2rich-subcopy ef\" style=\"color:#004c80\"><strong>M\u00c9XICO<\/strong><\/span><h2 class=\"a--h2rich-maincopy d--bold ef\" style=\"color:false\"><strong>GUILLERMO<\/strong><\/h2><\/div><\/section>\n\n\n\n<p>Frequentar a Academia Language School tem sido uma \u00f3tima experi\u00eancia para mim. Aprendi ingl\u00eas mais r\u00e1pido do que imaginava, fiz muitos amigos pr\u00f3ximos aqui na escola e adoro o Hava\u00ed. Durante a semana, estudo muito e aprimoro meu ingl\u00eas. Gosto de meus professores e colegas de classe e aprendi muito com eles. Nos fins de semana, saio no barco do meu amigo para mergulhar e tamb\u00e9m vou a Waikiki.<br\/>H\u00e1 muito o que fazer no Hava\u00ed! Gosto de dan\u00e7ar salsa e fiquei surpreso ao descobrir que h\u00e1 muitos clubes de salsa no Hava\u00ed. Estou me divertindo tanto na Academia que at\u00e9 convenci minha m\u00e3e a estudar ingl\u00eas na escola!<\/p>\n<\/div>\n\n\n\n<div class=\"wp-block-column is-layout-flow wp-block-column-is-layout-flow\"><div class=\"wp-block-image\">\n<figure class=\"aligncenter size-full is-resized\"><img loading=\"lazy\" decoding=\"async\" width=\"240\" height=\"240\" src=\"https:\/\/www.academiaschool.edu\/wp-content\/uploads\/2024\/03\/students_lecommandeurs.png\" alt=\"estudantes l&#xED;deres\" class=\"wp-image-771\" style=\"width:176px;height:auto\" srcset=\"https:\/\/www.academiaschool.edu\/wp-content\/uploads\/2024\/03\/students_lecommandeurs.png 240w, https:\/\/www.academiaschool.edu\/wp-content\/uploads\/2024\/03\/students_lecommandeurs-150x150.png 150w\" sizes=\"auto, (max-width: 240px) 100vw, 240px\" \/><\/figure>\n<\/div>\n\n\n<section class=\"wp-block-jinr-blocks-designtitle b--jinr-block b--jinr-h2rich d--h2rich-left d--h2rich-style1 d--titledesign-weight-thin d--h2rich-none js--scr-animation\" style=\"border-color:false\"><div class=\"c--h2rich-contents\"><span class=\"a--h2rich-subcopy ef\" style=\"color:#004c80\"><strong>FRAN\u00c7A<\/strong><\/span><h2 class=\"a--h2rich-maincopy d--bold ef\" style=\"color:false\"><strong>JACK E CLAUDINE<\/strong><\/h2><\/div><\/section>\n\n\n\n<p>Adoramos a Academia porque todas as pessoas aqui s\u00e3o muito amig\u00e1veis. Tamb\u00e9m conhecemos muitas culturas diferentes aqui e conversamos com elas em ingl\u00eas. A vida no Hava\u00ed \u00e9 maravilhosa e nos sentimos como se estiv\u00e9ssemos de f\u00e9rias todos os dias! Gostamos de nadar e nadamos todos os dias e depois vamos para a aula e aprendemos ingl\u00eas. A academia \u00e9 \u00f3tima para n\u00f3s porque podemos escolher ir \u00e0s aulas de manh\u00e3 ou \u00e0 tarde. Podemos organizar nossa vida com a escola, o que \u00e9 muito importante para n\u00f3s.<\/p>\n<\/div>\n<\/div>\n\n<div class=\"wp-block-columns js--scr-animation is-layout-flex wp-container-core-columns-is-layout-9d6595d7 wp-block-columns-is-layout-flex\">\n<div class=\"wp-block-column is-layout-flow wp-block-column-is-layout-flow\"><div class=\"wp-block-image\">\n<figure class=\"aligncenter size-full is-resized\"><img loading=\"lazy\" decoding=\"async\" width=\"240\" height=\"240\" src=\"https:\/\/www.academiaschool.edu\/wp-content\/uploads\/2024\/03\/student_javier.png\" alt=\"javier\" class=\"wp-image-770\" style=\"width:196px;height:auto\" srcset=\"https:\/\/www.academiaschool.edu\/wp-content\/uploads\/2024\/03\/student_javier.png 240w, https:\/\/www.academiaschool.edu\/wp-content\/uploads\/2024\/03\/student_javier-150x150.png 150w\" sizes=\"auto, (max-width: 240px) 100vw, 240px\" \/><\/figure>\n<\/div>\n\n\n<section class=\"wp-block-jinr-blocks-designtitle b--jinr-block b--jinr-h2rich d--h2rich-left d--h2rich-style1 d--titledesign-weight-thin d--h2rich-none js--scr-animation\" style=\"border-color:false\"><div class=\"c--h2rich-contents\"><span class=\"a--h2rich-subcopy ef\" style=\"color:#004c80\">ARGENTINA<\/span><h2 class=\"a--h2rich-maincopy d--bold ef\" style=\"color:false\"><strong>JAVIER<\/strong><\/h2><\/div><\/section>\n\n\n\n<p>Estou muito feliz por ter tido a possibilidade de estudar ingl\u00eas no Hava\u00ed. Acho que a experi\u00eancia aqui foi incr\u00edvel e recomendo a todos. Gostei muito do tempo que passei nas atividades escolares.<br\/>Nunca me esquecerei dos meus tr\u00eas meses no Hava\u00ed. Eu gostaria de recomendar a Academia School porque todos os alunos, professores e funcion\u00e1rios foram muito simp\u00e1ticos o tempo todo. Sentirei falta de todos os amigos que fiz no Hava\u00ed. Estou muito feliz. Muito obrigado a voc\u00ea.<\/p>\n<\/div>\n\n\n\n<div class=\"wp-block-column is-layout-flow wp-block-column-is-layout-flow\"><div class=\"wp-block-image\">\n<figure class=\"aligncenter size-full is-resized\"><img loading=\"lazy\" decoding=\"async\" width=\"240\" height=\"240\" src=\"https:\/\/www.academiaschool.edu\/wp-content\/uploads\/2024\/03\/student_bastian.png\" alt=\"estudante_bastian\" class=\"wp-image-769\" style=\"width:194px;height:auto\" srcset=\"https:\/\/www.academiaschool.edu\/wp-content\/uploads\/2024\/03\/student_bastian.png 240w, https:\/\/www.academiaschool.edu\/wp-content\/uploads\/2024\/03\/student_bastian-150x150.png 150w\" sizes=\"auto, (max-width: 240px) 100vw, 240px\" \/><\/figure>\n<\/div>\n\n\n<section class=\"wp-block-jinr-blocks-designtitle b--jinr-block b--jinr-h2rich d--h2rich-left d--h2rich-style1 d--titledesign-weight-thin d--h2rich-none js--scr-animation\" style=\"border-color:false\"><div class=\"c--h2rich-contents\"><span class=\"a--h2rich-subcopy ef\" style=\"color:#004c80\">ALEMANHA<\/span><h2 class=\"a--h2rich-maincopy d--bold ef\" style=\"color:false\"><strong>BASTI\u00c3O<\/strong><\/h2><\/div><\/section>\n\n\n\n<p>Quando comecei a trabalhar na Academia, eu entendia um pouco de ingl\u00eas, mas n\u00e3o conseguia falar muito. Frequentei aulas de ingl\u00eas na Alemanha, mas os professores de l\u00e1 n\u00e3o nos ensinaram a falar o idioma. A academia me ensinou muito e agora me sinto muito \u00e0 vontade para conversar com as pessoas. Eu recomendo muito que voc\u00ea estude ingl\u00eas na Academia. Ficar em Honolulu, no Hava\u00ed, \u00e9 fabuloso e h\u00e1 muitas coisas para fazer.<\/p>\n<\/div>\n<\/div>\n\n<div class=\"wp-block-columns js--scr-animation is-layout-flex wp-container-core-columns-is-layout-9d6595d7 wp-block-columns-is-layout-flex\">\n<div class=\"wp-block-column is-layout-flow wp-block-column-is-layout-flow\"><div class=\"wp-block-image\">\n<figure class=\"aligncenter size-full is-resized\"><img loading=\"lazy\" decoding=\"async\" width=\"240\" height=\"240\" src=\"https:\/\/www.academiaschool.edu\/wp-content\/uploads\/2024\/03\/student_fernando.png\" alt=\"estudante_fernando\" class=\"wp-image-766\" style=\"width:183px;height:auto\" srcset=\"https:\/\/www.academiaschool.edu\/wp-content\/uploads\/2024\/03\/student_fernando.png 240w, https:\/\/www.academiaschool.edu\/wp-content\/uploads\/2024\/03\/student_fernando-150x150.png 150w\" sizes=\"auto, (max-width: 240px) 100vw, 240px\" \/><\/figure>\n<\/div>\n\n\n<section class=\"wp-block-jinr-blocks-designtitle b--jinr-block b--jinr-h2rich d--h2rich-left d--h2rich-style1 d--titledesign-weight-thin d--h2rich-none js--scr-animation\" style=\"border-color:false\"><div class=\"c--h2rich-contents\"><span class=\"a--h2rich-subcopy ef\" style=\"color:#004c80\">BRASIL<\/span><h2 class=\"a--h2rich-maincopy d--bold ef\" style=\"color:false\"><strong>FERNANDO<\/strong><\/h2><\/div><\/section>\n\n\n\n<p>Adoro a Academia e fiz muitos bons amigos aqui. Tamb\u00e9m adoro surfar e o Hava\u00ed \u00e9 o melhor lugar do mundo para a pr\u00e1tica do surfe. Eu surfo todos os dias depois da escola na Ala Moana Beach. Posso caminhar at\u00e9 a praia depois da aula com minha prancha de surfe. Muitos outros alunos tamb\u00e9m surfam e, \u00e0s vezes, surfamos todos juntos.<\/p>\n<\/div>\n\n\n\n<div class=\"wp-block-column is-layout-flow wp-block-column-is-layout-flow\"><\/div>\n<\/div>\n<section class=\"b--jinr-block b--jinr-blogcard d--blogcard-hover-up d--blogcard-style1 d--blogcard-mysite t--round \"><div class=\"a--blogcard-label ef\">Related Page<\/div><a class=\"o--blogcard-link t--round\" href=\"https:\/\/www.academiaschool.edu\/reason\/\"><div class=\"c--blogcard-image\"><img loading=\"lazy\" decoding=\"async\" class=\"a--blogcard-img-src\" width=\"128\" height=\"72\" src=\"https:\/\/www.academiaschool.edu\/wp-content\/uploads\/2025\/02\/\u540d\u79f0\u672a\u8a2d\u5b9a\u306e\u30c7\u30b6\u30a4\u30f3-7.png\" alt=\"Reasons for Choosing\" \/><\/div><div class=\"a--blogcard-title d--bold\">Reasons for Choosing<\/div><\/a><\/section>","protected":false},"excerpt":{"rendered":"<p>A filha de um colega de trabalho de meu pai estudava na Academia e, depois que terminou o curso, recomendou-me que aprimorasse meu ingl\u00eas aqui. Eu nunca havia pensado em estudar ingl\u00eas no Hava\u00ed, ent\u00e3o fiquei um pouco confuso por estar aqui, mas percebi que tive muita sorte de ter a chance de estudar na [&hellip;]<\/p>\n","protected":false},"author":1,"featured_media":0,"parent":5418,"menu_order":0,"comment_status":"closed","ping_status":"closed","template":"","meta":{"_jinr_url_youtube":"","_jinr_pip_youtube":false,"_jinr_time_youtube":"","_jinr_thumb_youtube":"","_jinr_media_youtube":"","_jinr_category_edit":false,"_jinr_category":"","_jinr_title_display":false,"_jinr_snsbutton_display":false,"_jinr_ads_display":false,"_jinr_thumbnail_display":false,"_jinr_profile_display":false,"_jinr_representations_display":false,"_jinr_relatedpost_display":false,"_jinr_sidebar1col_display":false,"_jinr_sidebar2col_display":false,"_jinr_seotitle_display":"","_jinr_description_display":"","_jinr_keyword_display":"","_jinr_hastag_display":"","_jinr_canonical_display":"","_jinr_noindex_display":false,"_jinr_paidpost":false,"_jinr_paidpost_product_id":"","_jinr_headtag_article":"","footnotes":""},"class_list":["post-5450","page","type-page","status-publish","hentry"],"_links":{"self":[{"href":"https:\/\/www.academiaschool.edu\/pt-br\/wp-json\/wp\/v2\/pages\/5450","targetHints":{"allow":["GET"]}}],"collection":[{"href":"https:\/\/www.academiaschool.edu\/pt-br\/wp-json\/wp\/v2\/pages"}],"about":[{"href":"https:\/\/www.academiaschool.edu\/pt-br\/wp-json\/wp\/v2\/types\/page"}],"author":[{"embeddable":true,"href":"https:\/\/www.academiaschool.edu\/pt-br\/wp-json\/wp\/v2\/users\/1"}],"replies":[{"embeddable":true,"href":"https:\/\/www.academiaschool.edu\/pt-br\/wp-json\/wp\/v2\/comments?post=5450"}],"version-history":[{"count":3,"href":"https:\/\/www.academiaschool.edu\/pt-br\/wp-json\/wp\/v2\/pages\/5450\/revisions"}],"predecessor-version":[{"id":5453,"href":"https:\/\/www.academiaschool.edu\/pt-br\/wp-json\/wp\/v2\/pages\/5450\/revisions\/5453"}],"up":[{"embeddable":true,"href":"https:\/\/www.academiaschool.edu\/pt-br\/wp-json\/wp\/v2\/pages\/5418"}],"wp:attachment":[{"href":"https:\/\/www.academiaschool.edu\/pt-br\/wp-json\/wp\/v2\/media?parent=5450"}],"curies":[{"name":"wp","href":"https:\/\/api.w.org\/{rel}","templated":true}]}}