{"id":5442,"date":"2024-03-20T17:52:13","date_gmt":"2024-03-21T03:52:13","guid":{"rendered":"https:\/\/academia-school.net\/razoes-para-escolher\/suporte-amigavel-para-estudo-de-pais-e-filhos-no-exterior\/"},"modified":"2024-04-24T11:07:24","modified_gmt":"2024-04-24T21:07:24","slug":"suporte-amigavel-para-estudo-de-pais-e-filhos-no-exterior","status":"publish","type":"page","link":"https:\/\/www.academiaschool.edu\/pt-br\/razoes-para-escolher\/suporte-amigavel-para-estudo-de-pais-e-filhos-no-exterior\/","title":{"rendered":"Suporte amig\u00e1vel para estudo de pais e filhos no exterior"},"content":{"rendered":"\n<section class=\"wp-block-jinr-blocks-fullwidth b--jinr-block b--jinr-fullwidth-container d--top-margin-xs-pc d--bottom-margin-xs-pc d--top-margin-xs-sp d--bottom-margin-xs-sp \"><section class=\"b--jinr-fullwidth d--fullwidth-parallax-off d--fullwidth-deco-bgimage\"><div class=\"a--jinr-fullwidth-image\"><div class=\"a--jinr-fullwidth-image-clip\"><img decoding=\"async\" src=\"https:\/\/www.academiaschool.edu\/wp-content\/uploads\/2024\/03\/\u30b9\u30af\u30ea\u30fc\u30f3\u30b7\u30e7\u30c3\u30c8-2024-03-26-\u5348\u5f8c8.21.16.webp\"\/><\/div><\/div><div class=\"a--jinr-fullwidth-overlay\" style=\"background-color:#222222;opacity:0.15\"><\/div><div class=\"d--fullwidth-100 d--fullwidth-pad40 d--fullwidth-pad0-sp t--main-width\" style=\"color:false\">\n<p class=\"has-text-align-center has-white-color has-text-color has-link-color wp-elements-42649f9bfe41566d05380e7306ca9795\"><span class=\"jinr-d--font-size d--fontsize-36px\"><strong><strong>Apoio ao estudo no exterior entre pais e filhos<\/strong><\/strong><\/span><\/p>\n<\/div><\/section><\/section>\n\n<p>A ALS valoriza aqueles que v\u00eam ao Hava\u00ed para estudar no exterior com seus filhos e oferece uma variedade de suporte.<\/p>\n\n<ul class=\"jinr-list wp-block-list\">\n<li>Curr\u00edculo conveniente<\/li>\n\n\n\n<li>Localiza\u00e7\u00e3o conveniente para coletas e devolu\u00e7\u00f5es<\/li>\n\n\n\n<li>F\u00e9rias f\u00e1ceis de coordenar com as f\u00e9rias das crian\u00e7as<\/li>\n\n\n\n<li>Semin\u00e1rios e informa\u00e7\u00f5es sobre paternidade e escolaridade nos EUA<\/li>\n<\/ul>\n\n<p>Vamos examinar cada um deles em detalhes.<\/p>\n\n<h2 class=\"wp-block-heading jinr-heading d--bold\"><strong>Curr\u00edculo conveniente<\/strong><\/h2>\n\n<p>O curr\u00edculo do ALS \u00e9 altamente conveniente para os pais que precisam deixar e buscar seus filhos.<\/p>\n\n<p>Muitos alunos da ALS s\u00e3o pais que cuidam do transporte de seus filhos. H\u00e1 tr\u00eas op\u00e7\u00f5es de hor\u00e1rios para o curr\u00edculo de quatro dias da semana:<\/p>\n\n<ul class=\"jinr-list wp-block-list\">\n<li>7H40 &#8211; 12H10<\/li>\n\n\n\n<li>8:45 \u00c0S 13:30<\/li>\n\n\n\n<li>10:00 AM &#8211; 2:40 PM<\/li>\n<\/ul>\n\n<p>Escolha o hor\u00e1rio que melhor se adapta \u00e0s suas necessidades de coleta e entrega.<\/p>\n\n<figure class=\"wp-block-image size-large\"><img loading=\"lazy\" decoding=\"async\" width=\"1024\" height=\"684\" src=\"https:\/\/www.academiaschool.edu\/wp-content\/uploads\/2024\/03\/1_CONVENIENT-CURRICULUM-1-1024x684.png\" alt=\"\" class=\"wp-image-981\" srcset=\"https:\/\/www.academiaschool.edu\/wp-content\/uploads\/2024\/03\/1_CONVENIENT-CURRICULUM-1-1024x684.png 1024w, https:\/\/www.academiaschool.edu\/wp-content\/uploads\/2024\/03\/1_CONVENIENT-CURRICULUM-1-300x200.png 300w, https:\/\/www.academiaschool.edu\/wp-content\/uploads\/2024\/03\/1_CONVENIENT-CURRICULUM-1-768x513.png 768w, https:\/\/www.academiaschool.edu\/wp-content\/uploads\/2024\/03\/1_CONVENIENT-CURRICULUM-1.png 1160w\" sizes=\"auto, (max-width: 1024px) 100vw, 1024px\" \/><\/figure>\n\n<p>Por exemplo, os pais que podem deixar seus filhos em uma escola particular \u00e0s 7h podem escolher o hor\u00e1rio das 7h40 \u00e0s 12h10. Se voc\u00ea tem filhos em escola p\u00fablica ou tem v\u00e1rios filhos que precisam de mais tempo para busc\u00e1-los e deix\u00e1-los, pode optar pelo hor\u00e1rio das 8h45 \u00e0s 13h30. Os pais de crian\u00e7as mais velhas que voltam para casa \u00e0 noite podem escolher o hor\u00e1rio das 10:00 AM &#8211; 2:40 PM.<\/p>\n\n<h2 class=\"wp-block-heading jinr-heading d--bold\"><strong>Localiza\u00e7\u00e3o conveniente para coletas e devolu\u00e7\u00f5es<\/strong><\/h2>\n\n<p>O ALS est\u00e1 localizado em Ala Moana, com acesso muito conveniente. Ele fica pr\u00f3ximo ao Don Quijote e ao Ala Moana Shopping Center, o que o torna pr\u00e1tico para fazer compras depois das aulas.<\/p>\n\n<figure class=\"wp-block-image size-large\"><img loading=\"lazy\" decoding=\"async\" width=\"1024\" height=\"684\" src=\"https:\/\/www.academiaschool.edu\/wp-content\/uploads\/2024\/03\/2_PRIME-LOCATION-2-1024x684.png\" alt=\"\" class=\"wp-image-982\" srcset=\"https:\/\/www.academiaschool.edu\/wp-content\/uploads\/2024\/03\/2_PRIME-LOCATION-2-1024x684.png 1024w, https:\/\/www.academiaschool.edu\/wp-content\/uploads\/2024\/03\/2_PRIME-LOCATION-2-300x200.png 300w, https:\/\/www.academiaschool.edu\/wp-content\/uploads\/2024\/03\/2_PRIME-LOCATION-2-768x513.png 768w, https:\/\/www.academiaschool.edu\/wp-content\/uploads\/2024\/03\/2_PRIME-LOCATION-2.png 1160w\" sizes=\"auto, (max-width: 1024px) 100vw, 1024px\" \/><\/figure>\n\n<p>A acessibilidade \u00e9 fundamental para as escolas que se deslocam diariamente.<\/p>\n\n<h2 class=\"wp-block-heading jinr-heading d--bold\"><strong>F\u00e9rias f\u00e1ceis de coordenar com as f\u00e9rias das crian\u00e7as<\/strong><\/h2>\n\n<p>O sistema de f\u00e9rias da ALS tamb\u00e9m \u00e9 muito conveniente para pais com filhos.<\/p>\n\n<figure class=\"wp-block-image size-large\"><img loading=\"lazy\" decoding=\"async\" width=\"1024\" height=\"684\" src=\"https:\/\/www.academiaschool.edu\/wp-content\/uploads\/2024\/03\/3_VACATION-SCHEDULES-THAT-ALIGN-WITH-CHILDRENS-BREAKS-1-1024x684.png\" alt=\"\" class=\"wp-image-983\" srcset=\"https:\/\/www.academiaschool.edu\/wp-content\/uploads\/2024\/03\/3_VACATION-SCHEDULES-THAT-ALIGN-WITH-CHILDRENS-BREAKS-1-1024x684.png 1024w, https:\/\/www.academiaschool.edu\/wp-content\/uploads\/2024\/03\/3_VACATION-SCHEDULES-THAT-ALIGN-WITH-CHILDRENS-BREAKS-1-300x200.png 300w, https:\/\/www.academiaschool.edu\/wp-content\/uploads\/2024\/03\/3_VACATION-SCHEDULES-THAT-ALIGN-WITH-CHILDRENS-BREAKS-1-768x513.png 768w, https:\/\/www.academiaschool.edu\/wp-content\/uploads\/2024\/03\/3_VACATION-SCHEDULES-THAT-ALIGN-WITH-CHILDRENS-BREAKS-1.png 1160w\" sizes=\"auto, (max-width: 1024px) 100vw, 1024px\" \/><\/figure>\n\n<p>Muitos pais podem querer voltar ao Jap\u00e3o com seus filhos durante as f\u00e9rias de ver\u00e3o.<\/p>\n\n<p>Esses pais podem considerar tirar f\u00e9rias de um a dois meses. Com a prepara\u00e7\u00e3o e os procedimentos adequados, \u00e9 poss\u00edvel tirar f\u00e9rias alinhadas com as f\u00e9rias de ver\u00e3o das crian\u00e7as.<\/p>\n\n<h2 class=\"wp-block-heading jinr-heading d--bold\"><strong>Semin\u00e1rios e informa\u00e7\u00f5es sobre paternidade e escolaridade nos EUA<\/strong><\/h2>\n\n<p>Realizamos semin\u00e1rios e fornecemos informa\u00e7\u00f5es com foco na prepara\u00e7\u00e3o para a educa\u00e7\u00e3o superior e nos riscos que cercam as crian\u00e7as, como drogas e crimes, tendo como alvo os pais que est\u00e3o pensando em ser pais e educar seus filhos nos EUA.<\/p>\n\n<p>Os especialistas fornecem explica\u00e7\u00f5es detalhadas sobre as \u00faltimas tend\u00eancias educacionais, a cria\u00e7\u00e3o segura de filhos em um ambiente seguro e estrat\u00e9gias eficazes para educa\u00e7\u00e3o adicional. O objetivo \u00e9 aprofundar a compreens\u00e3o dos pais sobre os desafios que eles podem enfrentar e apoiar seus filhos para que tenham sucesso.<\/p>\n\n<p>Por exemplo, no semin\u00e1rio a seguir, convidamos especialistas externos para discutir a paternidade segura nos EUA, o papel das m\u00e3es e o que focar com base nos crit\u00e9rios de avalia\u00e7\u00e3o atuais da Universidade de Harvard. H\u00e1 tamb\u00e9m um momento de networking para os alunos durante o almo\u00e7o ap\u00f3s o semin\u00e1rio.<\/p>\n\n<figure class=\"wp-block-image size-large\"><img loading=\"lazy\" decoding=\"async\" width=\"704\" height=\"1024\" src=\"https:\/\/www.academiaschool.edu\/wp-content\/uploads\/2024\/03\/Japanese-Dept-6-704x1024.png\" alt=\"\" class=\"wp-image-979\" srcset=\"https:\/\/www.academiaschool.edu\/wp-content\/uploads\/2024\/03\/Japanese-Dept-6-704x1024.png 704w, https:\/\/www.academiaschool.edu\/wp-content\/uploads\/2024\/03\/Japanese-Dept-6-206x300.png 206w, https:\/\/www.academiaschool.edu\/wp-content\/uploads\/2024\/03\/Japanese-Dept-6-768x1117.png 768w, https:\/\/www.academiaschool.edu\/wp-content\/uploads\/2024\/03\/Japanese-Dept-6-1056x1536.png 1056w, https:\/\/www.academiaschool.edu\/wp-content\/uploads\/2024\/03\/Japanese-Dept-6.png 1375w\" sizes=\"auto, (max-width: 704px) 100vw, 704px\" \/><\/figure>\n\n<p>Se voc\u00ea estiver estudando ou pensando em estudar no exterior com seus filhos no Hava\u00ed, n\u00e3o hesite em entrar em contato conosco.<\/p>\n<section class='b--jinr-block b--jinr-button   js--scr-animation block_a19c9c40-cf29-44c3-a3e0-2c0ce9d831e3'>\n\t\t\t\t\t<div class=\"o--button-inner d--button-type4 d--button-outline d--button-outline-hover-halftransparent  d--button-center\"><span class=\"a--button-hover\"><a href=\"\"><span><strong>Contact Form<\/strong><\/span><\/a><\/span><\/div>\n\t\t\t\t<\/section><section class=\"b--jinr-block b--jinr-blogcard d--blogcard-hover-up d--blogcard-style1 d--blogcard-mysite t--round \"><div class=\"a--blogcard-label ef\">Related Page<\/div><a class=\"o--blogcard-link t--round\" href=\"https:\/\/www.academiaschool.edu\/reason\/\"><div class=\"c--blogcard-image\"><img loading=\"lazy\" decoding=\"async\" class=\"a--blogcard-img-src\" width=\"128\" height=\"72\" src=\"https:\/\/www.academiaschool.edu\/wp-content\/uploads\/2025\/02\/\u540d\u79f0\u672a\u8a2d\u5b9a\u306e\u30c7\u30b6\u30a4\u30f3-7.png\" alt=\"Reasons for Choosing\" \/><\/div><div class=\"a--blogcard-title d--bold\">Reasons for Choosing<\/div><\/a><\/section>","protected":false},"excerpt":{"rendered":"<p>A ALS valoriza aqueles que v\u00eam ao Hava\u00ed para estudar no exterior com seus filhos e oferece uma variedade de suporte. Vamos examinar cada um deles em detalhes. Curr\u00edculo conveniente O curr\u00edculo do ALS \u00e9 altamente conveniente para os pais que precisam deixar e buscar seus filhos. Muitos alunos da ALS s\u00e3o pais que cuidam [&hellip;]<\/p>\n","protected":false},"author":1,"featured_media":0,"parent":5418,"menu_order":0,"comment_status":"closed","ping_status":"closed","template":"","meta":{"_jinr_url_youtube":"","_jinr_pip_youtube":false,"_jinr_time_youtube":"","_jinr_thumb_youtube":"","_jinr_media_youtube":"","_jinr_category_edit":false,"_jinr_category":"","_jinr_title_display":false,"_jinr_snsbutton_display":false,"_jinr_ads_display":false,"_jinr_thumbnail_display":false,"_jinr_profile_display":false,"_jinr_representations_display":false,"_jinr_relatedpost_display":false,"_jinr_sidebar1col_display":false,"_jinr_sidebar2col_display":false,"_jinr_seotitle_display":"","_jinr_description_display":"","_jinr_keyword_display":"","_jinr_hastag_display":"","_jinr_canonical_display":"","_jinr_noindex_display":false,"_jinr_paidpost":false,"_jinr_paidpost_product_id":"","_jinr_headtag_article":"","footnotes":""},"class_list":["post-5442","page","type-page","status-publish","hentry"],"_links":{"self":[{"href":"https:\/\/www.academiaschool.edu\/pt-br\/wp-json\/wp\/v2\/pages\/5442","targetHints":{"allow":["GET"]}}],"collection":[{"href":"https:\/\/www.academiaschool.edu\/pt-br\/wp-json\/wp\/v2\/pages"}],"about":[{"href":"https:\/\/www.academiaschool.edu\/pt-br\/wp-json\/wp\/v2\/types\/page"}],"author":[{"embeddable":true,"href":"https:\/\/www.academiaschool.edu\/pt-br\/wp-json\/wp\/v2\/users\/1"}],"replies":[{"embeddable":true,"href":"https:\/\/www.academiaschool.edu\/pt-br\/wp-json\/wp\/v2\/comments?post=5442"}],"version-history":[{"count":3,"href":"https:\/\/www.academiaschool.edu\/pt-br\/wp-json\/wp\/v2\/pages\/5442\/revisions"}],"predecessor-version":[{"id":5445,"href":"https:\/\/www.academiaschool.edu\/pt-br\/wp-json\/wp\/v2\/pages\/5442\/revisions\/5445"}],"up":[{"embeddable":true,"href":"https:\/\/www.academiaschool.edu\/pt-br\/wp-json\/wp\/v2\/pages\/5418"}],"wp:attachment":[{"href":"https:\/\/www.academiaschool.edu\/pt-br\/wp-json\/wp\/v2\/media?parent=5442"}],"curies":[{"name":"wp","href":"https:\/\/api.w.org\/{rel}","templated":true}]}}