{"id":5438,"date":"2024-03-25T06:34:04","date_gmt":"2024-03-25T16:34:04","guid":{"rendered":"https:\/\/academia-school.net\/razoes-para-escolher\/baixo-custo-commitment-and-secrets\/"},"modified":"2024-04-24T11:06:56","modified_gmt":"2024-04-24T21:06:56","slug":"baixo-custo-commitment-and-secrets","status":"publish","type":"page","link":"https:\/\/www.academiaschool.edu\/pt-br\/razoes-para-escolher\/baixo-custo-commitment-and-secrets\/","title":{"rendered":"Baixo custo! Commitment and Secrets"},"content":{"rendered":"\n<section class=\"wp-block-jinr-blocks-fullwidth b--jinr-block b--jinr-fullwidth-container d--top-margin-xs-pc d--bottom-margin-xs-pc d--top-margin-xs-sp d--bottom-margin-xs-sp \"><section class=\"b--jinr-fullwidth d--fullwidth-parallax-off d--fullwidth-deco-bgimage\"><div class=\"a--jinr-fullwidth-image\"><div class=\"a--jinr-fullwidth-image-clip\"><img decoding=\"async\" src=\"https:\/\/www.academiaschool.edu\/wp-content\/uploads\/2024\/03\/\u30b9\u30af\u30ea\u30fc\u30f3\u30b7\u30e7\u30c3\u30c8-2024-03-26-\u5348\u5f8c8.21.16.webp\"\/><\/div><\/div><div class=\"a--jinr-fullwidth-overlay\" style=\"background-color:#222222;opacity:0.15\"><\/div><div class=\"d--fullwidth-100 d--fullwidth-pad40 d--fullwidth-pad0-sp t--main-width\" style=\"color:false\">\n<p class=\"has-text-align-center has-white-color has-text-color has-link-color wp-elements-822324f696f5d100231879aa81234bc9\"><span class=\"jinr-d--font-size d--fontsize-36px\"><strong><strong>Baixo custo! Compromisso e segredos<\/strong><\/strong><\/span><\/p>\n<\/div><\/section><\/section>\n\n<h2 class=\"wp-block-heading jinr-heading d--bold\"><strong>Baixo custo! Compromisso e segredos<\/strong><\/h2>\n\n<p>Temos o compromisso de oferecer o melhor ambiente de aprendizado para cada aluno e, ao mesmo tempo, manter os custos o mais baixo poss\u00edvel. Para isso, implementamos v\u00e1rias iniciativas especiais e secretas.<\/p>\n\n<h3 class=\"wp-block-heading jinr-heading d--bold\"><strong>Nosso compromisso<\/strong><\/h3>\n\n<section class=\"wp-block-jinr-blocks-simplebox b--jinr-block-container\"><div class=\"b--jinr-block b--jinr-box d--simple-box5  \"><div class=\"c--simple-box-inner\">\n<p class=\"has-text-align-center\"><strong>Pre\u00e7os que priorizam o aluno<\/strong><\/p>\n<\/div><\/div><\/section>\n\n<p>Nosso maior compromisso \u00e9 estabelecer pre\u00e7os t\u00e3o baixos quanto poss\u00edvel para que os alunos possam se concentrar nos estudos do idioma e aproveitar a vida no Hava\u00ed com o m\u00ednimo de encargos financeiros. Apesar das dificuldades de conviver com a infla\u00e7\u00e3o nos Estados Unidos, queremos tornar nossos pre\u00e7os acess\u00edveis a todos. Para isso, implementamos v\u00e1rias medidas de corte de custos, cujos resultados se refletem na redu\u00e7\u00e3o das taxas de ensino.<\/p>\n\n<h3 class=\"wp-block-heading jinr-heading d--bold\"><strong>Nossos segredos<\/strong><\/h3>\n\n<h4 class=\"wp-block-heading jinr-heading d--bold\"><strong>Utiliza\u00e7\u00e3o inteligente do espa\u00e7o<\/strong><\/h4>\n\n<p>Se voc\u00ea visitar nossa escola pela primeira vez, talvez se surpreenda com o tamanho compacto dela. Normalmente, as opera\u00e7\u00f5es escolares exigem salas para funcion\u00e1rios e amplos espa\u00e7os para escrit\u00f3rios, mas inovamos aqui. Ao eliminar as salas dos funcion\u00e1rios e minimizar o espa\u00e7o da recep\u00e7\u00e3o e do escrit\u00f3rio, podemos alocar mais recursos para melhorar a qualidade do ensino e reduzir as mensalidades.<\/p>\n\n<h4 class=\"wp-block-heading jinr-heading d--bold\"><strong>Modelo operacional eficiente<\/strong><\/h4>\n\n<p>Ao aproveitar a tecnologia mais recente para digitalizar e automatizar as tarefas administrativas, conseguimos reduzir os custos operacionais. Isso nos permite manter baixos os custos de pessoal e outros custos operacionais, o que nos possibilita oferecer mensalidades baixas, l\u00edderes do setor.<\/p>\n\n<h3 class=\"wp-block-heading jinr-heading d--bold\">Investindo em seu futuro<\/h3>\n\n<p>Em nossa escola de idiomas, embora continuemos a encontrar maneiras de cortar custos, nunca comprometemos a qualidade do ensino. Aulas de alta qualidade ministradas por instrutores experientes, suporte abrangente ao aprendizado e uma comunidade acolhedora est\u00e3o aqui. Com nosso compromisso e segredos, apoiamos totalmente voc\u00ea a dar um passo em dire\u00e7\u00e3o aos seus sonhos e objetivos por meio do aprendizado de idiomas.<\/p>\n\n<p>Esperamos que voc\u00ea escolha nossa escola para sua jornada de aprendizado de idiomas. Vamos aprender, crescer e abrir um novo mundo juntos.<\/p>\n<section class=\"b--jinr-block b--jinr-blogcard d--blogcard-hover-up d--blogcard-style1 d--blogcard-mysite t--round \"><div class=\"a--blogcard-label ef\">Related Page<\/div><a class=\"o--blogcard-link t--round\" href=\"https:\/\/www.academiaschool.edu\/reason\/\"><div class=\"c--blogcard-image\"><img loading=\"lazy\" decoding=\"async\" class=\"a--blogcard-img-src\" width=\"128\" height=\"72\" src=\"https:\/\/www.academiaschool.edu\/wp-content\/uploads\/2025\/02\/\u540d\u79f0\u672a\u8a2d\u5b9a\u306e\u30c7\u30b6\u30a4\u30f3-7.png\" alt=\"Reasons for Choosing\" \/><\/div><div class=\"a--blogcard-title d--bold\">Reasons for Choosing<\/div><\/a><\/section>","protected":false},"excerpt":{"rendered":"<p>Baixo custo! Compromisso e segredos Temos o compromisso de oferecer o melhor ambiente de aprendizado para cada aluno e, ao mesmo tempo, manter os custos o mais baixo poss\u00edvel. Para isso, implementamos v\u00e1rias iniciativas especiais e secretas. Nosso compromisso Nosso maior compromisso \u00e9 estabelecer pre\u00e7os t\u00e3o baixos quanto poss\u00edvel para que os alunos possam se [&hellip;]<\/p>\n","protected":false},"author":1,"featured_media":0,"parent":5418,"menu_order":0,"comment_status":"closed","ping_status":"closed","template":"","meta":{"_jinr_url_youtube":"","_jinr_pip_youtube":false,"_jinr_time_youtube":"","_jinr_thumb_youtube":"","_jinr_media_youtube":"","_jinr_category_edit":false,"_jinr_category":"","_jinr_title_display":false,"_jinr_snsbutton_display":false,"_jinr_ads_display":false,"_jinr_thumbnail_display":false,"_jinr_profile_display":false,"_jinr_representations_display":false,"_jinr_relatedpost_display":false,"_jinr_sidebar1col_display":false,"_jinr_sidebar2col_display":false,"_jinr_seotitle_display":"","_jinr_description_display":"","_jinr_keyword_display":"","_jinr_hastag_display":"","_jinr_canonical_display":"","_jinr_noindex_display":false,"_jinr_paidpost":false,"_jinr_paidpost_product_id":"","_jinr_headtag_article":"","footnotes":""},"class_list":["post-5438","page","type-page","status-publish","hentry"],"_links":{"self":[{"href":"https:\/\/www.academiaschool.edu\/pt-br\/wp-json\/wp\/v2\/pages\/5438","targetHints":{"allow":["GET"]}}],"collection":[{"href":"https:\/\/www.academiaschool.edu\/pt-br\/wp-json\/wp\/v2\/pages"}],"about":[{"href":"https:\/\/www.academiaschool.edu\/pt-br\/wp-json\/wp\/v2\/types\/page"}],"author":[{"embeddable":true,"href":"https:\/\/www.academiaschool.edu\/pt-br\/wp-json\/wp\/v2\/users\/1"}],"replies":[{"embeddable":true,"href":"https:\/\/www.academiaschool.edu\/pt-br\/wp-json\/wp\/v2\/comments?post=5438"}],"version-history":[{"count":3,"href":"https:\/\/www.academiaschool.edu\/pt-br\/wp-json\/wp\/v2\/pages\/5438\/revisions"}],"predecessor-version":[{"id":5441,"href":"https:\/\/www.academiaschool.edu\/pt-br\/wp-json\/wp\/v2\/pages\/5438\/revisions\/5441"}],"up":[{"embeddable":true,"href":"https:\/\/www.academiaschool.edu\/pt-br\/wp-json\/wp\/v2\/pages\/5418"}],"wp:attachment":[{"href":"https:\/\/www.academiaschool.edu\/pt-br\/wp-json\/wp\/v2\/media?parent=5438"}],"curies":[{"name":"wp","href":"https:\/\/api.w.org\/{rel}","templated":true}]}}