{"id":5434,"date":"2024-03-25T16:00:46","date_gmt":"2024-03-26T02:00:46","guid":{"rendered":"https:\/\/academia-school.net\/razoes-para-escolher\/o-unico-curso-semanal-de-4-dias-do-havai\/"},"modified":"2024-04-24T11:06:32","modified_gmt":"2024-04-24T21:06:32","slug":"o-unico-curso-semanal-de-4-dias-do-havai","status":"publish","type":"page","link":"https:\/\/www.academiaschool.edu\/pt-br\/razoes-para-escolher\/o-unico-curso-semanal-de-4-dias-do-havai\/","title":{"rendered":"O \u00fanico curso semanal de 4 dias do Hava\u00ed"},"content":{"rendered":"\n<section class=\"wp-block-jinr-blocks-fullwidth b--jinr-block b--jinr-fullwidth-container d--top-margin-xs-pc d--bottom-margin-xs-pc d--top-margin-xs-sp d--bottom-margin-xs-sp \"><section class=\"b--jinr-fullwidth d--fullwidth-parallax-off d--fullwidth-deco-bgimage\"><div class=\"a--jinr-fullwidth-image\"><div class=\"a--jinr-fullwidth-image-clip\"><img decoding=\"async\" src=\"https:\/\/www.academiaschool.edu\/wp-content\/uploads\/2024\/03\/\u30b9\u30af\u30ea\u30fc\u30f3\u30b7\u30e7\u30c3\u30c8-2024-03-26-\u5348\u5f8c8.21.16.webp\"\/><\/div><\/div><div class=\"a--jinr-fullwidth-overlay\" style=\"background-color:#222222;opacity:0.15\"><\/div><div class=\"d--fullwidth-100 d--fullwidth-pad40 d--fullwidth-pad0-sp t--main-width\" style=\"color:false\">\n<p class=\"has-text-align-center has-white-color has-text-color has-link-color wp-elements-e431c049e688c1311d99f1205b3bce94\"><span class=\"jinr-d--font-size d--fontsize-36px\"><strong><strong>O \u00fanico curso semanal de 4 dias do Hava\u00ed<\/strong><\/strong><\/span><\/p>\n<\/div><\/section><\/section>\n\n<h2 class=\"wp-block-heading jinr-heading d--bold\"><strong>O \u00fanico curso semanal de 4 dias do Hava\u00ed<\/strong><\/h2>\n\n<p>Nossa escola oferece um curr\u00edculo de ESL exclusivo que atende aos requisitos do visto F1 com frequ\u00eancia de apenas quatro dias por semana.<\/p>\n\n<p>Os alunos podem completar 20 horas de estudo por semana assistindo \u00e0s aulas por cinco horas todas as manh\u00e3s, de segunda a quinta-feira.<\/p>\n\n<p>Esse cronograma permite que todos os alunos com visto F, inclusive aqueles com filhos, assistam \u00e0s aulas quatro dias por semana, nas sess\u00f5es matutinas.<\/p>\n\n<p>Destinos populares como North Shore tendem a ficar muito lotados nos fins de semana, o que tamb\u00e9m \u00e9 uma grande vantagem para o turismo.<\/p>\n\n<p>Ao estudar intensamente de segunda a quinta-feira e tirar as sextas-feiras de folga, os alunos podem desfrutar de uma vida plena no Hava\u00ed.<\/p>\n\n<figure class=\"wp-block-image size-large\"><img decoding=\"async\" src=\"https:\/\/www.academiaschool.edu\/wp-content\/uploads\/2024\/03\/&#x30B9;&#x30AF;&#x30EA;&#x30FC;&#x30F3;&#x30B7;&#x30E7;&#x30C3;&#x30C8;-2024-02-04-22.18.10-1024x315.png\" alt=\"VOC&#xCA; TAMB&#xC9;M PODE USAR O TELEFONE CELULAR SE QUISER.\" class=\"wp-image-972\"\/><\/figure>\n\n<h3 class=\"wp-block-heading jinr-heading d--bold\"><strong>Cinco dias por semana<\/strong><\/h3>\n\n<p>Oferecemos oportunidades de aprendizado \u00e0s sextas-feiras, permitindo que aqueles que desejam estudar ingl\u00eas todos os dias da semana o fa\u00e7am em um ritmo de cinco dias por semana.<\/p>\n\n<h3 class=\"wp-block-heading jinr-heading d--bold\"><strong>Hor\u00e1rios flex\u00edveis de in\u00edcio das aulas<\/strong><\/h3>\n\n<p>Os portadores de visto F1 em nossa escola podem escolher entre tr\u00eas hor\u00e1rios diferentes de in\u00edcio das aulas:<\/p>\n\n<ul class=\"jinr-list wp-block-list\">\n<li>7:40 AM<\/li>\n\n\n\n<li>8:45 AM<\/li>\n\n\n\n<li>10:00 AM<\/li>\n<\/ul>\n\n<p>Os alunos com outros vistos t\u00eam cinco op\u00e7\u00f5es:<\/p>\n\n<ul class=\"jinr-list wp-block-list\">\n<li>7:40 AM<\/li>\n\n\n\n<li>8:45 AM<\/li>\n\n\n\n<li>10:00 AM<\/li>\n\n\n\n<li>11:05 AM<\/li>\n\n\n\n<li>12:30 PM<\/li>\n<\/ul>\n\n<h3 class=\"wp-block-heading jinr-heading d--bold\"><strong>Possibilidade de pegar e deixar crian\u00e7as<\/strong><\/h3>\n\n<p>Muitos alunos do ALS s\u00e3o pais que precisam buscar e deixar seus filhos. Nosso curr\u00edculo de quatro dias da semana oferece tr\u00eas op\u00e7\u00f5es de hor\u00e1rio:<\/p>\n\n<ul class=\"jinr-list wp-block-list\">\n<li>7H40 &#8211; 12H10<\/li>\n\n\n\n<li>8:45 \u00c0S 13:30<\/li>\n\n\n\n<li>10:00 AM &#8211; 2:40 PM<\/li>\n<\/ul>\n\n<p>Escolha o hor\u00e1rio que melhor se adapta \u00e0s suas necessidades para o transporte de seus filhos. Se voc\u00ea estiver planejando pegar e deixar seus filhos de acordo com o seu hor\u00e1rio escolar, consulte tamb\u00e9m a p\u00e1gina abaixo.<\/p>\n<section class=\"b--jinr-block b--jinr-blogcard d--blogcard-hover-up d--blogcard-style1 d--blogcard-mysite t--round \"><div class=\"a--blogcard-label ef\">Related Page<\/div><a class=\"o--blogcard-link t--round\" href=\"https:\/\/www.academiaschool.edu\/reason\/drop-off-and-dive-in\/\"><div class=\"c--blogcard-image\"><img loading=\"lazy\" decoding=\"async\" class=\"a--blogcard-img-src\" width=\"128\" height=\"72\" src=\"https:\/\/www.academiaschool.edu\/wp-content\/uploads\/2025\/02\/\u540d\u79f0\u672a\u8a2d\u5b9a\u306e\u30c7\u30b6\u30a4\u30f3-7.png\" alt=\"Parent-Child Study Abroad Friendly Support\" \/><\/div><div class=\"a--blogcard-title d--bold\">Parent-Child Study Abroad Friendly Support<\/div><\/a><\/section>\n<p>Se voc\u00ea tiver alguma d\u00favida, fique \u00e0 vontade para consultar o escrit\u00f3rio da ALS.<\/p>\n<section class=\"b--jinr-block b--jinr-blogcard d--blogcard-hover-up d--blogcard-style1 d--blogcard-mysite t--round \"><div class=\"a--blogcard-label ef\">Related Page<\/div><a class=\"o--blogcard-link t--round\" href=\"https:\/\/www.academiaschool.edu\/reason\/\"><div class=\"c--blogcard-image\"><img loading=\"lazy\" decoding=\"async\" class=\"a--blogcard-img-src\" width=\"128\" height=\"72\" src=\"https:\/\/www.academiaschool.edu\/wp-content\/uploads\/2025\/02\/\u540d\u79f0\u672a\u8a2d\u5b9a\u306e\u30c7\u30b6\u30a4\u30f3-7.png\" alt=\"Reasons for Choosing\" \/><\/div><div class=\"a--blogcard-title d--bold\">Reasons for Choosing<\/div><\/a><\/section>","protected":false},"excerpt":{"rendered":"<p>O \u00fanico curso semanal de 4 dias do Hava\u00ed Nossa escola oferece um curr\u00edculo de ESL exclusivo que atende aos requisitos do visto F1 com frequ\u00eancia de apenas quatro dias por semana. Os alunos podem completar 20 horas de estudo por semana assistindo \u00e0s aulas por cinco horas todas as manh\u00e3s, de segunda a quinta-feira. [&hellip;]<\/p>\n","protected":false},"author":1,"featured_media":0,"parent":5418,"menu_order":0,"comment_status":"closed","ping_status":"closed","template":"","meta":{"_jinr_url_youtube":"","_jinr_pip_youtube":false,"_jinr_time_youtube":"","_jinr_thumb_youtube":"","_jinr_media_youtube":"","_jinr_category_edit":false,"_jinr_category":"","_jinr_title_display":false,"_jinr_snsbutton_display":false,"_jinr_ads_display":false,"_jinr_thumbnail_display":false,"_jinr_profile_display":false,"_jinr_representations_display":false,"_jinr_relatedpost_display":false,"_jinr_sidebar1col_display":false,"_jinr_sidebar2col_display":false,"_jinr_seotitle_display":"","_jinr_description_display":"","_jinr_keyword_display":"","_jinr_hastag_display":"","_jinr_canonical_display":"","_jinr_noindex_display":false,"_jinr_paidpost":false,"_jinr_paidpost_product_id":"","_jinr_headtag_article":"","footnotes":""},"class_list":["post-5434","page","type-page","status-publish","hentry"],"_links":{"self":[{"href":"https:\/\/www.academiaschool.edu\/pt-br\/wp-json\/wp\/v2\/pages\/5434","targetHints":{"allow":["GET"]}}],"collection":[{"href":"https:\/\/www.academiaschool.edu\/pt-br\/wp-json\/wp\/v2\/pages"}],"about":[{"href":"https:\/\/www.academiaschool.edu\/pt-br\/wp-json\/wp\/v2\/types\/page"}],"author":[{"embeddable":true,"href":"https:\/\/www.academiaschool.edu\/pt-br\/wp-json\/wp\/v2\/users\/1"}],"replies":[{"embeddable":true,"href":"https:\/\/www.academiaschool.edu\/pt-br\/wp-json\/wp\/v2\/comments?post=5434"}],"version-history":[{"count":3,"href":"https:\/\/www.academiaschool.edu\/pt-br\/wp-json\/wp\/v2\/pages\/5434\/revisions"}],"predecessor-version":[{"id":5437,"href":"https:\/\/www.academiaschool.edu\/pt-br\/wp-json\/wp\/v2\/pages\/5434\/revisions\/5437"}],"up":[{"embeddable":true,"href":"https:\/\/www.academiaschool.edu\/pt-br\/wp-json\/wp\/v2\/pages\/5418"}],"wp:attachment":[{"href":"https:\/\/www.academiaschool.edu\/pt-br\/wp-json\/wp\/v2\/media?parent=5434"}],"curies":[{"name":"wp","href":"https:\/\/api.w.org\/{rel}","templated":true}]}}