{"id":5426,"date":"2024-03-20T17:48:57","date_gmt":"2024-03-21T03:48:57","guid":{"rendered":"https:\/\/academia-school.net\/razoes-para-escolher\/corpo-docente-experiente\/"},"modified":"2024-04-24T11:05:45","modified_gmt":"2024-04-24T21:05:45","slug":"corpo-docente-experiente","status":"publish","type":"page","link":"https:\/\/www.academiaschool.edu\/pt-br\/razoes-para-escolher\/corpo-docente-experiente\/","title":{"rendered":"Corpo docente experiente"},"content":{"rendered":"\n<section class=\"wp-block-jinr-blocks-fullwidth b--jinr-block b--jinr-fullwidth-container d--top-margin-xs-pc d--bottom-margin-xs-pc d--top-margin-xs-sp d--bottom-margin-xs-sp \"><section class=\"b--jinr-fullwidth d--fullwidth-parallax-off d--fullwidth-deco-bgimage\"><div class=\"a--jinr-fullwidth-image\"><div class=\"a--jinr-fullwidth-image-clip\"><img decoding=\"async\" src=\"https:\/\/www.academiaschool.edu\/wp-content\/uploads\/2024\/03\/\u30b9\u30af\u30ea\u30fc\u30f3\u30b7\u30e7\u30c3\u30c8-2024-03-26-\u5348\u5f8c8.21.16.webp\"\/><\/div><\/div><div class=\"a--jinr-fullwidth-overlay\" style=\"background-color:#222222;opacity:0.15\"><\/div><div class=\"d--fullwidth-100 d--fullwidth-pad40 d--fullwidth-pad0-sp t--main-width\" style=\"color:false\">\n<p class=\"has-text-align-center has-white-color has-text-color has-link-color wp-elements-f89a4e152e776e03096dfb39799454c6\"><span class=\"jinr-d--font-size d--fontsize-36px\"><strong><strong>Corpo docente experiente<\/strong><\/strong><\/span><\/p>\n<\/div><\/section><\/section>\n\n<p>Nosso corpo docente realmente ama esta escola e seus alunos, e eles ensinam com sinceridade e entusiasmo todos os dias. Muitos de nossos professores est\u00e3o conosco h\u00e1 mais de dez anos, o que \u00e9 um de nossos pontos fortes. Essa longa perman\u00eancia reflete sua profunda experi\u00eancia e comprometimento, o que nos permite oferecer aulas de ingl\u00eas de alta qualidade. Aqui, apresentamos alguns de nossos instrutores dedicados.<\/p>\n\n<h2 class=\"wp-block-heading jinr-heading d--bold\"><strong>LARRY : Diretor de programas de idiomas<\/strong><\/h2>\n\n<div class=\"wp-block-media-text is-stacked-on-mobile is-vertically-aligned-top\" style=\"grid-template-columns:24% auto\"><figure class=\"wp-block-media-text__media\"><img loading=\"lazy\" decoding=\"async\" width=\"155\" height=\"222\" src=\"https:\/\/www.academiaschool.edu\/wp-content\/uploads\/2024\/03\/Larry1-e1711352084764.jpg\" alt=\"\u30e9\u30ea\u30fc\u5148\u751f\" class=\"wp-image-411 size-full\"\/><\/figure><div class=\"wp-block-media-text__content\">\n<p>Durante v\u00e1rios anos, Larry Rhodes foi rep\u00f3rter de assuntos internacionais da Shin&#8217;etsu Broadcasting Company no Jap\u00e3o, onde tamb\u00e9m apresentou sua pr\u00f3pria s\u00e9rie de televis\u00e3o. Ele veio para Honolulu para estudar na Universidade do Hava\u00ed em Manoa, mas tirou uma licen\u00e7a para se juntar ao Departamento de Economia da Universidade Shinshu, a fim de realizar pesquisas sobre o emprego de jovens para um Ph.D. em Ci\u00eancia Pol\u00edtica. L\u00e1, ele recebeu uma audi\u00eancia com Suas Majestades, o Imperador e a Imperatriz do Jap\u00e3o, para discutir os resultados de sua pesquisa, que foi publicada posteriormente. Suas publica\u00e7\u00f5es incluem &#8220;Homeroom Teachers in Japan&#8221;, <em>National Forum: Phi Kappa Phi Journal,<\/em> inverno de 1994, e &#8220;From School to Work in Japan&#8221;, <em>Compare,<\/em> outubro de 1996. Mais recentemente, ele publicou trabalhos sobre a utilidade da diagrama\u00e7\u00e3o de frases no ensino de ESL na revista <em>The Word<\/em>, da Hawaii TESOL. Por ter vivido completamente imerso no idioma e na cultura de outro pa\u00eds, Larry \u00e9 sens\u00edvel \u00e0s dificuldades que os alunos enfrentam ao viver nos Estados Unidos e aprender ingl\u00eas. Como Diretor de Programas de Idiomas da Academia, ele se esfor\u00e7a para continuar desenvolvendo cursos que atendam aos interesses variados do corpo discente diversificado da escola.<\/p>\n<\/div><\/div>\n\n<h2 class=\"wp-block-heading jinr-heading d--bold\"><strong>KIMBERLY : Diretora assistente de programas de idiomas<\/strong><\/h2>\n\n<div class=\"wp-block-media-text is-stacked-on-mobile\" style=\"grid-template-columns:26% auto\"><figure class=\"wp-block-media-text__media\"><img loading=\"lazy\" decoding=\"async\" width=\"170\" height=\"227\" src=\"https:\/\/www.academiaschool.edu\/wp-content\/uploads\/2024\/03\/Kimberly1.jpg\" alt=\"Kimberly\" class=\"wp-image-410 size-full\"\/><\/figure><div class=\"wp-block-media-text__content\">\n<p><br\/>Kimberly L. nasceu em Saginaw, Michigan. Ela \u00e9 formada em Marketing pela Western Michigan University. Trabalhando na escola desde 1995, Kimberly \u00e9 a funcion\u00e1ria mais antiga da Academia Language School. Antes de assumir seu cargo administrativo atual, Kimberly lecionou ESL por muitos anos na escola. Embora n\u00e3o afirme ser proficiente em nenhum idioma espec\u00edfico, ela est\u00e1 familiarizada com v\u00e1rios idiomas. Seus interesses incluem ler, cozinhar e criar seus dois filhos.<\/p>\n<\/div><\/div>\n\n<h2 class=\"wp-block-heading jinr-heading d--bold\"><strong>SEAN : Instrutor<\/strong><\/h2>\n\n<div class=\"wp-block-media-text is-stacked-on-mobile\" style=\"grid-template-columns:27% auto\"><figure class=\"wp-block-media-text__media\"><img loading=\"lazy\" decoding=\"async\" width=\"170\" height=\"227\" src=\"https:\/\/www.academiaschool.edu\/wp-content\/uploads\/2024\/03\/Sean1.jpg\" alt=\"Sean\" class=\"wp-image-413 size-full\"\/><\/figure><div class=\"wp-block-media-text__content\">\n<p>Sean Flannagan nasceu e cresceu no Kansas. Ele \u00e9 formado em Estudos de Teatro e Cinema pela Universidade de Kansas. Al\u00e9m disso, ele tem a certifica\u00e7\u00e3o International TEFL TESOL (ITT). Escritor talentoso, Sean foi finalista do Screenwriters&#8217; Showcase Awards e semifinalista do Annual Writers Network Screenplay and Fiction Competition. Sean ensinou ingl\u00eas por quatro anos no Jap\u00e3o antes de vir para a Academia Language School e tem um conhecimento pr\u00e1tico de japon\u00eas. Seus hobbies incluem caminhadas e jogar t\u00eanis.<\/p>\n<\/div><\/div>\n\n<h2 class=\"wp-block-heading jinr-heading d--bold\"><strong>CHRISTINE : Instrutora<\/strong><\/h2>\n\n<div class=\"wp-block-media-text is-stacked-on-mobile\" style=\"grid-template-columns:29% auto\"><figure class=\"wp-block-media-text__media\"><img loading=\"lazy\" decoding=\"async\" width=\"768\" height=\"1024\" src=\"https:\/\/www.academiaschool.edu\/wp-content\/uploads\/2024\/03\/Christine-Bio-e1530141205943-768x1024-1.jpg\" alt=\"VOC\u00ca N\u00c3O PRECISA SE PREOCUPAR COM ISSO.\" class=\"wp-image-415 size-full\" srcset=\"https:\/\/www.academiaschool.edu\/wp-content\/uploads\/2024\/03\/Christine-Bio-e1530141205943-768x1024-1.jpg 768w, https:\/\/www.academiaschool.edu\/wp-content\/uploads\/2024\/03\/Christine-Bio-e1530141205943-768x1024-1-225x300.jpg 225w\" sizes=\"auto, (max-width: 768px) 100vw, 768px\" \/><\/figure><div class=\"wp-block-media-text__content\">\n<p>Christine Mahelona nasceu em Honolulu, Hava\u00ed. Ela tem bacharelado e mestrado em L\u00edngua e Literatura Francesa pela Universidade do Hava\u00ed em Manoa. Ela tamb\u00e9m recebeu o Diplome au Niveau Superieur em L\u00edngua e Literatura Francesa da Universidade de Paris na Sorbonne e um certificado em TESOL do Trinity College, em Londres. Ela lecionou ESL no Jap\u00e3o, na Espanha e na Pol\u00f4nia. Al\u00e9m do franc\u00eas, ela aprendeu finland\u00eas morando na Finl\u00e2ndia por alguns anos. Antes de ingressar na Academia Language School, Christine lecionou franc\u00eas, ingl\u00eas e ESL na Hawaii Pacific University por dez anos. Em seu tempo livre, Christine gosta de ler, ouvir m\u00fasica, nadar, comer chocolate e trabalhar como volunt\u00e1ria em sua igreja e no programa Scoutreach dos Boy Scouts of America.<\/p>\n<\/div><\/div>\n<section class=\"b--jinr-block b--jinr-blogcard d--blogcard-hover-up d--blogcard-style1 d--blogcard-mysite t--round \"><div class=\"a--blogcard-label ef\">Related Page<\/div><a class=\"o--blogcard-link t--round\" href=\"https:\/\/www.academiaschool.edu\/reason\/\"><div class=\"c--blogcard-image\"><img loading=\"lazy\" decoding=\"async\" class=\"a--blogcard-img-src\" width=\"128\" height=\"72\" src=\"https:\/\/www.academiaschool.edu\/wp-content\/uploads\/2025\/02\/\u540d\u79f0\u672a\u8a2d\u5b9a\u306e\u30c7\u30b6\u30a4\u30f3-7.png\" alt=\"Reasons for Choosing\" \/><\/div><div class=\"a--blogcard-title d--bold\">Reasons for Choosing<\/div><\/a><\/section>","protected":false},"excerpt":{"rendered":"<p>Nosso corpo docente realmente ama esta escola e seus alunos, e eles ensinam com sinceridade e entusiasmo todos os dias. Muitos de nossos professores est\u00e3o conosco h\u00e1 mais de dez anos, o que \u00e9 um de nossos pontos fortes. Essa longa perman\u00eancia reflete sua profunda experi\u00eancia e comprometimento, o que nos permite oferecer aulas de [&hellip;]<\/p>\n","protected":false},"author":1,"featured_media":0,"parent":5418,"menu_order":0,"comment_status":"closed","ping_status":"closed","template":"","meta":{"_jinr_url_youtube":"","_jinr_pip_youtube":false,"_jinr_time_youtube":"","_jinr_thumb_youtube":"","_jinr_media_youtube":"","_jinr_category_edit":false,"_jinr_category":"","_jinr_title_display":false,"_jinr_snsbutton_display":false,"_jinr_ads_display":false,"_jinr_thumbnail_display":false,"_jinr_profile_display":false,"_jinr_representations_display":false,"_jinr_relatedpost_display":false,"_jinr_sidebar1col_display":false,"_jinr_sidebar2col_display":false,"_jinr_seotitle_display":"","_jinr_description_display":"","_jinr_keyword_display":"","_jinr_hastag_display":"","_jinr_canonical_display":"","_jinr_noindex_display":false,"_jinr_paidpost":false,"_jinr_paidpost_product_id":"","_jinr_headtag_article":"","footnotes":""},"class_list":["post-5426","page","type-page","status-publish","hentry"],"_links":{"self":[{"href":"https:\/\/www.academiaschool.edu\/pt-br\/wp-json\/wp\/v2\/pages\/5426","targetHints":{"allow":["GET"]}}],"collection":[{"href":"https:\/\/www.academiaschool.edu\/pt-br\/wp-json\/wp\/v2\/pages"}],"about":[{"href":"https:\/\/www.academiaschool.edu\/pt-br\/wp-json\/wp\/v2\/types\/page"}],"author":[{"embeddable":true,"href":"https:\/\/www.academiaschool.edu\/pt-br\/wp-json\/wp\/v2\/users\/1"}],"replies":[{"embeddable":true,"href":"https:\/\/www.academiaschool.edu\/pt-br\/wp-json\/wp\/v2\/comments?post=5426"}],"version-history":[{"count":3,"href":"https:\/\/www.academiaschool.edu\/pt-br\/wp-json\/wp\/v2\/pages\/5426\/revisions"}],"predecessor-version":[{"id":5429,"href":"https:\/\/www.academiaschool.edu\/pt-br\/wp-json\/wp\/v2\/pages\/5426\/revisions\/5429"}],"up":[{"embeddable":true,"href":"https:\/\/www.academiaschool.edu\/pt-br\/wp-json\/wp\/v2\/pages\/5418"}],"wp:attachment":[{"href":"https:\/\/www.academiaschool.edu\/pt-br\/wp-json\/wp\/v2\/media?parent=5426"}],"curies":[{"name":"wp","href":"https:\/\/api.w.org\/{rel}","templated":true}]}}