{"id":5422,"date":"2024-03-24T15:54:15","date_gmt":"2024-03-25T01:54:15","guid":{"rendered":"https:\/\/academia-school.net\/razoes-para-escolher\/avanco-para-a-universidade\/"},"modified":"2024-04-24T11:05:30","modified_gmt":"2024-04-24T21:05:30","slug":"avanco-para-a-universidade","status":"publish","type":"page","link":"https:\/\/www.academiaschool.edu\/pt-br\/razoes-para-escolher\/avanco-para-a-universidade\/","title":{"rendered":"Avan\u00e7o para a universidade"},"content":{"rendered":"\n<section class=\"wp-block-jinr-blocks-fullwidth b--jinr-block b--jinr-fullwidth-container d--top-margin-xs-pc d--bottom-margin-xs-pc d--top-margin-xs-sp d--bottom-margin-xs-sp \"><section class=\"b--jinr-fullwidth d--fullwidth-parallax-off d--fullwidth-deco-bgimage\"><div class=\"a--jinr-fullwidth-image\"><div class=\"a--jinr-fullwidth-image-clip\"><img decoding=\"async\" src=\"https:\/\/www.academiaschool.edu\/wp-content\/uploads\/2024\/03\/\u30b9\u30af\u30ea\u30fc\u30f3\u30b7\u30e7\u30c3\u30c8-2024-03-26-\u5348\u5f8c8.21.16.webp\"\/><\/div><\/div><div class=\"a--jinr-fullwidth-overlay\" style=\"background-color:#222222;opacity:0.15\"><\/div><div class=\"d--fullwidth-100 d--fullwidth-pad40 d--fullwidth-pad0-sp t--main-width\" style=\"color:false\">\n<p class=\"has-text-align-center has-white-color has-text-color has-link-color wp-elements-354a2307322dd255b1a90aa0a86b2efa\"><span class=\"jinr-d--font-size d--fontsize-36px\"><strong><strong>Avan\u00e7o para a universidade<\/strong><\/strong><\/span><\/p>\n<\/div><\/section><\/section>\n<div class=\"wp-block-image\">\n<figure class=\"aligncenter size-full\"><img loading=\"lazy\" decoding=\"async\" width=\"150\" height=\"150\" src=\"https:\/\/www.academiaschool.edu\/wp-content\/uploads\/2024\/03\/kapiolani-community-college.gif\" alt=\"\" class=\"wp-image-355\"\/><\/figure>\n<\/div>\n<section class=\"wp-block-jinr-blocks-simplebox b--jinr-block-container\"><div class=\"b--jinr-block b--jinr-box d--simple-box10  \"><div class=\"c--simple-box-inner\">\n<p class=\"has-text-align-center\"><strong>Kapiolani Community College &#8211; Escola de idiomas Academia<br\/>Programa Bridge<\/strong><\/p>\n<\/div><\/div><\/section>\n\n<p>Temos orgulho de nossa parceria formal de longa data com a Kapi&#8217;olani Community College, que faz parte da Universidade do Hava\u00ed. Essa colabora\u00e7\u00e3o permite que nossos formandos n\u00e3o apenas obtenham cr\u00e9ditos para programas de gradua\u00e7\u00e3o na Kapi&#8217;olani Community College, mas tamb\u00e9m transfiram cr\u00e9ditos para outros campi do sistema da Universidade do Hava\u00ed e outras universidades dos Estados Unidos.<\/p>\n\n<p>Quando nossos alunos passam no Advanced Conversation II, eles podem fazer a transi\u00e7\u00e3o direta para cursos de cr\u00e9dito no Kapi&#8217;olani Community College sem a necessidade do TOEFL ou de outros testes de profici\u00eancia em ingl\u00eas.<\/p>\n\n<p>Os alunos que desejam avan\u00e7ar para a University of Hawaii at Kapi&#8217;olani Community College podem enviar seu pedido de admiss\u00e3o ao nosso diretor, juntamente com a solicita\u00e7\u00e3o de emiss\u00e3o de hist\u00f3ricos escolares e documentos explicativos. Esses documentos podem ser enviados como parte dos materiais de inscri\u00e7\u00e3o necess\u00e1rios para a admiss\u00e3o no Kapi&#8217;olani Community College.<\/p>\n\n<p>Link relacionado: <a href=\"https:\/\/www.kapiolani.hawaii.edu\/\" data-type=\"link\" data-id=\"https:\/\/www.kapiolani.hawaii.edu\/\">Faculdade Comunit\u00e1ria Kapi&#8217;olani<\/a><\/p>\n<section class=\"b--jinr-block b--jinr-blogcard d--blogcard-hover-up d--blogcard-style1 d--blogcard-mysite t--round \"><div class=\"a--blogcard-label ef\">Related Page<\/div><a class=\"o--blogcard-link t--round\" href=\"https:\/\/www.academiaschool.edu\/reason\/\"><div class=\"c--blogcard-image\"><img loading=\"lazy\" decoding=\"async\" class=\"a--blogcard-img-src\" width=\"128\" height=\"72\" src=\"https:\/\/www.academiaschool.edu\/wp-content\/uploads\/2025\/02\/\u540d\u79f0\u672a\u8a2d\u5b9a\u306e\u30c7\u30b6\u30a4\u30f3-7.png\" alt=\"Reasons for Choosing\" \/><\/div><div class=\"a--blogcard-title d--bold\">Reasons for Choosing<\/div><\/a><\/section>","protected":false},"excerpt":{"rendered":"<p>Temos orgulho de nossa parceria formal de longa data com a Kapi&#8217;olani Community College, que faz parte da Universidade do Hava\u00ed. Essa colabora\u00e7\u00e3o permite que nossos formandos n\u00e3o apenas obtenham cr\u00e9ditos para programas de gradua\u00e7\u00e3o na Kapi&#8217;olani Community College, mas tamb\u00e9m transfiram cr\u00e9ditos para outros campi do sistema da Universidade do Hava\u00ed e outras universidades [&hellip;]<\/p>\n","protected":false},"author":1,"featured_media":0,"parent":5418,"menu_order":0,"comment_status":"closed","ping_status":"closed","template":"","meta":{"_jinr_url_youtube":"","_jinr_pip_youtube":false,"_jinr_time_youtube":"","_jinr_thumb_youtube":"","_jinr_media_youtube":"","_jinr_category_edit":false,"_jinr_category":"","_jinr_title_display":false,"_jinr_snsbutton_display":false,"_jinr_ads_display":false,"_jinr_thumbnail_display":false,"_jinr_profile_display":false,"_jinr_representations_display":false,"_jinr_relatedpost_display":false,"_jinr_sidebar1col_display":false,"_jinr_sidebar2col_display":false,"_jinr_seotitle_display":"","_jinr_description_display":"","_jinr_keyword_display":"","_jinr_hastag_display":"","_jinr_canonical_display":"","_jinr_noindex_display":false,"_jinr_paidpost":false,"_jinr_paidpost_product_id":"","_jinr_headtag_article":"","footnotes":""},"class_list":["post-5422","page","type-page","status-publish","hentry"],"_links":{"self":[{"href":"https:\/\/www.academiaschool.edu\/pt-br\/wp-json\/wp\/v2\/pages\/5422","targetHints":{"allow":["GET"]}}],"collection":[{"href":"https:\/\/www.academiaschool.edu\/pt-br\/wp-json\/wp\/v2\/pages"}],"about":[{"href":"https:\/\/www.academiaschool.edu\/pt-br\/wp-json\/wp\/v2\/types\/page"}],"author":[{"embeddable":true,"href":"https:\/\/www.academiaschool.edu\/pt-br\/wp-json\/wp\/v2\/users\/1"}],"replies":[{"embeddable":true,"href":"https:\/\/www.academiaschool.edu\/pt-br\/wp-json\/wp\/v2\/comments?post=5422"}],"version-history":[{"count":3,"href":"https:\/\/www.academiaschool.edu\/pt-br\/wp-json\/wp\/v2\/pages\/5422\/revisions"}],"predecessor-version":[{"id":5425,"href":"https:\/\/www.academiaschool.edu\/pt-br\/wp-json\/wp\/v2\/pages\/5422\/revisions\/5425"}],"up":[{"embeddable":true,"href":"https:\/\/www.academiaschool.edu\/pt-br\/wp-json\/wp\/v2\/pages\/5418"}],"wp:attachment":[{"href":"https:\/\/www.academiaschool.edu\/pt-br\/wp-json\/wp\/v2\/media?parent=5422"}],"curies":[{"name":"wp","href":"https:\/\/api.w.org\/{rel}","templated":true}]}}