{"id":5414,"date":"2024-03-24T08:06:46","date_gmt":"2024-03-24T18:06:46","guid":{"rendered":"https:\/\/academia-school.net\/visao-geral-do-programa\/preparacao-para-o-toeic-e-toefl\/"},"modified":"2024-04-24T11:05:04","modified_gmt":"2024-04-24T21:05:04","slug":"preparacao-para-o-toeic-e-toefl","status":"publish","type":"page","link":"https:\/\/www.academiaschool.edu\/pt-br\/visao-geral-do-programa\/preparacao-para-o-toeic-e-toefl\/","title":{"rendered":"Prepara\u00e7\u00e3o para o TOEIC e TOEFL"},"content":{"rendered":"\n<section class=\"wp-block-jinr-blocks-fullwidth b--jinr-block b--jinr-fullwidth-container d--top-margin-xs-pc d--bottom-margin-xs-pc d--top-margin-xs-sp d--bottom-margin-xs-sp \"><section class=\"b--jinr-fullwidth d--fullwidth-parallax-off d--fullwidth-deco-bgimage\"><div class=\"a--jinr-fullwidth-image\"><div class=\"a--jinr-fullwidth-image-clip\"><img decoding=\"async\" src=\"https:\/\/www.academiaschool.edu\/wp-content\/uploads\/2024\/03\/leo_visions-fMyaQWQrwwU-unsplash.webp\"\/><\/div><\/div><div class=\"a--jinr-fullwidth-overlay\" style=\"background-color:#f5f5f5;opacity:0\"><\/div><div class=\"d--fullwidth-100 d--fullwidth-pad40 d--fullwidth-pad0-sp t--main-width\" style=\"color:false\">\n<p class=\"has-text-align-center has-white-color has-text-color has-link-color wp-elements-edb4928d93f1f92374c6d81e7ca719eb\"><span class=\"jinr-d--font-size d--fontsize-36px\"><strong><strong>Prepara\u00e7\u00e3o para o TOEIC e TOEFL  <\/strong><\/strong><\/span><\/p>\n<\/div><\/section><\/section>\n\n<h2 class=\"wp-block-heading jinr-heading d--bold\"><strong>Prepara\u00e7\u00e3o para o TOEIC e TOEFL (Prepara\u00e7\u00e3o para o teste)<\/strong><\/h2>\n\n<h3 class=\"wp-block-heading jinr-heading d--bold\"><strong>Aula de prepara\u00e7\u00e3o para o TOEIC<\/strong><\/h3>\n\n<p>A aula de prepara\u00e7\u00e3o para o TOEIC \u00e9 oferecida como eletiva em todos os n\u00edveis. Essas aulas se concentram no aprendizado de estrat\u00e9gias para a realiza\u00e7\u00e3o de testes, no aprimoramento da compreens\u00e3o de leitura e das habilidades auditivas, na revis\u00e3o de exemplos de perguntas e na realiza\u00e7\u00e3o de testes pr\u00e1ticos.<\/p>\n\n<p>Al\u00e9m das aulas de prepara\u00e7\u00e3o para o TOEIC, os alunos tamb\u00e9m podem se inscrever em outras aulas, como os cursos de Habilidades Integradas ou de Ingl\u00eas Abrangente, que complementam os objetivos das aulas do TOEIC e aprimoram ainda mais as habilidades de leitura e compreens\u00e3o auditiva.<\/p>\n\n<p>Como o \u00fanico centro oficial de testes TOEIC no Hava\u00ed, nossa escola oferece aos alunos a conveni\u00eancia de se preparar e fazer o teste em um ambiente familiar.<\/p>\n\n<h3 class=\"wp-block-heading jinr-heading d--bold\"><strong>Aula de prepara\u00e7\u00e3o para o TOEFL<\/strong><\/h3>\n\n<p>A aula de prepara\u00e7\u00e3o para o TOEFL tamb\u00e9m \u00e9 oferecida como eletiva em cada n\u00edvel. Nessas aulas, os alunos aprendem estrat\u00e9gias para o exame e desenvolvem habilidades de fala, audi\u00e7\u00e3o, leitura e escrita por meio de aulas de prepara\u00e7\u00e3o para o TOEFL cuidadosamente elaboradas e gerenciadas por profissionais.<\/p>\n\n<p>Ao longo do semestre, os alunos t\u00eam v\u00e1rias oportunidades de fazer testes pr\u00e1ticos, o que lhes permite monitorar seu progresso \u00e0 medida que o curso avan\u00e7a. Al\u00e9m disso, nossa escola oferece cursos de Habilidades Integradas e Ingl\u00eas Abrangente que complementam os objetivos das aulas do TOEFL e oferecem mais oportunidades para aprimorar as habilidades de leitura, escrita, audi\u00e7\u00e3o e fala.<\/p>\n<section class=\"b--jinr-block b--jinr-blogcard d--blogcard-hover-up d--blogcard-style1 d--blogcard-mysite t--round \"><div class=\"a--blogcard-label ef\">Related Page<\/div><a class=\"o--blogcard-link t--round\" href=\"https:\/\/www.academiaschool.edu\/programs\/\"><div class=\"c--blogcard-image\"><img loading=\"lazy\" decoding=\"async\" class=\"a--blogcard-img-src\" width=\"128\" height=\"72\" src=\"https:\/\/www.academiaschool.edu\/wp-content\/uploads\/2025\/02\/\u540d\u79f0\u672a\u8a2d\u5b9a\u306e\u30c7\u30b6\u30a4\u30f3-7.png\" alt=\"Overview of the Program\" \/><\/div><div class=\"a--blogcard-title d--bold\">Overview of the Program<\/div><\/a><\/section>","protected":false},"excerpt":{"rendered":"<p>Prepara\u00e7\u00e3o para o TOEIC e TOEFL (Prepara\u00e7\u00e3o para o teste) Aula de prepara\u00e7\u00e3o para o TOEIC A aula de prepara\u00e7\u00e3o para o TOEIC \u00e9 oferecida como eletiva em todos os n\u00edveis. Essas aulas se concentram no aprendizado de estrat\u00e9gias para a realiza\u00e7\u00e3o de testes, no aprimoramento da compreens\u00e3o de leitura e das habilidades auditivas, na [&hellip;]<\/p>\n","protected":false},"author":1,"featured_media":0,"parent":5366,"menu_order":0,"comment_status":"closed","ping_status":"closed","template":"","meta":{"_jinr_url_youtube":"","_jinr_pip_youtube":false,"_jinr_time_youtube":"","_jinr_thumb_youtube":"","_jinr_media_youtube":"","_jinr_category_edit":false,"_jinr_category":"","_jinr_title_display":false,"_jinr_snsbutton_display":false,"_jinr_ads_display":false,"_jinr_thumbnail_display":false,"_jinr_profile_display":false,"_jinr_representations_display":false,"_jinr_relatedpost_display":false,"_jinr_sidebar1col_display":false,"_jinr_sidebar2col_display":false,"_jinr_seotitle_display":"","_jinr_description_display":"","_jinr_keyword_display":"","_jinr_hastag_display":"","_jinr_canonical_display":"","_jinr_noindex_display":false,"_jinr_paidpost":false,"_jinr_paidpost_product_id":"","_jinr_headtag_article":"","footnotes":""},"class_list":["post-5414","page","type-page","status-publish","hentry"],"_links":{"self":[{"href":"https:\/\/www.academiaschool.edu\/pt-br\/wp-json\/wp\/v2\/pages\/5414","targetHints":{"allow":["GET"]}}],"collection":[{"href":"https:\/\/www.academiaschool.edu\/pt-br\/wp-json\/wp\/v2\/pages"}],"about":[{"href":"https:\/\/www.academiaschool.edu\/pt-br\/wp-json\/wp\/v2\/types\/page"}],"author":[{"embeddable":true,"href":"https:\/\/www.academiaschool.edu\/pt-br\/wp-json\/wp\/v2\/users\/1"}],"replies":[{"embeddable":true,"href":"https:\/\/www.academiaschool.edu\/pt-br\/wp-json\/wp\/v2\/comments?post=5414"}],"version-history":[{"count":3,"href":"https:\/\/www.academiaschool.edu\/pt-br\/wp-json\/wp\/v2\/pages\/5414\/revisions"}],"predecessor-version":[{"id":5417,"href":"https:\/\/www.academiaschool.edu\/pt-br\/wp-json\/wp\/v2\/pages\/5414\/revisions\/5417"}],"up":[{"embeddable":true,"href":"https:\/\/www.academiaschool.edu\/pt-br\/wp-json\/wp\/v2\/pages\/5366"}],"wp:attachment":[{"href":"https:\/\/www.academiaschool.edu\/pt-br\/wp-json\/wp\/v2\/media?parent=5414"}],"curies":[{"name":"wp","href":"https:\/\/api.w.org\/{rel}","templated":true}]}}