{"id":5410,"date":"2024-03-21T12:21:44","date_gmt":"2024-03-21T22:21:44","guid":{"rendered":"https:\/\/academia-school.net\/visao-geral-do-programa\/aulas-particulares\/"},"modified":"2024-04-24T11:04:51","modified_gmt":"2024-04-24T21:04:51","slug":"aulas-particulares","status":"publish","type":"page","link":"https:\/\/www.academiaschool.edu\/pt-br\/visao-geral-do-programa\/aulas-particulares\/","title":{"rendered":"Aulas particulares"},"content":{"rendered":"\n<section class=\"wp-block-jinr-blocks-fullwidth b--jinr-block b--jinr-fullwidth-container d--top-margin-xs-pc d--bottom-margin-xs-pc d--top-margin-xs-sp d--bottom-margin-xs-sp \"><section class=\"b--jinr-fullwidth d--fullwidth-parallax-off d--fullwidth-deco-bgimage\"><div class=\"a--jinr-fullwidth-image\"><div class=\"a--jinr-fullwidth-image-clip\"><img decoding=\"async\" src=\"https:\/\/www.academiaschool.edu\/wp-content\/uploads\/2024\/03\/leo_visions-fMyaQWQrwwU-unsplash.webp\"\/><\/div><\/div><div class=\"a--jinr-fullwidth-overlay\" style=\"background-color:#f5f5f5;opacity:0\"><\/div><div class=\"d--fullwidth-100 d--fullwidth-pad40 d--fullwidth-pad0-sp t--main-width\" style=\"color:false\">\n<p class=\"has-text-align-center has-white-color has-text-color has-link-color wp-elements-2e27b2ec9afbb603b8c7f81e22e94255\"><span class=\"jinr-d--font-size d--fontsize-36px\"><strong><strong>Aulas particulares<\/strong><\/strong><\/span><\/p>\n<\/div><\/section><\/section>\n\n<h2 class=\"wp-block-heading jinr-heading d--bold\"><strong>Tipos de aulas particulares<\/strong><\/h2>\n\n<p>Para pessoas com necessidades especiais ou que desejam aumentar seu tempo de conversa\u00e7\u00e3o em ingl\u00eas, oferecemos aulas particulares.<\/p>\n\n<p>Nossa escola oferece n\u00e3o apenas aulas particulares de ingl\u00eas para indiv\u00edduos, mas tamb\u00e9m aulas semiprivadas e aulas particulares em grupo.<\/p>\n\n<h2 class=\"wp-block-heading jinr-heading d--bold\"><strong>Tarifas de aulas particulares<\/strong><\/h2>\n\n<figure class=\"wp-block-table is-style-stripes\"><table><tbody><tr><td class=\"has-text-align-center\" data-align=\"center\"><strong>Curso<\/strong><\/td><td><strong>Taxa<\/strong><\/td><\/tr><tr><td class=\"has-text-align-center\" data-align=\"center\">Aula particular (pacote de 20 horas)<\/td><td>US$ 70 por hora<\/td><\/tr><tr><td class=\"has-text-align-center\" data-align=\"center\">Aula particular (pacote de 10 horas)<\/td><td>US$ 75 por hora<\/td><\/tr><tr><td class=\"has-text-align-center\" data-align=\"center\">Aula semiprivada (2 a 4 pessoas)<\/td><td>US$ 45 por hora e por pessoa<\/td><\/tr><tr><td class=\"has-text-align-center\" data-align=\"center\">Aula particular em grupo (5 ou mais pessoas)<\/td><td>US$ 45 por hora e por pessoa<\/td><\/tr><\/tbody><\/table><\/figure>\n\n<p>Inicialmente, \u00e9 necess\u00e1ria uma compra m\u00ednima de 20 horas de aulas, e os alunos devem concluir suas aulas em at\u00e9 6 meses a partir da primeira aula. Aulas particulares, semiparticulares e em grupo podem ser organizadas para adultos e crian\u00e7as.<\/p>\n\n<p>Se voc\u00ea estiver interessado, entre em contato com <a>support@academiaschool.edu.<\/a><\/p>\n<section class=\"b--jinr-block b--jinr-blogcard d--blogcard-hover-up d--blogcard-style1 d--blogcard-mysite t--round \"><div class=\"a--blogcard-label ef\">Related Page<\/div><a class=\"o--blogcard-link t--round\" href=\"https:\/\/www.academiaschool.edu\/programs\/\"><div class=\"c--blogcard-image\"><img loading=\"lazy\" decoding=\"async\" class=\"a--blogcard-img-src\" width=\"128\" height=\"72\" src=\"https:\/\/www.academiaschool.edu\/wp-content\/uploads\/2025\/02\/\u540d\u79f0\u672a\u8a2d\u5b9a\u306e\u30c7\u30b6\u30a4\u30f3-7.png\" alt=\"Overview of the Program\" \/><\/div><div class=\"a--blogcard-title d--bold\">Overview of the Program<\/div><\/a><\/section>","protected":false},"excerpt":{"rendered":"<p>Tipos de aulas particulares Para pessoas com necessidades especiais ou que desejam aumentar seu tempo de conversa\u00e7\u00e3o em ingl\u00eas, oferecemos aulas particulares. Nossa escola oferece n\u00e3o apenas aulas particulares de ingl\u00eas para indiv\u00edduos, mas tamb\u00e9m aulas semiprivadas e aulas particulares em grupo. Tarifas de aulas particulares Curso Taxa Aula particular (pacote de 20 horas) US$ [&hellip;]<\/p>\n","protected":false},"author":1,"featured_media":0,"parent":5366,"menu_order":0,"comment_status":"closed","ping_status":"closed","template":"","meta":{"_jinr_url_youtube":"","_jinr_pip_youtube":false,"_jinr_time_youtube":"","_jinr_thumb_youtube":"","_jinr_media_youtube":"","_jinr_category_edit":false,"_jinr_category":"","_jinr_title_display":false,"_jinr_snsbutton_display":false,"_jinr_ads_display":false,"_jinr_thumbnail_display":false,"_jinr_profile_display":false,"_jinr_representations_display":false,"_jinr_relatedpost_display":false,"_jinr_sidebar1col_display":false,"_jinr_sidebar2col_display":false,"_jinr_seotitle_display":"","_jinr_description_display":"","_jinr_keyword_display":"","_jinr_hastag_display":"","_jinr_canonical_display":"","_jinr_noindex_display":false,"_jinr_paidpost":false,"_jinr_paidpost_product_id":"","_jinr_headtag_article":"","footnotes":""},"class_list":["post-5410","page","type-page","status-publish","hentry"],"_links":{"self":[{"href":"https:\/\/www.academiaschool.edu\/pt-br\/wp-json\/wp\/v2\/pages\/5410","targetHints":{"allow":["GET"]}}],"collection":[{"href":"https:\/\/www.academiaschool.edu\/pt-br\/wp-json\/wp\/v2\/pages"}],"about":[{"href":"https:\/\/www.academiaschool.edu\/pt-br\/wp-json\/wp\/v2\/types\/page"}],"author":[{"embeddable":true,"href":"https:\/\/www.academiaschool.edu\/pt-br\/wp-json\/wp\/v2\/users\/1"}],"replies":[{"embeddable":true,"href":"https:\/\/www.academiaschool.edu\/pt-br\/wp-json\/wp\/v2\/comments?post=5410"}],"version-history":[{"count":3,"href":"https:\/\/www.academiaschool.edu\/pt-br\/wp-json\/wp\/v2\/pages\/5410\/revisions"}],"predecessor-version":[{"id":5413,"href":"https:\/\/www.academiaschool.edu\/pt-br\/wp-json\/wp\/v2\/pages\/5410\/revisions\/5413"}],"up":[{"embeddable":true,"href":"https:\/\/www.academiaschool.edu\/pt-br\/wp-json\/wp\/v2\/pages\/5366"}],"wp:attachment":[{"href":"https:\/\/www.academiaschool.edu\/pt-br\/wp-json\/wp\/v2\/media?parent=5410"}],"curies":[{"name":"wp","href":"https:\/\/api.w.org\/{rel}","templated":true}]}}