{"id":5406,"date":"2024-03-25T12:35:53","date_gmt":"2024-03-25T22:35:53","guid":{"rendered":"https:\/\/academia-school.net\/visao-geral-do-programa\/nivel-intermediario\/detalhes-e-resultados-de-aprendizagem-dos-niveis-i-ii-e-iii-de-conversacao-intermediaria\/"},"modified":"2024-04-24T11:04:38","modified_gmt":"2024-04-24T21:04:38","slug":"detalhes-e-resultados-de-aprendizagem-dos-niveis-i-ii-e-iii-de-conversacao-intermediaria","status":"publish","type":"page","link":"https:\/\/www.academiaschool.edu\/pt-br\/visao-geral-do-programa\/nivel-intermediario\/detalhes-e-resultados-de-aprendizagem-dos-niveis-i-ii-e-iii-de-conversacao-intermediaria\/","title":{"rendered":"Detalhes e resultados de aprendizagem dos n\u00edveis I, II e III de conversa\u00e7\u00e3o intermedi\u00e1ria"},"content":{"rendered":"\n<h2 class=\"wp-block-heading jinr-heading d--bold\"><strong>Conversa\u00e7\u00e3o intermedi\u00e1ria I<\/strong><\/h2>\n\n<p>Ap\u00f3s a conclus\u00e3o bem-sucedida deste curso, os alunos ser\u00e3o capazes de se comunicar de forma eficaz, completa, fluente, clara e precisa, usando gram\u00e1tica e vocabul\u00e1rio apropriados sobre alimenta\u00e7\u00e3o saud\u00e1vel, descri\u00e7\u00e3o da personalidade das pessoas, express\u00e3o de suas opini\u00f5es sobre arte, conviv\u00eancia com computadores e express\u00e3o de suas opini\u00f5es sobre \u00e9tica e valores.<\/p>\n\n<h2 class=\"wp-block-heading jinr-heading d--bold\"><strong>Conversa\u00e7\u00e3o intermedi\u00e1ria II<\/strong><\/h2>\n\n<p>Os alunos que conclu\u00edrem este curso com \u00eaxito ser\u00e3o capazes de se comunicar de forma eficaz, completa, fluente, clara e precisa, usando gram\u00e1tica e vocabul\u00e1rio apropriados para conversar, discutir quest\u00f5es de sa\u00fade, realizar tarefas, ler por prazer e discutir desastres naturais.<\/p>\n\n<h2 class=\"wp-block-heading jinr-heading d--bold\"><strong>Conversa\u00e7\u00e3o intermedi\u00e1ria III<\/strong><\/h2>\n\n<p>Ap\u00f3s a conclus\u00e3o bem-sucedida deste curso, os alunos ser\u00e3o capazes de se comunicar de forma eficaz, completa, fluente, clara e precisa, usando gram\u00e1tica e vocabul\u00e1rio adequados para planejar a vida, aproveitar as f\u00e9rias, discutir inven\u00e7\u00f5es e descobertas, debater quest\u00f5es controversas e observar a beleza do mundo.<\/p>\n\n<p><em>Defini\u00e7\u00f5es:<\/em><\/p>\n\n<ul class=\"jinr-list wp-block-list\">\n<li><strong>Adequado:<\/strong> Resposta razo\u00e1vel<\/li>\n\n\n\n<li><strong>Completo:<\/strong> resposta que usa um vocabul\u00e1rio diversificado para fornecer detalhes adequados<\/li>\n\n\n\n<li><strong>Fluente:<\/strong> Resposta fluida e ininterrupta<\/li>\n\n\n\n<li><strong>Claro:<\/strong> claro e facilmente compreens\u00edvel por falantes nativos<\/li>\n\n\n\n<li><strong>Preciso:<\/strong> Gramaticalmente correto com o uso apropriado de express\u00f5es coloquiais<\/li>\n<\/ul>\n\n<h2 class=\"wp-block-heading jinr-heading d--bold\"><strong>Obten\u00e7\u00e3o do n\u00edvel 2 do ILR em compet\u00eancia de conversa\u00e7\u00e3o<\/strong><\/h2>\n\n<p>Os alunos que atingem com sucesso os resultados de aprendizagem em cada n\u00edvel se expressam principalmente em conversas por meio da audi\u00e7\u00e3o e da fala (e, at\u00e9 certo ponto, da leitura e da escrita), atingindo assim o N\u00edvel 2 do ILR (a chamada Profici\u00eancia de Trabalho Limitada). O curr\u00edculo enfatiza materiais integrados de aprendizado de idiomas.<\/p>\n\n<p>Espera-se que os alunos que atingirem esse n\u00edvel sejam capazes de responder \u00e0s perguntas do teste que confirmam a aquisi\u00e7\u00e3o do conhecimento e das habilidades descritas em cada aula com alta precis\u00e3o (pelo menos 75%).<\/p>\n<section class=\"b--jinr-block b--jinr-blogcard d--blogcard-hover-up d--blogcard-style1 d--blogcard-mysite t--round \"><div class=\"a--blogcard-label ef\">Related Page<\/div><a class=\"o--blogcard-link t--round\" href=\"https:\/\/www.academiaschool.edu\/programs\/intermediate\/\"><div class=\"c--blogcard-image\"><img loading=\"lazy\" decoding=\"async\" class=\"a--blogcard-img-src\" width=\"128\" height=\"72\" src=\"https:\/\/www.academiaschool.edu\/wp-content\/uploads\/2025\/02\/\u540d\u79f0\u672a\u8a2d\u5b9a\u306e\u30c7\u30b6\u30a4\u30f3-7.png\" alt=\"Intermediate Level\" \/><\/div><div class=\"a--blogcard-title d--bold\">Intermediate Level<\/div><\/a><\/section>","protected":false},"excerpt":{"rendered":"<p>Conversa\u00e7\u00e3o intermedi\u00e1ria I Ap\u00f3s a conclus\u00e3o bem-sucedida deste curso, os alunos ser\u00e3o capazes de se comunicar de forma eficaz, completa, fluente, clara e precisa, usando gram\u00e1tica e vocabul\u00e1rio apropriados sobre alimenta\u00e7\u00e3o saud\u00e1vel, descri\u00e7\u00e3o da personalidade das pessoas, express\u00e3o de suas opini\u00f5es sobre arte, conviv\u00eancia com computadores e express\u00e3o de suas opini\u00f5es sobre \u00e9tica e valores. [&hellip;]<\/p>\n","protected":false},"author":1,"featured_media":0,"parent":5398,"menu_order":0,"comment_status":"closed","ping_status":"closed","template":"","meta":{"_jinr_url_youtube":"","_jinr_pip_youtube":false,"_jinr_time_youtube":"","_jinr_thumb_youtube":"","_jinr_media_youtube":"","_jinr_category_edit":false,"_jinr_category":"","_jinr_title_display":false,"_jinr_snsbutton_display":false,"_jinr_ads_display":false,"_jinr_thumbnail_display":false,"_jinr_profile_display":false,"_jinr_representations_display":false,"_jinr_relatedpost_display":false,"_jinr_sidebar1col_display":false,"_jinr_sidebar2col_display":false,"_jinr_seotitle_display":"","_jinr_description_display":"","_jinr_keyword_display":"","_jinr_hastag_display":"","_jinr_canonical_display":"","_jinr_noindex_display":false,"_jinr_paidpost":false,"_jinr_paidpost_product_id":"","_jinr_headtag_article":"","footnotes":""},"class_list":["post-5406","page","type-page","status-publish","hentry"],"_links":{"self":[{"href":"https:\/\/www.academiaschool.edu\/pt-br\/wp-json\/wp\/v2\/pages\/5406","targetHints":{"allow":["GET"]}}],"collection":[{"href":"https:\/\/www.academiaschool.edu\/pt-br\/wp-json\/wp\/v2\/pages"}],"about":[{"href":"https:\/\/www.academiaschool.edu\/pt-br\/wp-json\/wp\/v2\/types\/page"}],"author":[{"embeddable":true,"href":"https:\/\/www.academiaschool.edu\/pt-br\/wp-json\/wp\/v2\/users\/1"}],"replies":[{"embeddable":true,"href":"https:\/\/www.academiaschool.edu\/pt-br\/wp-json\/wp\/v2\/comments?post=5406"}],"version-history":[{"count":3,"href":"https:\/\/www.academiaschool.edu\/pt-br\/wp-json\/wp\/v2\/pages\/5406\/revisions"}],"predecessor-version":[{"id":5409,"href":"https:\/\/www.academiaschool.edu\/pt-br\/wp-json\/wp\/v2\/pages\/5406\/revisions\/5409"}],"up":[{"embeddable":true,"href":"https:\/\/www.academiaschool.edu\/pt-br\/wp-json\/wp\/v2\/pages\/5398"}],"wp:attachment":[{"href":"https:\/\/www.academiaschool.edu\/pt-br\/wp-json\/wp\/v2\/media?parent=5406"}],"curies":[{"name":"wp","href":"https:\/\/api.w.org\/{rel}","templated":true}]}}