{"id":5402,"date":"2024-03-25T13:15:34","date_gmt":"2024-03-25T23:15:34","guid":{"rendered":"https:\/\/academia-school.net\/visao-geral-do-programa\/nivel-intermediario\/detalhes-e-resultados-de-aprendizado-para-os-niveis-i-ii-e-iii-da-gramatica-intermediaria\/"},"modified":"2024-04-24T11:04:24","modified_gmt":"2024-04-24T21:04:24","slug":"detalhes-e-resultados-de-aprendizado-para-os-niveis-i-ii-e-iii-da-gramatica-intermediaria","status":"publish","type":"page","link":"https:\/\/www.academiaschool.edu\/pt-br\/visao-geral-do-programa\/nivel-intermediario\/detalhes-e-resultados-de-aprendizado-para-os-niveis-i-ii-e-iii-da-gramatica-intermediaria\/","title":{"rendered":"Detalhes e resultados de aprendizado para os n\u00edveis I, II e III da gram\u00e1tica intermedi\u00e1ria"},"content":{"rendered":"\n<p>A obten\u00e7\u00e3o do N\u00edvel 2 do ILR (Profici\u00eancia de Trabalho Limitada) \u00e9 facilitada pela progress\u00e3o nos cursos de Gram\u00e1tica Intermedi\u00e1ria e Conversa\u00e7\u00e3o.<\/p>\n\n<h2 class=\"wp-block-heading jinr-heading d--bold\"><strong>Gram\u00e1tica intermedi\u00e1ria I<\/strong><\/h2>\n\n<p>Ap\u00f3s a conclus\u00e3o deste curso, os alunos ser\u00e3o capazes de:<\/p>\n\n<ul class=\"jinr-list wp-block-list\">\n<li>Usar os tempos verbais presente simples e presente cont\u00ednuo, juntamente com adv\u00e9rbios de frequ\u00eancia apropriados para expressar o tempo presente<\/li>\n\n\n\n<li>Manter a concord\u00e2ncia sujeito-verbo<\/li>\n\n\n\n<li>Fazer e responder perguntas do tipo sim\/n\u00e3o<\/li>\n\n\n\n<li>Use os tempos verbais passado simples e passado cont\u00ednuo com ora\u00e7\u00f5es de tempo para expressar o tempo passado<\/li>\n\n\n\n<li>Expresse h\u00e1bitos passados usando &#8220;used to&#8221;<\/li>\n\n\n\n<li>Use &#8220;be going to&#8221; e &#8220;will&#8221; para expressar tempos futuros adequadamente, diferenci\u00e1-los e transmitir v\u00e1rios graus de certeza sobre o futuro<\/li>\n\n\n\n<li>Use cl\u00e1usulas de tempo e cl\u00e1usulas if para expressar tempos futuros<\/li>\n\n\n\n<li>Usar o presente simples e o presente cont\u00ednuo para expressar tempos futuros<\/li>\n\n\n\n<li>Use &#8220;be about to&#8221; para expressar o futuro imediato<\/li>\n\n\n\n<li>Usar o tempo verbal presente perfeito e distinguir seu uso do tempo verbal passado simples<\/li>\n\n\n\n<li>Usar o tempo verbal presente perfeito cont\u00ednuo e distinguir seu uso do tempo verbal presente perfeito n\u00e3o cont\u00ednuo<\/li>\n\n\n\n<li>Use o pret\u00e9rito perfeito<\/li>\n\n\n\n<li>Fazer e responder perguntas sobre informa\u00e7\u00f5es e perguntas sobre etiquetas<\/li>\n<\/ul>\n\n<h2 class=\"wp-block-heading jinr-heading d--bold\"><strong>Gram\u00e1tica Intermedi\u00e1ria II<\/strong><\/h2>\n\n<p>Ap\u00f3s a conclus\u00e3o deste curso, os alunos ser\u00e3o capazes de:<\/p>\n\n<ul class=\"jinr-list wp-block-list\">\n<li>Usar corretamente os substantivos no singular e no plural, mantendo a concord\u00e2ncia entre sujeito e verbo<\/li>\n\n\n\n<li>Escolha a ordem correta das palavras ao usar preposi\u00e7\u00f5es para expressar tempo e lugar<\/li>\n\n\n\n<li>Descrever substantivos usando substantivos e adjetivos<\/li>\n\n\n\n<li>Usar pronomes pessoais como sujeitos e objetos<\/li>\n\n\n\n<li>Use substantivos possessivos, pronomes possessivos e adjetivos possessivos<\/li>\n\n\n\n<li>Usar pronomes reflexivos<\/li>\n\n\n\n<li>Use &#8220;other&#8221;, &#8220;another&#8221;, &#8220;the other&#8221;<\/li>\n\n\n\n<li>Usar verbos modais para expressar uma ampla gama de nuances sem\u00e2nticas<\/li>\n\n\n\n<li>Prefer\u00eancias expressas<\/li>\n\n\n\n<li>Usar conjun\u00e7\u00f5es para conectar ideias<\/li>\n\n\n\n<li>Usar express\u00f5es comparativas, incluindo compara\u00e7\u00f5es repetitivas e duplas<\/li>\n\n\n\n<li>Usar voz passiva<\/li>\n\n\n\n<li>Use partic\u00edpios passados como adjetivos<\/li>\n<\/ul>\n\n<h2 class=\"wp-block-heading jinr-heading d--bold\"><strong>Gram\u00e1tica intermedi\u00e1ria III<\/strong><\/h2>\n\n<p>Ap\u00f3s a conclus\u00e3o deste curso, os alunos ser\u00e3o capazes de:<\/p>\n\n<ul class=\"jinr-list wp-block-list\">\n<li>Entender como usar artigos definidos e indefinidos e como generalizar sem usar um artigo<\/li>\n\n\n\n<li>Use substantivos cont\u00e1veis e incont\u00e1veis<\/li>\n\n\n\n<li>Entender quando voc\u00ea deve colocar os substantivos em letra mai\u00fascula<\/li>\n\n\n\n<li>Use ora\u00e7\u00f5es adjetivas com pronomes relativos &#8220;who&#8221;, &#8220;whom&#8221;, &#8220;that&#8221;, &#8220;whose&#8221;<\/li>\n\n\n\n<li>Distinguir e usar ger\u00fandios e infinitivos<\/li>\n\n\n\n<li>Use &#8220;in order to&#8221; e &#8220;for&#8221; para expressar o prop\u00f3sito<\/li>\n\n\n\n<li>Usar infinitivos com &#8220;too&#8221; e &#8220;enough&#8221;<\/li>\n\n\n\n<li>Usar ora\u00e7\u00f5es nominais como sujeitos ou objetos<\/li>\n\n\n\n<li>Use cl\u00e1usulas substantivas que comecem com &#8220;if&#8221; e &#8220;whether&#8221;<\/li>\n\n\n\n<li>Distinguir e usar adequadamente o discurso direto e indireto<\/li>\n<\/ul>\n<section class=\"b--jinr-block b--jinr-blogcard d--blogcard-hover-up d--blogcard-style1 d--blogcard-mysite t--round \"><div class=\"a--blogcard-label ef\">Related Page<\/div><a class=\"o--blogcard-link t--round\" href=\"https:\/\/www.academiaschool.edu\/programs\/intermediate\/\"><div class=\"c--blogcard-image\"><img loading=\"lazy\" decoding=\"async\" class=\"a--blogcard-img-src\" width=\"128\" height=\"72\" src=\"https:\/\/www.academiaschool.edu\/wp-content\/uploads\/2025\/02\/\u540d\u79f0\u672a\u8a2d\u5b9a\u306e\u30c7\u30b6\u30a4\u30f3-7.png\" alt=\"Intermediate Level\" \/><\/div><div class=\"a--blogcard-title d--bold\">Intermediate Level<\/div><\/a><\/section>","protected":false},"excerpt":{"rendered":"<p>A obten\u00e7\u00e3o do N\u00edvel 2 do ILR (Profici\u00eancia de Trabalho Limitada) \u00e9 facilitada pela progress\u00e3o nos cursos de Gram\u00e1tica Intermedi\u00e1ria e Conversa\u00e7\u00e3o. Gram\u00e1tica intermedi\u00e1ria I Ap\u00f3s a conclus\u00e3o deste curso, os alunos ser\u00e3o capazes de: Gram\u00e1tica Intermedi\u00e1ria II Ap\u00f3s a conclus\u00e3o deste curso, os alunos ser\u00e3o capazes de: Gram\u00e1tica intermedi\u00e1ria III Ap\u00f3s a conclus\u00e3o deste [&hellip;]<\/p>\n","protected":false},"author":1,"featured_media":0,"parent":5398,"menu_order":0,"comment_status":"closed","ping_status":"closed","template":"","meta":{"_jinr_url_youtube":"","_jinr_pip_youtube":false,"_jinr_time_youtube":"","_jinr_thumb_youtube":"","_jinr_media_youtube":"","_jinr_category_edit":false,"_jinr_category":"","_jinr_title_display":false,"_jinr_snsbutton_display":false,"_jinr_ads_display":false,"_jinr_thumbnail_display":false,"_jinr_profile_display":false,"_jinr_representations_display":false,"_jinr_relatedpost_display":false,"_jinr_sidebar1col_display":false,"_jinr_sidebar2col_display":false,"_jinr_seotitle_display":"","_jinr_description_display":"","_jinr_keyword_display":"","_jinr_hastag_display":"","_jinr_canonical_display":"","_jinr_noindex_display":false,"_jinr_paidpost":false,"_jinr_paidpost_product_id":"","_jinr_headtag_article":"","footnotes":""},"class_list":["post-5402","page","type-page","status-publish","hentry"],"_links":{"self":[{"href":"https:\/\/www.academiaschool.edu\/pt-br\/wp-json\/wp\/v2\/pages\/5402","targetHints":{"allow":["GET"]}}],"collection":[{"href":"https:\/\/www.academiaschool.edu\/pt-br\/wp-json\/wp\/v2\/pages"}],"about":[{"href":"https:\/\/www.academiaschool.edu\/pt-br\/wp-json\/wp\/v2\/types\/page"}],"author":[{"embeddable":true,"href":"https:\/\/www.academiaschool.edu\/pt-br\/wp-json\/wp\/v2\/users\/1"}],"replies":[{"embeddable":true,"href":"https:\/\/www.academiaschool.edu\/pt-br\/wp-json\/wp\/v2\/comments?post=5402"}],"version-history":[{"count":3,"href":"https:\/\/www.academiaschool.edu\/pt-br\/wp-json\/wp\/v2\/pages\/5402\/revisions"}],"predecessor-version":[{"id":5405,"href":"https:\/\/www.academiaschool.edu\/pt-br\/wp-json\/wp\/v2\/pages\/5402\/revisions\/5405"}],"up":[{"embeddable":true,"href":"https:\/\/www.academiaschool.edu\/pt-br\/wp-json\/wp\/v2\/pages\/5398"}],"wp:attachment":[{"href":"https:\/\/www.academiaschool.edu\/pt-br\/wp-json\/wp\/v2\/media?parent=5402"}],"curies":[{"name":"wp","href":"https:\/\/api.w.org\/{rel}","templated":true}]}}