{"id":5398,"date":"2024-03-21T12:16:10","date_gmt":"2024-03-21T22:16:10","guid":{"rendered":"https:\/\/academia-school.net\/visao-geral-do-programa\/nivel-intermediario\/"},"modified":"2024-04-24T11:04:07","modified_gmt":"2024-04-24T21:04:07","slug":"nivel-intermediario","status":"publish","type":"page","link":"https:\/\/www.academiaschool.edu\/pt-br\/visao-geral-do-programa\/nivel-intermediario\/","title":{"rendered":"N\u00edvel intermedi\u00e1rio"},"content":{"rendered":"\n<section class=\"wp-block-jinr-blocks-fullwidth b--jinr-block b--jinr-fullwidth-container d--top-margin-xs-pc d--bottom-margin-xs-pc d--top-margin-xs-sp d--bottom-margin-xs-sp \"><section class=\"b--jinr-fullwidth d--fullwidth-parallax-off d--fullwidth-deco-bgimage\"><div class=\"a--jinr-fullwidth-image\"><div class=\"a--jinr-fullwidth-image-clip\"><img decoding=\"async\" src=\"https:\/\/www.academiaschool.edu\/wp-content\/uploads\/2024\/03\/leo_visions-fMyaQWQrwwU-unsplash.webp\"\/><\/div><\/div><div class=\"a--jinr-fullwidth-overlay\" style=\"background-color:#f5f5f5;opacity:0\"><\/div><div class=\"d--fullwidth-100 d--fullwidth-pad40 d--fullwidth-pad0-sp t--main-width\" style=\"color:false\">\n<p class=\"has-text-align-center has-white-color has-text-color has-link-color wp-elements-7598e0f3335b398d3a642b83711a75af\"><span class=\"jinr-d--font-size d--fontsize-36px\"><strong><strong>N\u00edvel intermedi\u00e1rio<\/strong><\/strong><\/span><\/p>\n<\/div><\/section><\/section>\n\n<h2 class=\"wp-block-heading jinr-heading d--bold\"><strong>Vis\u00e3o geral do curr\u00edculo do n\u00edvel intermedi\u00e1rio<\/strong><\/h2>\n\n<section class=\"wp-block-jinr-blocks-simplebox b--jinr-block-container\"><div class=\"b--jinr-block b--jinr-box d--simple-box10  \"><div class=\"c--simple-box-inner\">\n<p class=\"has-text-align-center\"><strong><span class=\"jinr-d--font-size d--fontsize-18px\"><strong>Nome do programa: <span class=\"jinr-d--text-color d--user-color1 d--bold\">Programa de Ingl\u00eas para Comunica\u00e7\u00e3o<\/span><\/strong><\/span><\/strong><\/p>\n<\/div><\/div><\/section>\n\n<p><span class=\"jinr-d--text-color d--user-color2 d--bold\"><strong>Objetivo do curr\u00edculo:<\/strong> <\/span>O curr\u00edculo do N\u00edvel Intermedi\u00e1rio tem como objetivo permitir uma comunica\u00e7\u00e3o flex\u00edvel em ingl\u00eas em v\u00e1rias situa\u00e7\u00f5es cotidianas. O foco dos alunos deste curso \u00e9 desenvolver a confian\u00e7a na comunica\u00e7\u00e3o em v\u00e1rios cen\u00e1rios da vida e do local de trabalho.<\/p>\n\n<p>Especificamente, o programa aprimora a compreens\u00e3o de express\u00f5es idiom\u00e1ticas e termos necess\u00e1rios para a conversa\u00e7\u00e3o real em ingl\u00eas, ensinando como utiliz\u00e1-los na vida cotidiana e no local de trabalho. O objetivo \u00e9 que os alunos sejam capazes de usar adequadamente express\u00f5es pr\u00e1ticas em ambientes pr\u00e1ticos.<\/p>\n\n<p><span class=\"jinr-d--text-color d--user-color2 d--bold\"><strong>Metas p\u00f3s-conclus\u00e3o:<\/strong> <\/span>Ao concluir este curso, espera-se que os alunos se comuniquem com confian\u00e7a em v\u00e1rias situa\u00e7\u00f5es, inclusive em conversas cotidianas, no local de trabalho e em intera\u00e7\u00f5es sociais.<\/p>\n\n<h2 class=\"wp-block-heading jinr-heading d--bold\"><strong>Cursos obrigat\u00f3rios e eletivos no n\u00edvel intermedi\u00e1rio<\/strong><\/h2>\n\n<p><strong><span class=\"jinr-d--text-color d--user-color2 d--bold\">Cursos obrigat\u00f3rios:<\/span><\/strong><\/p>\n\n<ul class=\"jinr-list wp-block-list\">\n<li>Gram\u00e1tica intermedi\u00e1ria I, II, III<\/li>\n\n\n\n<li>Conversa\u00e7\u00e3o intermedi\u00e1ria I, II, III<\/li>\n<\/ul>\n\n<p><strong>\n  <span class=\"jinr-d--text-color d--user-color2 d--bold\">Cursos eletivos:<\/span>\n<\/strong>Os cursos eletivos no n\u00edvel intermedi\u00e1rio podem ser escolhidos entre as seguintes mat\u00e9rias:<\/p>\n\n<ul class=\"jinr-list wp-block-list\">\n<li>Pron\u00fancia<\/li>\n\n\n\n<li>Vocabul\u00e1rio<\/li>\n\n\n\n<li>Leitura\/escrita<\/li>\n\n\n\n<li>Ouvir\/falar<\/li>\n<\/ul>\n\n<p>H\u00e1 tamb\u00e9m muitos outros cursos eletivos dispon\u00edveis a cada semestre.<\/p>\n<section class=\"b--jinr-block b--jinr-blogcard d--blogcard-hover-up d--blogcard-style1 d--blogcard-mysite t--round \"><div class=\"a--blogcard-label ef\">Related Page<\/div><a class=\"o--blogcard-link t--round\" href=\"https:\/\/www.academiaschool.edu\/programs\/intermediate\/intermediate-level-conversation\/\"><div class=\"c--blogcard-image\"><img loading=\"lazy\" decoding=\"async\" class=\"a--blogcard-img-src\" width=\"128\" height=\"72\" src=\"https:\/\/www.academiaschool.edu\/wp-content\/uploads\/2025\/02\/\u540d\u79f0\u672a\u8a2d\u5b9a\u306e\u30c7\u30b6\u30a4\u30f3-7.png\" alt=\"Details and Learning Outcomes of Intermediate Conversation Levels I, II, &amp; III\" \/><\/div><div class=\"a--blogcard-title d--bold\">Details and Learning Outcomes of Intermediate Conversation Levels I, II, &amp; III<\/div><\/a><\/section><section class=\"b--jinr-block b--jinr-blogcard d--blogcard-hover-up d--blogcard-style1 d--blogcard-mysite t--round \"><div class=\"a--blogcard-label ef\">Related Page<\/div><a class=\"o--blogcard-link t--round\" href=\"https:\/\/www.academiaschool.edu\/programs\/intermediate\/intermediate-level-grammar\/\"><div class=\"c--blogcard-image\"><img loading=\"lazy\" decoding=\"async\" class=\"a--blogcard-img-src\" width=\"128\" height=\"72\" src=\"https:\/\/www.academiaschool.edu\/wp-content\/uploads\/2025\/02\/\u540d\u79f0\u672a\u8a2d\u5b9a\u306e\u30c7\u30b6\u30a4\u30f3-7.png\" alt=\"Details and Learning Outcomes for Intermediate Grammar Levels I, II, &amp; III\" \/><\/div><div class=\"a--blogcard-title d--bold\">Details and Learning Outcomes for Intermediate Grammar Levels I, II, &amp; III<\/div><\/a><\/section>\n<h2 class=\"wp-block-heading jinr-heading d--bold\"><strong>Considera\u00e7\u00f5es sobre os cursos de n\u00edvel intermedi\u00e1rio<\/strong><\/h2>\n\n<p>Os alunos que concluem os cursos de Gram\u00e1tica Intermedi\u00e1ria e Conversa\u00e7\u00e3o alcan\u00e7aram o N\u00edvel 2 do ILR (Profici\u00eancia de Trabalho Limitada).  <\/p>\n\n<p><span class=\"jinr-d--text-color d--user-color2 d--bold\">As caracter\u00edsticas dos alunos do N\u00edvel 2 do ILR incluem:<\/span><\/p>\n\n<ul class=\"jinr-list wp-block-list\">\n<li>Capaz de atender \u00e0s exig\u00eancias das intera\u00e7\u00f5es sociais cotidianas<\/li>\n\n\n\n<li>Consegue lidar com a maioria das situa\u00e7\u00f5es sociais com confian\u00e7a, mas n\u00e3o com facilidade, incluindo conversas casuais sobre apresenta\u00e7\u00f5es, eventos atuais, trabalho, fam\u00edlia e informa\u00e7\u00f5es autobiogr\u00e1ficas<\/li>\n\n\n\n<li>Capaz de lidar com requisitos de trabalho limitados, embora possa precisar de assist\u00eancia ao lidar com complexidade ou dificuldade, e pode entender os pontos principais da maioria das conversas sobre t\u00f3picos n\u00e3o t\u00e9cnicos (ou seja, t\u00f3picos que n\u00e3o exigem conhecimento especializado), embora \u00e0s vezes use express\u00f5es um tanto circunlocut\u00f3rias<\/li>\n\n\n\n<li>Muitas vezes, voc\u00ea tem um sotaque reconhec\u00edvel, mas significativamente impreciso<\/li>\n\n\n\n<li>Geralmente \u00e9 capaz de lidar com estruturas b\u00e1sicas com bastante precis\u00e3o, embora n\u00e3o tenha um controle completo ou seguro da gram\u00e1tica<\/li>\n<\/ul>\n<section class=\"b--jinr-block b--jinr-blogcard d--blogcard-hover-up d--blogcard-style1 d--blogcard-mysite t--round \"><div class=\"a--blogcard-label ef\">Related Page<\/div><a class=\"o--blogcard-link t--round\" href=\"https:\/\/www.academiaschool.edu\/programs\/\"><div class=\"c--blogcard-image\"><img loading=\"lazy\" decoding=\"async\" class=\"a--blogcard-img-src\" width=\"128\" height=\"72\" src=\"https:\/\/www.academiaschool.edu\/wp-content\/uploads\/2025\/02\/\u540d\u79f0\u672a\u8a2d\u5b9a\u306e\u30c7\u30b6\u30a4\u30f3-7.png\" alt=\"Overview of the Program\" \/><\/div><div class=\"a--blogcard-title d--bold\">Overview of the Program<\/div><\/a><\/section>","protected":false},"excerpt":{"rendered":"<p>Vis\u00e3o geral do curr\u00edculo do n\u00edvel intermedi\u00e1rio Objetivo do curr\u00edculo: O curr\u00edculo do N\u00edvel Intermedi\u00e1rio tem como objetivo permitir uma comunica\u00e7\u00e3o flex\u00edvel em ingl\u00eas em v\u00e1rias situa\u00e7\u00f5es cotidianas. O foco dos alunos deste curso \u00e9 desenvolver a confian\u00e7a na comunica\u00e7\u00e3o em v\u00e1rios cen\u00e1rios da vida e do local de trabalho. Especificamente, o programa aprimora a [&hellip;]<\/p>\n","protected":false},"author":1,"featured_media":0,"parent":5366,"menu_order":0,"comment_status":"closed","ping_status":"closed","template":"","meta":{"_jinr_url_youtube":"","_jinr_pip_youtube":false,"_jinr_time_youtube":"","_jinr_thumb_youtube":"","_jinr_media_youtube":"","_jinr_category_edit":false,"_jinr_category":"","_jinr_title_display":false,"_jinr_snsbutton_display":false,"_jinr_ads_display":false,"_jinr_thumbnail_display":false,"_jinr_profile_display":false,"_jinr_representations_display":false,"_jinr_relatedpost_display":false,"_jinr_sidebar1col_display":false,"_jinr_sidebar2col_display":false,"_jinr_seotitle_display":"","_jinr_description_display":"","_jinr_keyword_display":"","_jinr_hastag_display":"","_jinr_canonical_display":"","_jinr_noindex_display":false,"_jinr_paidpost":false,"_jinr_paidpost_product_id":"","_jinr_headtag_article":"","footnotes":""},"class_list":["post-5398","page","type-page","status-publish","hentry"],"_links":{"self":[{"href":"https:\/\/www.academiaschool.edu\/pt-br\/wp-json\/wp\/v2\/pages\/5398","targetHints":{"allow":["GET"]}}],"collection":[{"href":"https:\/\/www.academiaschool.edu\/pt-br\/wp-json\/wp\/v2\/pages"}],"about":[{"href":"https:\/\/www.academiaschool.edu\/pt-br\/wp-json\/wp\/v2\/types\/page"}],"author":[{"embeddable":true,"href":"https:\/\/www.academiaschool.edu\/pt-br\/wp-json\/wp\/v2\/users\/1"}],"replies":[{"embeddable":true,"href":"https:\/\/www.academiaschool.edu\/pt-br\/wp-json\/wp\/v2\/comments?post=5398"}],"version-history":[{"count":3,"href":"https:\/\/www.academiaschool.edu\/pt-br\/wp-json\/wp\/v2\/pages\/5398\/revisions"}],"predecessor-version":[{"id":5401,"href":"https:\/\/www.academiaschool.edu\/pt-br\/wp-json\/wp\/v2\/pages\/5398\/revisions\/5401"}],"up":[{"embeddable":true,"href":"https:\/\/www.academiaschool.edu\/pt-br\/wp-json\/wp\/v2\/pages\/5366"}],"wp:attachment":[{"href":"https:\/\/www.academiaschool.edu\/pt-br\/wp-json\/wp\/v2\/media?parent=5398"}],"curies":[{"name":"wp","href":"https:\/\/api.w.org\/{rel}","templated":true}]}}