{"id":5394,"date":"2024-03-21T12:20:47","date_gmt":"2024-03-21T22:20:47","guid":{"rendered":"https:\/\/academia-school.net\/visao-geral-do-programa\/ingles-para-negocios\/"},"modified":"2024-04-24T11:03:51","modified_gmt":"2024-04-24T21:03:51","slug":"ingles-para-negocios","status":"publish","type":"page","link":"https:\/\/www.academiaschool.edu\/pt-br\/visao-geral-do-programa\/ingles-para-negocios\/","title":{"rendered":"Ingl\u00eas para neg\u00f3cios"},"content":{"rendered":"\n<section class=\"wp-block-jinr-blocks-fullwidth b--jinr-block b--jinr-fullwidth-container d--top-margin-xs-pc d--bottom-margin-xs-pc d--top-margin-xs-sp d--bottom-margin-xs-sp \"><section class=\"b--jinr-fullwidth d--fullwidth-parallax-off d--fullwidth-deco-bgimage\"><div class=\"a--jinr-fullwidth-image\"><div class=\"a--jinr-fullwidth-image-clip\"><img decoding=\"async\" src=\"https:\/\/www.academiaschool.edu\/wp-content\/uploads\/2024\/03\/leo_visions-fMyaQWQrwwU-unsplash.webp\"\/><\/div><\/div><div class=\"a--jinr-fullwidth-overlay\" style=\"background-color:#f5f5f5;opacity:0\"><\/div><div class=\"d--fullwidth-100 d--fullwidth-pad40 d--fullwidth-pad0-sp t--main-width\" style=\"color:false\">\n<p class=\"has-text-align-center has-white-color has-text-color has-link-color wp-elements-a95948039e098b9ca795c9094313ddcc\"><span class=\"jinr-d--font-size d--fontsize-36px\"><strong><strong>Ingl\u00eas para neg\u00f3cios<\/strong><\/strong><\/span><\/p>\n<\/div><\/section><\/section>\n\n<h2 class=\"wp-block-heading jinr-heading d--bold\"><strong>Vis\u00e3o geral do ingl\u00eas para neg\u00f3cios<\/strong><\/h2>\n\n<p>Em nossa escola, oferecemos as seguintes aulas como cursos eletivos em todos os n\u00edveis (iniciante, intermedi\u00e1rio, avan\u00e7ado) para alunos que est\u00e3o concentrados em desenvolver habilidades lingu\u00edsticas \u00fateis em ambientes de trabalho em l\u00edngua inglesa.<\/p>\n\n<p>Observe que as disciplinas eletivas oferecidas variam a cada semestre, portanto, entre em contato conosco para obter mais detalhes.<\/p>\n\n<h3 class=\"wp-block-heading jinr-heading d--bold\"><strong>Ingl\u00eas para neg\u00f3cios (Comprehensive English)<\/strong><\/h3>\n\n<p>Esta aula tem como objetivo aprimorar as habilidades de leitura, escrita, audi\u00e7\u00e3o e fala no mundo dos neg\u00f3cios. Os alunos aprimoram sua capacidade de se comunicar com efici\u00eancia em ingl\u00eas em v\u00e1rios ambientes comerciais e desenvolvem as habilidades de comunica\u00e7\u00e3o necess\u00e1rias para o sucesso nos neg\u00f3cios.<\/p>\n\n<p>Especificamente, os alunos aprender\u00e3o o vocabul\u00e1rio e as express\u00f5es necess\u00e1rias para a comunica\u00e7\u00e3o em v\u00e1rias situa\u00e7\u00f5es de neg\u00f3cios. O aprendizado ocorre por meio da an\u00e1lise de estudos de caso, da realiza\u00e7\u00e3o de apresenta\u00e7\u00f5es, de negocia\u00e7\u00f5es e de conversas remotas com outras pessoas por telefone, chats de v\u00eddeo e chamadas em confer\u00eancia.<\/p>\n\n<p>Ap\u00f3s a conclus\u00e3o bem-sucedida deste curso, os alunos ser\u00e3o capazes de se comunicar com mais flu\u00eancia e confian\u00e7a sobre t\u00f3picos comumente discutidos em neg\u00f3cios e interagir de forma eficaz em muitas situa\u00e7\u00f5es sociais.<\/p>\n\n<h3 class=\"wp-block-heading jinr-heading d--bold\"><strong>G\u00edrias de neg\u00f3cios (ingl\u00eas abrangente)<\/strong><\/h3>\n\n<p>Semelhante \u00e0 aula de ingl\u00eas para neg\u00f3cios, essa aula se concentra no desenvolvimento de habilidades de leitura, escrita, audi\u00e7\u00e3o e fala aplic\u00e1veis ao mundo dos neg\u00f3cios, mas, enquanto a aula de ingl\u00eas para neg\u00f3cios se concentra no ingl\u00eas formal, a aula de g\u00edrias para neg\u00f3cios aprimora a capacidade de comunica\u00e7\u00e3o em linguagem comercial informal, comumente usada em ambientes de trabalho di\u00e1rios.<\/p>\n\n<p>Na aula de G\u00edrias de Neg\u00f3cios, os alunos aprendem o vocabul\u00e1rio e as express\u00f5es necess\u00e1rias para se comunicar com colegas de trabalho e outros colegas. Ap\u00f3s concluir este curso, os alunos ser\u00e3o capazes de se comunicar de maneira informal, refletindo pensamentos e ideias diretos e fundamentados, comumente expressos entre colegas e pessoas pr\u00f3ximas.<\/p>\n\n<h3 class=\"wp-block-heading jinr-heading d--bold\"><strong>Curso de prepara\u00e7\u00e3o para o teste TOEIC<\/strong><\/h3>\n\n<p>O TOEIC (Test of English for International Communication) \u00e9 um teste especialmente desenvolvido para medir as habilidades cotidianas de ingl\u00eas de pessoas que trabalham em ambientes internacionais. Esse teste \u00e9 frequentemente exigido por empresas que precisam se comunicar com falantes de ingl\u00eas e, \u00e0s vezes, \u00e9 usado como qualifica\u00e7\u00e3o para admiss\u00e3o em universidades e escolas profissionais, em vez de uma pontua\u00e7\u00e3o no TOEFL.<\/p>\n\n<p>Os alunos da aula de prepara\u00e7\u00e3o para o TOEIC aprendem estrat\u00e9gias para obter as melhores pontua\u00e7\u00f5es poss\u00edveis nas se\u00e7\u00f5es de leitura e audi\u00e7\u00e3o do teste TOEIC.<\/p>\n\n<p>Especificamente, os alunos adquirir\u00e3o habilidades para:<\/p>\n\n<ul class=\"jinr-list wp-block-list\">\n<li>Ler textos com rapidez e precis\u00e3o e identificar os principais fatos e informa\u00e7\u00f5es importantes.<\/li>\n\n\n\n<li>Distinguir entre ideias principais e outros fatos e detalhes significativos.<\/li>\n\n\n\n<li>Compreender o vocabul\u00e1rio no contexto e determinar refer\u00eancias de pronomes.<\/li>\n\n\n\n<li>Identificar v\u00e1rias rela\u00e7\u00f5es entre ideias (por exemplo, contraste, causa e efeito, concord\u00e2ncia e discord\u00e2ncia, etapas de um processo).<\/li>\n\n\n\n<li>Acompanhar o desenvolvimento de ideias em um texto.<\/li>\n<\/ul>\n\n<p>Como nossa escola \u00e9 o \u00fanico centro oficial do teste TOEIC no Hava\u00ed, os alunos podem se preparar e fazer o teste em um ambiente familiar.<\/p>\n\n<h3 class=\"wp-block-heading jinr-heading d--bold\"><strong>Programa de experi\u00eancia pr\u00e1tica<\/strong><\/h3>\n\n<p>Os alunos do Programa de Experi\u00eancia Pr\u00e1tica desenvolvem habilidades de leitura, escrita, compreens\u00e3o auditiva e fala enquanto estagiam em um local de trabalho de l\u00edngua inglesa. Os alunos trabalham 10 horas por semana no local de trabalho e se re\u00fanem uma vez por semana na sala de aula com colegas e instrutores para compartilhar ativamente suas experi\u00eancias de trabalho nos locais de trabalho americanos.<\/p>\n\n<p>Especificamente, os alunos aprender\u00e3o:<\/p>\n\n<ol class=\"jinr-list wp-block-list\">\n<li>Como escrever um curr\u00edculo.<\/li>\n\n\n\n<li>Comportamento adequado durante as entrevistas.<\/li>\n\n\n\n<li>Como aplicar esse conhecimento para conseguir um emprego.<\/li>\n\n\n\n<li>Como usar e desenvolver ainda mais as habilidades de leitura, reda\u00e7\u00e3o, audi\u00e7\u00e3o e fala por meio de experi\u00eancias reais no local de trabalho.<\/li>\n<\/ol>\n\n<p>Normalmente, os alunos encontram cargos n\u00e3o remunerados em \u00e1reas de seu interesse. No passado, os est\u00e1gios foram garantidos em diversas especialidades, incluindo sa\u00fade, cuidados com idosos e bem-estar animal.<\/p>\n<section class=\"b--jinr-block b--jinr-blogcard d--blogcard-hover-up d--blogcard-style1 d--blogcard-mysite t--round \"><div class=\"a--blogcard-label ef\">Related Page<\/div><a class=\"o--blogcard-link t--round\" href=\"https:\/\/www.academiaschool.edu\/programs\/\"><div class=\"c--blogcard-image\"><img loading=\"lazy\" decoding=\"async\" class=\"a--blogcard-img-src\" width=\"128\" height=\"72\" src=\"https:\/\/www.academiaschool.edu\/wp-content\/uploads\/2025\/02\/\u540d\u79f0\u672a\u8a2d\u5b9a\u306e\u30c7\u30b6\u30a4\u30f3-7.png\" alt=\"Overview of the Program\" \/><\/div><div class=\"a--blogcard-title d--bold\">Overview of the Program<\/div><\/a><\/section>","protected":false},"excerpt":{"rendered":"<p>Vis\u00e3o geral do ingl\u00eas para neg\u00f3cios Em nossa escola, oferecemos as seguintes aulas como cursos eletivos em todos os n\u00edveis (iniciante, intermedi\u00e1rio, avan\u00e7ado) para alunos que est\u00e3o concentrados em desenvolver habilidades lingu\u00edsticas \u00fateis em ambientes de trabalho em l\u00edngua inglesa. Observe que as disciplinas eletivas oferecidas variam a cada semestre, portanto, entre em contato conosco [&hellip;]<\/p>\n","protected":false},"author":1,"featured_media":0,"parent":5366,"menu_order":0,"comment_status":"closed","ping_status":"closed","template":"","meta":{"_jinr_url_youtube":"","_jinr_pip_youtube":false,"_jinr_time_youtube":"","_jinr_thumb_youtube":"","_jinr_media_youtube":"","_jinr_category_edit":false,"_jinr_category":"","_jinr_title_display":false,"_jinr_snsbutton_display":false,"_jinr_ads_display":false,"_jinr_thumbnail_display":false,"_jinr_profile_display":false,"_jinr_representations_display":false,"_jinr_relatedpost_display":false,"_jinr_sidebar1col_display":false,"_jinr_sidebar2col_display":false,"_jinr_seotitle_display":"","_jinr_description_display":"","_jinr_keyword_display":"","_jinr_hastag_display":"","_jinr_canonical_display":"","_jinr_noindex_display":false,"_jinr_paidpost":false,"_jinr_paidpost_product_id":"","_jinr_headtag_article":"","footnotes":""},"class_list":["post-5394","page","type-page","status-publish","hentry"],"_links":{"self":[{"href":"https:\/\/www.academiaschool.edu\/pt-br\/wp-json\/wp\/v2\/pages\/5394","targetHints":{"allow":["GET"]}}],"collection":[{"href":"https:\/\/www.academiaschool.edu\/pt-br\/wp-json\/wp\/v2\/pages"}],"about":[{"href":"https:\/\/www.academiaschool.edu\/pt-br\/wp-json\/wp\/v2\/types\/page"}],"author":[{"embeddable":true,"href":"https:\/\/www.academiaschool.edu\/pt-br\/wp-json\/wp\/v2\/users\/1"}],"replies":[{"embeddable":true,"href":"https:\/\/www.academiaschool.edu\/pt-br\/wp-json\/wp\/v2\/comments?post=5394"}],"version-history":[{"count":3,"href":"https:\/\/www.academiaschool.edu\/pt-br\/wp-json\/wp\/v2\/pages\/5394\/revisions"}],"predecessor-version":[{"id":5397,"href":"https:\/\/www.academiaschool.edu\/pt-br\/wp-json\/wp\/v2\/pages\/5394\/revisions\/5397"}],"up":[{"embeddable":true,"href":"https:\/\/www.academiaschool.edu\/pt-br\/wp-json\/wp\/v2\/pages\/5366"}],"wp:attachment":[{"href":"https:\/\/www.academiaschool.edu\/pt-br\/wp-json\/wp\/v2\/media?parent=5394"}],"curies":[{"name":"wp","href":"https:\/\/api.w.org\/{rel}","templated":true}]}}