{"id":5386,"date":"2024-03-25T10:41:40","date_gmt":"2024-03-25T20:41:40","guid":{"rendered":"https:\/\/academia-school.net\/visao-geral-do-programa\/nivel-iniciante\/visao-geral-detalhada-e-metas-de-desempenho-para-o-nivel-iniciante-de-gramatica-i-ii-e-iii\/"},"modified":"2024-04-24T11:03:01","modified_gmt":"2024-04-24T21:03:01","slug":"visao-geral-detalhada-e-metas-de-desempenho-para-o-nivel-iniciante-de-gramatica-i-ii-e-iii","status":"publish","type":"page","link":"https:\/\/www.academiaschool.edu\/pt-br\/visao-geral-do-programa\/nivel-iniciante\/visao-geral-detalhada-e-metas-de-desempenho-para-o-nivel-iniciante-de-gramatica-i-ii-e-iii\/","title":{"rendered":"Vis\u00e3o geral detalhada e metas de desempenho para o n\u00edvel iniciante de gram\u00e1tica I, II e III"},"content":{"rendered":"\n<p>Aqui voc\u00ea encontrar\u00e1 uma explica\u00e7\u00e3o detalhada da gram\u00e1tica para iniciantes do ILR N\u00edvel 1 (Profici\u00eancia Elementar).<\/p>\n\n<h2 class=\"wp-block-heading jinr-heading d--bold\"><strong>Gram\u00e1tica para iniciantes I<\/strong><\/h2>\n\n<p>Ap\u00f3s a conclus\u00e3o, os alunos desta classe ser\u00e3o capazes de fazer e responder perguntas simples no tempo presente usando frases compostas de uma \u00fanica ora\u00e7\u00e3o. Eles demonstrar\u00e3o uma compreens\u00e3o precisa do uso adequado dos tempos verbais presente simples e presente cont\u00ednuo. Al\u00e9m disso, os alunos ser\u00e3o capazes de escrever corretamente os substantivos comumente usados em suas formas plurais.<\/p>\n\n<p><strong>Metas de desempenho para a gram\u00e1tica para iniciantes I:<\/strong><\/p>\n\n<ul class=\"jinr-list wp-block-list\">\n<li>Formular e responder a perguntas simples no tempo presente.<\/li>\n\n\n\n<li>Compreender e aplicar as regras do tempo verbal presente cont\u00ednuo.<\/li>\n\n\n\n<li>Usar e soletrar corretamente as formas singular e plural de substantivos comuns.<\/li>\n<\/ul>\n\n<h2 class=\"wp-block-heading jinr-heading d--bold\"><strong>Gram\u00e1tica para iniciantes II<\/strong><\/h2>\n\n<p>Os alunos que conclu\u00edrem esta aula poder\u00e3o usar substantivos e pronomes regulares e irregulares no singular e no plural nos casos nominativo e objetivo, combinados com adjetivos. Eles distinguir\u00e3o entre substantivos cont\u00e1veis e incont\u00e1veis e usar\u00e3o artigos e partic\u00edpios adequadamente. Eles podem expressar eventos passados usando os adv\u00e9rbios e tempos verbais corretos para verbos regulares e irregulares. Por fim, os alunos poder\u00e3o usar &#8220;will&#8221; para discutir eventos futuros.<\/p>\n\n<p><strong>Metas de desempenho para a gram\u00e1tica para iniciantes II:<\/strong><\/p>\n\n<ul class=\"jinr-list wp-block-list\">\n<li>Use substantivos e pronomes nos casos gramaticais corretos.<\/li>\n\n\n\n<li>Diferenciar e usar substantivos cont\u00e1veis e incont\u00e1veis com artigos apropriados.<\/li>\n\n\n\n<li>Expresse atividades passadas usando os tempos verbais corretos.<\/li>\n\n\n\n<li>Discuta as inten\u00e7\u00f5es futuras usando &#8220;will&#8221;.<\/li>\n<\/ul>\n\n<h2 class=\"wp-block-heading jinr-heading d--bold\"><strong>Gram\u00e1tica para iniciantes III<\/strong><\/h2>\n\n<p>Os alunos que conclu\u00edrem esta aula poder\u00e3o usar os verbos modais adequadamente, incluindo &#8220;may&#8221;, &#8220;might&#8221;, &#8220;can&#8221;, &#8220;know how to&#8221;, &#8220;could&#8221;, &#8220;be able to&#8221;, &#8220;should&#8221;, &#8220;have to&#8221; e &#8220;must&#8221;. Eles podem fazer perguntas educadas usando &#8220;may I&#8221;, &#8220;could I&#8221;, &#8220;can I&#8221; e fazer sugest\u00f5es usando &#8220;let&#8217;s&#8221;. Eles s\u00e3o capazes de usar express\u00f5es comuns de quantidade e podem fazer compara\u00e7\u00f5es usando &#8220;o mesmo que&#8221;, &#8220;semelhante a&#8221;, &#8220;diferente de&#8221;, &#8220;como&#8221;, &#8220;semelhante&#8221;, bem como formas comparativas e superlativas de adjetivos e adv\u00e9rbios.<\/p>\n\n<p><strong>Metas de desempenho para a gram\u00e1tica para iniciantes III:<\/strong><\/p>\n\n<ul class=\"jinr-list wp-block-list\">\n<li>Usar adequadamente os verbos modais para expressar capacidade, permiss\u00e3o, obriga\u00e7\u00e3o e conselho.<\/li>\n\n\n\n<li>Fa\u00e7a solicita\u00e7\u00f5es e sugest\u00f5es educadas.<\/li>\n\n\n\n<li>Usar express\u00f5es quantitativas e fazer compara\u00e7\u00f5es usando estruturas gramaticais adequadas.<\/li>\n<\/ul>\n\n<h2 class=\"wp-block-heading jinr-heading d--bold\"><strong>Obten\u00e7\u00e3o do n\u00edvel 1 do ILR em gram\u00e1tica:<\/strong><\/h2>\n\n<p>Considera-se que os alunos que alcan\u00e7am com sucesso os resultados de aprendizagem em cada n\u00edvel adquiriram o N\u00edvel 1 do ILR (Profici\u00eancia Elementar) em gram\u00e1tica, demonstrado principalmente em habilidades de leitura e escrita e, at\u00e9 certo ponto, em audi\u00e7\u00e3o e fala. O curr\u00edculo utiliza materiais de aprendizado de idiomas com habilidades integradas.<\/p>\n\n<p>Espera-se que os alunos deste n\u00edvel respondam \u00e0s perguntas do teste relacionadas ao conhecimento e \u00e0s habilidades descritas em cada aula com alta precis\u00e3o (pelo menos 75% de respostas corretas).<\/p>\n<section class=\"b--jinr-block b--jinr-blogcard d--blogcard-hover-up d--blogcard-style1 d--blogcard-mysite t--round \"><div class=\"a--blogcard-label ef\">Related Page<\/div><a class=\"o--blogcard-link t--round\" href=\"https:\/\/www.academiaschool.edu\/programs\/beginner\/\"><div class=\"c--blogcard-image\"><img loading=\"lazy\" decoding=\"async\" class=\"a--blogcard-img-src\" width=\"128\" height=\"72\" src=\"https:\/\/www.academiaschool.edu\/wp-content\/uploads\/2025\/02\/\u540d\u79f0\u672a\u8a2d\u5b9a\u306e\u30c7\u30b6\u30a4\u30f3-7.png\" alt=\"Beginner Level\" \/><\/div><div class=\"a--blogcard-title d--bold\">Beginner Level<\/div><\/a><\/section>","protected":false},"excerpt":{"rendered":"<p>Aqui voc\u00ea encontrar\u00e1 uma explica\u00e7\u00e3o detalhada da gram\u00e1tica para iniciantes do ILR N\u00edvel 1 (Profici\u00eancia Elementar). Gram\u00e1tica para iniciantes I Ap\u00f3s a conclus\u00e3o, os alunos desta classe ser\u00e3o capazes de fazer e responder perguntas simples no tempo presente usando frases compostas de uma \u00fanica ora\u00e7\u00e3o. Eles demonstrar\u00e3o uma compreens\u00e3o precisa do uso adequado dos tempos [&hellip;]<\/p>\n","protected":false},"author":1,"featured_media":0,"parent":5382,"menu_order":0,"comment_status":"closed","ping_status":"closed","template":"","meta":{"_jinr_url_youtube":"","_jinr_pip_youtube":false,"_jinr_time_youtube":"","_jinr_thumb_youtube":"","_jinr_media_youtube":"","_jinr_category_edit":false,"_jinr_category":"","_jinr_title_display":false,"_jinr_snsbutton_display":false,"_jinr_ads_display":false,"_jinr_thumbnail_display":false,"_jinr_profile_display":false,"_jinr_representations_display":false,"_jinr_relatedpost_display":false,"_jinr_sidebar1col_display":false,"_jinr_sidebar2col_display":false,"_jinr_seotitle_display":"","_jinr_description_display":"","_jinr_keyword_display":"","_jinr_hastag_display":"","_jinr_canonical_display":"","_jinr_noindex_display":false,"_jinr_paidpost":false,"_jinr_paidpost_product_id":"","_jinr_headtag_article":"","footnotes":""},"class_list":["post-5386","page","type-page","status-publish","hentry"],"_links":{"self":[{"href":"https:\/\/www.academiaschool.edu\/pt-br\/wp-json\/wp\/v2\/pages\/5386","targetHints":{"allow":["GET"]}}],"collection":[{"href":"https:\/\/www.academiaschool.edu\/pt-br\/wp-json\/wp\/v2\/pages"}],"about":[{"href":"https:\/\/www.academiaschool.edu\/pt-br\/wp-json\/wp\/v2\/types\/page"}],"author":[{"embeddable":true,"href":"https:\/\/www.academiaschool.edu\/pt-br\/wp-json\/wp\/v2\/users\/1"}],"replies":[{"embeddable":true,"href":"https:\/\/www.academiaschool.edu\/pt-br\/wp-json\/wp\/v2\/comments?post=5386"}],"version-history":[{"count":3,"href":"https:\/\/www.academiaschool.edu\/pt-br\/wp-json\/wp\/v2\/pages\/5386\/revisions"}],"predecessor-version":[{"id":5389,"href":"https:\/\/www.academiaschool.edu\/pt-br\/wp-json\/wp\/v2\/pages\/5386\/revisions\/5389"}],"up":[{"embeddable":true,"href":"https:\/\/www.academiaschool.edu\/pt-br\/wp-json\/wp\/v2\/pages\/5382"}],"wp:attachment":[{"href":"https:\/\/www.academiaschool.edu\/pt-br\/wp-json\/wp\/v2\/media?parent=5386"}],"curies":[{"name":"wp","href":"https:\/\/api.w.org\/{rel}","templated":true}]}}