{"id":5382,"date":"2024-03-20T18:09:59","date_gmt":"2024-03-21T04:09:59","guid":{"rendered":"https:\/\/academia-school.net\/visao-geral-do-programa\/nivel-iniciante\/"},"modified":"2024-04-24T11:02:31","modified_gmt":"2024-04-24T21:02:31","slug":"nivel-iniciante","status":"publish","type":"page","link":"https:\/\/www.academiaschool.edu\/pt-br\/visao-geral-do-programa\/nivel-iniciante\/","title":{"rendered":"N\u00edvel iniciante"},"content":{"rendered":"\n<section class=\"wp-block-jinr-blocks-fullwidth b--jinr-block b--jinr-fullwidth-container d--top-margin-xs-pc d--bottom-margin-xs-pc d--top-margin-xs-sp d--bottom-margin-xs-sp \"><section class=\"b--jinr-fullwidth d--fullwidth-parallax-off d--fullwidth-deco-bgimage\"><div class=\"a--jinr-fullwidth-image\"><div class=\"a--jinr-fullwidth-image-clip\"><img decoding=\"async\" src=\"https:\/\/www.academiaschool.edu\/wp-content\/uploads\/2024\/03\/leo_visions-fMyaQWQrwwU-unsplash.webp\"\/><\/div><\/div><div class=\"a--jinr-fullwidth-overlay\" style=\"background-color:#f5f5f5;opacity:0\"><\/div><div class=\"d--fullwidth-100 d--fullwidth-pad40 d--fullwidth-pad0-sp t--main-width\" style=\"color:false\">\n<p class=\"has-text-align-center has-white-color has-text-color has-link-color wp-elements-4a9c24f43bb789dcf7d5a21998d13720\"><span class=\"jinr-d--font-size d--fontsize-36px\"><strong><strong>N\u00edvel iniciante<\/strong><\/strong><\/span><\/p>\n<\/div><\/section><\/section>\n\n<h2 class=\"wp-block-heading jinr-heading d--bold\"><strong>Vis\u00e3o geral do curr\u00edculo do n\u00edvel iniciante<\/strong><\/h2>\n\n<section class=\"wp-block-jinr-blocks-simplebox b--jinr-block-container\"><div class=\"b--jinr-block b--jinr-box d--simple-box10  \"><div class=\"c--simple-box-inner\">\n<p class=\"has-text-align-center\"><strong><span class=\"jinr-d--font-size d--fontsize-18px\"><strong>Nome do programa:<\/strong> <span class=\"jinr-d--text-color d--user-color1 d--bold\">Programa de Ingl\u00eas B\u00e1sico<\/span><\/span><\/strong><\/p>\n<\/div><\/div><\/section>\n\n<p><strong>\n  <span class=\"jinr-d--text-color d--user-color2 d--bold\">Objetivo do curr\u00edculo:<\/span>\n<\/strong> O curr\u00edculo do N\u00edvel Iniciante \u00e9 projetado para desenvolver as habilidades de comunica\u00e7\u00e3o necess\u00e1rias para a vida cotidiana em ingl\u00eas. O programa se concentra em ajudar os alunos a desenvolver habilidades de conversa\u00e7\u00e3o sobre t\u00f3picos cotidianos. Isso inclui aulas especializadas com foco na pron\u00fancia do ingl\u00eas, que muitos alunos consideram desafiadora, oferecendo assim oportunidades para abordar aspectos fundamentais.<\/p>\n\n<p><strong>\n  <span class=\"jinr-d--text-color d--user-color2 d--bold\">Metas p\u00f3s-conclus\u00e3o:<\/span>\n<\/strong> Ao concluir o programa, os alunos pretendem participar de conversas informais sobre a vida cotidiana, o trabalho, a fam\u00edlia e as tarefas di\u00e1rias em geral.<\/p>\n\n<h2 class=\"wp-block-heading jinr-heading d--bold\"><strong>Cursos obrigat\u00f3rios e eletivos no n\u00edvel iniciante<\/strong><\/h2>\n\n<p><strong><span class=\"jinr-d--text-color d--user-color2 d--bold\">Cursos obrigat\u00f3rios:<\/span><\/strong><\/p>\n\n<ul class=\"jinr-list wp-block-list\">\n<li>Gram\u00e1tica para iniciantes I, II, III<\/li>\n\n\n\n<li>Conversa\u00e7\u00e3o para iniciantes I, II, III<\/li>\n<\/ul>\n\n<p><span class=\"jinr-d--text-color d--user-color2 d--bold\"><strong>Cursos eletivos:<\/strong> <\/span>Os alunos do n\u00edvel iniciante podem escolher entre as seguintes mat\u00e9rias:<\/p>\n\n<ul class=\"jinr-list wp-block-list\">\n<li>Pron\u00fancia<\/li>\n\n\n\n<li>Vocabul\u00e1rio<\/li>\n\n\n\n<li>Leitura\/escrita<\/li>\n\n\n\n<li>Ouvir\/falar<\/li>\n<\/ul>\n\n<p>Cada semestre tamb\u00e9m oferece uma variedade de cursos eletivos diferentes.<\/p>\n<section class=\"b--jinr-block b--jinr-blogcard d--blogcard-hover-up d--blogcard-style1 d--blogcard-mysite t--round \"><div class=\"a--blogcard-label ef\">Related Page<\/div><a class=\"o--blogcard-link t--round\" href=\"https:\/\/www.academiaschool.edu\/programs\/beginner\/beginner-level-grammar\/\"><div class=\"c--blogcard-image\"><img loading=\"lazy\" decoding=\"async\" class=\"a--blogcard-img-src\" width=\"128\" height=\"72\" src=\"https:\/\/www.academiaschool.edu\/wp-content\/uploads\/2025\/02\/\u540d\u79f0\u672a\u8a2d\u5b9a\u306e\u30c7\u30b6\u30a4\u30f3-7.png\" alt=\"Detailed Overview and Achievement Goals for Beginner Level Grammar I, II, III\" \/><\/div><div class=\"a--blogcard-title d--bold\">Detailed Overview and Achievement Goals for Beginner Level Grammar I, II, III<\/div><\/a><\/section><section class=\"b--jinr-block b--jinr-blogcard d--blogcard-hover-up d--blogcard-style1 d--blogcard-mysite t--round \"><div class=\"a--blogcard-label ef\">Related Page<\/div><a class=\"o--blogcard-link t--round\" href=\"https:\/\/www.academiaschool.edu\/programs\/beginner\/beginner-level-conversation\/\"><div class=\"c--blogcard-image\"><img loading=\"lazy\" decoding=\"async\" class=\"a--blogcard-img-src\" width=\"128\" height=\"72\" src=\"https:\/\/www.academiaschool.edu\/wp-content\/uploads\/2025\/02\/\u540d\u79f0\u672a\u8a2d\u5b9a\u306e\u30c7\u30b6\u30a4\u30f3-7.png\" alt=\"Details and Learning Outcomes of Beginner Conversation Levels I, II, &amp; III\" \/><\/div><div class=\"a--blogcard-title d--bold\">Details and Learning Outcomes of Beginner Conversation Levels I, II, &amp; III<\/div><\/a><\/section>\n<h2 class=\"wp-block-heading jinr-heading d--bold\"><strong>Requisitos e notas do curso para o n\u00edvel iniciante<\/strong><\/h2>\n\n<ul class=\"jinr-list wp-block-list\">\n<li>\u00c9 necess\u00e1rio um m\u00ednimo de 240 horas (ou seja, 20 horas por semana em um per\u00edodo de 12 semanas) de cursos eletivos de n\u00edvel iniciante.<\/li>\n\n\n\n<li>Os alunos colocados no in\u00edcio do Programa de Ingl\u00eas B\u00e1sico podem atender aos requisitos do programa em um per\u00edodo m\u00ednimo de um ano.<\/li>\n\n\n\n<li>Os alunos podem cursar mais de 240 horas de disciplinas eletivas dentro do programa, mas todos os requisitos do programa devem ser conclu\u00eddos em dois anos.<\/li>\n\n\n\n<li>Se um aluno concluir uma aula de n\u00edvel II ou III, ele n\u00e3o poder\u00e1 reverter para uma aula de n\u00edvel inferior.<\/li>\n\n\n\n<li>A conclus\u00e3o do N\u00edvel III n\u00e3o requer necessariamente o avan\u00e7o para um n\u00edvel mais alto.<\/li>\n<\/ul>\n\n<h2 class=\"wp-block-heading jinr-heading d--bold\"><strong>Metas de realiza\u00e7\u00e3o para o n\u00edvel iniciante<\/strong><\/h2>\n\n<p>Os alunos que concluem as aulas de Gram\u00e1tica e Conversa\u00e7\u00e3o para Iniciantes t\u00eam como objetivo atingir o N\u00edvel 1 (Profici\u00eancia Elementar) de acordo com a escala da Interagency Language Roundtable (ILR).<\/p>\n\n<p><strong><span class=\"jinr-d--text-color d--user-color2 d--bold\">As caracter\u00edsticas dos alunos no n\u00edvel 1 do ILR incluem:<\/span><\/strong><\/p>\n\n<ul class=\"jinr-list wp-block-list\">\n<li>Capacidade de atender \u00e0s necessidades b\u00e1sicas e aos requisitos m\u00ednimos de cortesia necess\u00e1rios para a viagem.<\/li>\n\n\n\n<li>Capacidade de fazer e responder perguntas sobre t\u00f3picos familiares em um intervalo limitado de experi\u00eancia com o idioma.<\/li>\n\n\n\n<li>Capacidade de entender perguntas e declara\u00e7\u00f5es simples, diminuindo a velocidade da fala, repetindo ou reformulando.<\/li>\n\n\n\n<li>Apesar dos frequentes erros de pron\u00fancia e gram\u00e1tica, possui um vocabul\u00e1rio suficiente para expressar necessidades b\u00e1sicas.<\/li>\n\n\n\n<li>Pode ser compreendido por falantes nativos acostumados a lidar com n\u00e3o nativos que tentam falar o idioma.<\/li>\n\n\n\n<li>Capaz de perguntar sobre refei\u00e7\u00f5es, abrigo ou acomoda\u00e7\u00f5es, pedir e dar orienta\u00e7\u00f5es simples, fazer compras, etc.<\/li>\n<\/ul>\n<section class=\"b--jinr-block b--jinr-blogcard d--blogcard-hover-up d--blogcard-style1 d--blogcard-mysite t--round \"><div class=\"a--blogcard-label ef\">Related Page<\/div><a class=\"o--blogcard-link t--round\" href=\"https:\/\/www.academiaschool.edu\/programs\/\"><div class=\"c--blogcard-image\"><img loading=\"lazy\" decoding=\"async\" class=\"a--blogcard-img-src\" width=\"128\" height=\"72\" src=\"https:\/\/www.academiaschool.edu\/wp-content\/uploads\/2025\/02\/\u540d\u79f0\u672a\u8a2d\u5b9a\u306e\u30c7\u30b6\u30a4\u30f3-7.png\" alt=\"Overview of the Program\" \/><\/div><div class=\"a--blogcard-title d--bold\">Overview of the Program<\/div><\/a><\/section>","protected":false},"excerpt":{"rendered":"<p>Vis\u00e3o geral do curr\u00edculo do n\u00edvel iniciante Objetivo do curr\u00edculo: O curr\u00edculo do N\u00edvel Iniciante \u00e9 projetado para desenvolver as habilidades de comunica\u00e7\u00e3o necess\u00e1rias para a vida cotidiana em ingl\u00eas. O programa se concentra em ajudar os alunos a desenvolver habilidades de conversa\u00e7\u00e3o sobre t\u00f3picos cotidianos. Isso inclui aulas especializadas com foco na pron\u00fancia do [&hellip;]<\/p>\n","protected":false},"author":1,"featured_media":0,"parent":5366,"menu_order":0,"comment_status":"closed","ping_status":"closed","template":"","meta":{"_jinr_url_youtube":"","_jinr_pip_youtube":false,"_jinr_time_youtube":"","_jinr_thumb_youtube":"","_jinr_media_youtube":"","_jinr_category_edit":false,"_jinr_category":"","_jinr_title_display":false,"_jinr_snsbutton_display":false,"_jinr_ads_display":false,"_jinr_thumbnail_display":false,"_jinr_profile_display":false,"_jinr_representations_display":false,"_jinr_relatedpost_display":false,"_jinr_sidebar1col_display":false,"_jinr_sidebar2col_display":false,"_jinr_seotitle_display":"","_jinr_description_display":"","_jinr_keyword_display":"","_jinr_hastag_display":"","_jinr_canonical_display":"","_jinr_noindex_display":false,"_jinr_paidpost":false,"_jinr_paidpost_product_id":"","_jinr_headtag_article":"","footnotes":""},"class_list":["post-5382","page","type-page","status-publish","hentry"],"_links":{"self":[{"href":"https:\/\/www.academiaschool.edu\/pt-br\/wp-json\/wp\/v2\/pages\/5382","targetHints":{"allow":["GET"]}}],"collection":[{"href":"https:\/\/www.academiaschool.edu\/pt-br\/wp-json\/wp\/v2\/pages"}],"about":[{"href":"https:\/\/www.academiaschool.edu\/pt-br\/wp-json\/wp\/v2\/types\/page"}],"author":[{"embeddable":true,"href":"https:\/\/www.academiaschool.edu\/pt-br\/wp-json\/wp\/v2\/users\/1"}],"replies":[{"embeddable":true,"href":"https:\/\/www.academiaschool.edu\/pt-br\/wp-json\/wp\/v2\/comments?post=5382"}],"version-history":[{"count":3,"href":"https:\/\/www.academiaschool.edu\/pt-br\/wp-json\/wp\/v2\/pages\/5382\/revisions"}],"predecessor-version":[{"id":5385,"href":"https:\/\/www.academiaschool.edu\/pt-br\/wp-json\/wp\/v2\/pages\/5382\/revisions\/5385"}],"up":[{"embeddable":true,"href":"https:\/\/www.academiaschool.edu\/pt-br\/wp-json\/wp\/v2\/pages\/5366"}],"wp:attachment":[{"href":"https:\/\/www.academiaschool.edu\/pt-br\/wp-json\/wp\/v2\/media?parent=5382"}],"curies":[{"name":"wp","href":"https:\/\/api.w.org\/{rel}","templated":true}]}}