{"id":5374,"date":"2024-03-25T14:22:26","date_gmt":"2024-03-26T00:22:26","guid":{"rendered":"https:\/\/academia-school.net\/visao-geral-do-programa\/nivel-avancado\/detalhes-e-resultados-de-aprendizagem-para-os-niveis-i-ii-e-iii-de-gramatica-avancada\/"},"modified":"2024-04-24T11:02:08","modified_gmt":"2024-04-24T21:02:08","slug":"detalhes-e-resultados-de-aprendizagem-para-os-niveis-i-ii-e-iii-de-gramatica-avancada","status":"publish","type":"page","link":"https:\/\/www.academiaschool.edu\/pt-br\/visao-geral-do-programa\/nivel-avancado\/detalhes-e-resultados-de-aprendizagem-para-os-niveis-i-ii-e-iii-de-gramatica-avancada\/","title":{"rendered":"Detalhes e resultados de aprendizagem para os n\u00edveis I, II e III de gram\u00e1tica avan\u00e7ada"},"content":{"rendered":"\n<p>A obten\u00e7\u00e3o do N\u00edvel 3 do ILR (Profici\u00eancia Profissional Geral) \u00e9 facilitada pelos seguintes cursos de Gram\u00e1tica Avan\u00e7ada e Conversa\u00e7\u00e3o do Programa de Ingl\u00eas para Fins Aplicados.<\/p>\n\n<h2 class=\"wp-block-heading jinr-heading d--bold\"><strong>Gram\u00e1tica avan\u00e7ada I<\/strong><\/h2>\n\n<p>Ap\u00f3s a conclus\u00e3o deste curso, os alunos entender\u00e3o e poder\u00e3o usar:<\/p>\n\n<ul class=\"jinr-list wp-block-list\">\n<li>Tempos verbais, incluindo presente simples, passado simples, futuro simples, presente cont\u00ednuo, passado cont\u00ednuo, futuro cont\u00ednuo, presente perfeito, passado perfeito, futuro perfeito, presente perfeito cont\u00ednuo, passado perfeito cont\u00ednuo e futuro perfeito cont\u00ednuo<\/li>\n\n\n\n<li>Concord\u00e2ncia entre sujeito e verbo<\/li>\n\n\n\n<li>Substantivos cont\u00e1veis e incont\u00e1veis<\/li>\n\n\n\n<li>Artigos<\/li>\n\n\n\n<li>Quantificadores com substantivos cont\u00e1veis e incont\u00e1veis<\/li>\n\n\n\n<li>Pronomes pessoais e manuten\u00e7\u00e3o da concord\u00e2ncia com outros substantivos e pronomes<\/li>\n\n\n\n<li>Pronomes reflexivos<\/li>\n\n\n\n<li>Pronomes impessoais<\/li>\n\n\n\n<li>Diferentes formas de &#8220;outro&#8221;<\/li>\n<\/ul>\n\n<h2 class=\"wp-block-heading jinr-heading d--bold\"><strong>Gram\u00e1tica Avan\u00e7ada II<\/strong><\/h2>\n\n<p>Ap\u00f3s a conclus\u00e3o deste curso, os alunos entender\u00e3o e poder\u00e3o usar:<\/p>\n\n<ul class=\"jinr-list wp-block-list\">\n<li>Verbos modais para expressar necessidade, falta de necessidade, proibi\u00e7\u00e3o, desejo, obriga\u00e7\u00e3o e inten\u00e7\u00e3o n\u00e3o cumprida<\/li>\n\n\n\n<li>Graus de certeza no presente, passado e futuro<\/li>\n\n\n\n<li>Capacidade<\/li>\n\n\n\n<li>Prefer\u00eancias<\/li>\n\n\n\n<li>Voz passiva<\/li>\n\n\n\n<li>Adjetivos de partic\u00edpio<\/li>\n\n\n\n<li>Cl\u00e1usulas nominais<\/li>\n\n\n\n<li>Discurso citado e indireto<\/li>\n\n\n\n<li>Usar cl\u00e1usulas de adjetivos e reduzi-las a frases de adjetivos<\/li>\n\n\n\n<li>Pontua\u00e7\u00e3o de ora\u00e7\u00f5es adjetivas<\/li>\n\n\n\n<li>Ger\u00fandios e infinitivos ap\u00f3s verbos<\/li>\n<\/ul>\n\n<h2 class=\"wp-block-heading jinr-heading d--bold\"><strong>Gram\u00e1tica Avan\u00e7ada III<\/strong><\/h2>\n\n<p>Ap\u00f3s a conclus\u00e3o deste curso, os alunos entender\u00e3o e poder\u00e3o usar:<\/p>\n\n<ul class=\"jinr-list wp-block-list\">\n<li>Infinitivos para prop\u00f3sito<\/li>\n\n\n\n<li>Infinitivos ap\u00f3s adjetivos<\/li>\n\n\n\n<li>Infinitivos com &#8220;too&#8221; e &#8220;enough&#8221;<\/li>\n\n\n\n<li>Formas passivas de infinitivos e ger\u00fandios<\/li>\n\n\n\n<li>Ger\u00fandios ou infinitivos passivos ap\u00f3s &#8220;need&#8221;<\/li>\n\n\n\n<li>Formas simples e progressivas dos verbos que seguem os verbos de percep\u00e7\u00e3o<\/li>\n\n\n\n<li>Verbos causativos<\/li>\n\n\n\n<li>Estruturas paralelas ao usar conjun\u00e7\u00f5es coordenativas<\/li>\n\n\n\n<li>Conjun\u00e7\u00f5es correlativas<\/li>\n\n\n\n<li>Separa\u00e7\u00e3o\/conex\u00e3o de cl\u00e1usulas independentes com pontos\/ v\u00edrgulas<\/li>\n\n\n\n<li>Condicionais usando &#8220;if&#8221;, &#8220;whether&#8221;, &#8220;even if&#8221;, &#8220;in case&#8221;, &#8220;unless&#8221;, &#8220;only if&#8221;<\/li>\n\n\n\n<li>Modifica\u00e7\u00e3o de frases adverbiais &#8220;upon&#8221; + -ing<\/li>\n\n\n\n<li>Distinguir entre frases preposicionais, conjun\u00e7\u00f5es, frases de transi\u00e7\u00e3o e ora\u00e7\u00f5es adverbiais que expressam causa e efeito, contraste e condi\u00e7\u00e3o<\/li>\n\n\n\n<li>Usar &#8220;if&#8221;, &#8220;wish&#8221;, &#8220;would&#8221; para expressar condi\u00e7\u00f5es irreais e desejos no presente, passado e futuro<\/li>\n<\/ul>\n<section class=\"b--jinr-block b--jinr-blogcard d--blogcard-hover-up d--blogcard-style1 d--blogcard-mysite t--round \"><div class=\"a--blogcard-label ef\">Related Page<\/div><a class=\"o--blogcard-link t--round\" href=\"https:\/\/www.academiaschool.edu\/programs\/advance\/\"><div class=\"c--blogcard-image\"><img loading=\"lazy\" decoding=\"async\" class=\"a--blogcard-img-src\" width=\"128\" height=\"72\" src=\"https:\/\/www.academiaschool.edu\/wp-content\/uploads\/2025\/02\/\u540d\u79f0\u672a\u8a2d\u5b9a\u306e\u30c7\u30b6\u30a4\u30f3-7.png\" alt=\"Advanced Level\" \/><\/div><div class=\"a--blogcard-title d--bold\">Advanced Level<\/div><\/a><\/section>","protected":false},"excerpt":{"rendered":"<p>A obten\u00e7\u00e3o do N\u00edvel 3 do ILR (Profici\u00eancia Profissional Geral) \u00e9 facilitada pelos seguintes cursos de Gram\u00e1tica Avan\u00e7ada e Conversa\u00e7\u00e3o do Programa de Ingl\u00eas para Fins Aplicados. Gram\u00e1tica avan\u00e7ada I Ap\u00f3s a conclus\u00e3o deste curso, os alunos entender\u00e3o e poder\u00e3o usar: Gram\u00e1tica Avan\u00e7ada II Ap\u00f3s a conclus\u00e3o deste curso, os alunos entender\u00e3o e poder\u00e3o usar: [&hellip;]<\/p>\n","protected":false},"author":1,"featured_media":0,"parent":5370,"menu_order":0,"comment_status":"closed","ping_status":"closed","template":"","meta":{"_jinr_url_youtube":"","_jinr_pip_youtube":false,"_jinr_time_youtube":"","_jinr_thumb_youtube":"","_jinr_media_youtube":"","_jinr_category_edit":false,"_jinr_category":"","_jinr_title_display":false,"_jinr_snsbutton_display":false,"_jinr_ads_display":false,"_jinr_thumbnail_display":false,"_jinr_profile_display":false,"_jinr_representations_display":false,"_jinr_relatedpost_display":false,"_jinr_sidebar1col_display":false,"_jinr_sidebar2col_display":false,"_jinr_seotitle_display":"","_jinr_description_display":"","_jinr_keyword_display":"","_jinr_hastag_display":"","_jinr_canonical_display":"","_jinr_noindex_display":false,"_jinr_paidpost":false,"_jinr_paidpost_product_id":"","_jinr_headtag_article":"","footnotes":""},"class_list":["post-5374","page","type-page","status-publish","hentry"],"_links":{"self":[{"href":"https:\/\/www.academiaschool.edu\/pt-br\/wp-json\/wp\/v2\/pages\/5374","targetHints":{"allow":["GET"]}}],"collection":[{"href":"https:\/\/www.academiaschool.edu\/pt-br\/wp-json\/wp\/v2\/pages"}],"about":[{"href":"https:\/\/www.academiaschool.edu\/pt-br\/wp-json\/wp\/v2\/types\/page"}],"author":[{"embeddable":true,"href":"https:\/\/www.academiaschool.edu\/pt-br\/wp-json\/wp\/v2\/users\/1"}],"replies":[{"embeddable":true,"href":"https:\/\/www.academiaschool.edu\/pt-br\/wp-json\/wp\/v2\/comments?post=5374"}],"version-history":[{"count":3,"href":"https:\/\/www.academiaschool.edu\/pt-br\/wp-json\/wp\/v2\/pages\/5374\/revisions"}],"predecessor-version":[{"id":5377,"href":"https:\/\/www.academiaschool.edu\/pt-br\/wp-json\/wp\/v2\/pages\/5374\/revisions\/5377"}],"up":[{"embeddable":true,"href":"https:\/\/www.academiaschool.edu\/pt-br\/wp-json\/wp\/v2\/pages\/5370"}],"wp:attachment":[{"href":"https:\/\/www.academiaschool.edu\/pt-br\/wp-json\/wp\/v2\/media?parent=5374"}],"curies":[{"name":"wp","href":"https:\/\/api.w.org\/{rel}","templated":true}]}}