{"id":5370,"date":"2024-03-21T12:17:29","date_gmt":"2024-03-21T22:17:29","guid":{"rendered":"https:\/\/academia-school.net\/visao-geral-do-programa\/nivel-avancado\/"},"modified":"2024-04-24T11:01:57","modified_gmt":"2024-04-24T21:01:57","slug":"nivel-avancado","status":"publish","type":"page","link":"https:\/\/www.academiaschool.edu\/pt-br\/visao-geral-do-programa\/nivel-avancado\/","title":{"rendered":"N\u00edvel avan\u00e7ado"},"content":{"rendered":"\n<section class=\"wp-block-jinr-blocks-fullwidth b--jinr-block b--jinr-fullwidth-container d--top-margin-xs-pc d--bottom-margin-xs-pc d--top-margin-xs-sp d--bottom-margin-xs-sp \"><section class=\"b--jinr-fullwidth d--fullwidth-parallax-off d--fullwidth-deco-bgimage\"><div class=\"a--jinr-fullwidth-image\"><div class=\"a--jinr-fullwidth-image-clip\"><img decoding=\"async\" src=\"https:\/\/www.academiaschool.edu\/wp-content\/uploads\/2024\/03\/leo_visions-fMyaQWQrwwU-unsplash.webp\"\/><\/div><\/div><div class=\"a--jinr-fullwidth-overlay\" style=\"background-color:#f5f5f5;opacity:0\"><\/div><div class=\"d--fullwidth-100 d--fullwidth-pad40 d--fullwidth-pad0-sp t--main-width\" style=\"color:false\">\n<p class=\"has-text-align-center has-white-color has-text-color has-link-color wp-elements-aa864dac30db2194db23773c8e178eea\"><span class=\"jinr-d--font-size d--fontsize-36px\"><strong><strong>N\u00edvel avan\u00e7ado<\/strong><\/strong><\/span><\/p>\n<\/div><\/section><\/section>\n\n<h2 class=\"wp-block-heading jinr-heading d--bold\"><strong>Vis\u00e3o geral do curr\u00edculo do n\u00edvel avan\u00e7ado<\/strong><\/h2>\n\n<section class=\"wp-block-jinr-blocks-simplebox b--jinr-block-container\"><div class=\"b--jinr-block b--jinr-box d--simple-box10  \"><div class=\"c--simple-box-inner\">\n<p class=\"has-text-align-center\"><strong><span class=\"jinr-d--font-size d--fontsize-18px\"><strong>Nome do programa: <span class=\"jinr-d--text-color d--user-color1 d--bold\">Programa de Ingl\u00eas para Fins Aplicados<\/span><\/strong><\/span><\/strong><\/p>\n<\/div><\/div><\/section>\n\n<p>O curr\u00edculo do N\u00edvel Avan\u00e7ado foi elaborado para desenvolver a capacidade de comunica\u00e7\u00e3o flex\u00edvel em ingl\u00eas em todos os aspectos da vida cotidiana e em v\u00e1rios t\u00f3picos especializados. Esse programa se concentra em equipar os alunos com as habilidades de ingl\u00eas necess\u00e1rias para o conte\u00fado acad\u00eamico ou profissional.<\/p>\n\n<p>Espera-se que os alunos que conclu\u00edrem este programa sejam capazes de se comunicar de forma eficaz com flu\u00eancia, precis\u00e3o gramatical e vocabul\u00e1rio suficientes em assuntos pr\u00e1ticos, sociais e profissionais.<\/p>\n\n<h2 class=\"wp-block-heading jinr-heading d--bold\"><strong>Cursos obrigat\u00f3rios e eletivos no n\u00edvel avan\u00e7ado<\/strong><\/h2>\n\n<p>Os cursos exigidos no n\u00edvel avan\u00e7ado incluem:<\/p>\n\n<ul class=\"jinr-list wp-block-list\">\n<li>Gram\u00e1tica avan\u00e7ada I, II, III<\/li>\n\n\n\n<li>Conversa\u00e7\u00e3o avan\u00e7ada I, II, III<\/li>\n<\/ul>\n\n<p>Os cursos eletivos no n\u00edvel avan\u00e7ado podem ser escolhidos entre as seguintes mat\u00e9rias:<\/p>\n\n<ul class=\"jinr-list wp-block-list\">\n<li>Pron\u00fancia<\/li>\n\n\n\n<li>Vocabul\u00e1rio<\/li>\n\n\n\n<li>Leitura\/escrita<\/li>\n\n\n\n<li>Ouvir\/falar<\/li>\n\n\n\n<li>Prepara\u00e7\u00e3o para os testes TOEIC e TOEFL<\/li>\n<\/ul>\n\n<p>Al\u00e9m disso, h\u00e1 muitos outros cursos eletivos dispon\u00edveis a cada semestre.<\/p>\n<section class=\"b--jinr-block b--jinr-blogcard d--blogcard-hover-up d--blogcard-style1 d--blogcard-mysite t--round \"><div class=\"a--blogcard-label ef\">Related Page<\/div><a class=\"o--blogcard-link t--round\" href=\"https:\/\/www.academiaschool.edu\/programs\/advance\/advanced-level-grammar\/\"><div class=\"c--blogcard-image\"><img loading=\"lazy\" decoding=\"async\" class=\"a--blogcard-img-src\" width=\"128\" height=\"72\" src=\"https:\/\/www.academiaschool.edu\/wp-content\/uploads\/2025\/02\/\u540d\u79f0\u672a\u8a2d\u5b9a\u306e\u30c7\u30b6\u30a4\u30f3-7.png\" alt=\"Details and Learning Outcomes for Advanced Grammar Levels I, II, &amp; III\" \/><\/div><div class=\"a--blogcard-title d--bold\">Details and Learning Outcomes for Advanced Grammar Levels I, II, &amp; III<\/div><\/a><\/section><section class=\"b--jinr-block b--jinr-blogcard d--blogcard-hover-up d--blogcard-style1 d--blogcard-mysite t--round \"><div class=\"a--blogcard-label ef\">Related Page<\/div><a class=\"o--blogcard-link t--round\" href=\"https:\/\/www.academiaschool.edu\/programs\/advance\/advanced-level-conversation\/\"><div class=\"c--blogcard-image\"><img loading=\"lazy\" decoding=\"async\" class=\"a--blogcard-img-src\" width=\"128\" height=\"72\" src=\"https:\/\/www.academiaschool.edu\/wp-content\/uploads\/2025\/02\/\u540d\u79f0\u672a\u8a2d\u5b9a\u306e\u30c7\u30b6\u30a4\u30f3-7.png\" alt=\"Details and Learning Outcomes of Advanced Conversation Levels I, II, &amp; III\" \/><\/div><div class=\"a--blogcard-title d--bold\">Details and Learning Outcomes of Advanced Conversation Levels I, II, &amp; III<\/div><\/a><\/section>\n<h2 class=\"wp-block-heading jinr-heading d--bold\"><strong>Considera\u00e7\u00f5es sobre os cursos de n\u00edvel avan\u00e7ado<\/strong><\/h2>\n\n<ul class=\"jinr-list wp-block-list\">\n<li>\u00c9 necess\u00e1rio um m\u00ednimo de 240 horas (ou seja, 20 horas por semana em um per\u00edodo de 12 semanas) de cursos eletivos de n\u00edvel avan\u00e7ado.<\/li>\n\n\n\n<li>  Os requisitos desse programa podem ser conclu\u00eddos em um per\u00edodo m\u00ednimo de um ano. Os alunos podem fazer mais do que o m\u00ednimo de 240 horas de cursos eletivos dentro do programa, mas devem concluir todos os requisitos do programa em dois anos.  <\/li>\n\n\n\n<li>Se voc\u00ea concluir primeiro uma classe de n\u00edvel superior, como II ou III, n\u00e3o poder\u00e1 voltar para um n\u00edvel inferior.  <\/li>\n\n\n\n<li>Concluir o III n\u00e3o significa necessariamente que voc\u00ea deve avan\u00e7ar para um n\u00edvel mais alto.<\/li>\n<\/ul>\n\n<h2 class=\"wp-block-heading jinr-heading d--bold\"><strong>Metas de realiza\u00e7\u00e3o no n\u00edvel avan\u00e7ado<\/strong><\/h2>\n\n<p>Os alunos que concluem o curso Advanced Grammar and Conversation alcan\u00e7am o n\u00edvel 3 do ILR (General Professional Proficiency). As caracter\u00edsticas dos alunos do N\u00edvel 3 do ILR incluem:<\/p>\n\n<ul class=\"jinr-list wp-block-list\">\n<li>\u00c9 capaz de falar com precis\u00e3o estrutural e vocabul\u00e1rio suficientes para participar efetivamente da maioria das conversas formais e informais sobre t\u00f3picos pr\u00e1ticos, sociais e profissionais.<\/li>\n\n\n\n<li>Pode discutir interesses espec\u00edficos e \u00e1reas de especializa\u00e7\u00e3o com relativa facilidade.<\/li>\n\n\n\n<li>Normalmente, voc\u00ea tem uma compreens\u00e3o muito completa das taxas normais de fala.<\/li>\n\n\n\n<li>Possui um amplo vocabul\u00e1rio geral, de modo que a busca por palavras quase nunca \u00e9 necess\u00e1ria.<\/li>\n\n\n\n<li>Voc\u00ea consegue entender facilmente, apesar de um sotaque estrangeiro evidente.<\/li>\n\n\n\n<li>Tem bom controle da gram\u00e1tica, com erros que raramente prejudicam a compreens\u00e3o ou causam desconforto aos falantes nativos.<\/li>\n<\/ul>\n<section class=\"b--jinr-block b--jinr-blogcard d--blogcard-hover-up d--blogcard-style1 d--blogcard-mysite t--round \"><div class=\"a--blogcard-label ef\">Related Page<\/div><a class=\"o--blogcard-link t--round\" href=\"https:\/\/www.academiaschool.edu\/programs\/\"><div class=\"c--blogcard-image\"><img loading=\"lazy\" decoding=\"async\" class=\"a--blogcard-img-src\" width=\"128\" height=\"72\" src=\"https:\/\/www.academiaschool.edu\/wp-content\/uploads\/2025\/02\/\u540d\u79f0\u672a\u8a2d\u5b9a\u306e\u30c7\u30b6\u30a4\u30f3-7.png\" alt=\"Overview of the Program\" \/><\/div><div class=\"a--blogcard-title d--bold\">Overview of the Program<\/div><\/a><\/section>","protected":false},"excerpt":{"rendered":"<p>Vis\u00e3o geral do curr\u00edculo do n\u00edvel avan\u00e7ado O curr\u00edculo do N\u00edvel Avan\u00e7ado foi elaborado para desenvolver a capacidade de comunica\u00e7\u00e3o flex\u00edvel em ingl\u00eas em todos os aspectos da vida cotidiana e em v\u00e1rios t\u00f3picos especializados. Esse programa se concentra em equipar os alunos com as habilidades de ingl\u00eas necess\u00e1rias para o conte\u00fado acad\u00eamico ou profissional. [&hellip;]<\/p>\n","protected":false},"author":1,"featured_media":0,"parent":5366,"menu_order":0,"comment_status":"closed","ping_status":"closed","template":"","meta":{"_jinr_url_youtube":"","_jinr_pip_youtube":false,"_jinr_time_youtube":"","_jinr_thumb_youtube":"","_jinr_media_youtube":"","_jinr_category_edit":false,"_jinr_category":"","_jinr_title_display":false,"_jinr_snsbutton_display":false,"_jinr_ads_display":false,"_jinr_thumbnail_display":false,"_jinr_profile_display":false,"_jinr_representations_display":false,"_jinr_relatedpost_display":false,"_jinr_sidebar1col_display":false,"_jinr_sidebar2col_display":false,"_jinr_seotitle_display":"","_jinr_description_display":"","_jinr_keyword_display":"","_jinr_hastag_display":"","_jinr_canonical_display":"","_jinr_noindex_display":false,"_jinr_paidpost":false,"_jinr_paidpost_product_id":"","_jinr_headtag_article":"","footnotes":""},"class_list":["post-5370","page","type-page","status-publish","hentry"],"_links":{"self":[{"href":"https:\/\/www.academiaschool.edu\/pt-br\/wp-json\/wp\/v2\/pages\/5370","targetHints":{"allow":["GET"]}}],"collection":[{"href":"https:\/\/www.academiaschool.edu\/pt-br\/wp-json\/wp\/v2\/pages"}],"about":[{"href":"https:\/\/www.academiaschool.edu\/pt-br\/wp-json\/wp\/v2\/types\/page"}],"author":[{"embeddable":true,"href":"https:\/\/www.academiaschool.edu\/pt-br\/wp-json\/wp\/v2\/users\/1"}],"replies":[{"embeddable":true,"href":"https:\/\/www.academiaschool.edu\/pt-br\/wp-json\/wp\/v2\/comments?post=5370"}],"version-history":[{"count":3,"href":"https:\/\/www.academiaschool.edu\/pt-br\/wp-json\/wp\/v2\/pages\/5370\/revisions"}],"predecessor-version":[{"id":5373,"href":"https:\/\/www.academiaschool.edu\/pt-br\/wp-json\/wp\/v2\/pages\/5370\/revisions\/5373"}],"up":[{"embeddable":true,"href":"https:\/\/www.academiaschool.edu\/pt-br\/wp-json\/wp\/v2\/pages\/5366"}],"wp:attachment":[{"href":"https:\/\/www.academiaschool.edu\/pt-br\/wp-json\/wp\/v2\/media?parent=5370"}],"curies":[{"name":"wp","href":"https:\/\/api.w.org\/{rel}","templated":true}]}}