{"id":5366,"date":"2024-03-14T12:40:37","date_gmt":"2024-03-14T22:40:37","guid":{"rendered":"https:\/\/academia-school.net\/visao-geral-do-programa\/"},"modified":"2024-04-24T11:01:47","modified_gmt":"2024-04-24T21:01:47","slug":"visao-geral-do-programa","status":"publish","type":"page","link":"https:\/\/www.academiaschool.edu\/pt-br\/visao-geral-do-programa\/","title":{"rendered":"Vis\u00e3o geral do programa"},"content":{"rendered":"\n<section class=\"wp-block-jinr-blocks-fullwidth b--jinr-block b--jinr-fullwidth-container d--top-margin-xs-pc d--bottom-margin-xs-pc d--top-margin-xs-sp d--bottom-margin-xs-sp \"><section class=\"b--jinr-fullwidth d--fullwidth-parallax-off d--fullwidth-deco-bgimage\"><div class=\"a--jinr-fullwidth-image\"><div class=\"a--jinr-fullwidth-image-clip\"><img decoding=\"async\" src=\"https:\/\/www.academiaschool.edu\/wp-content\/uploads\/2024\/03\/leo_visions-fMyaQWQrwwU-unsplash.webp\"\/><\/div><\/div><div class=\"a--jinr-fullwidth-overlay\" style=\"background-color:#222222;opacity:0\"><\/div><div class=\"d--fullwidth-100 d--fullwidth-pad40 d--fullwidth-pad0-sp t--main-width\" style=\"color:false\">\n<p class=\"has-text-align-center has-white-color has-text-color has-link-color wp-elements-ed62befd982418f2b57d668525251ced\"><span class=\"jinr-d--font-size d--fontsize-36px\"><strong>Vis\u00e3o geral do programa<\/strong><\/span><\/p>\n<\/div><\/section><\/section>\n\n<h2 class=\"wp-block-heading jinr-heading d--bold\"><strong>Padr\u00f5es e n\u00edveis de desempenho da nossa escola<\/strong><\/h2>\n\n<p>Os programas de aprendizado e a coloca\u00e7\u00e3o de n\u00edvel da nossa escola s\u00e3o determinados com refer\u00eancia aos padr\u00f5es de profici\u00eancia da Interagency Language Roundtable (ILR).<\/p>\n\n<p><strong>\n  <span class=\"jinr-d--text-color d--user-color2 d--bold\">O Programa de Ingl\u00eas B\u00e1sico (para alunos iniciantes) <\/span>\n<\/strong>foi criado para ajudar os alunos a desenvolver habilidades de comunica\u00e7\u00e3o que s\u00e3o fundamentais para que voc\u00ea se envolva em uma comunica\u00e7\u00e3o simples, mas significativa, sobre a vida cotidiana. O curr\u00edculo do Programa de Ingl\u00eas B\u00e1sico oferece aos alunos a oportunidade de trabalhar os fundamentos, como pron\u00fancia, estrutura b\u00e1sica de frases e o uso de palavras e express\u00f5es comuns.<\/p>\n<section class=\"b--jinr-block b--jinr-blogcard d--blogcard-hover-up d--blogcard-style1 d--blogcard-mysite t--round \"><div class=\"a--blogcard-label ef\">Related Page<\/div><a class=\"o--blogcard-link t--round\" href=\"https:\/\/www.academiaschool.edu\/programs\/beginner\/\"><div class=\"c--blogcard-image\"><img loading=\"lazy\" decoding=\"async\" class=\"a--blogcard-img-src\" width=\"128\" height=\"72\" src=\"https:\/\/www.academiaschool.edu\/wp-content\/uploads\/2025\/02\/\u540d\u79f0\u672a\u8a2d\u5b9a\u306e\u30c7\u30b6\u30a4\u30f3-7.png\" alt=\"Beginner Level\" \/><\/div><div class=\"a--blogcard-title d--bold\">Beginner Level<\/div><\/a><\/section>\n<p><span class=\"jinr-d--text-color d--user-color2 d--bold\"><strong>Programa de ingl\u00eas para comunica\u00e7\u00e3o<\/strong> <strong>(para alunos intermedi\u00e1rios)<\/strong> <\/span>foi criado para ajudar os alunos a desenvolverem um dom\u00ednio do ingl\u00eas suficiente para se envolverem em uma comunica\u00e7\u00e3o significativa sobre a maioria dos aspectos da vida cotidiana. O Programa de Ingl\u00eas para Comunica\u00e7\u00e3o oferece aos alunos a oportunidade de expandir seu conhecimento de express\u00f5es idiom\u00e1ticas e g\u00edrias indispens\u00e1veis para viver e trabalhar em um ambiente de l\u00edngua inglesa.<\/p>\n<section class=\"b--jinr-block b--jinr-blogcard d--blogcard-hover-up d--blogcard-style1 d--blogcard-mysite t--round \"><div class=\"a--blogcard-label ef\">Related Page<\/div><a class=\"o--blogcard-link t--round\" href=\"https:\/\/www.academiaschool.edu\/programs\/intermediate\/\"><div class=\"c--blogcard-image\"><img loading=\"lazy\" decoding=\"async\" class=\"a--blogcard-img-src\" width=\"128\" height=\"72\" src=\"https:\/\/www.academiaschool.edu\/wp-content\/uploads\/2025\/02\/\u540d\u79f0\u672a\u8a2d\u5b9a\u306e\u30c7\u30b6\u30a4\u30f3-7.png\" alt=\"Intermediate Level\" \/><\/div><div class=\"a--blogcard-title d--bold\">Intermediate Level<\/div><\/a><\/section>\n<p><span class=\"jinr-d--text-color d--user-color2 d--bold\"><strong>O Programa de Ingl\u00eas para Fins Aplicados (para alunos avan\u00e7ados)<\/strong> <\/span>foi criado para ajudar os alunos a desenvolverem o dom\u00ednio do ingl\u00eas suficiente para se envolverem em uma comunica\u00e7\u00e3o significativa sobre todos os aspectos da vida cotidiana, bem como sobre uma variedade de t\u00f3picos especializados. Os alunos desse programa concentram-se em aplicar suas habilidades em ingl\u00eas a futuras ambi\u00e7\u00f5es acad\u00eamicas ou profissionais.<\/p>\n<section class=\"b--jinr-block b--jinr-blogcard d--blogcard-hover-up d--blogcard-style1 d--blogcard-mysite t--round \"><div class=\"a--blogcard-label ef\">Related Page<\/div><a class=\"o--blogcard-link t--round\" href=\"https:\/\/www.academiaschool.edu\/programs\/advance\/\"><div class=\"c--blogcard-image\"><img loading=\"lazy\" decoding=\"async\" class=\"a--blogcard-img-src\" width=\"128\" height=\"72\" src=\"https:\/\/www.academiaschool.edu\/wp-content\/uploads\/2025\/02\/\u540d\u79f0\u672a\u8a2d\u5b9a\u306e\u30c7\u30b6\u30a4\u30f3-7.png\" alt=\"Advanced Level\" \/><\/div><div class=\"a--blogcard-title d--bold\">Advanced Level<\/div><\/a><\/section>","protected":false},"excerpt":{"rendered":"<p>Padr\u00f5es e n\u00edveis de desempenho da nossa escola Os programas de aprendizado e a coloca\u00e7\u00e3o de n\u00edvel da nossa escola s\u00e3o determinados com refer\u00eancia aos padr\u00f5es de profici\u00eancia da Interagency Language Roundtable (ILR). O Programa de Ingl\u00eas B\u00e1sico (para alunos iniciantes) foi criado para ajudar os alunos a desenvolver habilidades de comunica\u00e7\u00e3o que s\u00e3o fundamentais [&hellip;]<\/p>\n","protected":false},"author":1,"featured_media":0,"parent":0,"menu_order":0,"comment_status":"closed","ping_status":"closed","template":"","meta":{"_jinr_url_youtube":"","_jinr_pip_youtube":false,"_jinr_time_youtube":"","_jinr_thumb_youtube":"","_jinr_media_youtube":"","_jinr_category_edit":false,"_jinr_category":"","_jinr_title_display":false,"_jinr_snsbutton_display":false,"_jinr_ads_display":false,"_jinr_thumbnail_display":false,"_jinr_profile_display":false,"_jinr_representations_display":false,"_jinr_relatedpost_display":false,"_jinr_sidebar1col_display":false,"_jinr_sidebar2col_display":false,"_jinr_seotitle_display":"","_jinr_description_display":"","_jinr_keyword_display":"","_jinr_hastag_display":"","_jinr_canonical_display":"","_jinr_noindex_display":false,"_jinr_paidpost":false,"_jinr_paidpost_product_id":"","_jinr_headtag_article":"","footnotes":""},"class_list":["post-5366","page","type-page","status-publish","hentry"],"_links":{"self":[{"href":"https:\/\/www.academiaschool.edu\/pt-br\/wp-json\/wp\/v2\/pages\/5366","targetHints":{"allow":["GET"]}}],"collection":[{"href":"https:\/\/www.academiaschool.edu\/pt-br\/wp-json\/wp\/v2\/pages"}],"about":[{"href":"https:\/\/www.academiaschool.edu\/pt-br\/wp-json\/wp\/v2\/types\/page"}],"author":[{"embeddable":true,"href":"https:\/\/www.academiaschool.edu\/pt-br\/wp-json\/wp\/v2\/users\/1"}],"replies":[{"embeddable":true,"href":"https:\/\/www.academiaschool.edu\/pt-br\/wp-json\/wp\/v2\/comments?post=5366"}],"version-history":[{"count":3,"href":"https:\/\/www.academiaschool.edu\/pt-br\/wp-json\/wp\/v2\/pages\/5366\/revisions"}],"predecessor-version":[{"id":5369,"href":"https:\/\/www.academiaschool.edu\/pt-br\/wp-json\/wp\/v2\/pages\/5366\/revisions\/5369"}],"wp:attachment":[{"href":"https:\/\/www.academiaschool.edu\/pt-br\/wp-json\/wp\/v2\/media?parent=5366"}],"curies":[{"name":"wp","href":"https:\/\/api.w.org\/{rel}","templated":true}]}}