{"id":5362,"date":"2024-03-21T12:48:43","date_gmt":"2024-03-21T22:48:43","guid":{"rendered":"https:\/\/academia-school.net\/para-alunos-atuais\/ferias\/"},"modified":"2024-04-24T11:01:29","modified_gmt":"2024-04-24T21:01:29","slug":"ferias","status":"publish","type":"page","link":"https:\/\/www.academiaschool.edu\/pt-br\/para-alunos-atuais\/ferias\/","title":{"rendered":"F\u00e9rias"},"content":{"rendered":"\n<section class=\"wp-block-jinr-blocks-fullwidth b--jinr-block b--jinr-fullwidth-container d--top-margin-xs-pc d--bottom-margin-xs-pc d--top-margin-xs-sp d--bottom-margin-xs-sp \"><section class=\"b--jinr-fullwidth d--fullwidth-parallax-off d--fullwidth-deco-bgimage\"><div class=\"a--jinr-fullwidth-image\"><div class=\"a--jinr-fullwidth-image-clip\"><img decoding=\"async\" src=\"https:\/\/www.academiaschool.edu\/wp-content\/uploads\/2024\/03\/\u30b9\u30af\u30ea\u30fc\u30f3\u30b7\u30e7\u30c3\u30c8-2024-03-26-\u5348\u5f8c8.22.12.webp\"\/><\/div><\/div><div class=\"a--jinr-fullwidth-overlay\" style=\"background-color:rgba(255,255,255,0);opacity:0.25\"><\/div><div class=\"d--fullwidth-100 d--fullwidth-pad40 d--fullwidth-pad0-sp t--main-width\" style=\"color:false\">\n<p class=\"has-text-align-center has-white-color has-text-color has-link-color wp-elements-ee0ce7abee5476d5d955acffa0c8ee7b\"><span class=\"jinr-d--font-size d--fontsize-36px\"><strong><strong>F\u00e9rias<\/strong><\/strong><\/span><\/p>\n<\/div><\/section><\/section>\n\n<h2 class=\"wp-block-heading jinr-heading d--bold\"><strong>Tipos de f\u00e9rias<\/strong><\/h2>\n\n<p>H\u00e1 dois tipos de f\u00e9rias dispon\u00edveis:<\/p>\n\n<figure class=\"wp-block-table\"><table><tbody><tr><td class=\"has-text-align-center\" data-align=\"center\">Tipo<\/td><td>Detalhes<\/td><td>Extens\u00e3o da data de t\u00e9rmino do estudo<\/td><td>Tratada como aus\u00eancia<\/td><\/tr><tr><td class=\"has-text-align-center\" data-align=\"center\">F\u00e9rias prolongadas<\/td><td>2 semanas ap\u00f3s 3 meses de estudo<br\/>1 m\u00eas (4 semanas) ap\u00f3s 6 meses de estudo se voc\u00ea n\u00e3o tirar as 2 semanas de f\u00e9rias<\/td><td>Estender<\/td><td>N\u00e3o<\/td><\/tr><tr><td class=\"has-text-align-center\" data-align=\"center\">F\u00e9rias n\u00e3o estendidas<\/td><td>Licen\u00e7a no exterior, licen\u00e7a m\u00e9dica (inclusive licen\u00e7a maternidade)<\/td><td>N\u00e3o estender<\/td><td>N\u00e3o<\/td><\/tr><\/tbody><\/table><\/figure>\n\n<p>A solicita\u00e7\u00e3o de f\u00e9rias n\u00e3o conta como aus\u00eancia, mas tamb\u00e9m n\u00e3o conta como presen\u00e7a. Essencialmente, esses dias n\u00e3o s\u00e3o contados como dias de presen\u00e7a necess\u00e1rios.<\/p>\n<section class=\"b--jinr-block b--jinr-blogcard d--blogcard-hover-up d--blogcard-style1 d--blogcard-mysite t--round \"><div class=\"a--blogcard-label ef\">Related Page<\/div><a class=\"o--blogcard-link t--round\" href=\"https:\/\/www.academiaschool.edu\/attendance-rate-and-forced-expulsion\/\"><div class=\"c--blogcard-image\"><img loading=\"lazy\" decoding=\"async\" class=\"a--blogcard-img-src\" width=\"128\" height=\"72\" src=\"https:\/\/www.academiaschool.edu\/wp-content\/uploads\/2025\/02\/\u540d\u79f0\u672a\u8a2d\u5b9a\u306e\u30c7\u30b6\u30a4\u30f3-7.png\" alt=\"F\u00e9rias\" \/><\/div><div class=\"a--blogcard-title d--bold\">F\u00e9rias<\/div><\/a><\/section>\n<h3 class=\"wp-block-heading jinr-heading d--bold\">F\u00e9rias prolongadas<\/h3>\n\n<ul class=\"jinr-list wp-block-list\">\n<li>Extens\u00e3o de f\u00e9rias: As semanas de folga estendem a data final do estudo.<\/li>\n\n\n\n<li>Voc\u00ea pode obter f\u00e9rias se estudar por 3 ou 6 meses.<\/li>\n\n\n\n<li>O per\u00edodo para tirar f\u00e9rias \u00e9 de 2 semanas ap\u00f3s 3 meses de estudo ou 1 m\u00eas (4 semanas) ap\u00f3s 6 meses de estudo.<\/li>\n\n\n\n<li>Voc\u00ea pode tirar f\u00e9rias de 1 m\u00eas (4 semanas) ap\u00f3s 6 meses se n\u00e3o tiver tirado f\u00e9rias de 2 semanas ap\u00f3s 3 meses.<\/li>\n\n\n\n<li>O in\u00edcio das f\u00e9rias n\u00e3o precisa ser em uma segunda-feira.<\/li>\n\n\n\n<li>Voc\u00ea pode tirar f\u00e9rias de duas semanas novamente tr\u00eas meses ap\u00f3s as f\u00e9rias anteriores.<\/li>\n\n\n\n<li>As f\u00e9rias de 1 m\u00eas (4 semanas) podem ser tiradas novamente 6 meses ap\u00f3s as f\u00e9rias anteriores.<\/li>\n\n\n\n<li>Se as f\u00e9rias se estenderem por semestres, ser\u00e1 necess\u00e1rio um dia de aconselhamento on-line e a inscri\u00e7\u00e3o para as aulas do pr\u00f3ximo semestre (on-line).<\/li>\n\n\n\n<li>As f\u00e9rias de quatro semanas podem ser divididas em uma semana e tr\u00eas semanas ou dois per\u00edodos de duas semanas, mas n\u00e3o em quatro semanas separadas.<\/li>\n\n\n\n<li>As f\u00e9rias de 2 semanas podem ser divididas em dois per\u00edodos de 1 semana.<\/li>\n\n\n\n<li>Se as f\u00e9rias forem divididas, as f\u00e9rias restantes dever\u00e3o ser usadas dentro de 4 semanas ap\u00f3s o t\u00e9rmino da primeira metade das f\u00e9rias. Se n\u00e3o for usado, voc\u00ea perder\u00e1 o direito a ele.<\/li>\n\n\n\n<li>As solicita\u00e7\u00f5es de f\u00e9rias divididas s\u00e3o feitas de uma s\u00f3 vez.<\/li>\n<\/ul>\n\n<h3 class=\"wp-block-heading jinr-heading d--bold\">F\u00e9rias n\u00e3o estendidas<\/h3>\n\n<ul class=\"jinr-list wp-block-list\">\n<li>A data de t\u00e9rmino n\u00e3o \u00e9 estendida (os dias de aula pagos s\u00e3o consumidos durante o intervalo).<\/li>\n\n\n\n<li>Licen\u00e7a no exterior: Licen\u00e7a que envolve viagem para fora dos EUA para assuntos pessoais, como visitar a fam\u00edlia em seu pa\u00eds de origem.<\/li>\n\n\n\n<li>Licen\u00e7a m\u00e9dica: Descanso permitido pelo per\u00edodo indicado por um m\u00e9dico dos EUA (MD) para doen\u00e7a ou parto.<\/li>\n\n\n\n<li>N\u00e3o \u00e9 recomend\u00e1vel que voc\u00ea tire mais de um m\u00eas e meio de f\u00e9rias por qualquer motivo.<\/li>\n\n\n\n<li>Ap\u00f3s o t\u00e9rmino das f\u00e9rias, voc\u00ea deve retornar \u00e0 escola no dia seguinte.<\/li>\n\n\n\n<li>Se as f\u00e9rias se estenderem por semestres, ser\u00e1 necess\u00e1rio um dia de aconselhamento on-line e a inscri\u00e7\u00e3o para as aulas do pr\u00f3ximo semestre (on-line).<\/li>\n<\/ul>\n\n<h4 class=\"wp-block-heading jinr-heading d--bold\">Licen\u00e7a no exterior<\/h4>\n\n<ul class=\"jinr-list wp-block-list\">\n<li>As reservas de passagens a\u00e9reas devem ser enviadas para voc\u00ea tirar f\u00e9rias no exterior.<\/li>\n\n\n\n<li>Se voc\u00ea quiser fazer altera\u00e7\u00f5es depois de solicitar a licen\u00e7a no exterior, mas antes de sair do pa\u00eds, isso ser\u00e1 poss\u00edvel se as informa\u00e7\u00f5es sobre a reserva do avi\u00e3o forem enviadas juntas. Entretanto, em casos de emerg\u00eancia, a data de retorno pode ser alterada ap\u00f3s a sa\u00edda do pa\u00eds.<\/li>\n<\/ul>\n\n<h4 class=\"wp-block-heading jinr-heading d--bold\">Licen\u00e7a m\u00e9dica<\/h4>\n\n<ul class=\"jinr-list wp-block-list\">\n<li>\u00c9 necess\u00e1rio o envio de um diagn\u00f3stico de um m\u00e9dico dos EUA.  <\/li>\n\n\n\n<li>Diagn\u00f3sticos de dentistas ou quiropr\u00e1ticos n\u00e3o s\u00e3o aceitos (somente m\u00e9dicos s\u00e3o v\u00e1lidos).<\/li>\n\n\n\n<li>O prazo para enviar um atestado m\u00e9dico \u00e9 de uma semana ap\u00f3s o retorno \u00e0 escola depois de ficar doente.<\/li>\n<\/ul>\n\n<h2 class=\"wp-block-heading jinr-heading d--bold\"><strong>Como solicitar f\u00e9rias<\/strong><\/h2>\n\n<p>H\u00e1 duas maneiras de voc\u00ea solicitar f\u00e9rias:<\/p>\n\n<ul class=\"jinr-list wp-block-list\">\n<li>Preenchendo o Formul\u00e1rio de Solicita\u00e7\u00e3o de F\u00e9rias Online.<\/li>\n\n\n\n<li>Preenchendo o Formul\u00e1rio de Solicita\u00e7\u00e3o de F\u00e9rias (em papel).<\/li>\n<\/ul>\n\n<p>Observe que n\u00e3o s\u00e3o permitidas aplica\u00e7\u00f5es retroativas.<\/p>\n\n<h3 class=\"wp-block-heading jinr-heading d--bold\">Formul\u00e1rio de solicita\u00e7\u00e3o de f\u00e9rias on-line<\/h3>\n\n<p>Voc\u00ea pode se inscrever usando o formul\u00e1rio abaixo.<\/p>\n<section class='b--jinr-block b--jinr-button   js--scr-animation block_555c4bc2-e2fa-4cab-8705-9b2a225d07de'>\n\t\t\t\t\t<div class=\"o--button-inner d--button-type4 d--button-outline d--button-outline-hover-halftransparent  d--button-center\"><span class=\"a--button-hover\"><a href=\"https:\/\/form.jotform.com\/240046302435040\" target=\"_blank\" rel=\"noopener\"><span>Online Vacation Request Form<\/span><\/a><\/span><\/div>\n\t\t\t\t<\/section>\n<h3 class=\"wp-block-heading jinr-heading d--bold\"><strong>Formul\u00e1rio de solicita\u00e7\u00e3o de f\u00e9rias (em papel)<\/strong><\/h3>\n\n<p>Preencha o formul\u00e1rio na recep\u00e7\u00e3o.<\/p>\n<section class=\"b--jinr-block b--jinr-blogcard d--blogcard-hover-up d--blogcard-style1 d--blogcard-mysite t--round \"><div class=\"a--blogcard-label ef\">\u3042\u308f\u305b\u3066\u8aad\u307f\u305f\u3044<\/div><a class=\"o--blogcard-link t--round\" href=\"https:\/\/www.academiaschool.edu\/current-student\/\"><div class=\"c--blogcard-image\"><img loading=\"lazy\" decoding=\"async\" class=\"a--blogcard-img-src\" width=\"128\" height=\"72\" src=\"https:\/\/www.academiaschool.edu\/wp-content\/uploads\/2025\/02\/\u540d\u79f0\u672a\u8a2d\u5b9a\u306e\u30c7\u30b6\u30a4\u30f3-7.png\" alt=\"For Current Students\" \/><\/div><div class=\"a--blogcard-title d--bold\">For Current Students<\/div><\/a><\/section>","protected":false},"excerpt":{"rendered":"<p>Tipos de f\u00e9rias H\u00e1 dois tipos de f\u00e9rias dispon\u00edveis: Tipo Detalhes Extens\u00e3o da data de t\u00e9rmino do estudo Tratada como aus\u00eancia F\u00e9rias prolongadas 2 semanas ap\u00f3s 3 meses de estudo1 m\u00eas (4 semanas) ap\u00f3s 6 meses de estudo se voc\u00ea n\u00e3o tirar as 2 semanas de f\u00e9rias Estender N\u00e3o F\u00e9rias n\u00e3o estendidas Licen\u00e7a no exterior, [&hellip;]<\/p>\n","protected":false},"author":1,"featured_media":0,"parent":5346,"menu_order":0,"comment_status":"closed","ping_status":"closed","template":"","meta":{"_jinr_url_youtube":"","_jinr_pip_youtube":false,"_jinr_time_youtube":"","_jinr_thumb_youtube":"","_jinr_media_youtube":"","_jinr_category_edit":false,"_jinr_category":"","_jinr_title_display":false,"_jinr_snsbutton_display":false,"_jinr_ads_display":false,"_jinr_thumbnail_display":false,"_jinr_profile_display":false,"_jinr_representations_display":false,"_jinr_relatedpost_display":false,"_jinr_sidebar1col_display":false,"_jinr_sidebar2col_display":false,"_jinr_seotitle_display":"","_jinr_description_display":"","_jinr_keyword_display":"","_jinr_hastag_display":"","_jinr_canonical_display":"","_jinr_noindex_display":false,"_jinr_paidpost":false,"_jinr_paidpost_product_id":"","_jinr_headtag_article":"","footnotes":""},"class_list":["post-5362","page","type-page","status-publish","hentry"],"_links":{"self":[{"href":"https:\/\/www.academiaschool.edu\/pt-br\/wp-json\/wp\/v2\/pages\/5362","targetHints":{"allow":["GET"]}}],"collection":[{"href":"https:\/\/www.academiaschool.edu\/pt-br\/wp-json\/wp\/v2\/pages"}],"about":[{"href":"https:\/\/www.academiaschool.edu\/pt-br\/wp-json\/wp\/v2\/types\/page"}],"author":[{"embeddable":true,"href":"https:\/\/www.academiaschool.edu\/pt-br\/wp-json\/wp\/v2\/users\/1"}],"replies":[{"embeddable":true,"href":"https:\/\/www.academiaschool.edu\/pt-br\/wp-json\/wp\/v2\/comments?post=5362"}],"version-history":[{"count":3,"href":"https:\/\/www.academiaschool.edu\/pt-br\/wp-json\/wp\/v2\/pages\/5362\/revisions"}],"predecessor-version":[{"id":5365,"href":"https:\/\/www.academiaschool.edu\/pt-br\/wp-json\/wp\/v2\/pages\/5362\/revisions\/5365"}],"up":[{"embeddable":true,"href":"https:\/\/www.academiaschool.edu\/pt-br\/wp-json\/wp\/v2\/pages\/5346"}],"wp:attachment":[{"href":"https:\/\/www.academiaschool.edu\/pt-br\/wp-json\/wp\/v2\/media?parent=5362"}],"curies":[{"name":"wp","href":"https:\/\/api.w.org\/{rel}","templated":true}]}}