{"id":5358,"date":"2024-04-19T08:20:46","date_gmt":"2024-04-19T18:20:46","guid":{"rendered":"https:\/\/academia-school.net\/para-alunos-atuais\/horario-das-aulas\/"},"modified":"2025-01-02T21:22:43","modified_gmt":"2025-01-03T07:22:43","slug":"horario-das-aulas","status":"publish","type":"page","link":"https:\/\/www.academiaschool.edu\/pt-br\/para-alunos-atuais\/horario-das-aulas\/","title":{"rendered":"Hor\u00e1rio das aulas"},"content":{"rendered":"\n<section class=\"wp-block-jinr-blocks-fullwidth b--jinr-block b--jinr-fullwidth-container d--top-margin-xs-pc d--bottom-margin-xs-pc d--top-margin-xs-sp d--bottom-margin-xs-sp \"><section class=\"b--jinr-fullwidth d--fullwidth-parallax-off d--fullwidth-deco-bgimage\"><div class=\"a--jinr-fullwidth-image\"><div class=\"a--jinr-fullwidth-image-clip\"><img decoding=\"async\" src=\"https:\/\/www.academiaschool.edu\/wp-content\/uploads\/2024\/03\/\u30b9\u30af\u30ea\u30fc\u30f3\u30b7\u30e7\u30c3\u30c8-2024-03-26-\u5348\u5f8c8.22.12.webp\"\/><\/div><\/div><div class=\"a--jinr-fullwidth-overlay\" style=\"background-color:rgba(255,255,255,0);opacity:0.25\"><\/div><div class=\"d--fullwidth-100 d--fullwidth-pad40 d--fullwidth-pad0-sp t--main-width\" style=\"color:false\">\n<p class=\"has-text-align-center has-white-color has-text-color has-link-color wp-elements-bf9c893dc5dbff96a360b455d2262cce\"><span class=\"jinr-d--font-size d--fontsize-36px\"><strong><strong>Hor\u00e1rio das aulas<\/strong><\/strong><\/span><\/p>\n<\/div><\/section><\/section>\n\n<h2 class=\"wp-block-heading jinr-heading d--bold\">Cronograma do per\u00edodo de inverno de 2025<\/h2>\n\n<figure class=\"wp-block-image size-full\"><img decoding=\"async\" src=\"https:\/\/www.academiaschool.edu\/wp-content\/uploads\/2025\/01\/&#x30B9;&#x30AF;&#x30EA;&#x30FC;&#x30F3;&#x30B7;&#x30E7;&#x30C3;&#x30C8;-2025-01-02-&#x5348;&#x5F8C;9.16.50.png\" alt=\"\" class=\"wp-image-7194\"\/><\/figure>\n\n<p>PDF: <a href=\"https:\/\/www.academiaschool.edu\/wp-content\/uploads\/2025\/01\/ALS_Winter_2025-_Schedule.pdf\" data-type=\"link\" data-id=\"https:\/\/www.academiaschool.edu\/wp-content\/uploads\/2025\/01\/ALS_Winter_2025-_Schedule.pdf\" target=\"_blank\" rel=\"noreferrer noopener\">Cronograma do per\u00edodo de inverno de 2025<\/a><\/p>\n\n<h2 class=\"wp-block-heading jinr-heading d--bold\">Calend\u00e1rio anual de prazos<\/h2>\n\n<figure class=\"wp-block-image size-full\"><img decoding=\"async\" src=\"https:\/\/www.academiaschool.edu\/wp-content\/uploads\/2024\/12\/&#x30B9;&#x30AF;&#x30EA;&#x30FC;&#x30F3;&#x30B7;&#x30E7;&#x30C3;&#x30C8;-2024-12-05-&#x5348;&#x524D;9.44.17.png\" alt=\"\" class=\"wp-image-6833\"\/><\/figure>\n\n<p><br\/>PDF: <a href=\"https:\/\/www.academiaschool.edu\/wp-content\/uploads\/2024\/12\/Term-Calendar-2025-REV-1.pdf\" data-type=\"link\" data-id=\"https:\/\/www.academiaschool.edu\/wp-content\/uploads\/2024\/04\/Term-Calendar-2024.pdf\" target=\"_blank\" rel=\"noreferrer noopener\">Calend\u00e1rio anual de 2025<\/a><br\/>PDF: <a href=\"https:\/\/www.academiaschool.edu\/wp-content\/uploads\/2024\/12\/Term-Calendar-2026-REV-1.pdf\" data-type=\"link\" data-id=\"https:\/\/www.academiaschool.edu\/wp-content\/uploads\/2024\/04\/Term-Calendar-2024.pdf\" target=\"_blank\" rel=\"noreferrer noopener\">Calend\u00e1rio anual de 2026<\/a><br\/>PDF: <a href=\"https:\/\/www.academiaschool.edu\/wp-content\/uploads\/2024\/12\/Term-Calendar-2027-REV.pdf\" data-type=\"link\" data-id=\"https:\/\/www.academiaschool.edu\/wp-content\/uploads\/2024\/04\/Term-Calendar-2024.pdf\" target=\"_blank\" rel=\"noreferrer noopener\">Calend\u00e1rio anual de 2027<\/a><\/p>\n\n<div class=\"wp-block-columns js--scr-animation is-layout-flex wp-container-core-columns-is-layout-9d6595d7 wp-block-columns-is-layout-flex\">\n<div class=\"wp-block-column is-layout-flow wp-block-column-is-layout-flow\">\n<p class=\"has-text-align-center\"><span class=\"jin-icons in--p jin-ifont-comment\"><\/span> <a href=\"https:\/\/wa.me\/message\/XNHGHW2TGDJ2I1\" target=\"_blank\" rel=\"noreferrer noopener nofollow\">WhatsAPP<\/a><\/p>\n<\/div>\n\n\n\n<div class=\"wp-block-column is-layout-flow wp-block-column-is-layout-flow\">\n<p class=\"has-text-align-center\"><span class=\"jin-icons in--p jin-ifont-comment\"><\/span> <a href=\"https:\/\/line.me\/R\/ti\/p\/@876dbswf?oat_content=url\" target=\"_blank\" rel=\"noreferrer noopener nofollow\">LINE<\/a><\/p>\n<\/div>\n\n\n\n<div class=\"wp-block-column is-layout-flow wp-block-column-is-layout-flow\">\n<p class=\"has-text-align-center\"><span class=\"jin-icons in--p jin-ifont-comment\"><\/span> <a href=\"https:\/\/academia-sch.kr\/kakaotalk_page\/\" target=\"_blank\" rel=\"noreferrer noopener\">KakaoTalk<\/a><\/p>\n<\/div>\n<\/div>\n\n\n<section class='b--jinr-block b--jinr-button   js--scr-animation block_'>\n\t\t\t\t\t<div class=\"o--button-inner d--button-type1 d--button-solid d--button-solid-hover-down d--button-solid-animation-expand d--button-center\"><span class=\"a--button-hover\"><a href=\"https:\/\/form.jotform.com\/241172060846048\" target=\"_blank\" rel=\"noopener\"><span>Contact Form<\/span><\/a><\/span><\/div>\n\t\t\t\t<\/section>\n<p><\/p>\n","protected":false},"excerpt":{"rendered":"<p>Cronograma do per\u00edodo de inverno de 2025 PDF: Cronograma do per\u00edodo de inverno de 2025 Calend\u00e1rio anual de prazos PDF: Calend\u00e1rio anual de 2025PDF: Calend\u00e1rio anual de 2026PDF: Calend\u00e1rio anual de 2027<\/p>\n","protected":false},"author":1,"featured_media":0,"parent":5346,"menu_order":0,"comment_status":"closed","ping_status":"closed","template":"","meta":{"_jinr_url_youtube":"","_jinr_pip_youtube":false,"_jinr_time_youtube":"","_jinr_thumb_youtube":"","_jinr_media_youtube":"","_jinr_category_edit":false,"_jinr_category":"","_jinr_title_display":false,"_jinr_snsbutton_display":false,"_jinr_ads_display":false,"_jinr_thumbnail_display":false,"_jinr_profile_display":false,"_jinr_representations_display":false,"_jinr_relatedpost_display":false,"_jinr_sidebar1col_display":false,"_jinr_sidebar2col_display":false,"_jinr_seotitle_display":"","_jinr_description_display":"","_jinr_keyword_display":"","_jinr_hastag_display":"","_jinr_canonical_display":"","_jinr_noindex_display":false,"_jinr_paidpost":false,"_jinr_paidpost_product_id":"","_jinr_headtag_article":"","footnotes":""},"class_list":["post-5358","page","type-page","status-publish","hentry"],"_links":{"self":[{"href":"https:\/\/www.academiaschool.edu\/pt-br\/wp-json\/wp\/v2\/pages\/5358","targetHints":{"allow":["GET"]}}],"collection":[{"href":"https:\/\/www.academiaschool.edu\/pt-br\/wp-json\/wp\/v2\/pages"}],"about":[{"href":"https:\/\/www.academiaschool.edu\/pt-br\/wp-json\/wp\/v2\/types\/page"}],"author":[{"embeddable":true,"href":"https:\/\/www.academiaschool.edu\/pt-br\/wp-json\/wp\/v2\/users\/1"}],"replies":[{"embeddable":true,"href":"https:\/\/www.academiaschool.edu\/pt-br\/wp-json\/wp\/v2\/comments?post=5358"}],"version-history":[{"count":4,"href":"https:\/\/www.academiaschool.edu\/pt-br\/wp-json\/wp\/v2\/pages\/5358\/revisions"}],"predecessor-version":[{"id":7226,"href":"https:\/\/www.academiaschool.edu\/pt-br\/wp-json\/wp\/v2\/pages\/5358\/revisions\/7226"}],"up":[{"embeddable":true,"href":"https:\/\/www.academiaschool.edu\/pt-br\/wp-json\/wp\/v2\/pages\/5346"}],"wp:attachment":[{"href":"https:\/\/www.academiaschool.edu\/pt-br\/wp-json\/wp\/v2\/media?parent=5358"}],"curies":[{"name":"wp","href":"https:\/\/api.w.org\/{rel}","templated":true}]}}