{"id":5350,"date":"2024-03-27T13:50:13","date_gmt":"2024-03-27T23:50:13","guid":{"rendered":"https:\/\/academia-school.net\/para-alunos-atuais\/frequencia-e-expulsao-obrigatoria\/"},"modified":"2024-04-24T11:00:54","modified_gmt":"2024-04-24T21:00:54","slug":"frequencia-e-expulsao-obrigatoria","status":"publish","type":"page","link":"https:\/\/www.academiaschool.edu\/pt-br\/para-alunos-atuais\/frequencia-e-expulsao-obrigatoria\/","title":{"rendered":"Frequ\u00eancia e expuls\u00e3o obrigat\u00f3ria"},"content":{"rendered":"\n<section class=\"wp-block-jinr-blocks-fullwidth b--jinr-block b--jinr-fullwidth-container d--top-margin-xs-pc d--bottom-margin-xs-pc d--top-margin-xs-sp d--bottom-margin-xs-sp \"><section class=\"b--jinr-fullwidth d--fullwidth-parallax-off d--fullwidth-deco-bgimage\"><div class=\"a--jinr-fullwidth-image\"><div class=\"a--jinr-fullwidth-image-clip\"><img decoding=\"async\" src=\"https:\/\/www.academiaschool.edu\/wp-content\/uploads\/2024\/03\/\u30b9\u30af\u30ea\u30fc\u30f3\u30b7\u30e7\u30c3\u30c8-2024-03-26-\u5348\u5f8c8.22.12.webp\"\/><\/div><\/div><div class=\"a--jinr-fullwidth-overlay\" style=\"background-color:rgba(255,255,255,0);opacity:0.25\"><\/div><div class=\"d--fullwidth-100 d--fullwidth-pad40 d--fullwidth-pad0-sp t--main-width\" style=\"color:false\">\n<p class=\"has-text-align-center has-white-color has-text-color has-link-color wp-elements-eec30a8acfd8cfddf2f0d429fb4fd8bc\"><span class=\"jinr-d--font-size d--fontsize-36px\"><strong><strong>Frequ\u00eancia e expuls\u00e3o obrigat\u00f3ria<\/strong><\/strong><\/span><\/p>\n<\/div><\/section><\/section>\n\n<h2 class=\"wp-block-heading jinr-heading d--bold\"><strong>Sobre a taxa de participa\u00e7\u00e3o<\/strong><\/h2>\n\n<p>Consulte as informa\u00e7\u00f5es a seguir sobre os tipos de f\u00e9rias.<\/p>\n<section class=\"b--jinr-block b--jinr-blogcard d--blogcard-hover-up d--blogcard-style1 d--blogcard-mysite t--round \"><div class=\"a--blogcard-label ef\">Related Page<\/div><a class=\"o--blogcard-link t--round\" href=\"https:\/\/www.academiaschool.edu\/current-student\/vacation\/\"><div class=\"c--blogcard-image\"><img loading=\"lazy\" decoding=\"async\" class=\"a--blogcard-img-src\" width=\"128\" height=\"72\" src=\"https:\/\/www.academiaschool.edu\/wp-content\/uploads\/2025\/02\/\u540d\u79f0\u672a\u8a2d\u5b9a\u306e\u30c7\u30b6\u30a4\u30f3-7.png\" alt=\"Vacation &amp; Leave\" \/><\/div><div class=\"a--blogcard-title d--bold\">Vacation &amp; Leave<\/div><\/a><\/section>\n<p>A solicita\u00e7\u00e3o de f\u00e9rias n\u00e3o conta como &#8220;aus\u00eancia&#8221;, mas tamb\u00e9m n\u00e3o conta como &#8220;presen\u00e7a&#8221;. Essencialmente, esses dias n\u00e3o s\u00e3o contados como dias de presen\u00e7a obrigat\u00f3ria.<\/p>\n\n<h3 class=\"wp-block-heading jinr-heading d--bold\"><strong>Exemplo para um per\u00edodo de 40 dias com 8 dias de folga<\/strong><\/h3>\n\n<figure class=\"wp-block-table is-style-regular\"><table><tbody><tr><td>Tipo de aus\u00eancia<\/td><td>Dias de presen\u00e7a poss\u00edveis<\/td><td>Dias de atendimento<\/td><td>Taxa de comparecimento<\/td><\/tr><tr><td>Aus\u00eancia n\u00e3o justificada<\/td><td>40 dias<\/td><td>32 dias<\/td><td>80%<\/td><\/tr><tr><td>F\u00e9rias prolongadas<\/td><td>32 dias (8 dias n\u00e3o contados de 40 dias)<\/td><td>32 dias<\/td><td>100%<\/td><\/tr><tr><td>F\u00e9rias n\u00e3o estendidas<\/td><td>32 dias (8 dias n\u00e3o contados de 40 dias)<\/td><td>32 dias<\/td><td>100%<\/td><\/tr><\/tbody><\/table><figcaption class=\"wp-element-caption\">Se voc\u00ea n\u00e3o fizer nenhuma solicita\u00e7\u00e3o, os dias ser\u00e3o contados entre os poss\u00edveis dias de presen\u00e7a.<\/figcaption><\/figure>\n\n<h3 class=\"wp-block-heading jinr-heading d--bold\"><strong>Exemplo de um per\u00edodo de 40 dias com 8 dias de folga e mais 8 dias de aus\u00eancia n\u00e3o justificada<\/strong><\/h3>\n\n<figure class=\"wp-block-table\"><table><tbody><tr><td>Tipo de aus\u00eancia<\/td><td>Dias de presen\u00e7a poss\u00edveis<\/td><td>Dias de atendimento<\/td><td>Taxa de comparecimento<\/td><\/tr><tr><td>Aus\u00eancia n\u00e3o justificada<\/td><td>40 dias<\/td><td>24 dias<\/td><td>60%<\/td><\/tr><tr><td>F\u00e9rias prolongadas<\/td><td>32 dias (8 dias n\u00e3o contados de 40 dias)<\/td><td>24 dias<\/td><td>75%<\/td><\/tr><tr><td>F\u00e9rias n\u00e3o estendidas<\/td><td>32 dias (8 dias n\u00e3o contados de 40 dias)<\/td><td>24 dias<\/td><td>75%<\/td><\/tr><\/tbody><\/table><figcaption class=\"wp-element-caption\">Tirar f\u00e9rias reduz o n\u00famero de dias poss\u00edveis de comparecimento (denominador da taxa de comparecimento) e, portanto, as aus\u00eancias subsequentes t\u00eam um impacto maior sobre a taxa de comparecimento.<\/figcaption><\/figure>\n\n<h2 class=\"wp-block-heading jinr-heading d--bold\"><strong>Regras para expuls\u00e3o obrigat\u00f3ria<\/strong><\/h2>\n\n<p>Os fatores que levam \u00e0 expuls\u00e3o obrigat\u00f3ria s\u00e3o os seguintes:<\/p>\n\n<p><strong>Fatores relacionados \u00e0 presen\u00e7a<\/strong><\/p>\n\n<p>Observe que, se for expulso, voc\u00ea dever\u00e1 deixar o pa\u00eds ou transferir-se para outra escola e obter um novo I-20 dentro de 15 dias.<\/p>\n\n<h3 class=\"wp-block-heading jinr-heading d--bold\">Fatores relacionados \u00e0 assiduidade<\/h3>\n\n<figure class=\"wp-block-table\"><table><tbody><tr><td>Regra de 80% de presen\u00e7a<\/td><td>Se a sua frequ\u00eancia ficar abaixo de 80% por dois semestres consecutivos, voc\u00ea ser\u00e1 expulso ap\u00f3s o final do semestre.<\/td><\/tr><tr><td>Regra de 60% de presen\u00e7a<\/td><td>Se sua frequ\u00eancia ficar abaixo de 60%, voc\u00ea ser\u00e1 expulso ap\u00f3s o final do semestre.<\/td><\/tr><\/tbody><\/table><\/figure>\n\n<p>Receber uma nota &#8220;F&#8221; aciona uma advert\u00eancia da escola e, se voc\u00ea receber notas &#8220;F&#8221; por dois semestres consecutivos, ser\u00e1 expulso.<\/p>\n<section class=\"b--jinr-block b--jinr-blogcard d--blogcard-hover-up d--blogcard-style1 d--blogcard-mysite t--round \"><div class=\"a--blogcard-label ef\">Related Page<\/div><a class=\"o--blogcard-link t--round\" href=\"https:\/\/www.academiaschool.edu\/current-student\/\"><div class=\"c--blogcard-image\"><img loading=\"lazy\" decoding=\"async\" class=\"a--blogcard-img-src\" width=\"128\" height=\"72\" src=\"https:\/\/www.academiaschool.edu\/wp-content\/uploads\/2025\/02\/\u540d\u79f0\u672a\u8a2d\u5b9a\u306e\u30c7\u30b6\u30a4\u30f3-7.png\" alt=\"For Current Students\" \/><\/div><div class=\"a--blogcard-title d--bold\">For Current Students<\/div><\/a><\/section>","protected":false},"excerpt":{"rendered":"<p>Sobre a taxa de participa\u00e7\u00e3o Consulte as informa\u00e7\u00f5es a seguir sobre os tipos de f\u00e9rias. A solicita\u00e7\u00e3o de f\u00e9rias n\u00e3o conta como &#8220;aus\u00eancia&#8221;, mas tamb\u00e9m n\u00e3o conta como &#8220;presen\u00e7a&#8221;. Essencialmente, esses dias n\u00e3o s\u00e3o contados como dias de presen\u00e7a obrigat\u00f3ria. Exemplo para um per\u00edodo de 40 dias com 8 dias de folga Tipo de aus\u00eancia [&hellip;]<\/p>\n","protected":false},"author":1,"featured_media":0,"parent":5346,"menu_order":0,"comment_status":"closed","ping_status":"closed","template":"","meta":{"_jinr_url_youtube":"","_jinr_pip_youtube":false,"_jinr_time_youtube":"","_jinr_thumb_youtube":"","_jinr_media_youtube":"","_jinr_category_edit":false,"_jinr_category":"","_jinr_title_display":false,"_jinr_snsbutton_display":false,"_jinr_ads_display":false,"_jinr_thumbnail_display":false,"_jinr_profile_display":false,"_jinr_representations_display":false,"_jinr_relatedpost_display":false,"_jinr_sidebar1col_display":false,"_jinr_sidebar2col_display":false,"_jinr_seotitle_display":"","_jinr_description_display":"","_jinr_keyword_display":"","_jinr_hastag_display":"","_jinr_canonical_display":"","_jinr_noindex_display":false,"_jinr_paidpost":false,"_jinr_paidpost_product_id":"","_jinr_headtag_article":"","footnotes":""},"class_list":["post-5350","page","type-page","status-publish","hentry"],"_links":{"self":[{"href":"https:\/\/www.academiaschool.edu\/pt-br\/wp-json\/wp\/v2\/pages\/5350","targetHints":{"allow":["GET"]}}],"collection":[{"href":"https:\/\/www.academiaschool.edu\/pt-br\/wp-json\/wp\/v2\/pages"}],"about":[{"href":"https:\/\/www.academiaschool.edu\/pt-br\/wp-json\/wp\/v2\/types\/page"}],"author":[{"embeddable":true,"href":"https:\/\/www.academiaschool.edu\/pt-br\/wp-json\/wp\/v2\/users\/1"}],"replies":[{"embeddable":true,"href":"https:\/\/www.academiaschool.edu\/pt-br\/wp-json\/wp\/v2\/comments?post=5350"}],"version-history":[{"count":3,"href":"https:\/\/www.academiaschool.edu\/pt-br\/wp-json\/wp\/v2\/pages\/5350\/revisions"}],"predecessor-version":[{"id":5353,"href":"https:\/\/www.academiaschool.edu\/pt-br\/wp-json\/wp\/v2\/pages\/5350\/revisions\/5353"}],"up":[{"embeddable":true,"href":"https:\/\/www.academiaschool.edu\/pt-br\/wp-json\/wp\/v2\/pages\/5346"}],"wp:attachment":[{"href":"https:\/\/www.academiaschool.edu\/pt-br\/wp-json\/wp\/v2\/media?parent=5350"}],"curies":[{"name":"wp","href":"https:\/\/api.w.org\/{rel}","templated":true}]}}