{"id":5346,"date":"2024-03-14T12:42:26","date_gmt":"2024-03-14T22:42:26","guid":{"rendered":"https:\/\/academia-school.net\/para-alunos-atuais\/"},"modified":"2024-04-24T11:00:42","modified_gmt":"2024-04-24T21:00:42","slug":"para-alunos-atuais","status":"publish","type":"page","link":"https:\/\/www.academiaschool.edu\/pt-br\/para-alunos-atuais\/","title":{"rendered":"Para alunos atuais"},"content":{"rendered":"\n<section class=\"wp-block-jinr-blocks-fullwidth b--jinr-block b--jinr-fullwidth-container d--top-margin-xs-pc d--bottom-margin-xs-pc d--top-margin-xs-sp d--bottom-margin-xs-sp \"><section class=\"b--jinr-fullwidth d--fullwidth-parallax-off d--fullwidth-deco-bgimage\"><div class=\"a--jinr-fullwidth-image\"><div class=\"a--jinr-fullwidth-image-clip\"><img decoding=\"async\" src=\"https:\/\/www.academiaschool.edu\/wp-content\/uploads\/2024\/03\/\u30b9\u30af\u30ea\u30fc\u30f3\u30b7\u30e7\u30c3\u30c8-2024-03-26-\u5348\u5f8c8.22.12.webp\"\/><\/div><\/div><div class=\"a--jinr-fullwidth-overlay\" style=\"background-color:rgba(255,255,255,0);opacity:0.25\"><\/div><div class=\"d--fullwidth-100 d--fullwidth-pad40 d--fullwidth-pad0-sp t--main-width\" style=\"color:false\">\n<p class=\"has-text-align-center has-white-color has-text-color has-link-color wp-elements-6592711bd9071b45e1991a11377b4cef\"><span class=\"jinr-d--font-size d--fontsize-36px\"><strong><strong>Para alunos atuais<\/strong><\/strong><\/span><\/p>\n<\/div><\/section><\/section>\n\n<h2 class=\"wp-block-heading jinr-heading d--bold\"><strong>Para alunos atuais<\/strong><\/h2>\n\n<p>S\u00e3o fornecidas as informa\u00e7\u00f5es necess\u00e1rias para a vida estudantil dos alunos atuais.<\/p>\n\n<p><span class=\"jin-icons in--p jin-ifont-doublearrow\"><\/span><a href=\"https:\/\/www.academiaschool.edu\/pt-br\/para-alunos-atuais\/ferias\/\">Sobre as f\u00e9rias<\/a><\/p>\n\n<p><span class=\"jin-icons in--p jin-ifont-doublearrow\"><\/span><a href=\"https:\/\/www.academiaschool.edu\/pt-br\/para-alunos-atuais\/frequencia-e-expulsao-obrigatoria\/\">Regras de frequ\u00eancia e retirada obrigat\u00f3ria<\/a><\/p>\n\n<p><span class=\"jin-icons in--p jin-ifont-doublearrow\"><\/span><a href=\"https:\/\/www.academiaschool.edu\/pt-br\/para-alunos-atuais\/registro-de-aulas\/\">Como se registrar para as aulas<\/a><\/p>\n\n<p><span class=\"jin-icons in--p jin-ifont-doublearrow\"><\/span><a href=\"https:\/\/www.academiaschool.edu\/pt-br\/para-alunos-atuais\/horario-das-aulas\/\">Hor\u00e1rio das aulas<\/a><\/p>\n\n<h2 class=\"wp-block-heading jinr-heading d--bold\"><strong>Formul\u00e1rio de solicita\u00e7\u00e3o e documentos<\/strong><\/h2>\n\n<p><a href=\"https:\/\/form.jotform.com\/241087279400051\">Formul\u00e1rio de solicita\u00e7\u00e3o de f\u00e9rias on-line<\/a><\/p>\n\n<p>Formul\u00e1rio de sa\u00edda (retorno ao pa\u00eds) : <a href=\"https:\/\/form.jotform.com\/241096101058044\" data-type=\"link\" data-id=\"https:\/\/form.jotform.com\/241096101058044\" target=\"_blank\" rel=\"noreferrer noopener\">Solicita\u00e7\u00e3o de conclus\u00e3o do curso<\/a><\/p>\n\n<p>Formul\u00e1rio de sa\u00edda (transfer\u00eancia): <a href=\"https:\/\/form.jotform.com\/241096704948061\" target=\"_blank\" rel=\"noreferrer noopener\">Solicita\u00e7\u00e3o de transfer\u00eancia<\/a><\/p>\n\n<p>PDF: <a href=\"https:\/\/www.academiaschool.edu\/wp-content\/uploads\/2024\/04\/Transcript-Request-Form.pdf\">Formul\u00e1rio de solicita\u00e7\u00e3o de transcri\u00e7\u00e3o<\/a><\/p>\n\n<p>PDF: <a href=\"https:\/\/www.academiaschool.edu\/wp-content\/uploads\/2024\/04\/Academia-Language-School-Code-of-Student-Conduct-1.pdf\">C\u00f3digo de Conduta do Aluno da Academia Language School<\/a><\/p>\n\n<p><a href=\"https:\/\/form.jotform.com\/241097793238062\" data-type=\"link\" data-id=\"https:\/\/form.jotform.com\/241097793238062\" target=\"_blank\" rel=\"noreferrer noopener\">Pacote de orienta\u00e7\u00e3o de boas-vindas para quem n\u00e3o tem o I-20<\/a><\/p>\n","protected":false},"excerpt":{"rendered":"<p>Para alunos atuais S\u00e3o fornecidas as informa\u00e7\u00f5es necess\u00e1rias para a vida estudantil dos alunos atuais. Sobre as f\u00e9rias Regras de frequ\u00eancia e retirada obrigat\u00f3ria Como se registrar para as aulas Hor\u00e1rio das aulas Formul\u00e1rio de solicita\u00e7\u00e3o e documentos Formul\u00e1rio de solicita\u00e7\u00e3o de f\u00e9rias on-line Formul\u00e1rio de sa\u00edda (retorno ao pa\u00eds) : Solicita\u00e7\u00e3o de conclus\u00e3o do [&hellip;]<\/p>\n","protected":false},"author":1,"featured_media":0,"parent":0,"menu_order":0,"comment_status":"closed","ping_status":"closed","template":"","meta":{"_jinr_url_youtube":"","_jinr_pip_youtube":false,"_jinr_time_youtube":"","_jinr_thumb_youtube":"","_jinr_media_youtube":"","_jinr_category_edit":false,"_jinr_category":"","_jinr_title_display":false,"_jinr_snsbutton_display":false,"_jinr_ads_display":false,"_jinr_thumbnail_display":false,"_jinr_profile_display":false,"_jinr_representations_display":false,"_jinr_relatedpost_display":false,"_jinr_sidebar1col_display":false,"_jinr_sidebar2col_display":false,"_jinr_seotitle_display":"","_jinr_description_display":"","_jinr_keyword_display":"","_jinr_hastag_display":"","_jinr_canonical_display":"","_jinr_noindex_display":false,"_jinr_paidpost":false,"_jinr_paidpost_product_id":"","_jinr_headtag_article":"","footnotes":""},"class_list":["post-5346","page","type-page","status-publish","hentry"],"_links":{"self":[{"href":"https:\/\/www.academiaschool.edu\/pt-br\/wp-json\/wp\/v2\/pages\/5346","targetHints":{"allow":["GET"]}}],"collection":[{"href":"https:\/\/www.academiaschool.edu\/pt-br\/wp-json\/wp\/v2\/pages"}],"about":[{"href":"https:\/\/www.academiaschool.edu\/pt-br\/wp-json\/wp\/v2\/types\/page"}],"author":[{"embeddable":true,"href":"https:\/\/www.academiaschool.edu\/pt-br\/wp-json\/wp\/v2\/users\/1"}],"replies":[{"embeddable":true,"href":"https:\/\/www.academiaschool.edu\/pt-br\/wp-json\/wp\/v2\/comments?post=5346"}],"version-history":[{"count":3,"href":"https:\/\/www.academiaschool.edu\/pt-br\/wp-json\/wp\/v2\/pages\/5346\/revisions"}],"predecessor-version":[{"id":5349,"href":"https:\/\/www.academiaschool.edu\/pt-br\/wp-json\/wp\/v2\/pages\/5346\/revisions\/5349"}],"wp:attachment":[{"href":"https:\/\/www.academiaschool.edu\/pt-br\/wp-json\/wp\/v2\/media?parent=5346"}],"curies":[{"name":"wp","href":"https:\/\/api.w.org\/{rel}","templated":true}]}}