{"id":5338,"date":"2024-03-21T12:33:42","date_gmt":"2024-03-21T22:33:42","guid":{"rendered":"https:\/\/academia-school.net\/taxas\/mensalidade-para-novos-alunos-com-visto-f-1\/"},"modified":"2026-01-06T08:31:59","modified_gmt":"2026-01-06T18:31:59","slug":"mensalidade-para-novos-alunos-com-visto-f-1","status":"publish","type":"page","link":"https:\/\/www.academiaschool.edu\/pt-br\/taxas\/mensalidade-para-novos-alunos-com-visto-f-1\/","title":{"rendered":"Mensalidade para novos alunos com visto F-1"},"content":{"rendered":"\n<section class=\"wp-block-jinr-blocks-fullwidth b--jinr-block b--jinr-fullwidth-container d--top-margin-xs-pc d--bottom-margin-xs-pc d--top-margin-xs-sp d--bottom-margin-xs-sp \"><section class=\"b--jinr-fullwidth d--fullwidth-parallax-off d--fullwidth-deco-bgimage\"><div class=\"a--jinr-fullwidth-image\"><div class=\"a--jinr-fullwidth-image-clip\"><img decoding=\"async\" src=\"https:\/\/www.academiaschool.edu\/wp-content\/uploads\/2024\/03\/sean-105m46GatAg-unsplash-2.webp\"\/><\/div><\/div><div class=\"a--jinr-fullwidth-overlay\" style=\"background-color:#f5f5f5;opacity:0\"><\/div><div class=\"d--fullwidth-max d--fullwidth-pad40 d--fullwidth-pad0-sp t--main-width\" style=\"color:false\">\n<p class=\"has-text-align-center has-white-color has-text-color has-link-color wp-elements-5b0fcefb551d58dd284f4ec03c789632\"><span class=\"jinr-d--font-size d--fontsize-36px\"><strong><strong>Mensalidade para novos alunos com visto F-1<\/strong><\/strong><\/span><\/p>\n<\/div><\/section><\/section>\n\n<h2 class=\"wp-block-heading jinr-heading d--bold\"><strong><strong>Lista de mensalidades semanais para alunos com visto F-1<\/strong><\/strong><\/h2>\n\n<div class=\"wp-block-columns js--scr-animation is-layout-flex wp-container-core-columns-is-layout-9d6595d7 wp-block-columns-is-layout-flex\">\n<div class=\"wp-block-column is-layout-flow wp-block-column-is-layout-flow\">\n<figure class=\"wp-block-table is-style-stripes\"><table class=\"has-fixed-layout\"><tbody><tr><td class=\"has-text-align-right\" data-align=\"right\"><strong>Semanas<\/strong><\/td><td class=\"has-text-align-right\" data-align=\"right\"><strong>Mensalidade de 2026<\/strong><br\/>(taxas inclu\u00eddas)<\/td><td class=\"has-text-align-center\" data-align=\"center\"><strong>Com o site inicial<\/strong><br\/>(imposto inclu\u00eddo)<\/td><\/tr><tr><td class=\"has-text-align-right\" data-align=\"right\">1<\/td><td class=\"has-text-align-right\" data-align=\"right\">309 $<\/td><td class=\"has-text-align-center\" data-align=\"center\">&#8211;<\/td><\/tr><tr><td class=\"has-text-align-right\" data-align=\"right\">2<\/td><td class=\"has-text-align-right\" data-align=\"right\">612 $<\/td><td class=\"has-text-align-center\" data-align=\"center\">&#8211;<\/td><\/tr><tr><td class=\"has-text-align-right\" data-align=\"right\">3<\/td><td class=\"has-text-align-right\" data-align=\"right\">918 $<\/td><td class=\"has-text-align-center\" data-align=\"center\">&#8211;<\/td><\/tr><tr><td class=\"has-text-align-right\" data-align=\"right\">4 (cerca de 1 m\u00eas)<\/td><td class=\"has-text-align-right\" data-align=\"right\">1.224 $<\/td><td class=\"has-text-align-center\" data-align=\"center\">&#8211;<\/td><\/tr><tr><td class=\"has-text-align-right\" data-align=\"right\">5<\/td><td class=\"has-text-align-right\" data-align=\"right\">1.513 $<\/td><td class=\"has-text-align-center\" data-align=\"center\">&#8211;<\/td><\/tr><tr><td class=\"has-text-align-right\" data-align=\"right\">6<\/td><td class=\"has-text-align-right\" data-align=\"right\">1.750 $<\/td><td class=\"has-text-align-center\" data-align=\"center\">&#8211;<\/td><\/tr><tr><td class=\"has-text-align-right\" data-align=\"right\">7<\/td><td class=\"has-text-align-right\" data-align=\"right\">2.060 $<\/td><td class=\"has-text-align-center\" data-align=\"center\">&#8211;<\/td><\/tr><tr><td class=\"has-text-align-right\" data-align=\"right\">8 (cerca de 2 meses)<\/td><td class=\"has-text-align-right\" data-align=\"right\">2.313 $<\/td><td class=\"has-text-align-right\" data-align=\"right\">2.548 $<\/td><\/tr><tr><td class=\"has-text-align-right\" data-align=\"right\">9<\/td><td class=\"has-text-align-right\" data-align=\"right\">2.552 $<\/td><td class=\"has-text-align-right\" data-align=\"right\">2.787 $<\/td><\/tr><tr><td class=\"has-text-align-right\" data-align=\"right\">10<\/td><td class=\"has-text-align-right\" data-align=\"right\">2.640 $<\/td><td class=\"has-text-align-right\" data-align=\"right\">2.875 $<\/td><\/tr><tr><td class=\"has-text-align-right\" data-align=\"right\">11<\/td><td class=\"has-text-align-right\" data-align=\"right\">2.750 $<\/td><td class=\"has-text-align-right\" data-align=\"right\">2.985 $<\/td><\/tr><tr><td class=\"has-text-align-right\" data-align=\"right\">12 (cerca de 3 meses)<\/td><td class=\"has-text-align-right\" data-align=\"right\">2.795 $<\/td><td class=\"has-text-align-right\" data-align=\"right\">3.030 $<\/td><\/tr><tr><td class=\"has-text-align-right\" data-align=\"right\">13<\/td><td class=\"has-text-align-right\" data-align=\"right\">3.381 $<\/td><td class=\"has-text-align-right\" data-align=\"right\">3.616 $<\/td><\/tr><tr><td class=\"has-text-align-right\" data-align=\"right\">14<\/td><td class=\"has-text-align-right\" data-align=\"right\">3.614 $<\/td><td class=\"has-text-align-right\" data-align=\"right\">3.849 $<\/td><\/tr><tr><td class=\"has-text-align-right\" data-align=\"right\">15<\/td><td class=\"has-text-align-right\" data-align=\"right\">3.801 $<\/td><td class=\"has-text-align-right\" data-align=\"right\">4.036 $<\/td><\/tr><tr><td class=\"has-text-align-right\" data-align=\"right\">16 (cerca de 4 meses)<\/td><td class=\"has-text-align-right\" data-align=\"right\">4.054 $<\/td><td class=\"has-text-align-right\" data-align=\"right\">4.289 $<\/td><\/tr><tr><td class=\"has-text-align-right\" data-align=\"right\">17<\/td><td class=\"has-text-align-right\" data-align=\"right\">4.338 $<\/td><td class=\"has-text-align-right\" data-align=\"right\">4.573 $<\/td><\/tr><tr><td class=\"has-text-align-right\" data-align=\"right\">18<\/td><td class=\"has-text-align-right\" data-align=\"right\">4.561 $<\/td><td class=\"has-text-align-right\" data-align=\"right\">4.796 $<\/td><\/tr><tr><td class=\"has-text-align-right\" data-align=\"right\">19<\/td><td class=\"has-text-align-right\" data-align=\"right\">4.817 $<\/td><td class=\"has-text-align-right\" data-align=\"right\">5.052 $<\/td><\/tr><tr><td class=\"has-text-align-right\" data-align=\"right\">20<\/td><td class=\"has-text-align-right\" data-align=\"right\">5.062 $<\/td><td class=\"has-text-align-right\" data-align=\"right\">5.297 $<\/td><\/tr><tr><td class=\"has-text-align-right\" data-align=\"right\">21<\/td><td class=\"has-text-align-right\" data-align=\"right\">$5,338<\/td><td class=\"has-text-align-right\" data-align=\"right\">5.573 $<\/td><\/tr><tr><td class=\"has-text-align-right\" data-align=\"right\">22<\/td><td class=\"has-text-align-right\" data-align=\"right\">5.561 $<\/td><td class=\"has-text-align-right\" data-align=\"right\">5.796 $<\/td><\/tr><tr><td class=\"has-text-align-right\" data-align=\"right\">23<\/td><td class=\"has-text-align-right\" data-align=\"right\">5.561 $<\/td><td class=\"has-text-align-right\" data-align=\"right\">5.796 $<\/td><\/tr><tr><td class=\"has-text-align-right\" data-align=\"right\">24 (cerca de 6 meses)<\/td><td class=\"has-text-align-right\" data-align=\"right\">5.561 $<\/td><td class=\"has-text-align-right\" data-align=\"right\">5.796 $<\/td><\/tr><\/tbody><\/table><\/figure>\n<\/div>\n\n\n\n<div class=\"wp-block-column is-layout-flow wp-block-column-is-layout-flow\">\n<figure class=\"wp-block-table is-style-stripes\"><table class=\"has-fixed-layout\"><tbody><tr><td class=\"has-text-align-right\" data-align=\"right\"><strong>Semanas<\/strong><\/td><td class=\"has-text-align-right\" data-align=\"right\"><strong>Mensalidade de 2026<\/strong><br\/>(taxas inclu\u00eddas)<\/td><td class=\"has-text-align-right\" data-align=\"right\"><strong>Com o site inicial<\/strong><br\/>(imposto inclu\u00eddo)<\/td><\/tr><tr><td class=\"has-text-align-right\" data-align=\"right\">25<\/td><td class=\"has-text-align-right\" data-align=\"right\">5.976 $<\/td><td class=\"has-text-align-right\" data-align=\"right\">6.211 $<\/td><\/tr><tr><td class=\"has-text-align-right\" data-align=\"right\">26<\/td><td class=\"has-text-align-right\" data-align=\"right\">6.346 $<\/td><td class=\"has-text-align-right\" data-align=\"right\">6.581 $<\/td><\/tr><tr><td class=\"has-text-align-right\" data-align=\"right\">27<\/td><td class=\"has-text-align-right\" data-align=\"right\">6.604 $<\/td><td class=\"has-text-align-right\" data-align=\"right\">6.839 $<\/td><\/tr><tr><td class=\"has-text-align-right\" data-align=\"right\">28<\/td><td class=\"has-text-align-right\" data-align=\"right\">6.829 $<\/td><td class=\"has-text-align-right\" data-align=\"right\">7.064 $<\/td><\/tr><tr><td class=\"has-text-align-right\" data-align=\"right\">29<\/td><td class=\"has-text-align-right\" data-align=\"right\">7.053 $<\/td><td class=\"has-text-align-right\" data-align=\"right\">7.288 $<\/td><\/tr><tr><td class=\"has-text-align-right\" data-align=\"right\">30<\/td><td class=\"has-text-align-right\" data-align=\"right\">7.278 $<\/td><td class=\"has-text-align-right\" data-align=\"right\">7.513 $<\/td><\/tr><tr><td class=\"has-text-align-right\" data-align=\"right\">31<\/td><td class=\"has-text-align-right\" data-align=\"right\">7.525 $<\/td><td class=\"has-text-align-right\" data-align=\"right\">7.760 $<\/td><\/tr><tr><td class=\"has-text-align-right\" data-align=\"right\">32<\/td><td class=\"has-text-align-right\" data-align=\"right\">7.768 $<\/td><td class=\"has-text-align-right\" data-align=\"right\">8.003 $<\/td><\/tr><tr><td class=\"has-text-align-right\" data-align=\"right\">33<\/td><td class=\"has-text-align-right\" data-align=\"right\">8.025 $<\/td><td class=\"has-text-align-right\" data-align=\"right\">8.260 $<\/td><\/tr><tr><td class=\"has-text-align-right\" data-align=\"right\">34<\/td><td class=\"has-text-align-right\" data-align=\"right\">8.249 $<\/td><td class=\"has-text-align-right\" data-align=\"right\">8.484 $<\/td><\/tr><tr><td class=\"has-text-align-right\" data-align=\"right\">35<\/td><td class=\"has-text-align-right\" data-align=\"right\">8.249 $<\/td><td class=\"has-text-align-right\" data-align=\"right\">8.484 $<\/td><\/tr><tr><td class=\"has-text-align-right\" data-align=\"right\">36<\/td><td class=\"has-text-align-right\" data-align=\"right\">8.361 $<\/td><td class=\"has-text-align-right\" data-align=\"right\">8.596 $<\/td><\/tr><tr><td class=\"has-text-align-right\" data-align=\"right\">37<\/td><td class=\"has-text-align-right\" data-align=\"right\">8.611 $<\/td><td class=\"has-text-align-right\" data-align=\"right\">8.846 $<\/td><\/tr><tr><td class=\"has-text-align-right\" data-align=\"right\">38<\/td><td class=\"has-text-align-right\" data-align=\"right\">8.780 $<\/td><td class=\"has-text-align-right\" data-align=\"right\">9.015 $<\/td><\/tr><tr><td class=\"has-text-align-right\" data-align=\"right\">39<\/td><td class=\"has-text-align-right\" data-align=\"right\">9.018 $<\/td><td class=\"has-text-align-right\" data-align=\"right\">9.253 $<\/td><\/tr><tr><td class=\"has-text-align-right\" data-align=\"right\">40<\/td><td class=\"has-text-align-right\" data-align=\"right\">9.058 $<\/td><td class=\"has-text-align-right\" data-align=\"right\">9.293 $<\/td><\/tr><tr><td class=\"has-text-align-right\" data-align=\"right\">41<\/td><td class=\"has-text-align-right\" data-align=\"right\">9.064 $<\/td><td class=\"has-text-align-right\" data-align=\"right\">9.299 $<\/td><\/tr><tr><td class=\"has-text-align-right\" data-align=\"right\">42<\/td><td class=\"has-text-align-right\" data-align=\"right\">9.153 $<\/td><td class=\"has-text-align-right\" data-align=\"right\">9.388 $<\/td><\/tr><tr><td class=\"has-text-align-right\" data-align=\"right\">43<\/td><td class=\"has-text-align-right\" data-align=\"right\">9.153 $<\/td><td class=\"has-text-align-right\" data-align=\"right\">9.388 $<\/td><\/tr><tr><td class=\"has-text-align-right\" data-align=\"right\">44<\/td><td class=\"has-text-align-right\" data-align=\"right\">9.153 $<\/td><td class=\"has-text-align-right\" data-align=\"right\">9.388 $<\/td><\/tr><tr><td class=\"has-text-align-right\" data-align=\"right\">45<\/td><td class=\"has-text-align-right\" data-align=\"right\">9.153 $<\/td><td class=\"has-text-align-right\" data-align=\"right\">9.388 $<\/td><\/tr><tr><td class=\"has-text-align-right\" data-align=\"right\">46<\/td><td class=\"has-text-align-right\" data-align=\"right\">9.153 $<\/td><td class=\"has-text-align-right\" data-align=\"right\">9.388 $<\/td><\/tr><tr><td class=\"has-text-align-right\" data-align=\"right\">47<\/td><td class=\"has-text-align-right\" data-align=\"right\">9.153 $<\/td><td class=\"has-text-align-right\" data-align=\"right\">9.388 $<\/td><\/tr><tr><td class=\"has-text-align-right\" data-align=\"right\">48 (Cerca de 1 ano)<\/td><td class=\"has-text-align-right\" data-align=\"right\">9.153 $<\/td><td class=\"has-text-align-right\" data-align=\"right\">9.388 $<\/td><\/tr><\/tbody><\/table><\/figure>\n<\/div>\n<\/div>\n\n<p class=\"has-text-align-center\"><strong>O valor inicial<\/strong> <strong>inclui uma taxa de inscri\u00e7\u00e3o n\u00e3o reembols\u00e1vel de 100 $ e uma taxa de tecnologia de 135 $.<\/strong><\/p>\n\n<p>Os alunos com visto de estudante (visto F-1) devem assistir a um m\u00ednimo de 20 horas de aulas por semana. As taxas acima permitem que voc\u00ea assista a aulas que atendam aos requisitos do I-20 necess\u00e1rios para um visto F-1.<\/p>\n\n<p>O per\u00edodo m\u00ednimo de matr\u00edcula para um visto de estudante (visto F-1) \u00e9 de 8 semanas. H\u00e1 descontos dispon\u00edveis dependendo da dura\u00e7\u00e3o da inscri\u00e7\u00e3o, como 8 semanas, 16 semanas, 24 semanas e 48 semanas.<\/p>\n\n<p>Voc\u00ea pode fazer o download da lista de pre\u00e7os semanais para alunos com visto F-1 (PDF) no link abaixo.<\/p>\n\n<p><strong>Download do PDF<\/strong>: <a href=\"https:\/\/www.academiaschool.edu\/wp-content\/uploads\/2025\/12\/I-20_Academia-Price-List_2026-4.pdf\">Lista de Pre\u00e7os I-20 2026 Academia<\/a><\/p>\n\n<p>Apenas para novas matr\u00edculas de estudantes I-20, que se inscrevem em programas de 8 semanas ou mais e solicitam um reembolso antes do in\u00edcio das aulas, uma taxa de processamento de reembolso de 100 $ ser\u00e1 deduzida do valor reembolsado.<\/p>\n<section class=\"b--jinr-block b--jinr-blogcard d--blogcard-hover-up d--blogcard-style1 d--blogcard-mysite t--round \"><div class=\"a--blogcard-label ef\">Related Page<\/div><a class=\"o--blogcard-link t--round\" href=\"https:\/\/www.academiaschool.edu\/fee\/\"><div class=\"c--blogcard-image\"><img loading=\"lazy\" decoding=\"async\" class=\"a--blogcard-img-src\" width=\"128\" height=\"72\" src=\"https:\/\/www.academiaschool.edu\/wp-content\/uploads\/2025\/02\/\u540d\u79f0\u672a\u8a2d\u5b9a\u306e\u30c7\u30b6\u30a4\u30f3-7.png\" alt=\"Fees\" \/><\/div><div class=\"a--blogcard-title d--bold\">Fees<\/div><\/a><\/section>","protected":false},"excerpt":{"rendered":"<p>Lista de mensalidades semanais para alunos com visto F-1 Semanas Mensalidade de 2026(taxas inclu\u00eddas) Com o site inicial(imposto inclu\u00eddo) 1 309 $ &#8211; 2 612 $ &#8211; 3 918 $ &#8211; 4 (cerca de 1 m\u00eas) 1.224 $ &#8211; 5 1.513 $ &#8211; 6 1.750 $ &#8211; 7 2.060 $ &#8211; 8 (cerca de 2 [&hellip;]<\/p>\n","protected":false},"author":1,"featured_media":0,"parent":5316,"menu_order":0,"comment_status":"closed","ping_status":"closed","template":"","meta":{"_jinr_url_youtube":"","_jinr_pip_youtube":false,"_jinr_time_youtube":"","_jinr_thumb_youtube":"","_jinr_media_youtube":"","_jinr_category_edit":false,"_jinr_category":"","_jinr_title_display":false,"_jinr_snsbutton_display":false,"_jinr_ads_display":false,"_jinr_thumbnail_display":false,"_jinr_profile_display":false,"_jinr_representations_display":false,"_jinr_relatedpost_display":false,"_jinr_sidebar1col_display":false,"_jinr_sidebar2col_display":false,"_jinr_seotitle_display":"","_jinr_description_display":"","_jinr_keyword_display":"","_jinr_hastag_display":"","_jinr_canonical_display":"","_jinr_noindex_display":false,"_jinr_paidpost":false,"_jinr_paidpost_product_id":"","_jinr_headtag_article":"","footnotes":""},"class_list":["post-5338","page","type-page","status-publish","hentry"],"_links":{"self":[{"href":"https:\/\/www.academiaschool.edu\/pt-br\/wp-json\/wp\/v2\/pages\/5338","targetHints":{"allow":["GET"]}}],"collection":[{"href":"https:\/\/www.academiaschool.edu\/pt-br\/wp-json\/wp\/v2\/pages"}],"about":[{"href":"https:\/\/www.academiaschool.edu\/pt-br\/wp-json\/wp\/v2\/types\/page"}],"author":[{"embeddable":true,"href":"https:\/\/www.academiaschool.edu\/pt-br\/wp-json\/wp\/v2\/users\/1"}],"replies":[{"embeddable":true,"href":"https:\/\/www.academiaschool.edu\/pt-br\/wp-json\/wp\/v2\/comments?post=5338"}],"version-history":[{"count":5,"href":"https:\/\/www.academiaschool.edu\/pt-br\/wp-json\/wp\/v2\/pages\/5338\/revisions"}],"predecessor-version":[{"id":9025,"href":"https:\/\/www.academiaschool.edu\/pt-br\/wp-json\/wp\/v2\/pages\/5338\/revisions\/9025"}],"up":[{"embeddable":true,"href":"https:\/\/www.academiaschool.edu\/pt-br\/wp-json\/wp\/v2\/pages\/5316"}],"wp:attachment":[{"href":"https:\/\/www.academiaschool.edu\/pt-br\/wp-json\/wp\/v2\/media?parent=5338"}],"curies":[{"name":"wp","href":"https:\/\/api.w.org\/{rel}","templated":true}]}}