{"id":5330,"date":"2024-03-21T12:36:17","date_gmt":"2024-03-21T22:36:17","guid":{"rendered":"https:\/\/academia-school.net\/taxas\/mensalidades-para-alunos-atuais-e-portadores-de-visto-de-estudante-visto-f-1\/"},"modified":"2025-01-02T19:34:09","modified_gmt":"2025-01-03T05:34:09","slug":"mensalidades-para-alunos-atuais-e-portadores-de-visto-de-estudante-visto-f-1","status":"publish","type":"page","link":"https:\/\/www.academiaschool.edu\/pt-br\/taxas\/mensalidades-para-alunos-atuais-e-portadores-de-visto-de-estudante-visto-f-1\/","title":{"rendered":"Mensalidades para alunos atuais e portadores de visto de estudante (visto F-1)"},"content":{"rendered":"\n<section class=\"wp-block-jinr-blocks-fullwidth b--jinr-block b--jinr-fullwidth-container d--top-margin-xs-pc d--bottom-margin-xs-pc \"><section class=\"b--jinr-fullwidth d--fullwidth-parallax-off d--fullwidth-deco-bgimage\"><div class=\"a--jinr-fullwidth-image\"><div class=\"a--jinr-fullwidth-image-clip\"><img decoding=\"async\" src=\"https:\/\/www.academiaschool.edu\/wp-content\/uploads\/2024\/03\/sean-105m46GatAg-unsplash-2.webp\"\/><\/div><\/div><div class=\"a--jinr-fullwidth-overlay\" style=\"background-color:#f5f5f5;opacity:0\"><\/div><div class=\"d--fullwidth-100 d--fullwidth-pad40 d--fullwidth-pad0-sp t--main-width\" style=\"color:false\">\n<p class=\"has-text-align-center has-white-color has-text-color has-link-color wp-elements-b0dd957dd8f547339048f5fca458ab86\"><strong><span class=\"jinr-d--font-size d--fontsize-36px\"><strong>Mensalidades para alunos atuais e portadores de visto de estudante (visto F-1)<\/strong><\/span><\/strong><\/p>\n<\/div><\/section><\/section>\n\n<h2 class=\"wp-block-heading jinr-heading d--bold\"><strong>Lista de pre\u00e7os semanal para portadores de visto de estudante (visto F-1)<\/strong><\/h2>\n\n<div class=\"wp-block-columns js--scr-animation is-layout-flex wp-container-core-columns-is-layout-9d6595d7 wp-block-columns-is-layout-flex\">\n<div class=\"wp-block-column is-layout-flow wp-block-column-is-layout-flow\">\n<figure class=\"wp-block-table is-style-stripes\"><table class=\"has-fixed-layout\"><tbody><tr><td><strong>Semana<\/strong><\/td><td><strong>2025 Mensalidade<\/strong><br\/>(impostos inclu\u00eddos)<\/td><\/tr><tr><td>1<\/td><td>$286<\/td><\/tr><tr><td>2<\/td><td>$567<\/td><\/tr><tr><td>3<\/td><td>$850<\/td><\/tr><tr><td>4\uff081 m\u00eas\uff09<\/td><td>$1,133<\/td><\/tr><tr><td>5<\/td><td>$1,401<\/td><\/tr><tr><td>6<\/td><td>$1,620<\/td><\/tr><tr><td>7<\/td><td>$1,907<\/td><\/tr><tr><td>8\uff082 meses\uff09<\/td><td>$2,142<\/td><\/tr><tr><td>9<\/td><td>$2,363<\/td><\/tr><tr><td>10<\/td><td>$2,600<\/td><\/tr><tr><td>11<\/td><td>$2,600<\/td><\/tr><tr><td>12\uff083 meses\uff09<\/td><td>$2,600<\/td><\/tr><tr><td>13<\/td><td>$3,131<\/td><\/tr><tr><td>14<\/td><td>$3,346<\/td><\/tr><tr><td>15<\/td><td>$3,519<\/td><\/tr><tr><td>16\uff084 meses\uff09<\/td><td>$3,754<\/td><\/tr><tr><td>17<\/td><td>$4,017<\/td><\/tr><tr><td>18<\/td><td>$4,223<\/td><\/tr><tr><td>19<\/td><td>$4,460<\/td><\/tr><tr><td>20<\/td><td>$4,687<\/td><\/tr><tr><td>21<\/td><td>$4,943<\/td><\/tr><tr><td>22<\/td><td>$5,149<\/td><\/tr><tr><td>23<\/td><td>$5,149<\/td><\/tr><tr><td>24\uff086 meses\uff09<\/td><td>$5,149<\/td><\/tr><\/tbody><\/table><\/figure>\n<\/div>\n\n\n\n<div class=\"wp-block-column is-layout-flow wp-block-column-is-layout-flow\">\n<figure class=\"wp-block-table is-style-stripes\"><table class=\"has-fixed-layout\"><tbody><tr><td><strong>Semana<\/strong><\/td><td><strong>2025 Mensalidade<\/strong><br\/>(impostos inclu\u00eddos)<\/td><\/tr><tr><td>25<\/td><td>$5,533<\/td><\/tr><tr><td>26<\/td><td>$5,876<\/td><\/tr><tr><td>27<\/td><td>$6,115<\/td><\/tr><tr><td>28<\/td><td>$6,323<\/td><\/tr><tr><td>29<\/td><td>$6,531<\/td><\/tr><tr><td>30<\/td><td>$6,739<\/td><\/tr><tr><td>31<\/td><td>$6,968<\/td><\/tr><tr><td>32<\/td><td>$7,193<\/td><\/tr><tr><td>33<\/td><td>$7,431<\/td><\/tr><tr><td>34<\/td><td>$7,638<\/td><\/tr><tr><td>35<\/td><td>$7,638<\/td><\/tr><tr><td>36<\/td><td>$7,742<\/td><\/tr><tr><td>37<\/td><td>$7,973<\/td><\/tr><tr><td>38<\/td><td>$8,130<\/td><\/tr><tr><td>39<\/td><td>$8,350<\/td><\/tr><tr><td>40<\/td><td>$8,465<\/td><\/tr><tr><td>41<\/td><td>$8,674<\/td><\/tr><tr><td>42<\/td><td>$8,759<\/td><\/tr><tr><td>43<\/td><td>$8,759<\/td><\/tr><tr><td>44<\/td><td>$8,759<\/td><\/tr><tr><td>45<\/td><td>$8,759<\/td><\/tr><tr><td>46<\/td><td>$8,759<\/td><\/tr><tr><td>47<\/td><td>$8,759<\/td><\/tr><tr><td>48\uff081 ano\uff09<\/td><td>$8,759<\/td><\/tr><\/tbody><\/table><\/figure>\n<\/div>\n<\/div>\n\n<p>Os alunos com visto de estudante (visto F-1) devem assistir a um m\u00ednimo de 20 horas de aulas por semana. As aulas oferecidas atendem aos requisitos do I-20 necess\u00e1rios para um visto F-1 com as taxas mencionadas acima.<\/p>\n\n<p>O per\u00edodo m\u00ednimo de matr\u00edcula para um visto de estudante (visto F-1) \u00e9 de 8 semanas. As taxas com desconto est\u00e3o dispon\u00edveis dependendo da dura\u00e7\u00e3o da inscri\u00e7\u00e3o, como 8 semanas, 16 semanas, 24 semanas ou 48 semanas.<\/p>\n\n<p>Voc\u00ea pode fazer o download da lista de pre\u00e7os semanal para alunos com visto F-1, dispon\u00edvel em formato PDF, no link abaixo.<\/p>\n\n<p>Mais detalhes: <a href=\"https:\/\/www.academiaschool.edu\/wp-content\/uploads\/2024\/12\/F1_ALS_Pricing-list_2025.pdf\" data-type=\"link\" data-id=\"https:\/\/www.academiaschool.edu\/wp-content\/uploads\/2024\/12\/F1_ALS_Pricing-list_2025.pdf\" target=\"_blank\" rel=\"noreferrer noopener\">F1_ALS_Pricing list_2025.pdf<\/a><\/p>\n<section class=\"b--jinr-block b--jinr-blogcard d--blogcard-hover-up d--blogcard-style1 d--blogcard-mysite t--round \"><div class=\"a--blogcard-label ef\">Related Page<\/div><a class=\"o--blogcard-link t--round\" href=\"https:\/\/www.academiaschool.edu\/fee\/\"><div class=\"c--blogcard-image\"><img loading=\"lazy\" decoding=\"async\" class=\"a--blogcard-img-src\" width=\"128\" height=\"72\" src=\"https:\/\/www.academiaschool.edu\/wp-content\/uploads\/2025\/02\/\u540d\u79f0\u672a\u8a2d\u5b9a\u306e\u30c7\u30b6\u30a4\u30f3-7.png\" alt=\"Fees\" \/><\/div><div class=\"a--blogcard-title d--bold\">Fees<\/div><\/a><\/section>","protected":false},"excerpt":{"rendered":"<p>Lista de pre\u00e7os semanal para portadores de visto de estudante (visto F-1) Semana 2025 Mensalidade(impostos inclu\u00eddos) 1 $286 2 $567 3 $850 4\uff081 m\u00eas\uff09 $1,133 5 $1,401 6 $1,620 7 $1,907 8\uff082 meses\uff09 $2,142 9 $2,363 10 $2,600 11 $2,600 12\uff083 meses\uff09 $2,600 13 $3,131 14 $3,346 15 $3,519 16\uff084 meses\uff09 $3,754 17 $4,017 18 [&hellip;]<\/p>\n","protected":false},"author":1,"featured_media":0,"parent":5316,"menu_order":0,"comment_status":"closed","ping_status":"closed","template":"","meta":{"_jinr_url_youtube":"","_jinr_pip_youtube":false,"_jinr_time_youtube":"","_jinr_thumb_youtube":"","_jinr_media_youtube":"","_jinr_category_edit":false,"_jinr_category":"","_jinr_title_display":false,"_jinr_snsbutton_display":false,"_jinr_ads_display":false,"_jinr_thumbnail_display":false,"_jinr_profile_display":false,"_jinr_representations_display":false,"_jinr_relatedpost_display":false,"_jinr_sidebar1col_display":false,"_jinr_sidebar2col_display":false,"_jinr_seotitle_display":"","_jinr_description_display":"","_jinr_keyword_display":"","_jinr_hastag_display":"","_jinr_canonical_display":"","_jinr_noindex_display":false,"_jinr_paidpost":false,"_jinr_paidpost_product_id":"","_jinr_headtag_article":"","footnotes":""},"class_list":["post-5330","page","type-page","status-publish","hentry"],"_links":{"self":[{"href":"https:\/\/www.academiaschool.edu\/pt-br\/wp-json\/wp\/v2\/pages\/5330","targetHints":{"allow":["GET"]}}],"collection":[{"href":"https:\/\/www.academiaschool.edu\/pt-br\/wp-json\/wp\/v2\/pages"}],"about":[{"href":"https:\/\/www.academiaschool.edu\/pt-br\/wp-json\/wp\/v2\/types\/page"}],"author":[{"embeddable":true,"href":"https:\/\/www.academiaschool.edu\/pt-br\/wp-json\/wp\/v2\/users\/1"}],"replies":[{"embeddable":true,"href":"https:\/\/www.academiaschool.edu\/pt-br\/wp-json\/wp\/v2\/comments?post=5330"}],"version-history":[{"count":4,"href":"https:\/\/www.academiaschool.edu\/pt-br\/wp-json\/wp\/v2\/pages\/5330\/revisions"}],"predecessor-version":[{"id":7136,"href":"https:\/\/www.academiaschool.edu\/pt-br\/wp-json\/wp\/v2\/pages\/5330\/revisions\/7136"}],"up":[{"embeddable":true,"href":"https:\/\/www.academiaschool.edu\/pt-br\/wp-json\/wp\/v2\/pages\/5316"}],"wp:attachment":[{"href":"https:\/\/www.academiaschool.edu\/pt-br\/wp-json\/wp\/v2\/media?parent=5330"}],"curies":[{"name":"wp","href":"https:\/\/api.w.org\/{rel}","templated":true}]}}