{"id":5320,"date":"2024-03-21T12:39:58","date_gmt":"2024-03-21T22:39:58","guid":{"rendered":"https:\/\/academia-school.net\/taxas\/taxas-de-acomodacao\/"},"modified":"2025-08-12T11:50:03","modified_gmt":"2025-08-12T21:50:03","slug":"taxas-de-acomodacao","status":"publish","type":"page","link":"https:\/\/www.academiaschool.edu\/pt-br\/taxas\/taxas-de-acomodacao\/","title":{"rendered":"Taxas de acomoda\u00e7\u00e3o"},"content":{"rendered":"\n<section class=\"wp-block-jinr-blocks-fullwidth b--jinr-block b--jinr-fullwidth-container d--top-margin-xs-pc d--bottom-margin-xs-pc d--top-margin-xs-sp d--bottom-margin-xs-sp \"><section class=\"b--jinr-fullwidth d--fullwidth-parallax-off d--fullwidth-deco-bgimage\"><div class=\"a--jinr-fullwidth-image\"><div class=\"a--jinr-fullwidth-image-clip\"><img decoding=\"async\" src=\"https:\/\/www.academiaschool.edu\/wp-content\/uploads\/2024\/03\/sean-105m46GatAg-unsplash-2.webp\"\/><\/div><\/div><div class=\"a--jinr-fullwidth-overlay\" style=\"background-color:#f5f5f5;opacity:0\"><\/div><div class=\"d--fullwidth-100 d--fullwidth-pad40 d--fullwidth-pad0-sp t--main-width\" style=\"color:false\">\n<p class=\"has-text-align-center has-white-color has-text-color has-link-color wp-elements-1d65bc5f4f5573106c943bf010fceecd\"><span class=\"jinr-d--font-size d--fontsize-36px\"><strong><strong>Taxas de acomoda\u00e7\u00e3o<\/strong><\/strong><\/span><\/p>\n<\/div><\/section><\/section>\n\n<h2 class=\"wp-block-heading jinr-heading d--bold\"><strong>Nossas ofertas de acomoda\u00e7\u00e3o<\/strong><\/h2>\n\n<p>Oferecemos tr\u00eas tipos de op\u00e7\u00f5es de acomoda\u00e7\u00e3o para nossos alunos:<\/p>\n\n<ol class=\"wp-block-list jinr-list\">\n<li><strong>Quarto compartilhado<\/strong><\/li>\n\n\n\n<li><strong>Condom\u00ednio<\/strong><\/li>\n\n\n\n<li><strong>Hospedagem em casa de fam\u00edlia<\/strong><\/li>\n<\/ol>\n\n<p>Os recursos e o pre\u00e7o geral de cada op\u00e7\u00e3o s\u00e3o os seguintes:<\/p>\n\n<figure class=\"wp-block-table\"><table class=\"has-fixed-layout\"><thead><tr><th><strong>Tipo<\/strong><\/th><th><strong>Pre\u00e7o<\/strong><\/th><th><strong>Recursos<\/strong><\/th><th><strong>Recomendado para<\/strong><\/th><\/tr><\/thead><tbody><tr><td><strong>Quarto compartilhado<\/strong><\/td><td>US$ 400 por semana, por pessoa<\/td><td>&#8211; Localiza\u00e7\u00e3o privilegiada, a 3 minutos a p\u00e9 da escola<br\/>&#8211; At\u00e9 4 pessoas dividindo um quarto<br\/>&#8211; Andares separados para homens e mulheres<\/td><td>&#8211; Aqueles que procuram minimizar os custos de acomoda\u00e7\u00e3o<br\/>&#8211; Aqueles que gostam de socializar com outras pessoas<\/td><\/tr><tr><td><strong>Condom\u00ednio<\/strong><\/td><td>O pre\u00e7o depende da dura\u00e7\u00e3o da estadia<br\/>Exemplo: $3000 por m\u00eas para um quarto<\/td><td>&#8211; Localizado no centro de Waikiki, ideal para passeios tur\u00edsticos<br\/>&#8211; 15 minutos a p\u00e9 ou 3 minutos de \u00f4nibus da escola<br\/>&#8211; Quarto privativo<br\/>&#8211; Pode acomodar v\u00e1rias pessoas<\/td><td>&#8211; Aqueles que preferem um espa\u00e7o privado e tranquilo<br\/>&#8211; Casais que querem ficar no mesmo quarto<br\/>&#8211; Fam\u00edlias que querem ficar juntas<br\/>&#8211; Aqueles que querem usar comodidades como piscina, academia ou \u00e1rea de churrasco<\/td><\/tr><tr><td><strong>Hospedagem em casa de fam\u00edlia<\/strong><\/td><td>US$ 2.400 por 4 semanas por pessoa<\/td><td>&#8211; O tempo de viagem varia de acordo com o local da hospedagem em casa de fam\u00edlia<br\/>&#8211; Experi\u00eancia de viver com uma fam\u00edlia havaiana local<br\/>&#8211; Refei\u00e7\u00f5es (leves) geralmente est\u00e3o inclu\u00eddas<\/td><td>&#8211; Aqueles que querem experimentar a vida com uma fam\u00edlia havaiana<br\/>&#8211; Aqueles que n\u00e3o se importam com a localiza\u00e7\u00e3o<\/td><\/tr><\/tbody><\/table><\/figure>\n\n<p>Oferecemos acomoda\u00e7\u00f5es econ\u00f4micas para nossos alunos, incluindo propriedades administradas pela escola.<\/p>\n\n<p>A disponibilidade depende do momento da consulta, portanto, se voc\u00ea precisar de acomoda\u00e7\u00e3o junto com a sua inscri\u00e7\u00e3o, informe-nos o mais cedo poss\u00edvel.<\/p>\n\n<p>Se n\u00e3o formos capazes de providenciar acomoda\u00e7\u00f5es, ajudaremos os alunos a encontrar suas pr\u00f3prias acomoda\u00e7\u00f5es.\nObserve que nossas acomoda\u00e7\u00f5es est\u00e3o dispon\u00edveis apenas para alunos futuros ou atuais da nossa escola. <\/p>\n\n<h2 class=\"wp-block-heading jinr-heading d--bold\"><strong>1. Quarto compartilhado<\/strong><\/h2>\n\n<p>Localizada a apenas 3 minutos a p\u00e9 da Academia Language School e bem em frente ao Ala Moana Shopping Center, essa \u00e9 uma localiza\u00e7\u00e3o altamente conveniente.\nEssa op\u00e7\u00e3o \u00e9 recomendada para aqueles que desejam manter os custos baixos. <\/p>\n\n<div class=\"wp-block-columns js--scr-animation is-layout-flex wp-container-core-columns-is-layout-9d6595d7 wp-block-columns-is-layout-flex\">\n<div class=\"wp-block-column is-layout-flow wp-block-column-is-layout-flow\" style=\"flex-basis:33.33%\"><div class=\"wp-block-image\">\n<figure class=\"alignleft size-full is-resized\"><img loading=\"lazy\" decoding=\"async\" width=\"200\" height=\"150\" src=\"https:\/\/www.academiaschool.edu\/wp-content\/uploads\/2024\/09\/YMCA_Honolulu_2.jpg.webp\" alt=\"\" class=\"wp-image-6600\" style=\"width:315px;height:auto\"\/><\/figure>\n<\/div><\/div>\n\n\n\n<div class=\"wp-block-column is-layout-flow wp-block-column-is-layout-flow\" style=\"flex-basis:66.66%\"><div class=\"wp-block-image\">\n<figure class=\"alignright size-large is-resized\"><img loading=\"lazy\" decoding=\"async\" width=\"1024\" height=\"576\" src=\"https:\/\/www.academiaschool.edu\/wp-content\/uploads\/2024\/09\/YMCA-1024x576.jpeg\" alt=\"\" class=\"wp-image-6613\" style=\"width:423px;height:auto\" srcset=\"https:\/\/www.academiaschool.edu\/wp-content\/uploads\/2024\/09\/YMCA-1024x576.jpeg 1024w, https:\/\/www.academiaschool.edu\/wp-content\/uploads\/2024\/09\/YMCA-300x169.jpeg 300w, https:\/\/www.academiaschool.edu\/wp-content\/uploads\/2024\/09\/YMCA-768x432.jpeg 768w, https:\/\/www.academiaschool.edu\/wp-content\/uploads\/2024\/09\/YMCA-1536x864.jpeg 1536w, https:\/\/www.academiaschool.edu\/wp-content\/uploads\/2024\/09\/YMCA-320x180.jpeg 320w, https:\/\/www.academiaschool.edu\/wp-content\/uploads\/2024\/09\/YMCA-640x360.jpeg 640w, https:\/\/www.academiaschool.edu\/wp-content\/uploads\/2024\/09\/YMCA-1360x765.jpeg 1360w, https:\/\/www.academiaschool.edu\/wp-content\/uploads\/2024\/09\/YMCA.jpeg 1600w\" sizes=\"auto, (max-width: 1024px) 100vw, 1024px\" \/><\/figure>\n<\/div><\/div>\n<\/div>\n\n<section class=\"wp-block-jinr-blocks-simplebox b--jinr-block-container\"><div class=\"b--jinr-block b--jinr-box d--heading-box2  \"><div class=\"a--simple-box-title d--bold\"><strong>Facility Details<\/strong><\/div><div class=\"c--simple-box-inner\">\n<ul class=\"wp-block-list jinr-list\">\n<li><strong>Nome da instala\u00e7\u00e3o<\/strong>: Central Y Residences<\/li>\n\n\n\n<li><strong>Localiza\u00e7\u00e3o<\/strong>: 401 Atkinson Drive, Honolulu, HI 96814<\/li>\n<\/ul>\n<\/div><\/div><\/section>\n\n<figure class=\"wp-block-table\"><table class=\"has-fixed-layout\"><thead><tr><th><strong>Dura\u00e7\u00e3o<\/strong><\/th><th><strong>Pre\u00e7o<\/strong><\/th><\/tr><\/thead><tbody><tr><td>1 noite<\/td><td>$65<\/td><\/tr><tr><td>1 semana<\/td><td>$400<\/td><\/tr><\/tbody><\/table><figcaption class=\"wp-element-caption\">Al\u00e9m disso, ser\u00e1 cobrada uma taxa de arranjo de US$ 100.<\/figcaption><\/figure>\n\n<h2 class=\"wp-block-heading jinr-heading d--bold\"><strong>2. Condom\u00ednio<\/strong><\/h2>\n\n<p>O condom\u00ednio pode ser usado por uma pessoa, um casal ou uma fam\u00edlia, proporcionando a voc\u00ea um espa\u00e7o privativo.\n\u00c9 recomendado para quem prefere um ambiente tranquilo, quer compartilhar o espa\u00e7o com amigos ou deseja reservar a unidade inteira para a fam\u00edlia. <\/p>\n\n<p>Nossa escola oferece uma tarifa especial para os alunos no condom\u00ednio &#8220;Royal Kuhio&#8221; em Waikiki.\nA escola fica a aproximadamente 15 minutos a p\u00e9 ou a 5 minutos de \u00f4nibus do Royal Kuhio. <\/p>\n\n<figure class=\"wp-block-image size-large\"><img loading=\"lazy\" decoding=\"async\" width=\"791\" height=\"1024\" src=\"https:\/\/www.academiaschool.edu\/wp-content\/uploads\/2024\/03\/0001-791x1024.jpg\" alt=\"\" class=\"wp-image-816\" srcset=\"https:\/\/www.academiaschool.edu\/wp-content\/uploads\/2024\/03\/0001-791x1024.jpg 791w, https:\/\/www.academiaschool.edu\/wp-content\/uploads\/2024\/03\/0001-232x300.jpg 232w, https:\/\/www.academiaschool.edu\/wp-content\/uploads\/2024\/03\/0001-768x994.jpg 768w, https:\/\/www.academiaschool.edu\/wp-content\/uploads\/2024\/03\/0001-1187x1536.jpg 1187w, https:\/\/www.academiaschool.edu\/wp-content\/uploads\/2024\/03\/0001-1583x2048.jpg 1583w\" sizes=\"auto, (max-width: 791px) 100vw, 791px\" \/><\/figure>\n\n<figure class=\"wp-block-image size-large\"><img loading=\"lazy\" decoding=\"async\" width=\"791\" height=\"1024\" src=\"https:\/\/www.academiaschool.edu\/wp-content\/uploads\/2024\/03\/0002-791x1024.jpg\" alt=\"\" class=\"wp-image-817\" srcset=\"https:\/\/www.academiaschool.edu\/wp-content\/uploads\/2024\/03\/0002-791x1024.jpg 791w, https:\/\/www.academiaschool.edu\/wp-content\/uploads\/2024\/03\/0002-232x300.jpg 232w, https:\/\/www.academiaschool.edu\/wp-content\/uploads\/2024\/03\/0002-768x994.jpg 768w, https:\/\/www.academiaschool.edu\/wp-content\/uploads\/2024\/03\/0002-1187x1536.jpg 1187w, https:\/\/www.academiaschool.edu\/wp-content\/uploads\/2024\/03\/0002-1583x2048.jpg 1583w\" sizes=\"auto, (max-width: 791px) 100vw, 791px\" \/><\/figure>\n\n<figure class=\"wp-block-image size-large is-resized\"><img loading=\"lazy\" decoding=\"async\" width=\"791\" height=\"1024\" src=\"https:\/\/www.academiaschool.edu\/wp-content\/uploads\/2024\/03\/0003-791x1024.jpg\" alt=\"\" class=\"wp-image-818\" style=\"width:740px;height:auto\" srcset=\"https:\/\/www.academiaschool.edu\/wp-content\/uploads\/2024\/03\/0003-791x1024.jpg 791w, https:\/\/www.academiaschool.edu\/wp-content\/uploads\/2024\/03\/0003-232x300.jpg 232w, https:\/\/www.academiaschool.edu\/wp-content\/uploads\/2024\/03\/0003-768x994.jpg 768w, https:\/\/www.academiaschool.edu\/wp-content\/uploads\/2024\/03\/0003-1187x1536.jpg 1187w, https:\/\/www.academiaschool.edu\/wp-content\/uploads\/2024\/03\/0003-1583x2048.jpg 1583w\" sizes=\"auto, (max-width: 791px) 100vw, 791px\" \/><\/figure>\n\n<h2 class=\"wp-block-heading jinr-heading d--bold\"><\/h2>\n\n<p>As tarifas do Royal Kuhio variam de acordo com a categoria do quarto.<\/p>\n\n<h3 class=\"wp-block-heading jinr-heading d--bold\">QUARTOS PADR\u00c3O<\/h3>\n\n<ul class=\"wp-block-list jinr-list\">\n<li>Duas camas de solteiro (adequadas para 1 ou 2 pessoas)<\/li>\n\n\n\n<li>Para acomodar mais de 3 pessoas, como fam\u00edlias com crian\u00e7as, entre em contato conosco.<\/li>\n<\/ul>\n\n<figure class=\"wp-block-table is-style-stripes\"><table><tbody><tr><td><span style=\"text-decoration: underline;\">&lt;  QUARTOS PADR\u00c3O  &gt;<\/span><\/td><td><strong>1-6 noites<\/strong><\/td><td><strong>7 a 29 noites<\/strong><\/td><td><strong>Mais de 30 noites<\/strong><\/td><td><strong>Pacote de 30 noites<\/strong><\/td><\/tr><tr><td><strong>Abril, maio, junho, setembro, outubro, novembro<\/strong><\/td><td>$166<\/td><td>$150<\/td><td>$113<\/td><td>$3,060<\/td><\/tr><tr><td><strong>Janeiro, fevereiro, mar\u00e7o, julho, agosto, dezembro<\/strong><\/td><td>$190<\/td><td>$171<\/td><td>$130<\/td><td>$3,497<\/td><\/tr><tr><td><strong>Feriado (24\/12 a 9\/1)<\/strong><\/td><td>$270<\/td><td>\u2013<\/td><td>$230<\/td><td>&#8211;<\/td><\/tr><\/tbody><\/table><figcaption class=\"wp-element-caption\">Uma taxa administrativa \u00fanica e n\u00e3o reembols\u00e1vel de US$ 300 se aplica a estadias inferiores a um m\u00eas.<\/figcaption><\/figure>\n\n<p>N\u00e3o h\u00e1 taxa administrativa para estadias superiores a um m\u00eas.\nUma taxa adicional de US$ 75 se aplica a inscri\u00e7\u00f5es\/solicita\u00e7\u00f5es enviadas dentro de uma semana da data de in\u00edcio. <\/p>\n\n<h3 class=\"wp-block-heading jinr-heading d--bold\">QUARTOS DE CANTO<\/h3>\n\n<ul class=\"wp-block-list jinr-list\">\n<li>Duas camas de solteiro (adequadas para 1 ou 2 pessoas)<\/li>\n\n\n\n<li>Para acomodar mais de 3 pessoas, como fam\u00edlias com crian\u00e7as, entre em contato conosco.<\/li>\n<\/ul>\n\n<figure class=\"wp-block-table is-style-stripes\"><table><tbody><tr><td><span style=\"text-decoration: underline;\">&lt;  QUARTOS DE CANTO  &gt;<\/span><\/td><td><strong>1-6 noites<\/strong><\/td><td><strong>7 a 29 noites<\/strong><\/td><td><strong>Mais de 30 noites<\/strong><\/td><td><strong>Pacote de 30 noites<\/strong><\/td><\/tr><tr><td><strong>Abril, maio, junho, setembro, outubro, novembro<\/strong><\/td><td>$190<\/td><td>$171<\/td><td>$130<\/td><td>$3,497<\/td><\/tr><tr><td><strong>Janeiro, fevereiro, mar\u00e7o, julho, agosto, dezembro<\/strong><\/td><td>$218<\/td><td>$196<\/td><td>$148<\/td><td>$4,021<\/td><\/tr><tr><td><strong>Feriado (24\/12 a 9\/1)<\/strong><\/td><td>$300<\/td><td>\u2013<\/td><td>$256<\/td><td>&#8211;<\/td><\/tr><\/tbody><\/table><figcaption class=\"wp-element-caption\">Uma taxa administrativa \u00fanica e n\u00e3o reembols\u00e1vel de US$ 300 se aplica a estadias inferiores a um m\u00eas.<\/figcaption><\/figure>\n\n<p>N\u00e3o h\u00e1 taxa administrativa para estadias superiores a um m\u00eas.\nUma taxa adicional de US$ 75 se aplica a inscri\u00e7\u00f5es\/solicita\u00e7\u00f5es enviadas dentro de uma semana da data de in\u00edcio. <\/p>\n\n<h2 class=\"wp-block-heading jinr-heading d--bold\"><strong>3. Hospedagem em casa de fam\u00edlia<\/strong><\/h2>\n\n<figure class=\"wp-block-table is-style-regular\"><table><tbody><tr><td><\/td><td class=\"has-text-align-center\" data-align=\"center\" colspan=\"2\">Privado<\/td><td class=\"has-text-align-center\" data-align=\"center\" colspan=\"2\">Compartilhado<\/td><\/tr><tr><td>Semanas<\/td><td class=\"has-text-align-center\" data-align=\"center\">Mais de 18 anos<\/td><td class=\"has-text-align-center\" data-align=\"center\">Menores de 18 anos e maiores de 60<\/td><td>Mais de 18 anos<\/td><td>Menores de 18 anos e maiores de 60<\/td><\/tr><tr><td>1<\/td><td class=\"has-text-align-center\" data-align=\"center\">$500<\/td><td class=\"has-text-align-center\" data-align=\"center\">$575<\/td><td>$435<\/td><td>$500<\/td><\/tr><tr><td>2<\/td><td class=\"has-text-align-center\" data-align=\"center\">$1,015<\/td><td class=\"has-text-align-center\" data-align=\"center\">$1,165<\/td><td>$885<\/td><td>$1,015<\/td><\/tr><tr><td>3<\/td><td class=\"has-text-align-center\" data-align=\"center\">$1,530<\/td><td class=\"has-text-align-center\" data-align=\"center\">$1,755<\/td><td>$1,335<\/td><td>$1,530<\/td><\/tr><tr><td>4<\/td><td class=\"has-text-align-center\" data-align=\"center\">$2,045<\/td><td class=\"has-text-align-center\" data-align=\"center\">$2,345<\/td><td>$1,785<\/td><td>$2,045<\/td><\/tr><tr><td>8<\/td><td class=\"has-text-align-center\" data-align=\"center\">$3,145<\/td><td class=\"has-text-align-center\" data-align=\"center\">$3,617<\/td><td>$3,065<\/td><td>$3,249<\/td><\/tr><tr><td>12<\/td><td class=\"has-text-align-center\" data-align=\"center\">$4,725<\/td><td class=\"has-text-align-center\" data-align=\"center\">$5,433<\/td><td>$4,605<\/td><td>$4,881<\/td><\/tr><tr><td>24<\/td><td class=\"has-text-align-center\" data-align=\"center\">$9,633<\/td><td class=\"has-text-align-center\" data-align=\"center\">$10,881<\/td><td>$9,225<\/td><td>$9,777<\/td><\/tr><\/tbody><\/table><figcaption class=\"wp-element-caption\">Taxa de coloca\u00e7\u00e3o $350 e dep\u00f3sito de seguran\u00e7a (reembols\u00e1vel) $300 ser\u00e3o cobrados uma \u00fanica vez<br\/>Servi\u00e7o de transporte (duas vias) $150<\/figcaption><\/figure>\n\n<ul class=\"wp-block-list jinr-list\">\n<li>Inclui um caf\u00e9 da manh\u00e3 e jantar self-service.<\/li>\n\n\n\n<li>O transporte de ida e volta do aeroporto para a casa de fam\u00edlia \u00e9 obrigat\u00f3rio.<\/li>\n\n\n\n<li>Se voc\u00ea precisar providenciar seu pr\u00f3prio transporte, uma taxa de US$ 30 ser\u00e1 adicionada \u00e0 taxa de coloca\u00e7\u00e3o.<\/li>\n<\/ul>\n\n<h2 class=\"wp-block-heading jinr-heading d--bold\"><strong>Outras op\u00e7\u00f5es de acomoda\u00e7\u00e3o<\/strong><\/h2>\n\n<p>Se voc\u00ea preferir encontrar um apartamento ou casa por conta pr\u00f3pria, recomendamos o uso de sites como airbnb.com (para estadias de curto e m\u00e9dio prazo) ou zillow.com (para propriedades de aluguel) para pesquisar uma grande variedade de an\u00fancios on-line.<\/p>\n\n<p>Nossa localiza\u00e7\u00e3o \u00e9 convenientemente pr\u00f3xima a muitas \u00e1reas residenciais, incluindo Waikiki, Makiki e Moiliili.\nAs listagens on-line podem incluir apartamentos individuais, casas compartilhadas ou condom\u00ednios. <\/p>\n\n<p>Observe que, embora alguns propriet\u00e1rios aluguem condom\u00ednios mensalmente, outros podem exigir um contrato de aluguel de seis meses ou mais.\nAl\u00e9m disso, h\u00e1 casos em que o aluguel pode ser negado a voc\u00ea sem um hist\u00f3rico de cr\u00e9dito nos EUA. <\/p>\n\n<p>Mesmo que voc\u00ea esteja procurando um aluguel de longo prazo, recomendamos come\u00e7ar com um aluguel de f\u00e9rias para ter tempo de encontrar um local adequado.\nSinta-se \u00e0 vontade para nos consultar sobre sua busca de moradia como estudante. <\/p>\n\n<h2 class=\"wp-block-heading jinr-heading d--bold\"><strong>Traslado do aeroporto<\/strong><\/h2>\n\n<p>Recomendamos que voc\u00ea use o <a href=\"https:\/\/www.uber.com\/\" data-type=\"link\" data-id=\"https:\/\/www.uber.com\/\">Uber<\/a>. Fa\u00e7a o download e configure o Uber em seu smartphone com anteced\u00eancia para que voc\u00ea tenha uma experi\u00eancia tranquila. Se voc\u00ea preferir organizar um traslado por meio de nossa escola, oferecemos esse servi\u00e7o por US$ 150, desde que o agendamento possa ser feito com anteced\u00eancia.<\/p>\n<section class=\"b--jinr-block b--jinr-blogcard d--blogcard-hover-up d--blogcard-style1 d--blogcard-mysite t--round \"><div class=\"a--blogcard-label ef\">Related Page<\/div><a class=\"o--blogcard-link t--round\" href=\"https:\/\/www.academiaschool.edu\/fee\/\"><div class=\"c--blogcard-image\"><img loading=\"lazy\" decoding=\"async\" class=\"a--blogcard-img-src\" width=\"128\" height=\"72\" src=\"https:\/\/www.academiaschool.edu\/wp-content\/uploads\/2025\/02\/\u540d\u79f0\u672a\u8a2d\u5b9a\u306e\u30c7\u30b6\u30a4\u30f3-7.png\" alt=\"Fees\" \/><\/div><div class=\"a--blogcard-title d--bold\">Fees<\/div><\/a><\/section>","protected":false},"excerpt":{"rendered":"<p>Nossas ofertas de acomoda\u00e7\u00e3o Oferecemos tr\u00eas tipos de op\u00e7\u00f5es de acomoda\u00e7\u00e3o para nossos alunos: Os recursos e o pre\u00e7o geral de cada op\u00e7\u00e3o s\u00e3o os seguintes: Tipo Pre\u00e7o Recursos Recomendado para Quarto compartilhado US$ 400 por semana, por pessoa &#8211; Localiza\u00e7\u00e3o privilegiada, a 3 minutos a p\u00e9 da escola&#8211; At\u00e9 4 pessoas dividindo um quarto&#8211; [&hellip;]<\/p>\n","protected":false},"author":1,"featured_media":0,"parent":5316,"menu_order":0,"comment_status":"closed","ping_status":"closed","template":"","meta":{"_jinr_url_youtube":"","_jinr_pip_youtube":false,"_jinr_time_youtube":"","_jinr_thumb_youtube":"","_jinr_media_youtube":"","_jinr_category_edit":false,"_jinr_category":"","_jinr_title_display":false,"_jinr_snsbutton_display":false,"_jinr_ads_display":false,"_jinr_thumbnail_display":false,"_jinr_profile_display":false,"_jinr_representations_display":false,"_jinr_relatedpost_display":false,"_jinr_sidebar1col_display":false,"_jinr_sidebar2col_display":false,"_jinr_seotitle_display":"","_jinr_description_display":"","_jinr_keyword_display":"","_jinr_hastag_display":"","_jinr_canonical_display":"","_jinr_noindex_display":false,"_jinr_paidpost":false,"_jinr_paidpost_product_id":"","_jinr_headtag_article":"","footnotes":""},"class_list":["post-5320","page","type-page","status-publish","hentry"],"_links":{"self":[{"href":"https:\/\/www.academiaschool.edu\/pt-br\/wp-json\/wp\/v2\/pages\/5320","targetHints":{"allow":["GET"]}}],"collection":[{"href":"https:\/\/www.academiaschool.edu\/pt-br\/wp-json\/wp\/v2\/pages"}],"about":[{"href":"https:\/\/www.academiaschool.edu\/pt-br\/wp-json\/wp\/v2\/types\/page"}],"author":[{"embeddable":true,"href":"https:\/\/www.academiaschool.edu\/pt-br\/wp-json\/wp\/v2\/users\/1"}],"replies":[{"embeddable":true,"href":"https:\/\/www.academiaschool.edu\/pt-br\/wp-json\/wp\/v2\/comments?post=5320"}],"version-history":[{"count":6,"href":"https:\/\/www.academiaschool.edu\/pt-br\/wp-json\/wp\/v2\/pages\/5320\/revisions"}],"predecessor-version":[{"id":7186,"href":"https:\/\/www.academiaschool.edu\/pt-br\/wp-json\/wp\/v2\/pages\/5320\/revisions\/7186"}],"up":[{"embeddable":true,"href":"https:\/\/www.academiaschool.edu\/pt-br\/wp-json\/wp\/v2\/pages\/5316"}],"wp:attachment":[{"href":"https:\/\/www.academiaschool.edu\/pt-br\/wp-json\/wp\/v2\/media?parent=5320"}],"curies":[{"name":"wp","href":"https:\/\/api.w.org\/{rel}","templated":true}]}}