{"id":5316,"date":"2024-03-14T12:40:58","date_gmt":"2024-03-14T22:40:58","guid":{"rendered":"https:\/\/academia-school.net\/taxas\/"},"modified":"2026-01-06T08:20:37","modified_gmt":"2026-01-06T18:20:37","slug":"taxas","status":"publish","type":"page","link":"https:\/\/www.academiaschool.edu\/pt-br\/taxas\/","title":{"rendered":"Taxas"},"content":{"rendered":"\n<section class=\"wp-block-jinr-blocks-fullwidth b--jinr-block b--jinr-fullwidth-container d--top-margin-xs-pc d--bottom-margin-xs-pc d--top-margin-xs-sp d--bottom-margin-xs-sp \"><section class=\"b--jinr-fullwidth d--fullwidth-parallax-off d--fullwidth-deco-bgimage\"><div class=\"a--jinr-fullwidth-image\"><div class=\"a--jinr-fullwidth-image-clip\"><img decoding=\"async\" src=\"https:\/\/www.academiaschool.edu\/wp-content\/uploads\/2024\/03\/sean-105m46GatAg-unsplash-2.webp\"\/><\/div><\/div><div class=\"a--jinr-fullwidth-overlay\" style=\"background-color:#f5f5f5;opacity:0\"><\/div><div class=\"d--fullwidth-100 d--fullwidth-pad40 d--fullwidth-pad0-sp t--main-width\" style=\"color:#ffffff\">\n<p class=\"has-text-align-center\" style=\"font-size:25px\"><span class=\"jinr-d--font-size d--fontsize-36px\"><strong><strong>Taxas<\/strong><\/strong><\/span><\/p>\n<\/div><\/section><\/section>\n\n<h2 class=\"wp-block-heading jinr-heading d--bold\"><strong>Seis categorias de mensalidades<\/strong><\/h2>\n\n<p>Na Academia Language School, as taxas variam de acordo com as seis categorias a seguir:<\/p>\n\n<ol class=\"wp-block-list jinr-list\">\n<li>Novos alunos (incluindo transfer\u00eancias) e visto de estudante (visto F-1)<\/li>\n\n\n\n<li>Visto de n\u00e3o estudante (ESTA, e-Visa, etc.)<\/li>\n\n\n\n<li>Kama&#8217;aina (cidad\u00e3os americanos ou portadores de green card)<\/li>\n\n\n\n<li>Alunos atuais da ALS e visto de estudante (visto F-1)<\/li>\n\n\n\n<li>Academia Aloha Camp (Programa Infantil e J\u00fanior para as \u00c9pocas de F\u00e9rias)<\/li>\n\n\n\n<li>Mensalidade do curso somente \u00e0 tarde<\/li>\n<\/ol>\n\n<p>A diferen\u00e7a entre a categoria 1, Novos alunos, e a categoria 4, Alunos atuais do ALS, est\u00e1 nos &#8220;custos iniciais&#8221; e no &#8220;per\u00edodo m\u00ednimo de matr\u00edcula&#8221;, embora a mensalidade seja a mesma.<\/p>\n\n<h2 class=\"wp-block-heading jinr-heading d--bold\"><strong>1. Mensalidades de novos alunos (incluindo transfer\u00eancias) e visto de estudante (visto F-1)<\/strong><\/h2>\n\n<p><strong>Lista de pre\u00e7os semanal para estudantes com visto F1<\/strong><\/p>\n\n<div class=\"wp-block-columns js--scr-animation is-layout-flex wp-container-core-columns-is-layout-9d6595d7 wp-block-columns-is-layout-flex\">\n<div class=\"wp-block-column is-layout-flow wp-block-column-is-layout-flow\" style=\"flex-basis:100%\">\n<figure class=\"wp-block-table is-style-stripes\" style=\"font-size:21px\"><table><tbody><tr><td><span class=\"jinr-d--font-size d--fontsize-15px\"><strong>Visto F1 2026 <\/strong><\/span><\/td><td><strong><span class=\"jinr-d--font-size d--fontsize-15px\"><strong>Mensalidade<\/strong><\/span><\/strong><br\/>(impostos inclu\u00eddos)<\/td><td><strong>Com o site inicial<\/strong><br\/>(imposto inclu\u00eddo)<\/td><\/tr><tr><td><span class=\"jinr-d--font-size d--fontsize-15px\">8 semanas (cerca de 2 meses)<\/span><\/td><td><span class=\"jinr-d--font-size d--fontsize-15px\">2.313 $<\/span><\/td><td><span class=\"jinr-d--font-size d--fontsize-15px\">2.548 $<\/span><\/td><\/tr><tr><td><span class=\"jinr-d--font-size d--fontsize-15px\">16 semanas (cerca de 4 meses)<\/span><\/td><td><span class=\"jinr-d--font-size d--fontsize-15px\">4.054 $<\/span><\/td><td><span class=\"jinr-d--font-size d--fontsize-15px\">4.289 $<\/span><\/td><\/tr><tr><td><span class=\"jinr-d--font-size d--fontsize-15px\">24 semanas (cerca de metade de um ano)<\/span><\/td><td><span class=\"jinr-d--font-size d--fontsize-15px\">5.561 $<\/span><\/td><td><span class=\"jinr-d--font-size d--fontsize-15px\">5.796 $<\/span><\/td><\/tr><tr><td><span class=\"jinr-d--font-size d--fontsize-15px\">48 semanas (cerca de 1 ano)<\/span><\/td><td><span class=\"jinr-d--font-size d--fontsize-15px\">$8,759<\/span><\/td><td><span class=\"jinr-d--font-size d--fontsize-15px\">$8,994<\/span><\/td><\/tr><\/tbody><\/table><figcaption class=\"wp-element-caption\">uma taxa de inscri\u00e7\u00e3o n\u00e3o reembols\u00e1vel de US$ 100 e uma taxa de tecnologia de US$ 135 para novos alunos.<\/figcaption><\/figure>\n<\/div>\n<\/div>\n\n<p><strong>Download do PDF<\/strong>: <a href=\"https:\/\/www.academiaschool.edu\/wp-content\/uploads\/2025\/12\/I-20_Academia-Price-List_2026-4.pdf\">Lista de Pre\u00e7os I-20 2026 Academia<\/a><\/p>\n\n<p>Os alunos com visto F-1 devem assistir a um m\u00ednimo de 20 horas de aulas por semana. As taxas acima atendem aos requisitos do I-20 necess\u00e1rios para o visto F-1.<\/p>\n\n<p>O per\u00edodo m\u00ednimo de matr\u00edcula para um visto F-1 \u00e9 de 8 semanas. Aplicam-se tarifas com desconto, dependendo da dura\u00e7\u00e3o do per\u00edodo, de 8 a 48 semanas.<\/p>\n\n<p>Para per\u00edodos que variam de 8 a 48 semanas, h\u00e1 uma taxa semanal. Consulte a p\u00e1gina a seguir para obter mais detalhes.<\/p>\n<section class=\"b--jinr-block b--jinr-blogcard d--blogcard-hover-up d--blogcard-style1 d--blogcard-mysite t--round \"><div class=\"a--blogcard-label ef\">Related Page<\/div><a class=\"o--blogcard-link t--round\" href=\"https:\/\/www.academiaschool.edu\/fee\/new-student\/\"><div class=\"c--blogcard-image\"><img loading=\"lazy\" decoding=\"async\" class=\"a--blogcard-img-src\" width=\"128\" height=\"72\" src=\"https:\/\/www.academiaschool.edu\/wp-content\/uploads\/2025\/02\/\u540d\u79f0\u672a\u8a2d\u5b9a\u306e\u30c7\u30b6\u30a4\u30f3-7.png\" alt=\"Tuition for New Students with F-1 Visas\" \/><\/div><div class=\"a--blogcard-title d--bold\">Tuition for New Students with F-1 Visas<\/div><\/a><\/section>\n<h2 class=\"wp-block-heading jinr-heading d--bold\"><strong>2. Visto de n\u00e3o estudante (ESTA, e-Visa, etc.) Mensalidade<\/strong><\/h2>\n\n<p><strong>Lista de pre\u00e7os semanais para estudantes sem visto de estudante<\/strong><\/p>\n\n<figure class=\"wp-block-table is-style-stripes\" style=\"font-size:21px\"><table><tbody><tr><td><span class=\"jinr-d--font-size d--fontsize-15px\"><strong><span class=\"jinr-d--font-size d--fontsize-15px\"><strong>Visto N\u00e3o-F1 2026<\/strong><\/span><\/strong><\/span><\/td><td><strong><strong><span class=\"jinr-d--font-size d--fontsize-15px\"><strong>Mensalidade <\/strong><\/span><\/strong><\/strong><br\/>(impostos inclu\u00eddos)<\/td><td><strong>Com o site inicial<\/strong><br\/>(imposto inclu\u00eddo)<\/td><\/tr><tr><td><span class=\"jinr-d--font-size d--fontsize-15px\">1 semana<\/span><\/td><td><span class=\"jinr-d--font-size d--fontsize-15px\">279 $<\/span><\/td><td><span class=\"jinr-d--font-size d--fontsize-15px\">379 $<\/span><\/td><\/tr><tr><td><span class=\"jinr-d--font-size d--fontsize-15px\">2 semanas<\/span><\/td><td><span class=\"jinr-d--font-size d--fontsize-15px\">574 $<\/span><\/td><td><span class=\"jinr-d--font-size d--fontsize-15px\">674 $<\/span><\/td><\/tr><tr><td><span class=\"jinr-d--font-size d--fontsize-15px\">3 semanas<\/span><\/td><td><span class=\"jinr-d--font-size d--fontsize-15px\">783 $<\/span><\/td><td><span class=\"jinr-d--font-size d--fontsize-15px\">883 $<\/span><\/td><\/tr><tr><td><span class=\"jinr-d--font-size d--fontsize-15px\">4 semanas<\/span><\/td><td><span class=\"jinr-d--font-size d--fontsize-15px\">999 $<\/span><\/td><td><span class=\"jinr-d--font-size d--fontsize-15px\">1.099 $<\/span><\/td><\/tr><tr><td><span class=\"jinr-d--font-size d--fontsize-15px\">8 semanas (cerca de 2 meses)<\/span><\/td><td><span class=\"jinr-d--font-size d--fontsize-15px\">1.906 $<\/span><\/td><td>2.006 $<\/td><\/tr><tr><td><span class=\"jinr-d--font-size d--fontsize-15px\">12 semanas (cerca de 3 meses)<\/span><\/td><td><span class=\"jinr-d--font-size d--fontsize-15px\">2.622 $<\/span><\/td><td>2.722 $<\/td><\/tr><tr><td><span class=\"jinr-d--font-size d--fontsize-15px\">16 semanas (cerca de 4 meses)<\/span><\/td><td><span class=\"jinr-d--font-size d--fontsize-15px\">3.340 $<\/span><\/td><td>3.440 $<\/td><\/tr><tr><td><span class=\"jinr-d--font-size d--fontsize-15px\">24 semanas (cerca de metade de um ano)<\/span><\/td><td><span class=\"jinr-d--font-size d--fontsize-15px\">4.520 $<\/span><\/td><td>4.620 $<\/td><\/tr><tr><td><span class=\"jinr-d--font-size d--fontsize-15px\">48 semanas (cerca de 1 ano)<\/span><\/td><td><span class=\"jinr-d--font-size d--fontsize-15px\">7.614 $<\/span><\/td><td>7.714 $<\/td><\/tr><\/tbody><\/table><figcaption class=\"wp-element-caption\">uma taxa de inscri\u00e7\u00e3o n\u00e3o reembols\u00e1vel de US$ 100 para novos alunos.<\/figcaption><\/figure>\n\n<p>Mais detalhes: <a href=\"https:\/\/www.academiaschool.edu\/wp-content\/uploads\/2025\/12\/Non-I-20_Academia-Price-List_2026.pdf\">Lista de Pre\u00e7os N\u00e3o I-20 2026 Academia<\/a><\/p>\n\n<p>Os vistos que n\u00e3o s\u00e3o de estudante incluem o ESTA (Programa de Isen\u00e7\u00e3o de Visto), B2 (Visto de Turista), E Visa (Visto de Investidor\/Neg\u00f3cios) e vistos de acompanhamento. Os portadores desses vistos podem estudar at\u00e9 18 horas por semana.<\/p>\n<section class=\"b--jinr-block b--jinr-blogcard d--blogcard-hover-up d--blogcard-style1 d--blogcard-mysite t--round \"><div class=\"a--blogcard-label ef\">Related Page<\/div><a class=\"o--blogcard-link t--round\" href=\"https:\/\/www.academiaschool.edu\/fee\/non-f-1-student\/\"><div class=\"c--blogcard-image\"><img loading=\"lazy\" decoding=\"async\" class=\"a--blogcard-img-src\" width=\"128\" height=\"72\" src=\"https:\/\/www.academiaschool.edu\/wp-content\/uploads\/2025\/02\/\u540d\u79f0\u672a\u8a2d\u5b9a\u306e\u30c7\u30b6\u30a4\u30f3-7.png\" alt=\"Tuition for Non-student Visa Holders (ESTA, e-Visa, etc.)\" \/><\/div><div class=\"a--blogcard-title d--bold\">Tuition for Non-student Visa Holders (ESTA, e-Visa, etc.)<\/div><\/a><\/section>\n<h2 class=\"wp-block-heading jinr-heading d--bold\"><strong>3. Mensalidade de Kama&#8217;aina (cidad\u00e3os americanos ou portadores de green card)<\/strong><\/h2>\n\n<p><strong>Lista de pre\u00e7os semanal para alunos de Kama&#8217;aina<\/strong><\/p>\n\n<figure class=\"wp-block-table is-style-stripes\"><table><tbody><tr><td><strong><span class=\"jinr-d--font-size d--fontsize-15px\"><strong>2026 <\/strong>Kama&#8217;aina<\/span><\/strong><\/td><td><strong>10 horas por semana<\/strong><br\/>(impostos inclu\u00eddos)<\/td><td><strong><strong>15 horas\/por semana<\/strong><\/strong><br\/>(impostos inclu\u00eddos)<\/td><td><strong><strong>20 horas\/por semana<\/strong><\/strong><br\/>(impostos inclu\u00eddos)<\/td><\/tr><tr><td><span class=\"jinr-d--font-size d--fontsize-15px\">1 semana<\/span><\/td><td><span class=\"jinr-d--font-size d--fontsize-15px\">168 $<\/span><\/td><td><span class=\"jinr-d--font-size d--fontsize-15px\">251 $<\/span><\/td><td><span class=\"jinr-d--font-size d--fontsize-15px\">335 $<\/span><\/td><\/tr><tr><td><span class=\"jinr-d--font-size d--fontsize-15px\">8 semanas<\/span><\/td><td><span class=\"jinr-d--font-size d--fontsize-15px\">$1,050<\/span><\/td><td><span class=\"jinr-d--font-size d--fontsize-15px\">$1,575<\/span><\/td><td><span class=\"jinr-d--font-size d--fontsize-15px\">$2,100<\/span><\/td><\/tr><tr><td><span class=\"jinr-d--font-size d--fontsize-15px\">16 semanas<\/span><\/td><td><span class=\"jinr-d--font-size d--fontsize-15px\">$1,914<\/span><\/td><td><span class=\"jinr-d--font-size d--fontsize-15px\">$2,870<\/span><\/td><td><span class=\"jinr-d--font-size d--fontsize-15px\">$3,827<\/span><\/td><\/tr><tr><td><span class=\"jinr-d--font-size d--fontsize-15px\">24 semanas<\/span><\/td><td><span class=\"jinr-d--font-size d--fontsize-15px\">$2,590<\/span><\/td><td><span class=\"jinr-d--font-size d--fontsize-15px\">$3,884<\/span><\/td><td><span class=\"jinr-d--font-size d--fontsize-15px\">$5,179<\/span><\/td><\/tr><\/tbody><\/table><figcaption class=\"wp-element-caption\">uma taxa de inscri\u00e7\u00e3o n\u00e3o reembols\u00e1vel de US$ 100 para novos alunos.<\/figcaption><\/figure>\n\n<p>Mais detalhes: <a href=\"https:\/\/www.academiaschool.edu\/wp-content\/uploads\/2025\/12\/Kamaaina_Academia-Price-List_2026.pdf\">Lista de Pre\u00e7os Kama&#8217;aina 2026 Academia<\/a><\/p>\n\n<p>Os pre\u00e7os n\u00e3o incluem uma taxa de inscri\u00e7\u00e3o \u00fanica e n\u00e3o reembols\u00e1vel de US$ 100. Todos os pre\u00e7os incluem impostos. <\/p>\n\n<p>Os residentes locais que desejam estudar ingl\u00eas s\u00e3o eleg\u00edveis para as tarifas Kama&#8217;aina. Para se qualificar, os alunos devem apresentar um documento de identidade com foto com um endere\u00e7o local, ser cidad\u00e3o americano, portador de um Green Card ou possuir um visto K-1.<\/p>\n<section class=\"b--jinr-block b--jinr-blogcard d--blogcard-hover-up d--blogcard-style1 d--blogcard-mysite t--round \"><div class=\"a--blogcard-label ef\">Related Page<\/div><a class=\"o--blogcard-link t--round\" href=\"https:\/\/www.academiaschool.edu\/fee\/kamaaina\/\"><div class=\"c--blogcard-image\"><img loading=\"lazy\" decoding=\"async\" class=\"a--blogcard-img-src\" width=\"128\" height=\"72\" src=\"https:\/\/www.academiaschool.edu\/wp-content\/uploads\/2025\/02\/\u540d\u79f0\u672a\u8a2d\u5b9a\u306e\u30c7\u30b6\u30a4\u30f3-7.png\" alt=\"Tuition for Kama&#8217;aina (U.S. Citizens or Green Card Holders)\" \/><\/div><div class=\"a--blogcard-title d--bold\">Tuition for Kama&#8217;aina (U.S. Citizens or Green Card Holders)<\/div><\/a><\/section>\n<h2 class=\"wp-block-heading jinr-heading d--bold\"><strong>4. Estudantes atuais do ALS e mensalidades com visto de estudante (visto F-1)<\/strong><\/h2>\n\n<p><strong>Lista de pre\u00e7os semanais para alunos atuais da ALS com visto F-1<\/strong><\/p>\n\n<figure class=\"wp-block-table is-style-stripes\" style=\"font-size:21px\"><table><tbody><tr><td><span class=\"jinr-d--font-size d--fontsize-15px\"><strong>Visto F1 2026 <\/strong><\/span><\/td><td><strong><span class=\"jinr-d--font-size d--fontsize-15px\"><strong>Mensalidade<\/strong><\/span><\/strong><br\/>(impostos inclu\u00eddos)<\/td><\/tr><tr><td><span class=\"jinr-d--font-size d--fontsize-15px\">8 semanas (cerca de 2 meses)<\/span><\/td><td><span class=\"jinr-d--font-size d--fontsize-15px\">2.313 $<\/span><\/td><\/tr><tr><td><span class=\"jinr-d--font-size d--fontsize-15px\">16 semanas (cerca de 4 meses)<\/span><\/td><td><span class=\"jinr-d--font-size d--fontsize-15px\">4.054 $<\/span><\/td><\/tr><tr><td><span class=\"jinr-d--font-size d--fontsize-15px\">24 semanas (cerca de metade de um ano)<\/span><\/td><td><span class=\"jinr-d--font-size d--fontsize-15px\">5.561 $<\/span><\/td><\/tr><tr><td><span class=\"jinr-d--font-size d--fontsize-15px\">48 semanas (cerca de 1 ano)<\/span><\/td><td><span class=\"jinr-d--font-size d--fontsize-15px\">$8,759<\/span><\/td><\/tr><\/tbody><\/table><figcaption class=\"wp-element-caption\">Nenhum custo inicial \u00e9 necess\u00e1rio se voc\u00ea for o aluno atual do ALS.<\/figcaption><\/figure>\n\n<p>Mais detalhes: <a href=\"https:\/\/www.academiaschool.edu\/wp-content\/uploads\/2025\/12\/I-20_Academia-Price-List_2026-4.pdf\">Lista de Pre\u00e7os I-20 2026 Academia<\/a><\/p>\n\n<p>Os per\u00edodos de matr\u00edcula adicionais para os alunos atuais podem ser estendidos semanalmente. Consulte a p\u00e1gina abaixo para ver as tarifas semanais para per\u00edodos de 1 a 48 semanas.<\/p>\n<section class=\"b--jinr-block b--jinr-blogcard d--blogcard-hover-up d--blogcard-style1 d--blogcard-mysite t--round \"><div class=\"a--blogcard-label ef\">Related Page<\/div><a class=\"o--blogcard-link t--round\" href=\"https:\/\/www.academiaschool.edu\/fee\/current-student\/\"><div class=\"c--blogcard-image\"><img loading=\"lazy\" decoding=\"async\" class=\"a--blogcard-img-src\" width=\"128\" height=\"72\" src=\"https:\/\/www.academiaschool.edu\/wp-content\/uploads\/2025\/02\/\u540d\u79f0\u672a\u8a2d\u5b9a\u306e\u30c7\u30b6\u30a4\u30f3-7.png\" alt=\"Tuition for Current Students &amp; Student Visa (F-1 Visa) Holders\" \/><\/div><div class=\"a--blogcard-title d--bold\">Tuition for Current Students &amp; Student Visa (F-1 Visa) Holders<\/div><\/a><\/section>\n<h2 class=\"wp-block-heading jinr-heading d--bold\"><strong>5. Academia Aloha Camp<\/strong><\/h2>\n\n<figure class=\"wp-block-image size-full\"><img loading=\"lazy\" decoding=\"async\" width=\"1024\" height=\"265\" src=\"https:\/\/www.academiaschool.edu\/wp-content\/uploads\/2025\/12\/image.png\" alt=\"\" class=\"wp-image-8876\" srcset=\"https:\/\/www.academiaschool.edu\/wp-content\/uploads\/2025\/12\/image.png 1024w, https:\/\/www.academiaschool.edu\/wp-content\/uploads\/2025\/12\/image-300x78.png 300w, https:\/\/www.academiaschool.edu\/wp-content\/uploads\/2025\/12\/image-768x199.png 768w\" sizes=\"auto, (max-width: 1024px) 100vw, 1024px\" \/><\/figure>\n\n<p>O programa infantil \u00e9 destinado a crian\u00e7as de 6 a 12 anos (pr\u00e9-jardim de inf\u00e2ncia, ensino fundamental) e o programa j\u00fanior \u00e9 para alunos do ensino fundamental e m\u00e9dio de 13 a 18 anos. Os alunos do programa j\u00fanior que procuram um aprendizado mais focado academicamente s\u00e3o incentivados a se inscrever em nossas aulas gerais para adultos. <\/p>\n<section class=\"b--jinr-block b--jinr-blogcard d--blogcard-hover-up d--blogcard-style1 d--blogcard-mysite t--round \"><div class=\"a--blogcard-label ef\">Related Pages<\/div><a class=\"o--blogcard-link t--round\" href=\"https:\/\/www.academiaschool.edu\/academia-aloha-camp\/\"><div class=\"c--blogcard-image\"><img loading=\"lazy\" decoding=\"async\" class=\"a--blogcard-img-src\" width=\"128\" height=\"72\" src=\"https:\/\/www.academiaschool.edu\/wp-content\/uploads\/2025\/02\/\u540d\u79f0\u672a\u8a2d\u5b9a\u306e\u30c7\u30b6\u30a4\u30f3-7.png\" alt=\"Taxas\" \/><\/div><div class=\"a--blogcard-title d--bold\">Taxas<\/div><\/a><\/section>\n<h2 class=\"wp-block-heading jinr-heading d--bold\"><strong>6. <strong>Mensalidade<\/strong> do curso somente \u00e0 tarde para alunos transferidos com visto F-1<\/strong><\/h2>\n\n<p>Os alunos desse plano devem escolher apenas as aulas das 12:30 \u00e0s 15:00 e das 15:00 \u00e0s 17:30.<\/p>\n\n<p>Mais detalhes: <a href=\"https:\/\/www.academiaschool.edu\/wp-content\/uploads\/2025\/12\/Afternoon_Academia-Price-List_2026.pdf\">Lista de Pre\u00e7os Apenas para Aulas da Tarde 2026 Academia<\/a><\/p>\n\n<p>Somente alunos transferidos e atuais que escolherem essas aulas est\u00e3o qualificados para essas taxas de matr\u00edcula.<\/p>\n<section class=\"b--jinr-block b--jinr-blogcard d--blogcard-hover-up d--blogcard-style1 d--blogcard-mysite t--round \"><div class=\"a--blogcard-label ef\">Related Page<\/div><a class=\"o--blogcard-link t--round\" href=\"https:\/\/www.academiaschool.edu\/fee\/afternoon-course\/\"><div class=\"c--blogcard-image\"><img loading=\"lazy\" decoding=\"async\" class=\"a--blogcard-img-src\" width=\"128\" height=\"72\" src=\"https:\/\/www.academiaschool.edu\/wp-content\/uploads\/2025\/02\/\u540d\u79f0\u672a\u8a2d\u5b9a\u306e\u30c7\u30b6\u30a4\u30f3-7.png\" alt=\"Afternoon-Only Classes For Transfer And Current Students\" \/><\/div><div class=\"a--blogcard-title d--bold\">Afternoon-Only Classes For Transfer And Current Students<\/div><\/a><\/section>\n<h2 class=\"wp-block-heading jinr-heading d--bold\"><strong>Taxas de acomoda\u00e7\u00e3o<\/strong><\/h2>\n\n<p>A Academia oferece acomoda\u00e7\u00f5es de baixo custo a uma curta dist\u00e2ncia da escola. Atendemos a uma ampla gama de necessidades, desde estudantes de curto prazo que ficam de 1 a 2 semanas at\u00e9 aqueles que estudam por mais de um ano, bem como aqueles que desejam encontrar moradia no Hava\u00ed ap\u00f3s a chegada.<\/p>\n<section class=\"b--jinr-block b--jinr-blogcard d--blogcard-hover-up d--blogcard-style1 d--blogcard-mysite t--round \"><div class=\"a--blogcard-label ef\">Related Page<\/div><a class=\"o--blogcard-link t--round\" href=\"https:\/\/www.academiaschool.edu\/fee\/housing\/\"><div class=\"c--blogcard-image\"><img loading=\"lazy\" decoding=\"async\" class=\"a--blogcard-img-src\" width=\"128\" height=\"72\" src=\"https:\/\/www.academiaschool.edu\/wp-content\/uploads\/2025\/02\/\u540d\u79f0\u672a\u8a2d\u5b9a\u306e\u30c7\u30b6\u30a4\u30f3-7.png\" alt=\"Accommodation Fees\" \/><\/div><div class=\"a--blogcard-title d--bold\">Accommodation Fees<\/div><\/a><\/section>","protected":false},"excerpt":{"rendered":"<p>Seis categorias de mensalidades Na Academia Language School, as taxas variam de acordo com as seis categorias a seguir: A diferen\u00e7a entre a categoria 1, Novos alunos, e a categoria 4, Alunos atuais do ALS, est\u00e1 nos &#8220;custos iniciais&#8221; e no &#8220;per\u00edodo m\u00ednimo de matr\u00edcula&#8221;, embora a mensalidade seja a mesma. 1. Mensalidades de novos [&hellip;]<\/p>\n","protected":false},"author":1,"featured_media":0,"parent":0,"menu_order":0,"comment_status":"closed","ping_status":"closed","template":"","meta":{"_jinr_url_youtube":"","_jinr_pip_youtube":false,"_jinr_time_youtube":"","_jinr_thumb_youtube":"","_jinr_media_youtube":"","_jinr_category_edit":false,"_jinr_category":"","_jinr_title_display":false,"_jinr_snsbutton_display":false,"_jinr_ads_display":false,"_jinr_thumbnail_display":false,"_jinr_profile_display":false,"_jinr_representations_display":false,"_jinr_relatedpost_display":false,"_jinr_sidebar1col_display":false,"_jinr_sidebar2col_display":false,"_jinr_seotitle_display":"","_jinr_description_display":"","_jinr_keyword_display":"","_jinr_hastag_display":"","_jinr_canonical_display":"","_jinr_noindex_display":false,"_jinr_paidpost":false,"_jinr_paidpost_product_id":"","_jinr_headtag_article":"","footnotes":""},"class_list":["post-5316","page","type-page","status-publish","hentry"],"_links":{"self":[{"href":"https:\/\/www.academiaschool.edu\/pt-br\/wp-json\/wp\/v2\/pages\/5316","targetHints":{"allow":["GET"]}}],"collection":[{"href":"https:\/\/www.academiaschool.edu\/pt-br\/wp-json\/wp\/v2\/pages"}],"about":[{"href":"https:\/\/www.academiaschool.edu\/pt-br\/wp-json\/wp\/v2\/types\/page"}],"author":[{"embeddable":true,"href":"https:\/\/www.academiaschool.edu\/pt-br\/wp-json\/wp\/v2\/users\/1"}],"replies":[{"embeddable":true,"href":"https:\/\/www.academiaschool.edu\/pt-br\/wp-json\/wp\/v2\/comments?post=5316"}],"version-history":[{"count":7,"href":"https:\/\/www.academiaschool.edu\/pt-br\/wp-json\/wp\/v2\/pages\/5316\/revisions"}],"predecessor-version":[{"id":9014,"href":"https:\/\/www.academiaschool.edu\/pt-br\/wp-json\/wp\/v2\/pages\/5316\/revisions\/9014"}],"wp:attachment":[{"href":"https:\/\/www.academiaschool.edu\/pt-br\/wp-json\/wp\/v2\/media?parent=5316"}],"curies":[{"name":"wp","href":"https:\/\/api.w.org\/{rel}","templated":true}]}}