{"id":5304,"date":"2024-03-21T12:45:20","date_gmt":"2024-03-21T22:45:20","guid":{"rendered":"https:\/\/academia-school.net\/aplicativo\/politica-de-reembolso\/"},"modified":"2024-04-24T10:56:47","modified_gmt":"2024-04-24T20:56:47","slug":"politica-de-reembolso","status":"publish","type":"page","link":"https:\/\/www.academiaschool.edu\/pt-br\/aplicativo\/politica-de-reembolso\/","title":{"rendered":"Pol\u00edtica de reembolso"},"content":{"rendered":"\n<section class=\"wp-block-jinr-blocks-fullwidth b--jinr-block b--jinr-fullwidth-container d--top-margin-xs-pc d--bottom-margin-xs-pc d--top-margin-xs-sp d--bottom-margin-xs-sp \"><section class=\"b--jinr-fullwidth d--fullwidth-parallax-off d--fullwidth-deco-bgimage\"><div class=\"a--jinr-fullwidth-image\"><div class=\"a--jinr-fullwidth-image-clip\"><img decoding=\"async\" src=\"https:\/\/www.academiaschool.edu\/wp-content\/uploads\/2024\/03\/\u30b9\u30af\u30ea\u30fc\u30f3\u30b7\u30e7\u30c3\u30c8-2024-03-26-\u5348\u5f8c7.45.56.webp\"\/><\/div><\/div><div class=\"a--jinr-fullwidth-overlay\" style=\"background-color:#222222;opacity:0.25\"><\/div><div class=\"d--fullwidth-100 d--fullwidth-pad40 d--fullwidth-pad0-sp t--main-width\" style=\"color:false\">\n<p class=\"has-text-align-center has-white-color has-text-color has-link-color wp-elements-ad1488de690efd0fd8b9e096077defaa\"><span class=\"jinr-d--font-size d--fontsize-36px\"><strong><strong>Pol\u00edtica de reembolso<\/strong><\/strong><\/span><\/p>\n<\/div><\/section><\/section>\n\n<h2 class=\"wp-block-heading jinr-heading d--bold\"><strong>Pol\u00edtica de reembolso<\/strong><\/h2>\n\n<p>Os reembolsos de transa\u00e7\u00f5es feitas em dinheiro ou cheque ser\u00e3o processados por meio de cheque. As transa\u00e7\u00f5es feitas com cart\u00e3o de cr\u00e9dito ser\u00e3o reembolsadas no mesmo cart\u00e3o de cr\u00e9dito usado para a transa\u00e7\u00e3o. Se o reembolso n\u00e3o puder ser processado no mesmo cart\u00e3o de cr\u00e9dito devido ao per\u00edodo de reembolso da empresa de processamento, o reembolso ser\u00e1 processado por cheque. Todos os reembolsos ser\u00e3o feitos em at\u00e9 30 dias ap\u00f3s a confirma\u00e7\u00e3o da solicita\u00e7\u00e3o de reembolso.<\/p>\n\n<h3 class=\"wp-block-heading jinr-heading d--bold\">Dura\u00e7\u00e3o da inscri\u00e7\u00e3o &#8211; 8 semanas ou mais<\/h3>\n\n<figure class=\"wp-block-table\"><table><tbody><tr><td>Desist\u00eancia antes do in\u00edcio das aulas<\/td><td>Reembolso total<\/td><\/tr><tr><td>Retirada mais de 4 semanas antes do t\u00e9rmino<\/td><td>Reembolso parcial<\/td><\/tr><tr><td>Retirada nas \u00faltimas 4 semanas<\/td><td>Sem reembolso<\/td><\/tr><\/tbody><\/table><figcaption class=\"wp-element-caption\">Os reembolsos s\u00e3o emitidos ap\u00f3s a dedu\u00e7\u00e3o de uma taxa de inscri\u00e7\u00e3o n\u00e3o reembols\u00e1vel de US$ 125.<\/figcaption><\/figure>\n\n<ul class=\"jinr-list wp-block-list\">\n<li>Os custos de livros, materiais de \u00e1udio e suprimentos n\u00e3o s\u00e3o reembols\u00e1veis.<\/li>\n\n\n\n<li>Uma sess\u00e3o tem dura\u00e7\u00e3o de 8 semanas; o ponto m\u00e9dio de uma sess\u00e3o \u00e9 de 4 semanas.<\/li>\n\n\n\n<li>Os valores de reembolso s\u00e3o calculados deduzindo-se o valor do curso utilizado (com base no per\u00edodo de aulas a cada 4 semanas) do valor total pago.<\/li>\n\n\n\n<li>Reembolsos relacionados a promo\u00e7\u00f5es para alunos: O valor do reembolso \u00e9 calculado deduzindo-se o pre\u00e7o total (n\u00e3o promocional) do curso usado para as sess\u00f5es conclu\u00eddas do valor total do curso promocional.<\/li>\n\n\n\n<li>O pagamento antecipado do curso \u00e9 sempre poss\u00edvel. Se o cancelamento ocorrer antes do in\u00edcio das aulas, o valor total ser\u00e1 reembolsado, menos a taxa de inscri\u00e7\u00e3o n\u00e3o reembols\u00e1vel.<\/li>\n\n\n\n<li>Se um cheque for devolvido pelo banco por qualquer motivo, ser\u00e1 cobrada uma taxa de US$ 25,00.<\/li>\n<\/ul>\n\n<h3 class=\"wp-block-heading jinr-heading d--bold\">Dura\u00e7\u00e3o da inscri\u00e7\u00e3o &#8211; Menos de 8 semanas<\/h3>\n\n<p>Os reembolsos de transa\u00e7\u00f5es feitas em dinheiro ou cheque ser\u00e3o processados por meio de cheque. As transa\u00e7\u00f5es feitas com cart\u00e3o de cr\u00e9dito ser\u00e3o reembolsadas no mesmo cart\u00e3o de cr\u00e9dito usado para a transa\u00e7\u00e3o. Se o reembolso n\u00e3o puder ser processado no mesmo cart\u00e3o de cr\u00e9dito devido ao per\u00edodo de reembolso da empresa de processamento, o reembolso ser\u00e1 processado por cheque. Todos os reembolsos ser\u00e3o feitos em at\u00e9 30 dias ap\u00f3s a confirma\u00e7\u00e3o da solicita\u00e7\u00e3o de reembolso.<\/p>\n\n<figure class=\"wp-block-table\"><table><tbody><tr><td>Desist\u00eancia antes do in\u00edcio das aulas<\/td><td>Reembolso total<\/td><\/tr><tr><td>Desist\u00eancia de um curso de 4 semanas ou menos<\/td><td>Sem reembolso<\/td><\/tr><\/tbody><\/table><figcaption class=\"wp-element-caption\">Os reembolsos s\u00e3o emitidos ap\u00f3s a dedu\u00e7\u00e3o de uma taxa de inscri\u00e7\u00e3o n\u00e3o reembols\u00e1vel de US$ 125.<\/figcaption><\/figure>\n\n<ul class=\"jinr-list wp-block-list\">\n<li>Os custos de livros, materiais de \u00e1udio e suprimentos n\u00e3o s\u00e3o reembols\u00e1veis.<\/li>\n\n\n\n<li>A desist\u00eancia ap\u00f3s as primeiras 4 semanas n\u00e3o \u00e9 eleg\u00edvel para reembolso.<\/li>\n\n\n\n<li>Para matr\u00edculas de 5, 6 ou 7 semanas, o valor do reembolso \u00e9 calculado deduzindo-se o valor do curso usado nas primeiras 4 semanas do valor total pago.<\/li>\n\n\n\n<li>Se um cheque for devolvido pelo banco por qualquer motivo, ser\u00e1 cobrada uma taxa de US$ 25,00.<\/li>\n<\/ul>\n\n<h2 class=\"wp-block-heading jinr-heading d--bold\"><strong>Folha de c\u00e1lculo de reembolso<\/strong><\/h2>\n\n<p>Abaixo voc\u00ea encontra uma planilha Excel para calcular os valores de reembolso.<\/p>\n\n<p><a href=\"https:\/\/www.academiaschool.edu\/wp-content\/uploads\/2024\/03\/2024-Refund-Schedule.xlsx\">Folha de c\u00e1lculo de reembolso (2024)<\/a><\/p>\n\n<p>Observe que a planilha acima n\u00e3o leva em conta reembolsos relacionados a promo\u00e7\u00f5es. Os c\u00e1lculos ser\u00e3o feitos no front office quando implementados. Use-a como figura de refer\u00eancia.<\/p>\n","protected":false},"excerpt":{"rendered":"<p>Pol\u00edtica de reembolso Os reembolsos de transa\u00e7\u00f5es feitas em dinheiro ou cheque ser\u00e3o processados por meio de cheque. As transa\u00e7\u00f5es feitas com cart\u00e3o de cr\u00e9dito ser\u00e3o reembolsadas no mesmo cart\u00e3o de cr\u00e9dito usado para a transa\u00e7\u00e3o. Se o reembolso n\u00e3o puder ser processado no mesmo cart\u00e3o de cr\u00e9dito devido ao per\u00edodo de reembolso da empresa [&hellip;]<\/p>\n","protected":false},"author":1,"featured_media":0,"parent":5288,"menu_order":0,"comment_status":"closed","ping_status":"closed","template":"","meta":{"_jinr_url_youtube":"","_jinr_pip_youtube":false,"_jinr_time_youtube":"","_jinr_thumb_youtube":"","_jinr_media_youtube":"","_jinr_category_edit":false,"_jinr_category":"","_jinr_title_display":false,"_jinr_snsbutton_display":false,"_jinr_ads_display":false,"_jinr_thumbnail_display":false,"_jinr_profile_display":false,"_jinr_representations_display":false,"_jinr_relatedpost_display":false,"_jinr_sidebar1col_display":false,"_jinr_sidebar2col_display":false,"_jinr_seotitle_display":"","_jinr_description_display":"","_jinr_keyword_display":"","_jinr_hastag_display":"","_jinr_canonical_display":"","_jinr_noindex_display":false,"_jinr_paidpost":false,"_jinr_paidpost_product_id":"","_jinr_headtag_article":"","footnotes":""},"class_list":["post-5304","page","type-page","status-publish","hentry"],"_links":{"self":[{"href":"https:\/\/www.academiaschool.edu\/pt-br\/wp-json\/wp\/v2\/pages\/5304","targetHints":{"allow":["GET"]}}],"collection":[{"href":"https:\/\/www.academiaschool.edu\/pt-br\/wp-json\/wp\/v2\/pages"}],"about":[{"href":"https:\/\/www.academiaschool.edu\/pt-br\/wp-json\/wp\/v2\/types\/page"}],"author":[{"embeddable":true,"href":"https:\/\/www.academiaschool.edu\/pt-br\/wp-json\/wp\/v2\/users\/1"}],"replies":[{"embeddable":true,"href":"https:\/\/www.academiaschool.edu\/pt-br\/wp-json\/wp\/v2\/comments?post=5304"}],"version-history":[{"count":3,"href":"https:\/\/www.academiaschool.edu\/pt-br\/wp-json\/wp\/v2\/pages\/5304\/revisions"}],"predecessor-version":[{"id":5307,"href":"https:\/\/www.academiaschool.edu\/pt-br\/wp-json\/wp\/v2\/pages\/5304\/revisions\/5307"}],"up":[{"embeddable":true,"href":"https:\/\/www.academiaschool.edu\/pt-br\/wp-json\/wp\/v2\/pages\/5288"}],"wp:attachment":[{"href":"https:\/\/www.academiaschool.edu\/pt-br\/wp-json\/wp\/v2\/media?parent=5304"}],"curies":[{"name":"wp","href":"https:\/\/api.w.org\/{rel}","templated":true}]}}