{"id":5300,"date":"2024-03-21T12:42:52","date_gmt":"2024-03-21T22:42:52","guid":{"rendered":"https:\/\/academia-school.net\/aplicativo\/processo-desde-a-inscricao-ate-a-matricula\/"},"modified":"2024-04-24T10:56:37","modified_gmt":"2024-04-24T20:56:37","slug":"processo-desde-a-inscricao-ate-a-matricula","status":"publish","type":"page","link":"https:\/\/www.academiaschool.edu\/pt-br\/aplicativo\/processo-desde-a-inscricao-ate-a-matricula\/","title":{"rendered":"Processo desde a inscri\u00e7\u00e3o at\u00e9 a matr\u00edcula"},"content":{"rendered":"\n<section class=\"wp-block-jinr-blocks-fullwidth b--jinr-block b--jinr-fullwidth-container d--top-margin-xs-pc d--bottom-margin-xs-pc d--top-margin-xs-sp d--bottom-margin-xs-sp \"><section class=\"b--jinr-fullwidth d--fullwidth-parallax-off d--fullwidth-deco-bgimage\"><div class=\"a--jinr-fullwidth-image\"><div class=\"a--jinr-fullwidth-image-clip\"><img decoding=\"async\" src=\"https:\/\/www.academiaschool.edu\/wp-content\/uploads\/2024\/03\/\u30b9\u30af\u30ea\u30fc\u30f3\u30b7\u30e7\u30c3\u30c8-2024-03-26-\u5348\u5f8c7.45.56.webp\"\/><\/div><\/div><div class=\"a--jinr-fullwidth-overlay\" style=\"background-color:#222222;opacity:0.25\"><\/div><div class=\"d--fullwidth-100 d--fullwidth-pad40 d--fullwidth-pad0-sp t--main-width\" style=\"color:false\">\n<p class=\"has-text-align-center has-white-color has-text-color has-link-color wp-elements-f04d82623dccd3d57577ce0456f9ead8\"><span class=\"jinr-d--font-size d--fontsize-36px\"><strong><span class=\"jinr-d--font-size d--fontsize-36px\"><strong>Processo desde a inscri\u00e7\u00e3o at\u00e9 a matr\u00edcula<\/strong><\/span><\/strong><\/span><\/p>\n<\/div><\/section><\/section>\n\n<h2 class=\"wp-block-heading jinr-heading d--bold\"><span class=\"jinr-d--font-size d--fontsize-36px\"><strong>Processo desde a inscri\u00e7\u00e3o at\u00e9 a matr\u00edcula<\/strong><\/span><\/h2>\n\n<section class=\"wp-block-jinr-blocks-timeline b--jinr-block b--jinr-timeline d--timeline-type-text d--timeline-design1 d--timeline-step-default\n\t\t\td--timeline-img-shadow js--scr-animation\"><div class=\"o--timeline-list\">\n<div class=\"wp-block-jinr-blocks-timelinechild c--timeline-item\"><div class=\"c--timeline-heading\"><div class=\"a--timeline-step ef\"><span class=\"a--timeline-step-text\"><\/span><\/div><div class=\"a--timeline-label d--bold\">Scheduling the Preliminary Test Before Enrollment<\/div><\/div><div class=\"c--timeline-contents\"><div class=\"a--timeline-text\">\n<p>Voc\u00ea far\u00e1 o teste de nivelamento na sexta-feira da semana anterior \u00e0 inscri\u00e7\u00e3o ou na sexta-feira duas semanas antes. A recep\u00e7\u00e3o entrar\u00e1 em contato com voc\u00ea para confirmar o hor\u00e1rio do teste. O teste pode ser feito totalmente on-line, mas voc\u00ea tamb\u00e9m tem a op\u00e7\u00e3o de realiz\u00e1-lo na escola.<\/p>\n<\/div><\/div><\/div>\n\n\n\n<div class=\"wp-block-jinr-blocks-timelinechild c--timeline-item\"><div class=\"c--timeline-heading\"><div class=\"a--timeline-step ef\"><span class=\"a--timeline-step-text\"><\/span><\/div><div class=\"a--timeline-label d--bold\">Test Day: Grammar Test<\/div><\/div><div class=\"c--timeline-contents\"><div class=\"a--timeline-text\">\n<p>Voc\u00ea far\u00e1 o teste de gram\u00e1tica on-line, que ser\u00e1 enviado a voc\u00ea por e-mail.<\/p>\n<\/div><\/div><\/div>\n\n\n\n<div class=\"wp-block-jinr-blocks-timelinechild c--timeline-item\"><div class=\"c--timeline-heading\"><div class=\"a--timeline-step ef\"><span class=\"a--timeline-step-text\"><\/span><\/div><div class=\"a--timeline-label d--bold\">Enrollment Orientation (For F Visa Holders Only)<\/div><\/div><div class=\"c--timeline-contents\"><div class=\"a--timeline-text\">\n<p>Conduzimos uma orienta\u00e7\u00e3o on-line para a inscri\u00e7\u00e3o, discutindo principalmente as regras sobre frequ\u00eancia e notas necess\u00e1rias para manter seu I-20. Essa orienta\u00e7\u00e3o pode ocorrer antes ou depois do teste de gram\u00e1tica.<\/p>\n<\/div><\/div><\/div>\n\n\n\n<div class=\"wp-block-jinr-blocks-timelinechild c--timeline-item\"><div class=\"c--timeline-heading\"><div class=\"a--timeline-step ef\"><span class=\"a--timeline-step-text\"><\/span><\/div><div class=\"a--timeline-label d--bold\">Test Day: Conversation Test<\/div><\/div><div class=\"c--timeline-contents\"><div class=\"a--timeline-text\">\n<p>Voc\u00ea se comunicar\u00e1 em ingl\u00eas com um professor on-line. O teste de conversa\u00e7\u00e3o tamb\u00e9m pode ser realizado presencialmente na escola.<\/p>\n<\/div><\/div><\/div>\n\n\n\n<div class=\"wp-block-jinr-blocks-timelinechild c--timeline-item\"><div class=\"c--timeline-heading\"><div class=\"a--timeline-step ef\"><span class=\"a--timeline-step-text\"><\/span><\/div><div class=\"a--timeline-label d--bold\"><strong>Test Day: Class Assignment<\/strong><\/div><\/div><div class=\"c--timeline-contents\"><div class=\"a--timeline-text\">\n<p>Ap\u00f3s o teste de conversa\u00e7\u00e3o, voc\u00ea ter\u00e1 imediatamente uma entrevista de atribui\u00e7\u00e3o de classe. Com base na sua compreens\u00e3o da gram\u00e1tica e no seu n\u00edvel de conversa\u00e7\u00e3o, sugeriremos a aula mais adequada para voc\u00ea.<\/p>\n<\/div><\/div><\/div>\n\n\n\n<div class=\"wp-block-jinr-blocks-timelinechild c--timeline-item\"><div class=\"c--timeline-heading\"><div class=\"a--timeline-step ef\"><span class=\"a--timeline-step-text\"><\/span><\/div><div class=\"a--timeline-label d--bold\"><strong>Enrollment Day<\/strong><\/div><\/div><div class=\"c--timeline-contents\"><div class=\"a--timeline-text\">\n<p>No dia da inscri\u00e7\u00e3o, compare\u00e7a \u00e0 aula determinada durante a atribui\u00e7\u00e3o de aulas. Observe que voc\u00ea pode mudar de turma nas duas primeiras semanas de inscri\u00e7\u00e3o.<\/p>\n<\/div><\/div><\/div>\n<\/div><\/section>\n<section class=\"b--jinr-block b--jinr-blogcard d--blogcard-hover-up d--blogcard-style1 d--blogcard-mysite t--round \"><div class=\"a--blogcard-label ef\">Apply<\/div><a class=\"o--blogcard-link t--round\" href=\"https:\/\/www.academiaschool.edu\/apply\/online-application\/\"><div class=\"c--blogcard-image\"><img loading=\"lazy\" decoding=\"async\" class=\"a--blogcard-img-src\" width=\"128\" height=\"72\" src=\"https:\/\/www.academiaschool.edu\/wp-content\/uploads\/2025\/02\/\u540d\u79f0\u672a\u8a2d\u5b9a\u306e\u30c7\u30b6\u30a4\u30f3-7.png\" alt=\"Online Application Form\" \/><\/div><div class=\"a--blogcard-title d--bold\">Online Application Form<\/div><\/a><\/section>","protected":false},"excerpt":{"rendered":"<p>Processo desde a inscri\u00e7\u00e3o at\u00e9 a matr\u00edcula<\/p>\n","protected":false},"author":1,"featured_media":0,"parent":5288,"menu_order":0,"comment_status":"closed","ping_status":"closed","template":"","meta":{"_jinr_url_youtube":"","_jinr_pip_youtube":false,"_jinr_time_youtube":"","_jinr_thumb_youtube":"","_jinr_media_youtube":"","_jinr_category_edit":false,"_jinr_category":"","_jinr_title_display":false,"_jinr_snsbutton_display":false,"_jinr_ads_display":false,"_jinr_thumbnail_display":false,"_jinr_profile_display":false,"_jinr_representations_display":false,"_jinr_relatedpost_display":false,"_jinr_sidebar1col_display":false,"_jinr_sidebar2col_display":false,"_jinr_seotitle_display":"","_jinr_description_display":"","_jinr_keyword_display":"","_jinr_hastag_display":"","_jinr_canonical_display":"","_jinr_noindex_display":false,"_jinr_paidpost":false,"_jinr_paidpost_product_id":"","_jinr_headtag_article":"","footnotes":""},"class_list":["post-5300","page","type-page","status-publish","hentry"],"_links":{"self":[{"href":"https:\/\/www.academiaschool.edu\/pt-br\/wp-json\/wp\/v2\/pages\/5300","targetHints":{"allow":["GET"]}}],"collection":[{"href":"https:\/\/www.academiaschool.edu\/pt-br\/wp-json\/wp\/v2\/pages"}],"about":[{"href":"https:\/\/www.academiaschool.edu\/pt-br\/wp-json\/wp\/v2\/types\/page"}],"author":[{"embeddable":true,"href":"https:\/\/www.academiaschool.edu\/pt-br\/wp-json\/wp\/v2\/users\/1"}],"replies":[{"embeddable":true,"href":"https:\/\/www.academiaschool.edu\/pt-br\/wp-json\/wp\/v2\/comments?post=5300"}],"version-history":[{"count":3,"href":"https:\/\/www.academiaschool.edu\/pt-br\/wp-json\/wp\/v2\/pages\/5300\/revisions"}],"predecessor-version":[{"id":5303,"href":"https:\/\/www.academiaschool.edu\/pt-br\/wp-json\/wp\/v2\/pages\/5300\/revisions\/5303"}],"up":[{"embeddable":true,"href":"https:\/\/www.academiaschool.edu\/pt-br\/wp-json\/wp\/v2\/pages\/5288"}],"wp:attachment":[{"href":"https:\/\/www.academiaschool.edu\/pt-br\/wp-json\/wp\/v2\/media?parent=5300"}],"curies":[{"name":"wp","href":"https:\/\/api.w.org\/{rel}","templated":true}]}}