{"id":5292,"date":"2024-03-21T12:46:12","date_gmt":"2024-03-21T22:46:12","guid":{"rendered":"https:\/\/academia-school.net\/aplicativo\/processo-de-inscricao\/"},"modified":"2024-04-24T10:56:10","modified_gmt":"2024-04-24T20:56:10","slug":"processo-de-inscricao","status":"publish","type":"page","link":"https:\/\/www.academiaschool.edu\/pt-br\/aplicativo\/processo-de-inscricao\/","title":{"rendered":"Processo de inscri\u00e7\u00e3o"},"content":{"rendered":"\n<section class=\"wp-block-jinr-blocks-fullwidth b--jinr-block b--jinr-fullwidth-container d--top-margin-xs-pc d--bottom-margin-xs-pc d--top-margin-xs-sp d--bottom-margin-xs-sp \"><section class=\"b--jinr-fullwidth d--fullwidth-parallax-off d--fullwidth-deco-bgimage\"><div class=\"a--jinr-fullwidth-image\"><div class=\"a--jinr-fullwidth-image-clip\"><img decoding=\"async\" src=\"https:\/\/www.academiaschool.edu\/wp-content\/uploads\/2024\/03\/\u30b9\u30af\u30ea\u30fc\u30f3\u30b7\u30e7\u30c3\u30c8-2024-03-26-\u5348\u5f8c7.45.56.webp\"\/><\/div><\/div><div class=\"a--jinr-fullwidth-overlay\" style=\"background-color:#222222;opacity:0.25\"><\/div><div class=\"d--fullwidth-100 d--fullwidth-pad40 d--fullwidth-pad0-sp t--main-width\" style=\"color:false\">\n<p class=\"has-text-align-center has-white-color has-text-color has-link-color wp-elements-2ac27dd92598bdc2189bfabab2a3a1e8\"><span class=\"jinr-d--font-size d--fontsize-36px\"><strong>Processo de inscri\u00e7\u00e3o<\/strong><\/span><\/p>\n<\/div><\/section><\/section>\n\n<h2 class=\"wp-block-heading jinr-heading d--bold\">Processo de inscri\u00e7\u00e3o  <\/h2>\n\n<section class=\"wp-block-jinr-blocks-timeline b--jinr-block b--jinr-timeline d--timeline-type-text d--timeline-design1 d--timeline-step-default\n\t\t\td--timeline-img-shadow js--scr-animation\"><div class=\"o--timeline-list\">\n<div class=\"wp-block-jinr-blocks-timelinechild c--timeline-item\"><div class=\"c--timeline-heading\"><div class=\"a--timeline-step ef\"><span class=\"a--timeline-step-text\"><\/span><\/div><div class=\"a--timeline-label d--bold\"><strong>Filling Out the Application Form<\/strong><\/div><\/div><div class=\"c--timeline-contents\"><div class=\"a--timeline-text\">\n<p>Primeiro, preencha o formul\u00e1rio de inscri\u00e7\u00e3o com as informa\u00e7\u00f5es necess\u00e1rias e envie sua inscri\u00e7\u00e3o. Entraremos em contato com voc\u00ea com os documentos necess\u00e1rios, dependendo da sua situa\u00e7\u00e3o. Nossa escola tem dias de inscri\u00e7\u00e3o todas as segundas-feiras, exceto na \u00faltima semana de cada semestre e na semana anterior \u00e0 \u00faltima semana.<\/p>\n\n\n\n<p>Voc\u00ea pode se inscrever pelo <a href=\"https:\/\/form.jotform.com\/241076958498474\">Formul\u00e1rio de inscri\u00e7\u00e3o on-line<\/a> ou pelo <a href=\"https:\/\/www.academiaschool.edu\/wp-content\/uploads\/2024\/04\/Application-Form.pdf\" target=\"_blank\" rel=\"noreferrer noopener\">Formul\u00e1rio de inscri\u00e7\u00e3o\uff08PDF\uff09.<\/a><br\/>A inscri\u00e7\u00e3o para o curso da tarde s\u00f3 est\u00e1 dispon\u00edvel on-line para alunos transferidos.<\/p>\n<\/div><\/div><\/div>\n\n\n\n<div class=\"wp-block-jinr-blocks-timelinechild c--timeline-item\"><div class=\"c--timeline-heading\"><div class=\"a--timeline-step ef\"><span class=\"a--timeline-step-text\"><\/span><\/div><div class=\"a--timeline-label d--bold\"><strong>Submission of Required Documents<\/strong><\/div><\/div><div class=\"c--timeline-contents\"><div class=\"a--timeline-text\">\n<p>Ap\u00f3s recebermos a sua inscri\u00e7\u00e3o, entraremos em contato com voc\u00ea pelo escrit\u00f3rio central sobre os documentos necess\u00e1rios. Tamb\u00e9m listaremos esses documentos aqui.<\/p>\n\n\n\n<p>Preencha e prepare os documentos necess\u00e1rios, como uma solicita\u00e7\u00e3o de depend\u00eancia e um certificado de saldo banc\u00e1rio, e envie-os.<\/p>\n\n\n\n<p><strong>Alunos F-1(I-20) (novos e transferidos)<\/strong><\/p>\n\n\n\n<ul class=\"jinr-list wp-block-list\">\n<li>1 c\u00f3pia do passaporte (para cada membro da fam\u00edlia que vier para os EUA)<\/li>\n\n\n\n<li>2 C\u00f3pia da p\u00e1gina do visto F (para cada membro da fam\u00edlia)<\/li>\n\n\n\n<li>3 Declara\u00e7\u00e3o financeira: US$ 18.000+ mais US$ 4.500 adicionais para cada membro da fam\u00edlia.<\/li>\n\n\n\n<li>4 <a href=\"https:\/\/www.academiaschool.edu\/wp-content\/uploads\/2024\/04\/Verification-of-Status-Request-for-F-1-Student.pdf\" data-type=\"link\" data-id=\"https:\/\/www.academiaschool.edu\/wp-content\/uploads\/2024\/04\/Verification-of-Status-Request-for-F-1-Student.pdf\" target=\"_blank\" rel=\"noreferrer noopener\">Solicita\u00e7\u00e3o de verifica\u00e7\u00e3o de status para aluno F-1<\/a> (para aluno transferido)<\/li>\n\n\n\n<li>5 <a href=\"https:\/\/www.academiaschool.edu\/wp-content\/uploads\/2024\/04\/Affidavit-of-Financial-Resources-Template.pdf\" data-type=\"link\" data-id=\"https:\/\/www.academiaschool.edu\/wp-content\/uploads\/2024\/04\/Affidavit-of-Financial-Resources-Template.pdf\" target=\"_blank\" rel=\"noreferrer noopener\">Modelo de declara\u00e7\u00e3o juramentada de recursos financeiros<\/a> (se algu\u00e9m que n\u00e3o seja o candidato estiver pagando)<\/li>\n\n\n\n<li>6 <a href=\"https:\/\/www.academiaschool.edu\/wp-content\/uploads\/2024\/04\/Dependent-Form.pdf\" data-type=\"link\" data-id=\"https:\/\/www.academiaschool.edu\/wp-content\/uploads\/2024\/04\/Dependent-Form.pdf\" target=\"_blank\" rel=\"noreferrer noopener\">Formul\u00e1rio de dependente<\/a> (se houver filhos)<\/li>\n<\/ul>\n\n\n\n<p><strong>Estudantes Kama&#8217;aina sem I-20<\/strong><\/p>\n\n\n\n<ul class=\"jinr-list wp-block-list\">\n<li>1 C\u00f3pia do passaporte<\/li>\n\n\n\n<li>2 C\u00f3pia da p\u00e1gina do visto ou do Green Card<\/li>\n<\/ul>\n<\/div><\/div><\/div>\n\n\n\n<div class=\"wp-block-jinr-blocks-timelinechild c--timeline-item\"><div class=\"c--timeline-heading\"><div class=\"a--timeline-step ef\"><span class=\"a--timeline-step-text\"><\/span><\/div><div class=\"a--timeline-label d--bold\"><strong>Payment of Enrollment Fee<\/strong><\/div><\/div><div class=\"c--timeline-contents\"><div class=\"a--timeline-text\">\n<p>Os pagamentos podem ser feitos por cart\u00e3o, cheque ou transfer\u00eancia eletr\u00f4nica. Observe que ser\u00e1 cobrada uma taxa de 3% para pagamentos com cart\u00e3o.<\/p>\n<\/div><\/div><\/div>\n\n\n\n<div class=\"wp-block-jinr-blocks-timelinechild c--timeline-item\"><div class=\"c--timeline-heading\"><div class=\"a--timeline-step ef\"><span class=\"a--timeline-step-text\"><\/span><\/div><div class=\"a--timeline-label d--bold\"><strong>Issuance of I-20 (For F Visa Only)<\/strong><\/div><\/div><div class=\"c--timeline-contents\"><div class=\"a--timeline-text\">\n<p><strong>Novo aluno<\/strong><\/p>\n\n\n\n<p>Se voc\u00ea estiver solicitando um visto F pela primeira vez, enviaremos o formul\u00e1rio I-20 para o seu endere\u00e7o no seu pa\u00eds de origem.  <\/p>\n\n\n\n<p><strong>Aluno transferido<\/strong><\/p>\n\n\n\n<p>Se voc\u00ea estiver transferindo escolas no Hava\u00ed, n\u00f3s o entregaremos diretamente a voc\u00ea. Se voc\u00ea n\u00e3o estiver no Hava\u00ed, enviaremos por e-mail.  <\/p>\n<\/div><\/div><\/div>\n\n\n\n<div class=\"wp-block-jinr-blocks-timelinechild c--timeline-item\"><div class=\"c--timeline-heading\"><div class=\"a--timeline-step ef\"><span class=\"a--timeline-step-text\"><\/span><\/div><div class=\"a--timeline-label d--bold\"><strong>Submission of Documents and Interview at the U.S. Embassy (For Obtaining a New F Visa)<\/strong><\/div><\/div><div class=\"c--timeline-contents\"><div class=\"a--timeline-text\">\n<p>Solicite o visto F e compare\u00e7a \u00e0 entrevista.<\/p>\n<\/div><\/div><\/div>\n\n\n\n<div class=\"wp-block-jinr-blocks-timelinechild c--timeline-item\"><div class=\"c--timeline-heading\"><div class=\"a--timeline-step ef\"><span class=\"a--timeline-step-text\"><\/span><\/div><div class=\"a--timeline-label d--bold\"><strong>Off to Hawaii!<\/strong><\/div><\/div><div class=\"c--timeline-contents\"><div class=\"a--timeline-text\">\n<p>Voc\u00ea pode entrar nos Estados Unidos at\u00e9 30 dias antes da data de inscri\u00e7\u00e3o programada.<\/p>\n<\/div><\/div><\/div>\n<\/div><\/section>\n\n<p>Se voc\u00ea tiver alguma d\u00favida, sinta-se \u00e0 vontade para entrar em contato conosco.<\/p>\n<section class='b--jinr-block b--jinr-button   js--scr-animation block_98c8dc75-3f7d-421a-b3b5-5fcffc40918c'>\n\t\t\t\t\t<div class=\"o--button-inner d--button-type1 d--button-solid d--button-solid-hover-down d--button-solid-animation-expand d--button-center\"><span class=\"a--button-hover\"><a href=\"https:\/\/www.academiaschool.edu\/inquiry\/\"><span>Contact Us<\/span><\/a><\/span><\/div>\n\t\t\t\t<\/section>","protected":false},"excerpt":{"rendered":"<p>Processo de inscri\u00e7\u00e3o Se voc\u00ea tiver alguma d\u00favida, sinta-se \u00e0 vontade para entrar em contato conosco.<\/p>\n","protected":false},"author":1,"featured_media":0,"parent":5288,"menu_order":0,"comment_status":"closed","ping_status":"closed","template":"","meta":{"_jinr_url_youtube":"","_jinr_pip_youtube":false,"_jinr_time_youtube":"","_jinr_thumb_youtube":"","_jinr_media_youtube":"","_jinr_category_edit":false,"_jinr_category":"","_jinr_title_display":false,"_jinr_snsbutton_display":false,"_jinr_ads_display":false,"_jinr_thumbnail_display":false,"_jinr_profile_display":false,"_jinr_representations_display":false,"_jinr_relatedpost_display":false,"_jinr_sidebar1col_display":false,"_jinr_sidebar2col_display":false,"_jinr_seotitle_display":"","_jinr_description_display":"","_jinr_keyword_display":"","_jinr_hastag_display":"","_jinr_canonical_display":"","_jinr_noindex_display":false,"_jinr_paidpost":false,"_jinr_paidpost_product_id":"","_jinr_headtag_article":"","footnotes":""},"class_list":["post-5292","page","type-page","status-publish","hentry"],"_links":{"self":[{"href":"https:\/\/www.academiaschool.edu\/pt-br\/wp-json\/wp\/v2\/pages\/5292","targetHints":{"allow":["GET"]}}],"collection":[{"href":"https:\/\/www.academiaschool.edu\/pt-br\/wp-json\/wp\/v2\/pages"}],"about":[{"href":"https:\/\/www.academiaschool.edu\/pt-br\/wp-json\/wp\/v2\/types\/page"}],"author":[{"embeddable":true,"href":"https:\/\/www.academiaschool.edu\/pt-br\/wp-json\/wp\/v2\/users\/1"}],"replies":[{"embeddable":true,"href":"https:\/\/www.academiaschool.edu\/pt-br\/wp-json\/wp\/v2\/comments?post=5292"}],"version-history":[{"count":3,"href":"https:\/\/www.academiaschool.edu\/pt-br\/wp-json\/wp\/v2\/pages\/5292\/revisions"}],"predecessor-version":[{"id":5295,"href":"https:\/\/www.academiaschool.edu\/pt-br\/wp-json\/wp\/v2\/pages\/5292\/revisions\/5295"}],"up":[{"embeddable":true,"href":"https:\/\/www.academiaschool.edu\/pt-br\/wp-json\/wp\/v2\/pages\/5288"}],"wp:attachment":[{"href":"https:\/\/www.academiaschool.edu\/pt-br\/wp-json\/wp\/v2\/media?parent=5292"}],"curies":[{"name":"wp","href":"https:\/\/api.w.org\/{rel}","templated":true}]}}