{"id":5288,"date":"2024-03-14T12:41:49","date_gmt":"2024-03-14T22:41:49","guid":{"rendered":"https:\/\/academia-school.net\/aplicativo\/"},"modified":"2024-04-24T10:55:55","modified_gmt":"2024-04-24T20:55:55","slug":"aplicativo","status":"publish","type":"page","link":"https:\/\/www.academiaschool.edu\/pt-br\/aplicativo\/","title":{"rendered":"Aplicativo"},"content":{"rendered":"\n<section class=\"wp-block-jinr-blocks-fullwidth b--jinr-block b--jinr-fullwidth-container d--top-margin-xs-pc d--bottom-margin-xs-pc d--top-margin-xs-sp d--bottom-margin-xs-sp \"><section class=\"b--jinr-fullwidth d--fullwidth-parallax-off d--fullwidth-deco-bgimage\"><div class=\"a--jinr-fullwidth-image\"><div class=\"a--jinr-fullwidth-image-clip\"><img decoding=\"async\" src=\"https:\/\/www.academiaschool.edu\/wp-content\/uploads\/2024\/03\/\u30b9\u30af\u30ea\u30fc\u30f3\u30b7\u30e7\u30c3\u30c8-2024-03-26-\u5348\u5f8c7.45.56.webp\"\/><\/div><\/div><div class=\"a--jinr-fullwidth-overlay\" style=\"background-color:#222222;opacity:0.25\"><\/div><div class=\"d--fullwidth-100 d--fullwidth-pad40 d--fullwidth-pad0-sp t--main-width\" style=\"color:false\">\n<p class=\"has-text-align-center has-white-color has-text-color has-link-color wp-elements-4df95227dc7f15996df68a8f9297b57c\"><span class=\"jinr-d--font-size d--fontsize-36px\"><strong><strong>Aplicativo<\/strong><\/strong><\/span><\/p>\n<\/div><\/section><\/section>\n\n<h2 class=\"wp-block-heading jinr-heading d--bold\"><strong>Aplicativo<\/strong><\/h2>\n\n<p>Se voc\u00ea quiser verificar o processo de inscri\u00e7\u00e3o, <a href=\"https:\/\/www.academiaschool.edu\/pt-br\/aplicativo\/processo-de-inscricao\/\">clique aqui<\/a>.<\/p>\n\n<p>Se voc\u00ea quiser prosseguir com a inscri\u00e7\u00e3o, <a href=\"https:\/\/www.academiaschool.edu\/pt-br\/aplicativo\/formulario-de-inscricao-on-line\/\">clique aqui<\/a>.<\/p>\n\n<p>Se voc\u00ea tiver alguma d\u00favida, <a href=\"https:\/\/www.academiaschool.edu\/pt-br\/entre-em-contato-conosco\/\">clique aqui<\/a>.<\/p>\n<section class='b--jinr-block b--jinr-button   js--scr-animation block_59ed30b4-3591-41d5-979f-ef8172405cab'>\n\t\t\t\t\t<div class=\"o--button-inner d--button-type1 d--button-solid d--button-solid-hover-down d--button-solid-animation-expand d--button-center\"><span class=\"a--button-hover\"><a href=\"https:\/\/form.jotform.com\/241076958498474\"><span>Apply Now<\/span><\/a><\/span><\/div>\n\t\t\t\t<\/section>","protected":false},"excerpt":{"rendered":"<p>Aplicativo Se voc\u00ea quiser verificar o processo de inscri\u00e7\u00e3o, clique aqui. Se voc\u00ea quiser prosseguir com a inscri\u00e7\u00e3o, clique aqui. Se voc\u00ea tiver alguma d\u00favida, clique aqui.<\/p>\n","protected":false},"author":1,"featured_media":0,"parent":0,"menu_order":0,"comment_status":"closed","ping_status":"closed","template":"","meta":{"_jinr_url_youtube":"","_jinr_pip_youtube":false,"_jinr_time_youtube":"","_jinr_thumb_youtube":"","_jinr_media_youtube":"","_jinr_category_edit":false,"_jinr_category":"","_jinr_title_display":false,"_jinr_snsbutton_display":false,"_jinr_ads_display":false,"_jinr_thumbnail_display":false,"_jinr_profile_display":false,"_jinr_representations_display":false,"_jinr_relatedpost_display":false,"_jinr_sidebar1col_display":false,"_jinr_sidebar2col_display":false,"_jinr_seotitle_display":"","_jinr_description_display":"","_jinr_keyword_display":"","_jinr_hastag_display":"","_jinr_canonical_display":"","_jinr_noindex_display":false,"_jinr_paidpost":false,"_jinr_paidpost_product_id":"","_jinr_headtag_article":"","footnotes":""},"class_list":["post-5288","page","type-page","status-publish","hentry"],"_links":{"self":[{"href":"https:\/\/www.academiaschool.edu\/pt-br\/wp-json\/wp\/v2\/pages\/5288","targetHints":{"allow":["GET"]}}],"collection":[{"href":"https:\/\/www.academiaschool.edu\/pt-br\/wp-json\/wp\/v2\/pages"}],"about":[{"href":"https:\/\/www.academiaschool.edu\/pt-br\/wp-json\/wp\/v2\/types\/page"}],"author":[{"embeddable":true,"href":"https:\/\/www.academiaschool.edu\/pt-br\/wp-json\/wp\/v2\/users\/1"}],"replies":[{"embeddable":true,"href":"https:\/\/www.academiaschool.edu\/pt-br\/wp-json\/wp\/v2\/comments?post=5288"}],"version-history":[{"count":3,"href":"https:\/\/www.academiaschool.edu\/pt-br\/wp-json\/wp\/v2\/pages\/5288\/revisions"}],"predecessor-version":[{"id":5291,"href":"https:\/\/www.academiaschool.edu\/pt-br\/wp-json\/wp\/v2\/pages\/5288\/revisions\/5291"}],"wp:attachment":[{"href":"https:\/\/www.academiaschool.edu\/pt-br\/wp-json\/wp\/v2\/media?parent=5288"}],"curies":[{"name":"wp","href":"https:\/\/api.w.org\/{rel}","templated":true}]}}