{"id":5101,"date":"2024-03-14T16:20:04","date_gmt":"2024-03-15T02:20:04","guid":{"rendered":"https:\/\/academia-school.net\/panoramica-della-scuola\/"},"modified":"2024-04-24T10:25:57","modified_gmt":"2024-04-24T20:25:57","slug":"panoramica-della-scuola","status":"publish","type":"page","link":"https:\/\/www.academiaschool.edu\/it\/panoramica-della-scuola\/","title":{"rendered":"Panoramica della scuola"},"content":{"rendered":"\n<section class=\"wp-block-jinr-blocks-fullwidth b--jinr-block b--jinr-fullwidth-container d--top-margin-xs-pc d--bottom-margin-xs-pc d--top-margin-xs-sp d--bottom-margin-xs-sp \"><section class=\"b--jinr-fullwidth d--fullwidth-parallax-off d--fullwidth-deco-bgimage\"><div class=\"a--jinr-fullwidth-image\"><div class=\"a--jinr-fullwidth-image-clip\"><img decoding=\"async\" src=\"https:\/\/www.academiaschool.edu\/wp-content\/uploads\/2024\/03\/\u30b9\u30af\u30ea\u30fc\u30f3\u30b7\u30e7\u30c3\u30c8-2024-03-26-\u5348\u5f8c12.42.06.webp\"\/><\/div><\/div><div class=\"a--jinr-fullwidth-overlay\" style=\"background-color:#f5f5f5;opacity:0\"><\/div><div class=\"d--fullwidth-100 d--fullwidth-pad40 d--fullwidth-pad0-sp t--main-width\" style=\"color:false\">\n<p class=\"has-text-align-center has-white-color has-text-color has-link-color wp-elements-13a8885c1de8beb56ef54bae5e64a734\"><span class=\"jinr-d--font-size d--fontsize-36px\"><strong><strong>Panoramica della scuola<\/strong><\/strong><\/span><\/p>\n<\/div><\/section><\/section>\n\n<h2 class=\"wp-block-heading jinr-heading d--bold\"><strong>Panoramica della scuola<\/strong><\/h2>\n\n<h3 class=\"wp-block-heading jinr-heading d--bold\"><strong>Nome della scuola<\/strong><\/h3>\n\n<p>Academia Language School<\/p>\n\n<h3 class=\"wp-block-heading jinr-heading d--bold\">Direttore dei programmi linguistici<\/h3>\n\n<p>Rhodes Larry<\/p>\n\n<p><a href=\"https:\/\/www.academiaschool.edu\/it\/motivi-della-scelta\/facolta-con-esperienza\/\">Clicca qui per la biografia<\/a><\/p>\n\n<h3 class=\"wp-block-heading jinr-heading d--bold\"><strong>Posizione<\/strong><\/h3>\n\n<p>Academia Language School<br\/>1600 Kapiolani Blvd., Suite 1225<br\/>Honolulu, HI 96814<\/p>\n\n<figure class=\"wp-block-image size-full is-resized\"><img loading=\"lazy\" decoding=\"async\" width=\"640\" height=\"480\" src=\"https:\/\/www.academiaschool.edu\/wp-content\/uploads\/2024\/03\/academia_map.jpg\" alt=\"Indirizzo della scuola di lingue Academia\" class=\"wp-image-825\" style=\"width:740px;height:auto\" srcset=\"https:\/\/www.academiaschool.edu\/wp-content\/uploads\/2024\/03\/academia_map.jpg 640w, https:\/\/www.academiaschool.edu\/wp-content\/uploads\/2024\/03\/academia_map-300x225.jpg 300w\" sizes=\"auto, (max-width: 640px) 100vw, 640px\" \/><\/figure>\n\n<p><a href=\"https:\/\/maps.app.goo.gl\/yHyWr8o9g5BWrYBV9\" data-type=\"link\" data-id=\"https:\/\/maps.app.goo.gl\/yHyWr8o9g5BWrYBV9\">Mappa di Google<\/a><\/p>\n\n<h3 class=\"wp-block-heading jinr-heading d--bold\"><strong>Numero di telefono<\/strong><\/h3>\n\n<p>1 (808) 946-5599<\/p>\n\n<p><strong>Orario di ricevimento del telefono (ora delle Hawaii):<\/strong><\/p>\n\n<p>Da luned\u00ec a gioved\u00ec: dalle 9.00 alle 13.00<br\/>Venerd\u00ec: dalle 9.00 alle 12.00<\/p>\n\n<p>Le visite della scuola sono disponibili al di fuori di questi orari su appuntamento.<\/p>\n\n<h3 class=\"wp-block-heading jinr-heading d--bold\">E-MAIL<\/h3>\n\n<p>support@academiaschool.edu<\/p>\n","protected":false},"excerpt":{"rendered":"<p>Panoramica della scuola Nome della scuola Academia Language School Direttore dei programmi linguistici Rhodes Larry Clicca qui per la biografia Posizione Academia Language School1600 Kapiolani Blvd., Suite 1225Honolulu, HI 96814 Mappa di Google Numero di telefono 1 (808) 946-5599 Orario di ricevimento del telefono (ora delle Hawaii): Da luned\u00ec a gioved\u00ec: dalle 9.00 alle 13.00Venerd\u00ec: [&hellip;]<\/p>\n","protected":false},"author":1,"featured_media":0,"parent":0,"menu_order":0,"comment_status":"closed","ping_status":"closed","template":"","meta":{"_jinr_url_youtube":"","_jinr_pip_youtube":false,"_jinr_time_youtube":"","_jinr_thumb_youtube":"","_jinr_media_youtube":"","_jinr_category_edit":false,"_jinr_category":"","_jinr_title_display":false,"_jinr_snsbutton_display":false,"_jinr_ads_display":false,"_jinr_thumbnail_display":false,"_jinr_profile_display":false,"_jinr_representations_display":false,"_jinr_relatedpost_display":false,"_jinr_sidebar1col_display":false,"_jinr_sidebar2col_display":false,"_jinr_seotitle_display":"","_jinr_description_display":"","_jinr_keyword_display":"","_jinr_hastag_display":"","_jinr_canonical_display":"","_jinr_noindex_display":false,"_jinr_paidpost":false,"_jinr_paidpost_product_id":"","_jinr_headtag_article":"","footnotes":""},"class_list":["post-5101","page","type-page","status-publish","hentry"],"_links":{"self":[{"href":"https:\/\/www.academiaschool.edu\/it\/wp-json\/wp\/v2\/pages\/5101","targetHints":{"allow":["GET"]}}],"collection":[{"href":"https:\/\/www.academiaschool.edu\/it\/wp-json\/wp\/v2\/pages"}],"about":[{"href":"https:\/\/www.academiaschool.edu\/it\/wp-json\/wp\/v2\/types\/page"}],"author":[{"embeddable":true,"href":"https:\/\/www.academiaschool.edu\/it\/wp-json\/wp\/v2\/users\/1"}],"replies":[{"embeddable":true,"href":"https:\/\/www.academiaschool.edu\/it\/wp-json\/wp\/v2\/comments?post=5101"}],"version-history":[{"count":3,"href":"https:\/\/www.academiaschool.edu\/it\/wp-json\/wp\/v2\/pages\/5101\/revisions"}],"predecessor-version":[{"id":5104,"href":"https:\/\/www.academiaschool.edu\/it\/wp-json\/wp\/v2\/pages\/5101\/revisions\/5104"}],"wp:attachment":[{"href":"https:\/\/www.academiaschool.edu\/it\/wp-json\/wp\/v2\/media?parent=5101"}],"curies":[{"name":"wp","href":"https:\/\/api.w.org\/{rel}","templated":true}]}}