{"id":5089,"date":"2024-03-20T17:53:13","date_gmt":"2024-03-21T03:53:13","guid":{"rendered":"https:\/\/academia-school.net\/motivi-della-scelta\/testimonianze\/"},"modified":"2024-04-24T10:25:19","modified_gmt":"2024-04-24T20:25:19","slug":"testimonianze","status":"publish","type":"page","link":"https:\/\/www.academiaschool.edu\/it\/motivi-della-scelta\/testimonianze\/","title":{"rendered":"Testimonianze"},"content":{"rendered":"\n<section class=\"wp-block-jinr-blocks-fullwidth b--jinr-block b--jinr-fullwidth-container d--top-margin-xs-pc d--bottom-margin-s-pc d--top-margin-xs-sp d--bottom-margin-xs-sp \"><section class=\"b--jinr-fullwidth d--fullwidth-parallax-off d--fullwidth-deco-bgimage\"><div class=\"a--jinr-fullwidth-image\"><div class=\"a--jinr-fullwidth-image-clip\"><img decoding=\"async\" src=\"https:\/\/www.academiaschool.edu\/wp-content\/uploads\/2024\/03\/\u30b9\u30af\u30ea\u30fc\u30f3\u30b7\u30e7\u30c3\u30c8-2024-03-26-\u5348\u5f8c8.21.16.webp\"\/><\/div><\/div><div class=\"a--jinr-fullwidth-overlay\" style=\"background-color:#222222;opacity:0.15\"><\/div><div class=\"d--fullwidth-100 d--fullwidth-pad40 d--fullwidth-pad0-sp t--main-width\" style=\"color:false\">\n<p class=\"has-text-align-center has-white-color has-text-color has-link-color wp-elements-63d656d0cc25868d557917d6d03cf2d8\"><span class=\"jinr-d--font-size d--fontsize-36px\"><strong>Testimonianze<\/strong><\/span><\/p>\n<\/div><\/section><\/section>\n\n<div class=\"wp-block-columns js--scr-animation is-layout-flex wp-container-core-columns-is-layout-9d6595d7 wp-block-columns-is-layout-flex\">\n<div class=\"wp-block-column is-layout-flow wp-block-column-is-layout-flow\"><div class=\"wp-block-image\">\n<figure class=\"aligncenter size-full is-resized\"><img loading=\"lazy\" decoding=\"async\" width=\"240\" height=\"240\" src=\"https:\/\/www.academiaschool.edu\/wp-content\/uploads\/2024\/03\/student_minjae.png\" alt=\"studente minjae\" class=\"wp-image-774\" style=\"width:188px;height:auto\" srcset=\"https:\/\/www.academiaschool.edu\/wp-content\/uploads\/2024\/03\/student_minjae.png 240w, https:\/\/www.academiaschool.edu\/wp-content\/uploads\/2024\/03\/student_minjae-150x150.png 150w\" sizes=\"auto, (max-width: 240px) 100vw, 240px\" \/><\/figure>\n<\/div>\n\n\n<section class=\"wp-block-jinr-blocks-designtitle b--jinr-block b--jinr-h2rich d--h2rich-left d--h2rich-style1 d--titledesign-weight-thin d--h2rich-none js--scr-animation\" style=\"border-color:false\"><div class=\"c--h2rich-contents\"><span class=\"a--h2rich-subcopy ef\" style=\"color:#004c80\"><strong>COREA<\/strong><\/span><h2 class=\"a--h2rich-maincopy d--bold ef\" style=\"color:false\"><strong>MINJAE<\/strong><\/h2><\/div><\/section>\n\n\n\n<p>La figlia di un collega di mio padre era una studentessa dell&#8217;Accademia e dopo aver terminato le lezioni mi ha consigliato di migliorare il mio inglese qui. Non avevo mai pensato di studiare l&#8217;inglese alle Hawaii, quindi ero un po&#8217; confusa di essere qui, ma mi sono resa conto di essere stata cos\u00ec fortunata ad avere la possibilit\u00e0 di studiare nel mondo accademico e di soggiornare in una terra bellissima poco dopo.<br\/>Ho studiato a lungo l&#8217;inglese in Corea, ma avevo ancora paura di parlare con i madrelingua. Ma dopo aver frequentato i corsi sono cambiata e ora mi piace parlare con loro ovunque. Le classi e gli insegnanti erano davvero fantastici. Ho imparato molto in ogni lezione. Mi piaceva anche l&#8217;attivit\u00e0 scolastica. Potrei incontrare nuove persone l\u00ec.<br\/>Ho trascorso due mesi meravigliosi alle Hawaii, quindi ho intenzione di studiare pi\u00f9 a lungo la prossima volta. Tutti gli insegnanti e il personale sono stati cos\u00ec gentili con me (grazie mille!) Mi mancano molto.<\/p>\n<\/div>\n\n\n\n<div class=\"wp-block-column is-layout-flow wp-block-column-is-layout-flow\"><div class=\"wp-block-image\">\n<figure class=\"aligncenter size-full is-resized\"><img loading=\"lazy\" decoding=\"async\" width=\"240\" height=\"240\" src=\"https:\/\/www.academiaschool.edu\/wp-content\/uploads\/2024\/03\/student_carlos.png\" alt=\"studente carlos\" class=\"wp-image-773\" style=\"width:186px;height:auto\" srcset=\"https:\/\/www.academiaschool.edu\/wp-content\/uploads\/2024\/03\/student_carlos.png 240w, https:\/\/www.academiaschool.edu\/wp-content\/uploads\/2024\/03\/student_carlos-150x150.png 150w\" sizes=\"auto, (max-width: 240px) 100vw, 240px\" \/><\/figure>\n<\/div>\n\n\n<section class=\"wp-block-jinr-blocks-designtitle b--jinr-block b--jinr-h2rich d--h2rich-left d--h2rich-style1 d--titledesign-weight-thin d--h2rich-none js--scr-animation\" style=\"border-color:false\"><div class=\"c--h2rich-contents\"><span class=\"a--h2rich-subcopy ef\" style=\"color:#004c80\"><strong>SPAGNA<\/strong><\/span><h2 class=\"a--h2rich-maincopy d--bold ef\" style=\"color:false\"><strong>CARLOS<\/strong><\/h2><\/div><\/section>\n\n\n\n<p>Quando sono arrivata alle Hawaii non avrei mai immaginato di trovare l&#8217;atmosfera pi\u00f9 adatta per imparare l&#8217;inglese, ma ora mi sento cos\u00ec felice perch\u00e9 ho incontrato persone amichevoli e gli insegnanti sono sempre pronti ad aiutarmi. So che sono a disposizione per tutto ci\u00f2 di cui ho bisogno.<br\/>Soprattutto i corsi di conversazione sono molto utili per me perch\u00e9 sto migliorando il mio inglese e ora riesco a parlare in modo molto pi\u00f9 fluido rispetto a un anno fa.<br\/>Ricordo che un giorno Louise mi disse che l&#8217;Accademia era come una grande famiglia e lo percepisco: \u00e8 incredibile perch\u00e9 quando si arriva in un paese straniero si apprezza molto di pi\u00f9 l&#8217;affetto.<\/p>\n<\/div>\n<\/div>\n\n<div class=\"wp-block-columns js--scr-animation is-layout-flex wp-container-core-columns-is-layout-9d6595d7 wp-block-columns-is-layout-flex\">\n<div class=\"wp-block-column is-layout-flow wp-block-column-is-layout-flow\"><div class=\"wp-block-image\">\n<figure class=\"aligncenter size-full is-resized\"><img loading=\"lazy\" decoding=\"async\" width=\"240\" height=\"240\" src=\"https:\/\/www.academiaschool.edu\/wp-content\/uploads\/2024\/03\/student_szabo.png\" alt=\"studente_szabo\" class=\"wp-image-699\" style=\"width:182px;height:auto\" srcset=\"https:\/\/www.academiaschool.edu\/wp-content\/uploads\/2024\/03\/student_szabo.png 240w, https:\/\/www.academiaschool.edu\/wp-content\/uploads\/2024\/03\/student_szabo-150x150.png 150w\" sizes=\"auto, (max-width: 240px) 100vw, 240px\" \/><\/figure>\n<\/div>\n\n\n<section class=\"wp-block-jinr-blocks-designtitle b--jinr-block b--jinr-h2rich d--h2rich-left d--h2rich-style1 d--titledesign-weight-thin d--h2rich-none js--scr-animation\" style=\"border-color:false\"><div class=\"c--h2rich-contents\"><span class=\"a--h2rich-subcopy ef\" style=\"color:#004c80\"><strong>UNGHERIA<\/strong><\/span><h2 class=\"a--h2rich-maincopy d--bold ef\" style=\"color:false\"><strong>SZABO<\/strong><\/h2><\/div><\/section>\n\n\n\n<p>Sono in Academia da pi\u00f9 di un anno e penso che sia una scuola fantastica. Ora sto seguendo la pronuncia e la grammatica. All&#8217;inizio ho seguito corsi di conversazione e ascolto, ma il mio inglese sta migliorando e quindi ho voluto seguire corsi pi\u00f9 avanzati. La scuola offre molte classi tra cui scegliere. I miei insegnanti sono molto bravi e gentili. Adoro anche vivere alle Hawaii. Mi piace fare escursioni e alle Hawaii posso farlo tutto l&#8217;anno sulle spiagge, nelle foreste tropicali e in montagna. Ho in programma di visitare presto Maui e la Big Island.<\/p>\n<\/div>\n\n\n\n<div class=\"wp-block-column is-layout-flow wp-block-column-is-layout-flow\"><div class=\"wp-block-image\">\n<figure class=\"aligncenter size-full is-resized\"><img loading=\"lazy\" decoding=\"async\" width=\"240\" height=\"240\" src=\"https:\/\/www.academiaschool.edu\/wp-content\/uploads\/2024\/03\/student_joyce.png\" alt=\"\" class=\"wp-image-700\" style=\"width:178px;height:auto\" srcset=\"https:\/\/www.academiaschool.edu\/wp-content\/uploads\/2024\/03\/student_joyce.png 240w, https:\/\/www.academiaschool.edu\/wp-content\/uploads\/2024\/03\/student_joyce-150x150.png 150w\" sizes=\"auto, (max-width: 240px) 100vw, 240px\" \/><\/figure>\n<\/div>\n\n\n<section class=\"wp-block-jinr-blocks-designtitle b--jinr-block b--jinr-h2rich d--h2rich-left d--h2rich-style1 d--titledesign-weight-thin d--h2rich-none js--scr-animation\" style=\"border-color:false\"><div class=\"c--h2rich-contents\"><span class=\"a--h2rich-subcopy ef\" style=\"color:#004c80\"><strong>TAIWAN<\/strong><\/span><h2 class=\"a--h2rich-maincopy d--bold ef\" style=\"color:false\"><strong>GIOVANNI<\/strong><\/h2><\/div><\/section>\n\n\n\n<p>Ho frequentato altre scuole di lingua inglese e ritengo che Academia sia la migliore perch\u00e9 ha la migliore scelta di corsi. Posso seguire corsi di grammatica avanzati, corsi di conversazione, corsi di economia o anche un corso di inglese + teatro. In questo momento sto anche frequentando il corso di Work Practicum di Academia e sto facendo esperienza lavorativa migliorando il mio inglese. Anche in Academia tutti sono estremamente cordiali!<\/p>\n<\/div>\n<\/div>\n\n<div class=\"wp-block-columns js--scr-animation is-layout-flex wp-container-core-columns-is-layout-9d6595d7 wp-block-columns-is-layout-flex\">\n<div class=\"wp-block-column is-layout-flow wp-block-column-is-layout-flow\"><div class=\"wp-block-image\">\n<figure class=\"aligncenter size-full is-resized\"><img loading=\"lazy\" decoding=\"async\" width=\"240\" height=\"240\" src=\"https:\/\/www.academiaschool.edu\/wp-content\/uploads\/2024\/03\/student_phoung.png\" alt=\"studente Phoung\" class=\"wp-image-768\" style=\"width:180px;height:auto\" srcset=\"https:\/\/www.academiaschool.edu\/wp-content\/uploads\/2024\/03\/student_phoung.png 240w, https:\/\/www.academiaschool.edu\/wp-content\/uploads\/2024\/03\/student_phoung-150x150.png 150w\" sizes=\"auto, (max-width: 240px) 100vw, 240px\" \/><\/figure>\n<\/div>\n\n\n<section class=\"wp-block-jinr-blocks-designtitle b--jinr-block b--jinr-h2rich d--h2rich-left d--h2rich-style1 d--titledesign-weight-thin d--h2rich-none js--scr-animation\" style=\"border-color:false\"><div class=\"c--h2rich-contents\"><span class=\"a--h2rich-subcopy ef\" style=\"color:#004c80\"><strong>VIETNAM<\/strong><\/span><h2 class=\"a--h2rich-maincopy d--bold ef\" style=\"color:false\"><strong>PHUONG<\/strong><\/h2><\/div><\/section>\n\n\n\n<p>Quando sono arrivata ad Academia Language School non sapevo parlare inglese. Ora, dopo 3 mesi, riesco a parlare per frasi, ma ho ancora molto da imparare! Sto imparando ogni giorno di pi\u00f9 e questo \u00e8 importante per me perch\u00e9 voglio avere un lavoro in cui parlare inglese.<\/p>\n<\/div>\n\n\n\n<div class=\"wp-block-column is-layout-flow wp-block-column-is-layout-flow\"><div class=\"wp-block-image\">\n<figure class=\"aligncenter size-full is-resized\"><img loading=\"lazy\" decoding=\"async\" width=\"240\" height=\"240\" src=\"https:\/\/www.academiaschool.edu\/wp-content\/uploads\/2024\/03\/student_hirose.png\" alt=\"studente_hirose\" class=\"wp-image-767\" style=\"width:179px;height:auto\" srcset=\"https:\/\/www.academiaschool.edu\/wp-content\/uploads\/2024\/03\/student_hirose.png 240w, https:\/\/www.academiaschool.edu\/wp-content\/uploads\/2024\/03\/student_hirose-150x150.png 150w\" sizes=\"auto, (max-width: 240px) 100vw, 240px\" \/><\/figure>\n<\/div>\n\n\n<section class=\"wp-block-jinr-blocks-designtitle b--jinr-block b--jinr-h2rich d--h2rich-left d--h2rich-style1 d--titledesign-weight-thin d--h2rich-none js--scr-animation\" style=\"border-color:false\"><div class=\"c--h2rich-contents\"><span class=\"a--h2rich-subcopy ef\" style=\"color:#004c80\">GIAPPONE<\/span><h2 class=\"a--h2rich-maincopy d--bold ef\" style=\"color:false\">HIROSE<\/h2><\/div><\/section>\n\n\n\n<p>Sono venuta in Academia con un visto turistico e il programma \u00e8 stato cos\u00ec buono che voglio tornare a studiare pi\u00f9 a lungo la prossima volta. Mi sono piaciuti molto i miei insegnanti e i miei compagni di classe e ho intenzione di rivederli presto.<\/p>\n<\/div>\n<\/div>\n\n<div class=\"wp-block-columns js--scr-animation is-layout-flex wp-container-core-columns-is-layout-9d6595d7 wp-block-columns-is-layout-flex\">\n<div class=\"wp-block-column is-layout-flow wp-block-column-is-layout-flow\"><div class=\"wp-block-image\">\n<figure class=\"aligncenter size-full is-resized\"><img loading=\"lazy\" decoding=\"async\" width=\"240\" height=\"240\" src=\"https:\/\/www.academiaschool.edu\/wp-content\/uploads\/2024\/03\/student_guillermo.png\" alt=\"studente_guillermo\" class=\"wp-image-772\" style=\"width:178px;height:auto\" srcset=\"https:\/\/www.academiaschool.edu\/wp-content\/uploads\/2024\/03\/student_guillermo.png 240w, https:\/\/www.academiaschool.edu\/wp-content\/uploads\/2024\/03\/student_guillermo-150x150.png 150w\" sizes=\"auto, (max-width: 240px) 100vw, 240px\" \/><\/figure>\n<\/div>\n\n\n<section class=\"wp-block-jinr-blocks-designtitle b--jinr-block b--jinr-h2rich d--h2rich-left d--h2rich-style1 d--titledesign-weight-thin d--h2rich-none js--scr-animation\" style=\"border-color:false\"><div class=\"c--h2rich-contents\"><span class=\"a--h2rich-subcopy ef\" style=\"color:#004c80\"><strong>MESSICO<\/strong><\/span><h2 class=\"a--h2rich-maincopy d--bold ef\" style=\"color:false\"><strong>GUILLERMO<\/strong><\/h2><\/div><\/section>\n\n\n\n<p>Frequentare Academia Language School \u00e8 stata un&#8217;esperienza fantastica per me. Ho imparato l&#8217;inglese pi\u00f9 velocemente di quanto pensassi, mi sono fatta molti amici qui a scuola e adoro le Hawaii. Durante la settimana studio molto e miglioro il mio inglese. Mi piacciono i miei insegnanti e i miei compagni di classe e ho imparato molto da loro. Nei fine settimana esco con la barca di un mio amico per fare immersioni e vado anche a Waikiki.<br\/>C&#8217;\u00e8 molto da fare alle Hawaii! Mi piace ballare la salsa e mi ha sorpreso scoprire che ci sono molti club di salsa alle Hawaii. Mi sto divertendo cos\u00ec tanto ad Academia che ho persino convinto mia madre a frequentare la scuola di inglese!<\/p>\n<\/div>\n\n\n\n<div class=\"wp-block-column is-layout-flow wp-block-column-is-layout-flow\"><div class=\"wp-block-image\">\n<figure class=\"aligncenter size-full is-resized\"><img loading=\"lazy\" decoding=\"async\" width=\"240\" height=\"240\" src=\"https:\/\/www.academiaschool.edu\/wp-content\/uploads\/2024\/03\/students_lecommandeurs.png\" alt=\"studenti lecommandeurs\" class=\"wp-image-771\" style=\"width:176px;height:auto\" srcset=\"https:\/\/www.academiaschool.edu\/wp-content\/uploads\/2024\/03\/students_lecommandeurs.png 240w, https:\/\/www.academiaschool.edu\/wp-content\/uploads\/2024\/03\/students_lecommandeurs-150x150.png 150w\" sizes=\"auto, (max-width: 240px) 100vw, 240px\" \/><\/figure>\n<\/div>\n\n\n<section class=\"wp-block-jinr-blocks-designtitle b--jinr-block b--jinr-h2rich d--h2rich-left d--h2rich-style1 d--titledesign-weight-thin d--h2rich-none js--scr-animation\" style=\"border-color:false\"><div class=\"c--h2rich-contents\"><span class=\"a--h2rich-subcopy ef\" style=\"color:#004c80\"><strong>FRANCIA<\/strong><\/span><h2 class=\"a--h2rich-maincopy d--bold ef\" style=\"color:false\"><strong>JACK E CLAUDINE<\/strong><\/h2><\/div><\/section>\n\n\n\n<p>Amiamo Academia perch\u00e9 tutte le persone qui sono cos\u00ec amichevoli. Qui incontriamo anche molte culture diverse e parliamo con loro in inglese. La vita alle Hawaii \u00e8 meravigliosa e ci sentiamo in vacanza ogni giorno! Ci piace nuotare e lo facciamo tutti i giorni per poi andare a lezione e imparare l&#8217;inglese. L&#8217;universit\u00e0 \u00e8 ottima per noi perch\u00e9 possiamo scegliere se andare a lezione la mattina o il pomeriggio. Possiamo organizzare la nostra vita con la scuola, il che \u00e8 molto importante per noi.<\/p>\n<\/div>\n<\/div>\n\n<div class=\"wp-block-columns js--scr-animation is-layout-flex wp-container-core-columns-is-layout-9d6595d7 wp-block-columns-is-layout-flex\">\n<div class=\"wp-block-column is-layout-flow wp-block-column-is-layout-flow\"><div class=\"wp-block-image\">\n<figure class=\"aligncenter size-full is-resized\"><img loading=\"lazy\" decoding=\"async\" width=\"240\" height=\"240\" src=\"https:\/\/www.academiaschool.edu\/wp-content\/uploads\/2024\/03\/student_javier.png\" alt=\"javier\" class=\"wp-image-770\" style=\"width:196px;height:auto\" srcset=\"https:\/\/www.academiaschool.edu\/wp-content\/uploads\/2024\/03\/student_javier.png 240w, https:\/\/www.academiaschool.edu\/wp-content\/uploads\/2024\/03\/student_javier-150x150.png 150w\" sizes=\"auto, (max-width: 240px) 100vw, 240px\" \/><\/figure>\n<\/div>\n\n\n<section class=\"wp-block-jinr-blocks-designtitle b--jinr-block b--jinr-h2rich d--h2rich-left d--h2rich-style1 d--titledesign-weight-thin d--h2rich-none js--scr-animation\" style=\"border-color:false\"><div class=\"c--h2rich-contents\"><span class=\"a--h2rich-subcopy ef\" style=\"color:#004c80\">ARGENTINA<\/span><h2 class=\"a--h2rich-maincopy d--bold ef\" style=\"color:false\"><strong>JAVIER<\/strong><\/h2><\/div><\/section>\n\n\n\n<p>Sono molto felice di aver avuto la possibilit\u00e0 di studiare l&#8217;inglese alle Hawaii. Penso che l&#8217;esperienza qui sia stata fantastica e la consiglio a tutti. Mi \u00e8 piaciuto molto partecipare alle attivit\u00e0 scolastiche.<br\/>Non dimenticher\u00f2 mai i miei 3 mesi alle Hawaii. Vorrei raccomandare la scuola Academia perch\u00e9 tutti gli studenti, gli insegnanti e il personale sono stati sempre molto gentili. Mi mancheranno tutti gli amici che ho conosciuto alle Hawaii. Sono molto contento. Grazie mille.<\/p>\n<\/div>\n\n\n\n<div class=\"wp-block-column is-layout-flow wp-block-column-is-layout-flow\"><div class=\"wp-block-image\">\n<figure class=\"aligncenter size-full is-resized\"><img loading=\"lazy\" decoding=\"async\" width=\"240\" height=\"240\" src=\"https:\/\/www.academiaschool.edu\/wp-content\/uploads\/2024\/03\/student_bastian.png\" alt=\"studente_bastian\" class=\"wp-image-769\" style=\"width:194px;height:auto\" srcset=\"https:\/\/www.academiaschool.edu\/wp-content\/uploads\/2024\/03\/student_bastian.png 240w, https:\/\/www.academiaschool.edu\/wp-content\/uploads\/2024\/03\/student_bastian-150x150.png 150w\" sizes=\"auto, (max-width: 240px) 100vw, 240px\" \/><\/figure>\n<\/div>\n\n\n<section class=\"wp-block-jinr-blocks-designtitle b--jinr-block b--jinr-h2rich d--h2rich-left d--h2rich-style1 d--titledesign-weight-thin d--h2rich-none js--scr-animation\" style=\"border-color:false\"><div class=\"c--h2rich-contents\"><span class=\"a--h2rich-subcopy ef\" style=\"color:#004c80\">GERMANIA<\/span><h2 class=\"a--h2rich-maincopy d--bold ef\" style=\"color:false\"><strong>BASTIAN<\/strong><\/h2><\/div><\/section>\n\n\n\n<p>Quando ho iniziato a lavorare in Academia riuscivo a capire un po&#8217; l&#8217;inglese, ma non ero in grado di parlarlo molto. Ho frequentato dei corsi di inglese in Germania, ma gli insegnanti non ci hanno insegnato a parlare la lingua. L&#8217;universit\u00e0 mi ha insegnato molto e ora mi sento molto a mio agio a conversare con le persone. Consiglio vivamente di studiare l&#8217;inglese ad Academia. Soggiornare a Honolulu, Hawaii, \u00e8 favoloso e ci sono tantissime cose da fare.<\/p>\n<\/div>\n<\/div>\n\n<div class=\"wp-block-columns js--scr-animation is-layout-flex wp-container-core-columns-is-layout-9d6595d7 wp-block-columns-is-layout-flex\">\n<div class=\"wp-block-column is-layout-flow wp-block-column-is-layout-flow\"><div class=\"wp-block-image\">\n<figure class=\"aligncenter size-full is-resized\"><img loading=\"lazy\" decoding=\"async\" width=\"240\" height=\"240\" src=\"https:\/\/www.academiaschool.edu\/wp-content\/uploads\/2024\/03\/student_fernando.png\" alt=\"studente_fernando\" class=\"wp-image-766\" style=\"width:183px;height:auto\" srcset=\"https:\/\/www.academiaschool.edu\/wp-content\/uploads\/2024\/03\/student_fernando.png 240w, https:\/\/www.academiaschool.edu\/wp-content\/uploads\/2024\/03\/student_fernando-150x150.png 150w\" sizes=\"auto, (max-width: 240px) 100vw, 240px\" \/><\/figure>\n<\/div>\n\n\n<section class=\"wp-block-jinr-blocks-designtitle b--jinr-block b--jinr-h2rich d--h2rich-left d--h2rich-style1 d--titledesign-weight-thin d--h2rich-none js--scr-animation\" style=\"border-color:false\"><div class=\"c--h2rich-contents\"><span class=\"a--h2rich-subcopy ef\" style=\"color:#004c80\">BRASILE<\/span><h2 class=\"a--h2rich-maincopy d--bold ef\" style=\"color:false\"><strong>FERNANDO<\/strong><\/h2><\/div><\/section>\n\n\n\n<p>Amo l&#8217;Accademia e mi sono fatta molti buoni amici qui. Mi piace anche fare surf e le Hawaii sono il posto migliore al mondo per il surf. Faccio surf ogni giorno dopo la scuola ad Ala Moana Beach. Posso andare in spiaggia dopo le lezioni con la mia tavola da surf. Anche molti altri studenti fanno surf e a volte lo facciamo tutti insieme.<\/p>\n<\/div>\n\n\n\n<div class=\"wp-block-column is-layout-flow wp-block-column-is-layout-flow\"><\/div>\n<\/div>\n<section class=\"b--jinr-block b--jinr-blogcard d--blogcard-hover-up d--blogcard-style1 d--blogcard-mysite t--round \"><div class=\"a--blogcard-label ef\">Related Page<\/div><a class=\"o--blogcard-link t--round\" href=\"https:\/\/www.academiaschool.edu\/reason\/\"><div class=\"c--blogcard-image\"><img loading=\"lazy\" decoding=\"async\" class=\"a--blogcard-img-src\" width=\"128\" height=\"72\" src=\"https:\/\/www.academiaschool.edu\/wp-content\/uploads\/2025\/02\/\u540d\u79f0\u672a\u8a2d\u5b9a\u306e\u30c7\u30b6\u30a4\u30f3-7.png\" alt=\"Reasons for Choosing\" \/><\/div><div class=\"a--blogcard-title d--bold\">Reasons for Choosing<\/div><\/a><\/section>","protected":false},"excerpt":{"rendered":"<p>La figlia di un collega di mio padre era una studentessa dell&#8217;Accademia e dopo aver terminato le lezioni mi ha consigliato di migliorare il mio inglese qui. Non avevo mai pensato di studiare l&#8217;inglese alle Hawaii, quindi ero un po&#8217; confusa di essere qui, ma mi sono resa conto di essere stata cos\u00ec fortunata ad [&hellip;]<\/p>\n","protected":false},"author":1,"featured_media":0,"parent":5053,"menu_order":0,"comment_status":"closed","ping_status":"closed","template":"","meta":{"_jinr_url_youtube":"","_jinr_pip_youtube":false,"_jinr_time_youtube":"","_jinr_thumb_youtube":"","_jinr_media_youtube":"","_jinr_category_edit":false,"_jinr_category":"","_jinr_title_display":false,"_jinr_snsbutton_display":false,"_jinr_ads_display":false,"_jinr_thumbnail_display":false,"_jinr_profile_display":false,"_jinr_representations_display":false,"_jinr_relatedpost_display":false,"_jinr_sidebar1col_display":false,"_jinr_sidebar2col_display":false,"_jinr_seotitle_display":"","_jinr_description_display":"","_jinr_keyword_display":"","_jinr_hastag_display":"","_jinr_canonical_display":"","_jinr_noindex_display":false,"_jinr_paidpost":false,"_jinr_paidpost_product_id":"","_jinr_headtag_article":"","footnotes":""},"class_list":["post-5089","page","type-page","status-publish","hentry"],"_links":{"self":[{"href":"https:\/\/www.academiaschool.edu\/it\/wp-json\/wp\/v2\/pages\/5089","targetHints":{"allow":["GET"]}}],"collection":[{"href":"https:\/\/www.academiaschool.edu\/it\/wp-json\/wp\/v2\/pages"}],"about":[{"href":"https:\/\/www.academiaschool.edu\/it\/wp-json\/wp\/v2\/types\/page"}],"author":[{"embeddable":true,"href":"https:\/\/www.academiaschool.edu\/it\/wp-json\/wp\/v2\/users\/1"}],"replies":[{"embeddable":true,"href":"https:\/\/www.academiaschool.edu\/it\/wp-json\/wp\/v2\/comments?post=5089"}],"version-history":[{"count":3,"href":"https:\/\/www.academiaschool.edu\/it\/wp-json\/wp\/v2\/pages\/5089\/revisions"}],"predecessor-version":[{"id":5092,"href":"https:\/\/www.academiaschool.edu\/it\/wp-json\/wp\/v2\/pages\/5089\/revisions\/5092"}],"up":[{"embeddable":true,"href":"https:\/\/www.academiaschool.edu\/it\/wp-json\/wp\/v2\/pages\/5053"}],"wp:attachment":[{"href":"https:\/\/www.academiaschool.edu\/it\/wp-json\/wp\/v2\/media?parent=5089"}],"curies":[{"name":"wp","href":"https:\/\/api.w.org\/{rel}","templated":true}]}}