{"id":5077,"date":"2024-03-20T17:52:13","date_gmt":"2024-03-21T03:52:13","guid":{"rendered":"https:\/\/academia-school.net\/motivi-della-scelta\/supporto-amichevole-genitori-figli-per-lo-studio-allestero\/"},"modified":"2024-04-24T10:23:41","modified_gmt":"2024-04-24T20:23:41","slug":"supporto-amichevole-genitori-figli-per-lo-studio-allestero","status":"publish","type":"page","link":"https:\/\/www.academiaschool.edu\/it\/motivi-della-scelta\/supporto-amichevole-genitori-figli-per-lo-studio-allestero\/","title":{"rendered":"Supporto amichevole genitori-figli per lo studio all&#8217;estero"},"content":{"rendered":"\n<section class=\"wp-block-jinr-blocks-fullwidth b--jinr-block b--jinr-fullwidth-container d--top-margin-xs-pc d--bottom-margin-xs-pc d--top-margin-xs-sp d--bottom-margin-xs-sp \"><section class=\"b--jinr-fullwidth d--fullwidth-parallax-off d--fullwidth-deco-bgimage\"><div class=\"a--jinr-fullwidth-image\"><div class=\"a--jinr-fullwidth-image-clip\"><img decoding=\"async\" src=\"https:\/\/www.academiaschool.edu\/wp-content\/uploads\/2024\/03\/\u30b9\u30af\u30ea\u30fc\u30f3\u30b7\u30e7\u30c3\u30c8-2024-03-26-\u5348\u5f8c8.21.16.webp\"\/><\/div><\/div><div class=\"a--jinr-fullwidth-overlay\" style=\"background-color:#222222;opacity:0.15\"><\/div><div class=\"d--fullwidth-100 d--fullwidth-pad40 d--fullwidth-pad0-sp t--main-width\" style=\"color:false\">\n<p class=\"has-text-align-center has-white-color has-text-color has-link-color wp-elements-eaa9d98fbbd6c55c8e6451c3141a3f82\"><span class=\"jinr-d--font-size d--fontsize-36px\"><strong><strong>Supporto allo studio all&#8217;estero per genitori e figli<\/strong><\/strong><\/span><\/p>\n<\/div><\/section><\/section>\n\n<p>L&#8217;ALS apprezza chi viene alle Hawaii per studiare all&#8217;estero con i genitori e i figli e offre una serie di aiuti.<\/p>\n\n<ul class=\"jinr-list wp-block-list\">\n<li>Curriculum conveniente<\/li>\n\n\n\n<li>Posizione comoda per i ritiri e le consegne<\/li>\n\n\n\n<li>Vacanze facili da coordinare con le vacanze dei bambini<\/li>\n\n\n\n<li>Seminari e informazioni su genitori e scuola negli USA<\/li>\n<\/ul>\n\n<p>Analizziamo ciascuno di questi aspetti in dettaglio.<\/p>\n\n<h2 class=\"wp-block-heading jinr-heading d--bold\"><strong>Curriculum conveniente<\/strong><\/h2>\n\n<p>Il programma ALS \u00e8 molto comodo per i genitori che devono accompagnare e riprendere i propri figli.<\/p>\n\n<p>Molti studenti di ALS sono genitori che si occupano del trasporto dei loro figli. Ci sono tre opzioni di orario per il programma di quattro giorni feriali:<\/p>\n\n<ul class=\"jinr-list wp-block-list\">\n<li>7:40 &#8211; 12:10<\/li>\n\n\n\n<li>8:45 &#8211; 13:30<\/li>\n\n\n\n<li>10:00 &#8211; 14:40<\/li>\n<\/ul>\n\n<p>Scegli l&#8217;orario pi\u00f9 adatto alle tue esigenze di ritiro e consegna.<\/p>\n\n<figure class=\"wp-block-image size-large\"><img loading=\"lazy\" decoding=\"async\" width=\"1024\" height=\"684\" src=\"https:\/\/www.academiaschool.edu\/wp-content\/uploads\/2024\/03\/1_CONVENIENT-CURRICULUM-1-1024x684.png\" alt=\"\" class=\"wp-image-981\" srcset=\"https:\/\/www.academiaschool.edu\/wp-content\/uploads\/2024\/03\/1_CONVENIENT-CURRICULUM-1-1024x684.png 1024w, https:\/\/www.academiaschool.edu\/wp-content\/uploads\/2024\/03\/1_CONVENIENT-CURRICULUM-1-300x200.png 300w, https:\/\/www.academiaschool.edu\/wp-content\/uploads\/2024\/03\/1_CONVENIENT-CURRICULUM-1-768x513.png 768w, https:\/\/www.academiaschool.edu\/wp-content\/uploads\/2024\/03\/1_CONVENIENT-CURRICULUM-1.png 1160w\" sizes=\"auto, (max-width: 1024px) 100vw, 1024px\" \/><\/figure>\n\n<p>Ad esempio, i genitori che possono lasciare i propri figli in una scuola privata entro le 7 del mattino potrebbero scegliere l&#8217;orario 7.40-12.10. Chi ha figli che frequentano la scuola pubblica o ha pi\u00f9 figli che richiedono pi\u00f9 tempo per il ritiro e la consegna, potrebbe optare per l&#8217;orario 8.45-13.30. I genitori di bambini pi\u00f9 grandi che tornano a casa la sera potrebbero scegliere l&#8217;orario 10:00-14:40.<\/p>\n\n<h2 class=\"wp-block-heading jinr-heading d--bold\"><strong>Posizione comoda per i ritiri e le consegne<\/strong><\/h2>\n\n<p>L&#8217;ALS si trova ad Ala Moana, con un accesso molto comodo. \u00c8 vicino al Don Quijote e all&#8217;Ala Moana Shopping Center, quindi \u00e8 comodo per fare shopping dopo le lezioni.<\/p>\n\n<figure class=\"wp-block-image size-large\"><img loading=\"lazy\" decoding=\"async\" width=\"1024\" height=\"684\" src=\"https:\/\/www.academiaschool.edu\/wp-content\/uploads\/2024\/03\/2_PRIME-LOCATION-2-1024x684.png\" alt=\"\" class=\"wp-image-982\" srcset=\"https:\/\/www.academiaschool.edu\/wp-content\/uploads\/2024\/03\/2_PRIME-LOCATION-2-1024x684.png 1024w, https:\/\/www.academiaschool.edu\/wp-content\/uploads\/2024\/03\/2_PRIME-LOCATION-2-300x200.png 300w, https:\/\/www.academiaschool.edu\/wp-content\/uploads\/2024\/03\/2_PRIME-LOCATION-2-768x513.png 768w, https:\/\/www.academiaschool.edu\/wp-content\/uploads\/2024\/03\/2_PRIME-LOCATION-2.png 1160w\" sizes=\"auto, (max-width: 1024px) 100vw, 1024px\" \/><\/figure>\n\n<p>L&#8217;accessibilit\u00e0 \u00e8 fondamentale per gli spostamenti quotidiani delle scuole.<\/p>\n\n<h2 class=\"wp-block-heading jinr-heading d--bold\"><strong>Vacanze facili da coordinare con le vacanze dei bambini<\/strong><\/h2>\n\n<p>Il sistema di vacanze di ALS \u00e8 molto conveniente anche per i genitori con bambini.<\/p>\n\n<figure class=\"wp-block-image size-large\"><img loading=\"lazy\" decoding=\"async\" width=\"1024\" height=\"684\" src=\"https:\/\/www.academiaschool.edu\/wp-content\/uploads\/2024\/03\/3_VACATION-SCHEDULES-THAT-ALIGN-WITH-CHILDRENS-BREAKS-1-1024x684.png\" alt=\"\" class=\"wp-image-983\" srcset=\"https:\/\/www.academiaschool.edu\/wp-content\/uploads\/2024\/03\/3_VACATION-SCHEDULES-THAT-ALIGN-WITH-CHILDRENS-BREAKS-1-1024x684.png 1024w, https:\/\/www.academiaschool.edu\/wp-content\/uploads\/2024\/03\/3_VACATION-SCHEDULES-THAT-ALIGN-WITH-CHILDRENS-BREAKS-1-300x200.png 300w, https:\/\/www.academiaschool.edu\/wp-content\/uploads\/2024\/03\/3_VACATION-SCHEDULES-THAT-ALIGN-WITH-CHILDRENS-BREAKS-1-768x513.png 768w, https:\/\/www.academiaschool.edu\/wp-content\/uploads\/2024\/03\/3_VACATION-SCHEDULES-THAT-ALIGN-WITH-CHILDRENS-BREAKS-1.png 1160w\" sizes=\"auto, (max-width: 1024px) 100vw, 1024px\" \/><\/figure>\n\n<p>Molti genitori potrebbero voler tornare in Giappone con i propri figli durante le vacanze estive.<\/p>\n\n<p>Questi genitori potrebbero prendere in considerazione l&#8217;idea di prendersi una vacanza di uno o due mesi. Con una preparazione e procedure adeguate, \u00e8 possibile fare una vacanza in linea con le vacanze estive dei bambini.<\/p>\n\n<h2 class=\"wp-block-heading jinr-heading d--bold\"><strong>Seminari e informazioni su genitori e scuola negli USA<\/strong><\/h2>\n\n<p>Organizziamo seminari e forniamo informazioni sulla preparazione all&#8217;istruzione superiore e sui rischi che corrono i bambini, come la droga e la criminalit\u00e0, rivolgendoci ai genitori che intendono diventare genitori e far studiare i propri figli negli Stati Uniti.<\/p>\n\n<p>Gli esperti forniscono spiegazioni dettagliate sulle ultime tendenze educative, sulla sicurezza dei genitori in un ambiente protetto e sulle strategie efficaci per proseguire gli studi. L&#8217;obiettivo \u00e8 quello di approfondire la comprensione delle sfide che i genitori potrebbero affrontare e sostenere i loro figli verso il successo.<\/p>\n\n<p>Ad esempio, nel seguente seminario invitiamo esperti esterni a discutere di genitorialit\u00e0 sicura negli Stati Uniti, del ruolo delle madri e di cosa concentrarsi in base agli attuali criteri di valutazione dell&#8217;Universit\u00e0 di Harvard. Dopo il seminario \u00e8 previsto anche un momento di networking per gli studenti durante la pausa pranzo.<\/p>\n\n<figure class=\"wp-block-image size-large\"><img loading=\"lazy\" decoding=\"async\" width=\"704\" height=\"1024\" src=\"https:\/\/www.academiaschool.edu\/wp-content\/uploads\/2024\/03\/Japanese-Dept-6-704x1024.png\" alt=\"\" class=\"wp-image-979\" srcset=\"https:\/\/www.academiaschool.edu\/wp-content\/uploads\/2024\/03\/Japanese-Dept-6-704x1024.png 704w, https:\/\/www.academiaschool.edu\/wp-content\/uploads\/2024\/03\/Japanese-Dept-6-206x300.png 206w, https:\/\/www.academiaschool.edu\/wp-content\/uploads\/2024\/03\/Japanese-Dept-6-768x1117.png 768w, https:\/\/www.academiaschool.edu\/wp-content\/uploads\/2024\/03\/Japanese-Dept-6-1056x1536.png 1056w, https:\/\/www.academiaschool.edu\/wp-content\/uploads\/2024\/03\/Japanese-Dept-6.png 1375w\" sizes=\"auto, (max-width: 704px) 100vw, 704px\" \/><\/figure>\n\n<p>Se stai studiando o stai pensando di studiare all&#8217;estero con i tuoi figli alle Hawaii, non esitare a contattarci.<\/p>\n<section class='b--jinr-block b--jinr-button   js--scr-animation block_a19c9c40-cf29-44c3-a3e0-2c0ce9d831e3'>\n\t\t\t\t\t<div class=\"o--button-inner d--button-type4 d--button-outline d--button-outline-hover-halftransparent  d--button-center\"><span class=\"a--button-hover\"><a href=\"\"><span><strong>Contact Form<\/strong><\/span><\/a><\/span><\/div>\n\t\t\t\t<\/section><section class=\"b--jinr-block b--jinr-blogcard d--blogcard-hover-up d--blogcard-style1 d--blogcard-mysite t--round \"><div class=\"a--blogcard-label ef\">Related Page<\/div><a class=\"o--blogcard-link t--round\" href=\"https:\/\/www.academiaschool.edu\/reason\/\"><div class=\"c--blogcard-image\"><img loading=\"lazy\" decoding=\"async\" class=\"a--blogcard-img-src\" width=\"128\" height=\"72\" src=\"https:\/\/www.academiaschool.edu\/wp-content\/uploads\/2025\/02\/\u540d\u79f0\u672a\u8a2d\u5b9a\u306e\u30c7\u30b6\u30a4\u30f3-7.png\" alt=\"Reasons for Choosing\" \/><\/div><div class=\"a--blogcard-title d--bold\">Reasons for Choosing<\/div><\/a><\/section>","protected":false},"excerpt":{"rendered":"<p>L&#8217;ALS apprezza chi viene alle Hawaii per studiare all&#8217;estero con i genitori e i figli e offre una serie di aiuti. Analizziamo ciascuno di questi aspetti in dettaglio. Curriculum conveniente Il programma ALS \u00e8 molto comodo per i genitori che devono accompagnare e riprendere i propri figli. Molti studenti di ALS sono genitori che si [&hellip;]<\/p>\n","protected":false},"author":1,"featured_media":0,"parent":5053,"menu_order":0,"comment_status":"closed","ping_status":"closed","template":"","meta":{"_jinr_url_youtube":"","_jinr_pip_youtube":false,"_jinr_time_youtube":"","_jinr_thumb_youtube":"","_jinr_media_youtube":"","_jinr_category_edit":false,"_jinr_category":"","_jinr_title_display":false,"_jinr_snsbutton_display":false,"_jinr_ads_display":false,"_jinr_thumbnail_display":false,"_jinr_profile_display":false,"_jinr_representations_display":false,"_jinr_relatedpost_display":false,"_jinr_sidebar1col_display":false,"_jinr_sidebar2col_display":false,"_jinr_seotitle_display":"","_jinr_description_display":"","_jinr_keyword_display":"","_jinr_hastag_display":"","_jinr_canonical_display":"","_jinr_noindex_display":false,"_jinr_paidpost":false,"_jinr_paidpost_product_id":"","_jinr_headtag_article":"","footnotes":""},"class_list":["post-5077","page","type-page","status-publish","hentry"],"_links":{"self":[{"href":"https:\/\/www.academiaschool.edu\/it\/wp-json\/wp\/v2\/pages\/5077","targetHints":{"allow":["GET"]}}],"collection":[{"href":"https:\/\/www.academiaschool.edu\/it\/wp-json\/wp\/v2\/pages"}],"about":[{"href":"https:\/\/www.academiaschool.edu\/it\/wp-json\/wp\/v2\/types\/page"}],"author":[{"embeddable":true,"href":"https:\/\/www.academiaschool.edu\/it\/wp-json\/wp\/v2\/users\/1"}],"replies":[{"embeddable":true,"href":"https:\/\/www.academiaschool.edu\/it\/wp-json\/wp\/v2\/comments?post=5077"}],"version-history":[{"count":3,"href":"https:\/\/www.academiaschool.edu\/it\/wp-json\/wp\/v2\/pages\/5077\/revisions"}],"predecessor-version":[{"id":5080,"href":"https:\/\/www.academiaschool.edu\/it\/wp-json\/wp\/v2\/pages\/5077\/revisions\/5080"}],"up":[{"embeddable":true,"href":"https:\/\/www.academiaschool.edu\/it\/wp-json\/wp\/v2\/pages\/5053"}],"wp:attachment":[{"href":"https:\/\/www.academiaschool.edu\/it\/wp-json\/wp\/v2\/media?parent=5077"}],"curies":[{"name":"wp","href":"https:\/\/api.w.org\/{rel}","templated":true}]}}