{"id":5073,"date":"2024-03-25T06:34:04","date_gmt":"2024-03-25T16:34:04","guid":{"rendered":"https:\/\/academia-school.net\/motivi-della-scelta\/costo-ridotto-impegno-e-segreti\/"},"modified":"2024-04-24T10:23:27","modified_gmt":"2024-04-24T20:23:27","slug":"costo-ridotto-impegno-e-segreti","status":"publish","type":"page","link":"https:\/\/www.academiaschool.edu\/it\/motivi-della-scelta\/costo-ridotto-impegno-e-segreti\/","title":{"rendered":"Costo ridotto! Impegno e segreti"},"content":{"rendered":"\n<section class=\"wp-block-jinr-blocks-fullwidth b--jinr-block b--jinr-fullwidth-container d--top-margin-xs-pc d--bottom-margin-xs-pc d--top-margin-xs-sp d--bottom-margin-xs-sp \"><section class=\"b--jinr-fullwidth d--fullwidth-parallax-off d--fullwidth-deco-bgimage\"><div class=\"a--jinr-fullwidth-image\"><div class=\"a--jinr-fullwidth-image-clip\"><img decoding=\"async\" src=\"https:\/\/www.academiaschool.edu\/wp-content\/uploads\/2024\/03\/\u30b9\u30af\u30ea\u30fc\u30f3\u30b7\u30e7\u30c3\u30c8-2024-03-26-\u5348\u5f8c8.21.16.webp\"\/><\/div><\/div><div class=\"a--jinr-fullwidth-overlay\" style=\"background-color:#222222;opacity:0.15\"><\/div><div class=\"d--fullwidth-100 d--fullwidth-pad40 d--fullwidth-pad0-sp t--main-width\" style=\"color:false\">\n<p class=\"has-text-align-center has-white-color has-text-color has-link-color wp-elements-6376bb7f800871343f3706bc80e84b8e\"><span class=\"jinr-d--font-size d--fontsize-36px\"><strong><strong>Costo ridotto! Impegno e segreti<\/strong><\/strong><\/span><\/p>\n<\/div><\/section><\/section>\n\n<h2 class=\"wp-block-heading jinr-heading d--bold\"><strong>Costo ridotto! Impegno e segreti<\/strong><\/h2>\n\n<p>Ci impegniamo a fornire il miglior ambiente di apprendimento per ogni studente mantenendo i costi il pi\u00f9 bassi possibile. Per raggiungere questo obiettivo, abbiamo messo in atto diverse iniziative speciali e segrete.<\/p>\n\n<h3 class=\"wp-block-heading jinr-heading d--bold\"><strong>Il nostro impegno<\/strong><\/h3>\n\n<section class=\"wp-block-jinr-blocks-simplebox b--jinr-block-container\"><div class=\"b--jinr-block b--jinr-box d--simple-box5  \"><div class=\"c--simple-box-inner\">\n<p class=\"has-text-align-center\"><strong>Prezzi a misura di studente<\/strong><\/p>\n<\/div><\/div><\/section>\n\n<p>Il nostro impegno principale \u00e8 quello di fissare i prezzi il pi\u00f9 bassi possibile, in modo che gli studenti possano concentrarsi sullo studio della lingua e godersi la vita alle Hawaii con un onere finanziario minimo. Nonostante le difficolt\u00e0 di convivere con l&#8217;inflazione negli Stati Uniti, vogliamo rendere i nostri prezzi accessibili a tutti. A tal fine, attuiamo diverse misure di riduzione dei costi, i cui risultati si riflettono tutti nella riduzione delle tasse universitarie.<\/p>\n\n<h3 class=\"wp-block-heading jinr-heading d--bold\"><strong>I nostri segreti<\/strong><\/h3>\n\n<h4 class=\"wp-block-heading jinr-heading d--bold\"><strong>Utilizzo intelligente dello spazio<\/strong><\/h4>\n\n<p>Se visiti la nostra scuola per la prima volta, potresti rimanere sorpreso da quanto sia compatta. Normalmente le operazioni scolastiche richiedono stanze per il personale e ampi spazi per gli uffici, ma qui abbiamo innovato. Eliminando le stanze per il personale e riducendo al minimo gli spazi per le reception e gli uffici, possiamo destinare pi\u00f9 fondi al miglioramento della qualit\u00e0 dell&#8217;istruzione e alla riduzione delle tasse scolastiche.<\/p>\n\n<h4 class=\"wp-block-heading jinr-heading d--bold\"><strong>Modello operativo efficiente<\/strong><\/h4>\n\n<p>Sfruttando la tecnologia pi\u00f9 avanzata per digitalizzare e automatizzare le attivit\u00e0 amministrative, siamo riusciti a ridurre i costi operativi. Questo ci permette di mantenere bassi i costi del personale e altri costi operativi, consentendoci di offrire tasse universitarie basse e leader del settore.<\/p>\n\n<h3 class=\"wp-block-heading jinr-heading d--bold\">Investire nel tuo futuro<\/h3>\n\n<p>Nella nostra scuola di lingue, pur continuando a trovare il modo di ridurre i costi, non scendiamo mai a compromessi sulla qualit\u00e0 dell&#8217;istruzione. Lezioni di alta qualit\u00e0 impartite da istruttori esperti, un&#8217;assistenza completa all&#8217;apprendimento e una comunit\u00e0 calorosa sono tutti qui. Con il nostro impegno e i nostri segreti, ti sosteniamo pienamente nel fare un passo avanti verso i tuoi sogni e i tuoi obiettivi attraverso l&#8217;apprendimento delle lingue.<\/p>\n\n<p>Ci auguriamo che tu scelga la nostra scuola per il tuo percorso di apprendimento linguistico. Impariamo, cresciamo e apriamo un nuovo mondo insieme.<\/p>\n<section class=\"b--jinr-block b--jinr-blogcard d--blogcard-hover-up d--blogcard-style1 d--blogcard-mysite t--round \"><div class=\"a--blogcard-label ef\">Related Page<\/div><a class=\"o--blogcard-link t--round\" href=\"https:\/\/www.academiaschool.edu\/reason\/\"><div class=\"c--blogcard-image\"><img loading=\"lazy\" decoding=\"async\" class=\"a--blogcard-img-src\" width=\"128\" height=\"72\" src=\"https:\/\/www.academiaschool.edu\/wp-content\/uploads\/2025\/02\/\u540d\u79f0\u672a\u8a2d\u5b9a\u306e\u30c7\u30b6\u30a4\u30f3-7.png\" alt=\"Reasons for Choosing\" \/><\/div><div class=\"a--blogcard-title d--bold\">Reasons for Choosing<\/div><\/a><\/section>","protected":false},"excerpt":{"rendered":"<p>Costo ridotto! Impegno e segreti Ci impegniamo a fornire il miglior ambiente di apprendimento per ogni studente mantenendo i costi il pi\u00f9 bassi possibile. Per raggiungere questo obiettivo, abbiamo messo in atto diverse iniziative speciali e segrete. Il nostro impegno Il nostro impegno principale \u00e8 quello di fissare i prezzi il pi\u00f9 bassi possibile, in [&hellip;]<\/p>\n","protected":false},"author":1,"featured_media":0,"parent":5053,"menu_order":0,"comment_status":"closed","ping_status":"closed","template":"","meta":{"_jinr_url_youtube":"","_jinr_pip_youtube":false,"_jinr_time_youtube":"","_jinr_thumb_youtube":"","_jinr_media_youtube":"","_jinr_category_edit":false,"_jinr_category":"","_jinr_title_display":false,"_jinr_snsbutton_display":false,"_jinr_ads_display":false,"_jinr_thumbnail_display":false,"_jinr_profile_display":false,"_jinr_representations_display":false,"_jinr_relatedpost_display":false,"_jinr_sidebar1col_display":false,"_jinr_sidebar2col_display":false,"_jinr_seotitle_display":"","_jinr_description_display":"","_jinr_keyword_display":"","_jinr_hastag_display":"","_jinr_canonical_display":"","_jinr_noindex_display":false,"_jinr_paidpost":false,"_jinr_paidpost_product_id":"","_jinr_headtag_article":"","footnotes":""},"class_list":["post-5073","page","type-page","status-publish","hentry"],"_links":{"self":[{"href":"https:\/\/www.academiaschool.edu\/it\/wp-json\/wp\/v2\/pages\/5073","targetHints":{"allow":["GET"]}}],"collection":[{"href":"https:\/\/www.academiaschool.edu\/it\/wp-json\/wp\/v2\/pages"}],"about":[{"href":"https:\/\/www.academiaschool.edu\/it\/wp-json\/wp\/v2\/types\/page"}],"author":[{"embeddable":true,"href":"https:\/\/www.academiaschool.edu\/it\/wp-json\/wp\/v2\/users\/1"}],"replies":[{"embeddable":true,"href":"https:\/\/www.academiaschool.edu\/it\/wp-json\/wp\/v2\/comments?post=5073"}],"version-history":[{"count":3,"href":"https:\/\/www.academiaschool.edu\/it\/wp-json\/wp\/v2\/pages\/5073\/revisions"}],"predecessor-version":[{"id":5076,"href":"https:\/\/www.academiaschool.edu\/it\/wp-json\/wp\/v2\/pages\/5073\/revisions\/5076"}],"up":[{"embeddable":true,"href":"https:\/\/www.academiaschool.edu\/it\/wp-json\/wp\/v2\/pages\/5053"}],"wp:attachment":[{"href":"https:\/\/www.academiaschool.edu\/it\/wp-json\/wp\/v2\/media?parent=5073"}],"curies":[{"name":"wp","href":"https:\/\/api.w.org\/{rel}","templated":true}]}}