{"id":5069,"date":"2024-03-25T16:00:46","date_gmt":"2024-03-26T02:00:46","guid":{"rendered":"https:\/\/academia-school.net\/motivi-della-scelta\/lunico-corso-settimanale-di-4-giorni-delle-hawaii\/"},"modified":"2024-04-24T10:23:05","modified_gmt":"2024-04-24T20:23:05","slug":"lunico-corso-settimanale-di-4-giorni-delle-hawaii","status":"publish","type":"page","link":"https:\/\/www.academiaschool.edu\/it\/motivi-della-scelta\/lunico-corso-settimanale-di-4-giorni-delle-hawaii\/","title":{"rendered":"L&#8217;unico corso settimanale di 4 giorni delle Hawaii"},"content":{"rendered":"\n<section class=\"wp-block-jinr-blocks-fullwidth b--jinr-block b--jinr-fullwidth-container d--top-margin-xs-pc d--bottom-margin-xs-pc d--top-margin-xs-sp d--bottom-margin-xs-sp \"><section class=\"b--jinr-fullwidth d--fullwidth-parallax-off d--fullwidth-deco-bgimage\"><div class=\"a--jinr-fullwidth-image\"><div class=\"a--jinr-fullwidth-image-clip\"><img decoding=\"async\" src=\"https:\/\/www.academiaschool.edu\/wp-content\/uploads\/2024\/03\/\u30b9\u30af\u30ea\u30fc\u30f3\u30b7\u30e7\u30c3\u30c8-2024-03-26-\u5348\u5f8c8.21.16.webp\"\/><\/div><\/div><div class=\"a--jinr-fullwidth-overlay\" style=\"background-color:#222222;opacity:0.15\"><\/div><div class=\"d--fullwidth-100 d--fullwidth-pad40 d--fullwidth-pad0-sp t--main-width\" style=\"color:false\">\n<p class=\"has-text-align-center has-white-color has-text-color has-link-color wp-elements-c3774b4cab377fd335ef901ba89b79dd\"><span class=\"jinr-d--font-size d--fontsize-36px\"><strong><strong>L&#8217;unico corso settimanale di 4 giorni delle Hawaii<\/strong><\/strong><\/span><\/p>\n<\/div><\/section><\/section>\n\n<h2 class=\"wp-block-heading jinr-heading d--bold\"><strong>L&#8217;unico corso settimanale di 4 giorni delle Hawaii<\/strong><\/h2>\n\n<p>La nostra scuola offre un programma ESL unico che soddisfa i requisiti del visto F1 con una frequenza di soli quattro giorni a settimana.<\/p>\n\n<p>Gli studenti possono completare 20 ore di studio a settimana frequentando le lezioni per cinque ore ogni mattina dal luned\u00ec al gioved\u00ec.<\/p>\n\n<p>Questo orario consente a tutti gli studenti con visto F, compresi quelli con figli, di frequentare le lezioni quattro giorni a settimana, a partire dalle sessioni mattutine.<\/p>\n\n<p>Le destinazioni pi\u00f9 popolari, come la North Shore, tendono a diventare molto affollate durante i fine settimana, il che rappresenta un grande vantaggio per il turismo.<\/p>\n\n<p>Studiando intensamente dal luned\u00ec al gioved\u00ec e prendendosi il venerd\u00ec libero, gli studenti possono godersi una vita appagante alle Hawaii.<\/p>\n\n<figure class=\"wp-block-image size-large\"><img decoding=\"async\" src=\"https:\/\/www.academiaschool.edu\/wp-content\/uploads\/2024\/03\/&#x30B9;&#x30AF;&#x30EA;&#x30FC;&#x30F3;&#x30B7;&#x30E7;&#x30C3;&#x30C8;-2024-02-04-22.18.10-1024x315.png\" alt=\"curriculum\" class=\"wp-image-972\"\/><\/figure>\n\n<h3 class=\"wp-block-heading jinr-heading d--bold\"><strong>Cinque giorni alla settimana<\/strong><\/h3>\n\n<p>Offriamo opportunit\u00e0 di apprendimento il venerd\u00ec, permettendo a chi vuole studiare l&#8217;inglese tutti i giorni della settimana di farlo con un ritmo di cinque giorni a settimana.<\/p>\n\n<h3 class=\"wp-block-heading jinr-heading d--bold\"><strong>Orari di inizio delle lezioni flessibili<\/strong><\/h3>\n\n<p>I titolari di visto F1 della nostra scuola possono scegliere tra tre diversi orari di inizio delle lezioni:<\/p>\n\n<ul class=\"jinr-list wp-block-list\">\n<li>7:40<\/li>\n\n\n\n<li>8:45<\/li>\n\n\n\n<li>10:00<\/li>\n<\/ul>\n\n<p>Gli studenti con altri visti hanno cinque opzioni:<\/p>\n\n<ul class=\"jinr-list wp-block-list\">\n<li>7:40<\/li>\n\n\n\n<li>8:45<\/li>\n\n\n\n<li>10:00<\/li>\n\n\n\n<li>11:05<\/li>\n\n\n\n<li>12:30<\/li>\n<\/ul>\n\n<h3 class=\"wp-block-heading jinr-heading d--bold\"><strong>Possibilit\u00e0 di ritiro e consegna dei bambini<\/strong><\/h3>\n\n<p>Molti studenti ALS sono genitori che devono andare a prendere e lasciare i loro figli. Il nostro programma di studio di quattro giorni feriali offre tre opzioni di orario:<\/p>\n\n<ul class=\"jinr-list wp-block-list\">\n<li>7:40 &#8211; 12:10<\/li>\n\n\n\n<li>8:45 &#8211; 13:30<\/li>\n\n\n\n<li>10:00 &#8211; 14:40<\/li>\n<\/ul>\n\n<p>Scegli l&#8217;orario pi\u00f9 adatto alle tue esigenze di trasporto dei bambini. Se hai intenzione di andare a prendere e lasciare i tuoi figli in base ai tuoi orari scolastici, consulta anche la pagina seguente.<\/p>\n<section class=\"b--jinr-block b--jinr-blogcard d--blogcard-hover-up d--blogcard-style1 d--blogcard-mysite t--round \"><div class=\"a--blogcard-label ef\">Related Page<\/div><a class=\"o--blogcard-link t--round\" href=\"https:\/\/www.academiaschool.edu\/reason\/drop-off-and-dive-in\/\"><div class=\"c--blogcard-image\"><img loading=\"lazy\" decoding=\"async\" class=\"a--blogcard-img-src\" width=\"128\" height=\"72\" src=\"https:\/\/www.academiaschool.edu\/wp-content\/uploads\/2025\/02\/\u540d\u79f0\u672a\u8a2d\u5b9a\u306e\u30c7\u30b6\u30a4\u30f3-7.png\" alt=\"Parent-Child Study Abroad Friendly Support\" \/><\/div><div class=\"a--blogcard-title d--bold\">Parent-Child Study Abroad Friendly Support<\/div><\/a><\/section>\n<p>Per qualsiasi domanda, non esitare a consultare l&#8217;ufficio ALS.<\/p>\n<section class=\"b--jinr-block b--jinr-blogcard d--blogcard-hover-up d--blogcard-style1 d--blogcard-mysite t--round \"><div class=\"a--blogcard-label ef\">Related Page<\/div><a class=\"o--blogcard-link t--round\" href=\"https:\/\/www.academiaschool.edu\/reason\/\"><div class=\"c--blogcard-image\"><img loading=\"lazy\" decoding=\"async\" class=\"a--blogcard-img-src\" width=\"128\" height=\"72\" src=\"https:\/\/www.academiaschool.edu\/wp-content\/uploads\/2025\/02\/\u540d\u79f0\u672a\u8a2d\u5b9a\u306e\u30c7\u30b6\u30a4\u30f3-7.png\" alt=\"Reasons for Choosing\" \/><\/div><div class=\"a--blogcard-title d--bold\">Reasons for Choosing<\/div><\/a><\/section>","protected":false},"excerpt":{"rendered":"<p>L&#8217;unico corso settimanale di 4 giorni delle Hawaii La nostra scuola offre un programma ESL unico che soddisfa i requisiti del visto F1 con una frequenza di soli quattro giorni a settimana. Gli studenti possono completare 20 ore di studio a settimana frequentando le lezioni per cinque ore ogni mattina dal luned\u00ec al gioved\u00ec. Questo [&hellip;]<\/p>\n","protected":false},"author":1,"featured_media":0,"parent":5053,"menu_order":0,"comment_status":"closed","ping_status":"closed","template":"","meta":{"_jinr_url_youtube":"","_jinr_pip_youtube":false,"_jinr_time_youtube":"","_jinr_thumb_youtube":"","_jinr_media_youtube":"","_jinr_category_edit":false,"_jinr_category":"","_jinr_title_display":false,"_jinr_snsbutton_display":false,"_jinr_ads_display":false,"_jinr_thumbnail_display":false,"_jinr_profile_display":false,"_jinr_representations_display":false,"_jinr_relatedpost_display":false,"_jinr_sidebar1col_display":false,"_jinr_sidebar2col_display":false,"_jinr_seotitle_display":"","_jinr_description_display":"","_jinr_keyword_display":"","_jinr_hastag_display":"","_jinr_canonical_display":"","_jinr_noindex_display":false,"_jinr_paidpost":false,"_jinr_paidpost_product_id":"","_jinr_headtag_article":"","footnotes":""},"class_list":["post-5069","page","type-page","status-publish","hentry"],"_links":{"self":[{"href":"https:\/\/www.academiaschool.edu\/it\/wp-json\/wp\/v2\/pages\/5069","targetHints":{"allow":["GET"]}}],"collection":[{"href":"https:\/\/www.academiaschool.edu\/it\/wp-json\/wp\/v2\/pages"}],"about":[{"href":"https:\/\/www.academiaschool.edu\/it\/wp-json\/wp\/v2\/types\/page"}],"author":[{"embeddable":true,"href":"https:\/\/www.academiaschool.edu\/it\/wp-json\/wp\/v2\/users\/1"}],"replies":[{"embeddable":true,"href":"https:\/\/www.academiaschool.edu\/it\/wp-json\/wp\/v2\/comments?post=5069"}],"version-history":[{"count":3,"href":"https:\/\/www.academiaschool.edu\/it\/wp-json\/wp\/v2\/pages\/5069\/revisions"}],"predecessor-version":[{"id":5072,"href":"https:\/\/www.academiaschool.edu\/it\/wp-json\/wp\/v2\/pages\/5069\/revisions\/5072"}],"up":[{"embeddable":true,"href":"https:\/\/www.academiaschool.edu\/it\/wp-json\/wp\/v2\/pages\/5053"}],"wp:attachment":[{"href":"https:\/\/www.academiaschool.edu\/it\/wp-json\/wp\/v2\/media?parent=5069"}],"curies":[{"name":"wp","href":"https:\/\/api.w.org\/{rel}","templated":true}]}}