{"id":5061,"date":"2024-03-20T17:48:57","date_gmt":"2024-03-21T03:48:57","guid":{"rendered":"https:\/\/academia-school.net\/motivi-della-scelta\/facolta-con-esperienza\/"},"modified":"2024-04-24T10:19:30","modified_gmt":"2024-04-24T20:19:30","slug":"facolta-con-esperienza","status":"publish","type":"page","link":"https:\/\/www.academiaschool.edu\/it\/motivi-della-scelta\/facolta-con-esperienza\/","title":{"rendered":"Facolt\u00e0 con esperienza"},"content":{"rendered":"\n<section class=\"wp-block-jinr-blocks-fullwidth b--jinr-block b--jinr-fullwidth-container d--top-margin-xs-pc d--bottom-margin-xs-pc d--top-margin-xs-sp d--bottom-margin-xs-sp \"><section class=\"b--jinr-fullwidth d--fullwidth-parallax-off d--fullwidth-deco-bgimage\"><div class=\"a--jinr-fullwidth-image\"><div class=\"a--jinr-fullwidth-image-clip\"><img decoding=\"async\" src=\"https:\/\/www.academiaschool.edu\/wp-content\/uploads\/2024\/03\/\u30b9\u30af\u30ea\u30fc\u30f3\u30b7\u30e7\u30c3\u30c8-2024-03-26-\u5348\u5f8c8.21.16.webp\"\/><\/div><\/div><div class=\"a--jinr-fullwidth-overlay\" style=\"background-color:#222222;opacity:0.15\"><\/div><div class=\"d--fullwidth-100 d--fullwidth-pad40 d--fullwidth-pad0-sp t--main-width\" style=\"color:false\">\n<p class=\"has-text-align-center has-white-color has-text-color has-link-color wp-elements-caabb9c6efddc5a3dde3bed14730af8a\"><span class=\"jinr-d--font-size d--fontsize-36px\"><strong><strong>Facolt\u00e0 con esperienza<\/strong><\/strong><\/span><\/p>\n<\/div><\/section><\/section>\n\n<p>Il nostro corpo docente ama davvero questa scuola e i suoi studenti e insegna ogni giorno con sincerit\u00e0 ed entusiasmo. Molti dei nostri insegnanti sono con noi da oltre dieci anni, e questo \u00e8 uno dei nostri punti di forza. Questo lungo periodo riflette la loro profonda esperienza e il loro impegno, permettendoci di offrire lezioni di inglese di alta qualit\u00e0. Qui presentiamo alcuni dei nostri istruttori dedicati.<\/p>\n\n<h2 class=\"wp-block-heading jinr-heading d--bold\"><strong>LARRY : Direttore dei programmi linguistici<\/strong><\/h2>\n\n<div class=\"wp-block-media-text is-stacked-on-mobile is-vertically-aligned-top\" style=\"grid-template-columns:24% auto\"><figure class=\"wp-block-media-text__media\"><img loading=\"lazy\" decoding=\"async\" width=\"155\" height=\"222\" src=\"https:\/\/www.academiaschool.edu\/wp-content\/uploads\/2024\/03\/Larry1-e1711352084764.jpg\" alt=\"\u30e9\u30ea\u30fc\u5148\u751f\" class=\"wp-image-411 size-full\"\/><\/figure><div class=\"wp-block-media-text__content\">\n<p>Per diversi anni Larry Rhodes \u00e8 stato reporter di affari internazionali per la Shin&#8217;etsu Broadcasting Company in Giappone, dove ha anche condotto una sua serie televisiva. \u00c8 arrivato a Honolulu per studiare all&#8217;Universit\u00e0 delle Hawaii a Manoa, ma si \u00e8 congedato per unirsi al Dipartimento di Economia dell&#8217;Universit\u00e0 Shinshu al fine di condurre una ricerca sull&#8217;occupazione giovanile per un dottorato in Scienze Politiche. L\u00ec gli \u00e8 stata concessa un&#8217;udienza con le Loro Maest\u00e0 l&#8217;Imperatore e l&#8217;Imperatrice del Giappone per discutere i risultati della sua ricerca, che \u00e8 stata poi pubblicata. Le sue pubblicazioni includono &#8220;Homeroom Teachers in Japan&#8221;, <em>National Forum: Phi Kappa Phi Journal,<\/em> inverno 1994, e &#8220;From School to Work in Japan&#8221;, <em>Compare,<\/em> ottobre 1996. Pi\u00f9 recentemente, ha pubblicato dei lavori sull&#8217;utilit\u00e0 dei diagrammi di frase nell&#8217;insegnamento ESL nella rivista <em>The Word<\/em> di Hawaii TESOL. Essendo stato immerso nella lingua e nella cultura di un altro paese, Larry \u00e8 sensibile alle difficolt\u00e0 che gli studenti incontrano vivendo in America e imparando l&#8217;inglese. In qualit\u00e0 di direttore dei programmi linguistici di Academia, si sforza di continuare a sviluppare corsi che soddisfino i diversi interessi del variegato corpo studentesco della scuola.<\/p>\n<\/div><\/div>\n\n<h2 class=\"wp-block-heading jinr-heading d--bold\"><strong>KIMBERLY : Assistente del direttore dei programmi linguistici<\/strong><\/h2>\n\n<div class=\"wp-block-media-text is-stacked-on-mobile\" style=\"grid-template-columns:26% auto\"><figure class=\"wp-block-media-text__media\"><img loading=\"lazy\" decoding=\"async\" width=\"170\" height=\"227\" src=\"https:\/\/www.academiaschool.edu\/wp-content\/uploads\/2024\/03\/Kimberly1.jpg\" alt=\"Kimberly\" class=\"wp-image-410 size-full\"\/><\/figure><div class=\"wp-block-media-text__content\">\n<p><br\/>Kimberly L. \u00e8 nata a Saginaw, nel Michigan. Ha conseguito un B.B.A. in Marketing presso la Western Michigan University. Lavorando nella scuola dal 1995, Kimberly \u00e8 la dipendente di Academia Language School che lavora da pi\u00f9 tempo. Prima di assumere la sua attuale posizione amministrativa, Kimberly ha insegnato ESL per molti anni presso la scuola. Pur non dichiarando di essere esperta in una lingua in particolare, conosce diverse lingue. Tra i suoi interessi ci sono la lettura, la pasticceria e la crescita dei suoi due figli.<\/p>\n<\/div><\/div>\n\n<h2 class=\"wp-block-heading jinr-heading d--bold\"><strong>SEAN : Istruttore<\/strong><\/h2>\n\n<div class=\"wp-block-media-text is-stacked-on-mobile\" style=\"grid-template-columns:27% auto\"><figure class=\"wp-block-media-text__media\"><img loading=\"lazy\" decoding=\"async\" width=\"170\" height=\"227\" src=\"https:\/\/www.academiaschool.edu\/wp-content\/uploads\/2024\/03\/Sean1.jpg\" alt=\"Sean\" class=\"wp-image-413 size-full\"\/><\/figure><div class=\"wp-block-media-text__content\">\n<p>Sean Flannagan \u00e8 nato e cresciuto in Kansas. Ha conseguito un B.G.S. in Teatro e Studi Cinematografici presso l&#8217;Universit\u00e0 del Kansas. Inoltre, ha ottenuto la certificazione internazionale TEFL TESOL (ITT). Scrittore di talento, Sean \u00e8 stato finalista agli Screenwriters&#8217; Showcase Awards e semifinalista all&#8217;Annual Writers Network Screenplay and Fiction Competition. Sean ha insegnato inglese per quattro anni in Giappone prima di approdare ad Academia Language School e ha una conoscenza pratica del giapponese. Tra i suoi hobby ci sono l&#8217;escursionismo e il tennis.<\/p>\n<\/div><\/div>\n\n<h2 class=\"wp-block-heading jinr-heading d--bold\"><strong>CHRISTINE : Istruttore<\/strong><\/h2>\n\n<div class=\"wp-block-media-text is-stacked-on-mobile\" style=\"grid-template-columns:29% auto\"><figure class=\"wp-block-media-text__media\"><img loading=\"lazy\" decoding=\"async\" width=\"768\" height=\"1024\" src=\"https:\/\/www.academiaschool.edu\/wp-content\/uploads\/2024\/03\/Christine-Bio-e1530141205943-768x1024-1.jpg\" alt=\"\u30af\u30ea\u30b9\u30c6\u30a3\u30f3\" class=\"wp-image-415 size-full\" srcset=\"https:\/\/www.academiaschool.edu\/wp-content\/uploads\/2024\/03\/Christine-Bio-e1530141205943-768x1024-1.jpg 768w, https:\/\/www.academiaschool.edu\/wp-content\/uploads\/2024\/03\/Christine-Bio-e1530141205943-768x1024-1-225x300.jpg 225w\" sizes=\"auto, (max-width: 768px) 100vw, 768px\" \/><\/figure><div class=\"wp-block-media-text__content\">\n<p>Christine Mahelona \u00e8 nata a Honolulu, nelle Hawaii. Ha conseguito una laurea e un master in lingua e letteratura francese presso l&#8217;Universit\u00e0 delle Hawaii a Manoa. Ha inoltre conseguito il Diplome au Niveau Superieur in Lingua e Letteratura Francese presso l&#8217;Universit\u00e0 di Parigi alla Sorbona e un certificato in TESOL presso il Trinity College di Londra. Ha insegnato ESL in Giappone, Spagna e Polonia. Oltre al francese, ha imparato il finlandese vivendo in Finlandia per un paio d&#8217;anni. Prima di entrare a far parte di Academia Language School, Christine ha insegnato francese, inglese ed ESL presso la Hawaii Pacific University per dieci anni. Nel tempo libero, Christine ama leggere, ascoltare musica, nuotare, mangiare cioccolato e fare volontariato per la sua chiesa e per il programma Scoutreach dei Boy Scouts d&#8217;America.<\/p>\n<\/div><\/div>\n<section class=\"b--jinr-block b--jinr-blogcard d--blogcard-hover-up d--blogcard-style1 d--blogcard-mysite t--round \"><div class=\"a--blogcard-label ef\">Related Page<\/div><a class=\"o--blogcard-link t--round\" href=\"https:\/\/www.academiaschool.edu\/reason\/\"><div class=\"c--blogcard-image\"><img loading=\"lazy\" decoding=\"async\" class=\"a--blogcard-img-src\" width=\"128\" height=\"72\" src=\"https:\/\/www.academiaschool.edu\/wp-content\/uploads\/2025\/02\/\u540d\u79f0\u672a\u8a2d\u5b9a\u306e\u30c7\u30b6\u30a4\u30f3-7.png\" alt=\"Reasons for Choosing\" \/><\/div><div class=\"a--blogcard-title d--bold\">Reasons for Choosing<\/div><\/a><\/section>","protected":false},"excerpt":{"rendered":"<p>Il nostro corpo docente ama davvero questa scuola e i suoi studenti e insegna ogni giorno con sincerit\u00e0 ed entusiasmo. Molti dei nostri insegnanti sono con noi da oltre dieci anni, e questo \u00e8 uno dei nostri punti di forza. Questo lungo periodo riflette la loro profonda esperienza e il loro impegno, permettendoci di offrire [&hellip;]<\/p>\n","protected":false},"author":1,"featured_media":0,"parent":5053,"menu_order":0,"comment_status":"closed","ping_status":"closed","template":"","meta":{"_jinr_url_youtube":"","_jinr_pip_youtube":false,"_jinr_time_youtube":"","_jinr_thumb_youtube":"","_jinr_media_youtube":"","_jinr_category_edit":false,"_jinr_category":"","_jinr_title_display":false,"_jinr_snsbutton_display":false,"_jinr_ads_display":false,"_jinr_thumbnail_display":false,"_jinr_profile_display":false,"_jinr_representations_display":false,"_jinr_relatedpost_display":false,"_jinr_sidebar1col_display":false,"_jinr_sidebar2col_display":false,"_jinr_seotitle_display":"","_jinr_description_display":"","_jinr_keyword_display":"","_jinr_hastag_display":"","_jinr_canonical_display":"","_jinr_noindex_display":false,"_jinr_paidpost":false,"_jinr_paidpost_product_id":"","_jinr_headtag_article":"","footnotes":""},"class_list":["post-5061","page","type-page","status-publish","hentry"],"_links":{"self":[{"href":"https:\/\/www.academiaschool.edu\/it\/wp-json\/wp\/v2\/pages\/5061","targetHints":{"allow":["GET"]}}],"collection":[{"href":"https:\/\/www.academiaschool.edu\/it\/wp-json\/wp\/v2\/pages"}],"about":[{"href":"https:\/\/www.academiaschool.edu\/it\/wp-json\/wp\/v2\/types\/page"}],"author":[{"embeddable":true,"href":"https:\/\/www.academiaschool.edu\/it\/wp-json\/wp\/v2\/users\/1"}],"replies":[{"embeddable":true,"href":"https:\/\/www.academiaschool.edu\/it\/wp-json\/wp\/v2\/comments?post=5061"}],"version-history":[{"count":3,"href":"https:\/\/www.academiaschool.edu\/it\/wp-json\/wp\/v2\/pages\/5061\/revisions"}],"predecessor-version":[{"id":5064,"href":"https:\/\/www.academiaschool.edu\/it\/wp-json\/wp\/v2\/pages\/5061\/revisions\/5064"}],"up":[{"embeddable":true,"href":"https:\/\/www.academiaschool.edu\/it\/wp-json\/wp\/v2\/pages\/5053"}],"wp:attachment":[{"href":"https:\/\/www.academiaschool.edu\/it\/wp-json\/wp\/v2\/media?parent=5061"}],"curies":[{"name":"wp","href":"https:\/\/api.w.org\/{rel}","templated":true}]}}