{"id":5033,"date":"2024-03-21T12:16:10","date_gmt":"2024-03-21T22:16:10","guid":{"rendered":"https:\/\/academia-school.net\/panoramica-del-programma\/livello-intermedio\/"},"modified":"2024-04-24T10:16:42","modified_gmt":"2024-04-24T20:16:42","slug":"livello-intermedio","status":"publish","type":"page","link":"https:\/\/www.academiaschool.edu\/it\/panoramica-del-programma\/livello-intermedio\/","title":{"rendered":"Livello intermedio"},"content":{"rendered":"\n<section class=\"wp-block-jinr-blocks-fullwidth b--jinr-block b--jinr-fullwidth-container d--top-margin-xs-pc d--bottom-margin-xs-pc d--top-margin-xs-sp d--bottom-margin-xs-sp \"><section class=\"b--jinr-fullwidth d--fullwidth-parallax-off d--fullwidth-deco-bgimage\"><div class=\"a--jinr-fullwidth-image\"><div class=\"a--jinr-fullwidth-image-clip\"><img decoding=\"async\" src=\"https:\/\/www.academiaschool.edu\/wp-content\/uploads\/2024\/03\/leo_visions-fMyaQWQrwwU-unsplash.webp\"\/><\/div><\/div><div class=\"a--jinr-fullwidth-overlay\" style=\"background-color:#f5f5f5;opacity:0\"><\/div><div class=\"d--fullwidth-100 d--fullwidth-pad40 d--fullwidth-pad0-sp t--main-width\" style=\"color:false\">\n<p class=\"has-text-align-center has-white-color has-text-color has-link-color wp-elements-05bb649e5527c93078ebb93b4102dfae\"><span class=\"jinr-d--font-size d--fontsize-36px\"><strong><strong>Livello intermedio<\/strong><\/strong><\/span><\/p>\n<\/div><\/section><\/section>\n\n<h2 class=\"wp-block-heading jinr-heading d--bold\"><strong>Panoramica del curriculum del livello intermedio<\/strong><\/h2>\n\n<section class=\"wp-block-jinr-blocks-simplebox b--jinr-block-container\"><div class=\"b--jinr-block b--jinr-box d--simple-box10  \"><div class=\"c--simple-box-inner\">\n<p class=\"has-text-align-center\"><strong><span class=\"jinr-d--font-size d--fontsize-18px\"><strong>Nome del programma: <span class=\"jinr-d--text-color d--user-color1 d--bold\">Programma di inglese per la comunicazione<\/span><\/strong><\/span><\/strong><\/p>\n<\/div><\/div><\/section>\n\n<p><span class=\"jinr-d--text-color d--user-color2 d--bold\"><strong>Obiettivo del curriculum:<\/strong> <\/span>Il programma di studi del livello intermedio mira a consentire una comunicazione flessibile in inglese in varie situazioni quotidiane. L&#8217;obiettivo degli studenti di questo corso \u00e8 sviluppare la fiducia nella comunicazione in vari scenari di vita e di lavoro.<\/p>\n\n<p>In particolare, il programma migliora la comprensione delle espressioni idiomatiche e dei termini necessari per la conversazione in inglese, insegnando come utilizzarli nella vita quotidiana e sul posto di lavoro. L&#8217;obiettivo \u00e8 che gli studenti siano in grado di utilizzare in modo appropriato le espressioni pratiche in contesti pratici.<\/p>\n\n<p><span class=\"jinr-d--text-color d--user-color2 d--bold\"><strong>Obiettivi post-corso:<\/strong> <\/span>Al termine di questo corso, gli studenti dovranno essere in grado di comunicare con sicurezza in varie situazioni, tra cui le conversazioni quotidiane, il posto di lavoro e le interazioni sociali.<\/p>\n\n<h2 class=\"wp-block-heading jinr-heading d--bold\"><strong>Corsi obbligatori ed elettivi di livello intermedio<\/strong><\/h2>\n\n<p><strong><span class=\"jinr-d--text-color d--user-color2 d--bold\">Corsi obbligatori:<\/span><\/strong><\/p>\n\n<ul class=\"jinr-list wp-block-list\">\n<li>Grammatica intermedia I, II, III<\/li>\n\n\n\n<li>Conversazione intermedia I, II, III<\/li>\n<\/ul>\n\n<p><strong>\n  <span class=\"jinr-d--text-color d--user-color2 d--bold\">Corsi elettivi:<\/span>\n<\/strong>I corsi elettivi di livello intermedio possono essere scelti tra le seguenti materie:<\/p>\n\n<ul class=\"jinr-list wp-block-list\">\n<li>Pronuncia<\/li>\n\n\n\n<li>Vocabolario<\/li>\n\n\n\n<li>Lettura\/Scrittura<\/li>\n\n\n\n<li>Ascolto\/parlato<\/li>\n<\/ul>\n\n<p>Ci sono anche molti altri corsi elettivi disponibili ogni semestre.<\/p>\n<section class=\"b--jinr-block b--jinr-blogcard d--blogcard-hover-up d--blogcard-style1 d--blogcard-mysite t--round \"><div class=\"a--blogcard-label ef\">Related Page<\/div><a class=\"o--blogcard-link t--round\" href=\"https:\/\/www.academiaschool.edu\/programs\/intermediate\/intermediate-level-conversation\/\"><div class=\"c--blogcard-image\"><img loading=\"lazy\" decoding=\"async\" class=\"a--blogcard-img-src\" width=\"128\" height=\"72\" src=\"https:\/\/www.academiaschool.edu\/wp-content\/uploads\/2025\/02\/\u540d\u79f0\u672a\u8a2d\u5b9a\u306e\u30c7\u30b6\u30a4\u30f3-7.png\" alt=\"Details and Learning Outcomes of Intermediate Conversation Levels I, II, &amp; III\" \/><\/div><div class=\"a--blogcard-title d--bold\">Details and Learning Outcomes of Intermediate Conversation Levels I, II, &amp; III<\/div><\/a><\/section><section class=\"b--jinr-block b--jinr-blogcard d--blogcard-hover-up d--blogcard-style1 d--blogcard-mysite t--round \"><div class=\"a--blogcard-label ef\">Related Page<\/div><a class=\"o--blogcard-link t--round\" href=\"https:\/\/www.academiaschool.edu\/programs\/intermediate\/intermediate-level-grammar\/\"><div class=\"c--blogcard-image\"><img loading=\"lazy\" decoding=\"async\" class=\"a--blogcard-img-src\" width=\"128\" height=\"72\" src=\"https:\/\/www.academiaschool.edu\/wp-content\/uploads\/2025\/02\/\u540d\u79f0\u672a\u8a2d\u5b9a\u306e\u30c7\u30b6\u30a4\u30f3-7.png\" alt=\"Details and Learning Outcomes for Intermediate Grammar Levels I, II, &amp; III\" \/><\/div><div class=\"a--blogcard-title d--bold\">Details and Learning Outcomes for Intermediate Grammar Levels I, II, &amp; III<\/div><\/a><\/section>\n<h2 class=\"wp-block-heading jinr-heading d--bold\"><strong>Considerazioni per i corsi di livello intermedio<\/strong><\/h2>\n\n<p>Gli studenti che completano i corsi di grammatica e conversazione intermedia hanno raggiunto il livello 2 di ILR (Limited Working Proficiency).  <\/p>\n\n<p><span class=\"jinr-d--text-color d--user-color2 d--bold\">Le caratteristiche degli studenti al livello 2 dell&#8217;ILR includono:<\/span><\/p>\n\n<ul class=\"jinr-list wp-block-list\">\n<li>In grado di soddisfare i requisiti delle interazioni sociali quotidiane<\/li>\n\n\n\n<li>Riesce a gestire la maggior parte delle situazioni sociali con sicurezza ma non con facilit\u00e0, comprese le conversazioni casuali su presentazioni, eventi attuali, lavoro, famiglia e informazioni autobiografiche.<\/li>\n\n\n\n<li>Sono in grado di gestire esigenze lavorative limitate, anche se possono aver bisogno di assistenza quando si tratta di complessit\u00e0 o difficolt\u00e0 e sono in grado di comprendere i punti principali della maggior parte delle conversazioni su argomenti non tecnici (cio\u00e8 argomenti che non richiedono conoscenze specialistiche), anche se a volte utilizzano espressioni un po&#8217; approssimative.<\/li>\n\n\n\n<li>Spesso hanno un accento riconoscibile ma decisamente impreciso<\/li>\n\n\n\n<li>Di solito \u00e8 in grado di gestire le strutture di base in modo abbastanza accurato, ma non ha un controllo approfondito o sicuro della grammatica.<\/li>\n<\/ul>\n<section class=\"b--jinr-block b--jinr-blogcard d--blogcard-hover-up d--blogcard-style1 d--blogcard-mysite t--round \"><div class=\"a--blogcard-label ef\">Related Page<\/div><a class=\"o--blogcard-link t--round\" href=\"https:\/\/www.academiaschool.edu\/programs\/\"><div class=\"c--blogcard-image\"><img loading=\"lazy\" decoding=\"async\" class=\"a--blogcard-img-src\" width=\"128\" height=\"72\" src=\"https:\/\/www.academiaschool.edu\/wp-content\/uploads\/2025\/02\/\u540d\u79f0\u672a\u8a2d\u5b9a\u306e\u30c7\u30b6\u30a4\u30f3-7.png\" alt=\"Overview of the Program\" \/><\/div><div class=\"a--blogcard-title d--bold\">Overview of the Program<\/div><\/a><\/section>","protected":false},"excerpt":{"rendered":"<p>Panoramica del curriculum del livello intermedio Obiettivo del curriculum: Il programma di studi del livello intermedio mira a consentire una comunicazione flessibile in inglese in varie situazioni quotidiane. L&#8217;obiettivo degli studenti di questo corso \u00e8 sviluppare la fiducia nella comunicazione in vari scenari di vita e di lavoro. In particolare, il programma migliora la comprensione [&hellip;]<\/p>\n","protected":false},"author":1,"featured_media":0,"parent":5005,"menu_order":0,"comment_status":"closed","ping_status":"closed","template":"","meta":{"_jinr_url_youtube":"","_jinr_pip_youtube":false,"_jinr_time_youtube":"","_jinr_thumb_youtube":"","_jinr_media_youtube":"","_jinr_category_edit":false,"_jinr_category":"","_jinr_title_display":false,"_jinr_snsbutton_display":false,"_jinr_ads_display":false,"_jinr_thumbnail_display":false,"_jinr_profile_display":false,"_jinr_representations_display":false,"_jinr_relatedpost_display":false,"_jinr_sidebar1col_display":false,"_jinr_sidebar2col_display":false,"_jinr_seotitle_display":"","_jinr_description_display":"","_jinr_keyword_display":"","_jinr_hastag_display":"","_jinr_canonical_display":"","_jinr_noindex_display":false,"_jinr_paidpost":false,"_jinr_paidpost_product_id":"","_jinr_headtag_article":"","footnotes":""},"class_list":["post-5033","page","type-page","status-publish","hentry"],"_links":{"self":[{"href":"https:\/\/www.academiaschool.edu\/it\/wp-json\/wp\/v2\/pages\/5033","targetHints":{"allow":["GET"]}}],"collection":[{"href":"https:\/\/www.academiaschool.edu\/it\/wp-json\/wp\/v2\/pages"}],"about":[{"href":"https:\/\/www.academiaschool.edu\/it\/wp-json\/wp\/v2\/types\/page"}],"author":[{"embeddable":true,"href":"https:\/\/www.academiaschool.edu\/it\/wp-json\/wp\/v2\/users\/1"}],"replies":[{"embeddable":true,"href":"https:\/\/www.academiaschool.edu\/it\/wp-json\/wp\/v2\/comments?post=5033"}],"version-history":[{"count":3,"href":"https:\/\/www.academiaschool.edu\/it\/wp-json\/wp\/v2\/pages\/5033\/revisions"}],"predecessor-version":[{"id":5036,"href":"https:\/\/www.academiaschool.edu\/it\/wp-json\/wp\/v2\/pages\/5033\/revisions\/5036"}],"up":[{"embeddable":true,"href":"https:\/\/www.academiaschool.edu\/it\/wp-json\/wp\/v2\/pages\/5005"}],"wp:attachment":[{"href":"https:\/\/www.academiaschool.edu\/it\/wp-json\/wp\/v2\/media?parent=5033"}],"curies":[{"name":"wp","href":"https:\/\/api.w.org\/{rel}","templated":true}]}}