{"id":5009,"date":"2024-03-25T14:22:26","date_gmt":"2024-03-26T00:22:26","guid":{"rendered":"https:\/\/academia-school.net\/panoramica-del-programma\/livello-avanzato\/dettagli-e-risultati-di-apprendimento-per-i-livelli-di-grammatica-avanzata-i-ii-e-iii\/"},"modified":"2024-04-24T10:15:17","modified_gmt":"2024-04-24T20:15:17","slug":"dettagli-e-risultati-di-apprendimento-per-i-livelli-di-grammatica-avanzata-i-ii-e-iii","status":"publish","type":"page","link":"https:\/\/www.academiaschool.edu\/it\/panoramica-del-programma\/livello-avanzato\/dettagli-e-risultati-di-apprendimento-per-i-livelli-di-grammatica-avanzata-i-ii-e-iii\/","title":{"rendered":"Dettagli e risultati di apprendimento per i livelli di grammatica avanzata I, II e III"},"content":{"rendered":"\n<p>Il raggiungimento del livello 3 dell&#8217;ILR (General Professional Proficiency) \u00e8 facilitato dai seguenti corsi di grammatica e conversazione avanzata all&#8217;interno del programma English for Applied Purposes.<\/p>\n\n<h2 class=\"wp-block-heading jinr-heading d--bold\"><strong>Grammatica avanzata I<\/strong><\/h2>\n\n<p>Al termine di questo corso, gli studenti comprenderanno e saranno in grado di utilizzare:<\/p>\n\n<ul class=\"jinr-list wp-block-list\">\n<li>I tempi dei verbi comprendono il presente semplice, il passato semplice, il futuro semplice, il presente continuo, il passato continuo, il futuro continuo, il presente perfetto, il passato perfetto, il futuro perfetto, il presente perfetto continuo, il passato perfetto continuo e il futuro perfetto continuo.<\/li>\n\n\n\n<li>Accordo soggetto-verbo<\/li>\n\n\n\n<li>Sostantivi numerabili e non numerabili<\/li>\n\n\n\n<li>Articoli<\/li>\n\n\n\n<li>Quantificatori con sostantivi numerabili e non numerabili<\/li>\n\n\n\n<li>Pronomi personali e mantenimento dell&#8217;accordo con altri sostantivi e pronomi<\/li>\n\n\n\n<li>Pronomi riflessivi<\/li>\n\n\n\n<li>Pronomi impersonali<\/li>\n\n\n\n<li>Diverse forme di &#8220;altro&#8221;<\/li>\n<\/ul>\n\n<h2 class=\"wp-block-heading jinr-heading d--bold\"><strong>Grammatica avanzata II<\/strong><\/h2>\n\n<p>Al termine di questo corso, gli studenti comprenderanno e saranno in grado di utilizzare:<\/p>\n\n<ul class=\"jinr-list wp-block-list\">\n<li>I verbi modali esprimono necessit\u00e0, mancanza di necessit\u00e0, divieto, desiderabilit\u00e0, obbligo e intenzione non soddisfatta.<\/li>\n\n\n\n<li>Gradi di certezza nel presente, nel passato e nel futuro<\/li>\n\n\n\n<li>Capacit\u00e0<\/li>\n\n\n\n<li>Preferenze<\/li>\n\n\n\n<li>Voce passiva<\/li>\n\n\n\n<li>Aggettivi participiali<\/li>\n\n\n\n<li>Clausole sostantivate<\/li>\n\n\n\n<li>Discorso citato e indiretto<\/li>\n\n\n\n<li>Usare le clausole aggettivali e ridurle a frasi aggettivali<\/li>\n\n\n\n<li>Punteggiare le clausole aggettivali<\/li>\n\n\n\n<li>Gerundi e infiniti che seguono i verbi<\/li>\n<\/ul>\n\n<h2 class=\"wp-block-heading jinr-heading d--bold\"><strong>Grammatica avanzata III<\/strong><\/h2>\n\n<p>Al termine di questo corso, gli studenti comprenderanno e saranno in grado di utilizzare:<\/p>\n\n<ul class=\"jinr-list wp-block-list\">\n<li>Infiniti per scopo<\/li>\n\n\n\n<li>Infiniti che seguono aggettivi<\/li>\n\n\n\n<li>Infinitivi con &#8220;troppo&#8221; e &#8220;abbastanza&#8221;<\/li>\n\n\n\n<li>Forme passive di infiniti e gerundi<\/li>\n\n\n\n<li>Gerundi o infiniti passivi che seguono &#8220;bisogno&#8221;.<\/li>\n\n\n\n<li>Le forme semplici e progressive dei verbi che seguono i verbi di percezione<\/li>\n\n\n\n<li>Verbi causativi<\/li>\n\n\n\n<li>Strutture parallele quando si usano le congiunzioni coordinative<\/li>\n\n\n\n<li>Congiunzioni correlative<\/li>\n\n\n\n<li>Separare\/collegare le clausole indipendenti con punti\/comma<\/li>\n\n\n\n<li>Condizionali che utilizzano &#8220;se&#8221;, &#8220;se&#8221;, &#8220;anche se&#8221;, &#8220;nel caso&#8221;, &#8220;a meno che&#8221;, &#8220;solo se&#8221;.<\/li>\n\n\n\n<li>Frasi avverbiali modificative &#8220;upon&#8221; + -ing<\/li>\n\n\n\n<li>Distinguere tra frasi preposizionali, congiunzioni, frasi transitorie e clausole avverbiali che esprimono causa ed effetto, contrasto e condizione.<\/li>\n\n\n\n<li>Usare &#8220;se&#8221;, &#8220;vorrei&#8221;, &#8220;vorrei&#8221; per esprimere condizioni e desideri irreali nel presente, nel passato e nel futuro.<\/li>\n<\/ul>\n<section class=\"b--jinr-block b--jinr-blogcard d--blogcard-hover-up d--blogcard-style1 d--blogcard-mysite t--round \"><div class=\"a--blogcard-label ef\">Related Page<\/div><a class=\"o--blogcard-link t--round\" href=\"https:\/\/www.academiaschool.edu\/programs\/advance\/\"><div class=\"c--blogcard-image\"><img loading=\"lazy\" decoding=\"async\" class=\"a--blogcard-img-src\" width=\"128\" height=\"72\" src=\"https:\/\/www.academiaschool.edu\/wp-content\/uploads\/2025\/02\/\u540d\u79f0\u672a\u8a2d\u5b9a\u306e\u30c7\u30b6\u30a4\u30f3-7.png\" alt=\"Advanced Level\" \/><\/div><div class=\"a--blogcard-title d--bold\">Advanced Level<\/div><\/a><\/section>","protected":false},"excerpt":{"rendered":"<p>Il raggiungimento del livello 3 dell&#8217;ILR (General Professional Proficiency) \u00e8 facilitato dai seguenti corsi di grammatica e conversazione avanzata all&#8217;interno del programma English for Applied Purposes. Grammatica avanzata I Al termine di questo corso, gli studenti comprenderanno e saranno in grado di utilizzare: Grammatica avanzata II Al termine di questo corso, gli studenti comprenderanno e [&hellip;]<\/p>\n","protected":false},"author":1,"featured_media":0,"parent":5007,"menu_order":0,"comment_status":"closed","ping_status":"closed","template":"","meta":{"_jinr_url_youtube":"","_jinr_pip_youtube":false,"_jinr_time_youtube":"","_jinr_thumb_youtube":"","_jinr_media_youtube":"","_jinr_category_edit":false,"_jinr_category":"","_jinr_title_display":false,"_jinr_snsbutton_display":false,"_jinr_ads_display":false,"_jinr_thumbnail_display":false,"_jinr_profile_display":false,"_jinr_representations_display":false,"_jinr_relatedpost_display":false,"_jinr_sidebar1col_display":false,"_jinr_sidebar2col_display":false,"_jinr_seotitle_display":"","_jinr_description_display":"","_jinr_keyword_display":"","_jinr_hastag_display":"","_jinr_canonical_display":"","_jinr_noindex_display":false,"_jinr_paidpost":false,"_jinr_paidpost_product_id":"","_jinr_headtag_article":"","footnotes":""},"class_list":["post-5009","page","type-page","status-publish","hentry"],"_links":{"self":[{"href":"https:\/\/www.academiaschool.edu\/it\/wp-json\/wp\/v2\/pages\/5009","targetHints":{"allow":["GET"]}}],"collection":[{"href":"https:\/\/www.academiaschool.edu\/it\/wp-json\/wp\/v2\/pages"}],"about":[{"href":"https:\/\/www.academiaschool.edu\/it\/wp-json\/wp\/v2\/types\/page"}],"author":[{"embeddable":true,"href":"https:\/\/www.academiaschool.edu\/it\/wp-json\/wp\/v2\/users\/1"}],"replies":[{"embeddable":true,"href":"https:\/\/www.academiaschool.edu\/it\/wp-json\/wp\/v2\/comments?post=5009"}],"version-history":[{"count":3,"href":"https:\/\/www.academiaschool.edu\/it\/wp-json\/wp\/v2\/pages\/5009\/revisions"}],"predecessor-version":[{"id":5012,"href":"https:\/\/www.academiaschool.edu\/it\/wp-json\/wp\/v2\/pages\/5009\/revisions\/5012"}],"up":[{"embeddable":true,"href":"https:\/\/www.academiaschool.edu\/it\/wp-json\/wp\/v2\/pages\/5007"}],"wp:attachment":[{"href":"https:\/\/www.academiaschool.edu\/it\/wp-json\/wp\/v2\/media?parent=5009"}],"curies":[{"name":"wp","href":"https:\/\/api.w.org\/{rel}","templated":true}]}}