{"id":3366,"date":"2024-03-14T12:30:11","date_gmt":"2024-03-14T22:30:11","guid":{"rendered":"https:\/\/academia-school.net\/academia-language-school-top\/"},"modified":"2024-09-08T23:27:06","modified_gmt":"2024-09-09T09:27:06","slug":"academia-language-school-top","status":"publish","type":"page","link":"https:\/\/www.academiaschool.edu\/it\/","title":{"rendered":"Academia Language School TOP"},"content":{"rendered":"\n<div class=\"jinr-add-class-container\"><div class=\"top_als\">\n    <section class=\"reason\">\n        <div class=\"inner\" style=\"padding-top:40px;\">\n            <h2>\n  Tre motivi per cui viene scelta la ALS\n            <\/h2>\n            <ul>\n                <li>\n                    <p class=\"icon\"><img decoding=\"async\" src=\"https:\/\/www.academiaschool.edu\/wp-content\/uploads\/2024\/03\/flower_navy.jpg\"\/><\/p>\n                    <p class=\"point\"><span>Punto 01<\/span><\/p>\n                    <h3>la pi\u00f9 antica scuola di lingue<br\/>ad un prezzo accessibile<\/h3>\n                    <p>Academia Language School, fondata nel 1969, \u00e8 la pi\u00f9 antica scuola di lingue delle Hawaii. Nonostante l&#8217;accelerazione dell&#8217;inflazione negli Stati Uniti, la scuola ha attuato diverse misure innovative per mantenere bassi i costi per gli studenti, ottenendo i prezzi pi\u00f9 bassi di Honolulu.<\/p>\n<p style=\"text-align: center; margin-top: 12px;\"><a href=\"https:\/\/www.academiaschool.edu\/it\/motivi-della-scelta\/costo-ridotto-impegno-e-segreti\/\">Maggiori dettagli<\/a><\/p>\n                <\/li>\n                <li>\n                    <p class=\"icon\"><img decoding=\"async\" src=\"https:\/\/www.academiaschool.edu\/wp-content\/uploads\/2024\/03\/flower_navy.jpg\"\/><\/p>\n                    <p class=\"point\"><span>Punto 02<\/span><\/p>\n                    <h3>L&#8217;unico sito delle Hawaii  <br\/>Corso di 4 giorni a settimana<\/h3>\n                    <p>Il programma di studi \u00e8 unico e soddisfa i requisiti per il visto F1 con soli quattro giorni di frequenza a settimana. Gli studenti studiano intensamente dal luned\u00ec al gioved\u00ec e, prendendosi il venerd\u00ec libero, possono godersi una vita appagante alle Hawaii. Per coloro che desiderano studiare anche il venerd\u00ec, \u00e8 disponibile anche un programma di studio di cinque giorni a settimana.<\/p>\n<p style=\"text-align: center; margin-top: 12px;\"><a href=\"https:\/\/www.academiaschool.edu\/it\/motivi-della-scelta\/lunico-corso-settimanale-di-4-giorni-delle-hawaii\/\">Maggiori dettagli<\/a><\/p>\n                <\/li>\n                <li>\n                    <p class=\"icon\"><img decoding=\"async\" src=\"https:\/\/www.academiaschool.edu\/wp-content\/uploads\/2024\/03\/flower_navy.jpg\"\/><\/p>\n                    <p class=\"point\"><span>Punto 03<\/span><\/p>\n                    <h3>Supporto per le famiglie<br\/>per i genitori<\/h3>\n                    <p>Situati in una posizione comoda ad Ala Moana, offriamo un programma di studio in orari comodi che permette ai genitori di seguire le proprie lezioni mentre accompagnano e riprendono i propri figli. \u00c8 possibile organizzare le vacanze in modo che coincidano con le lunghe vacanze scolastiche di tuo figlio. Forniamo il tanto desiderato supporto ai programmi di studio per genitori e figli.<\/p>\n<p style=\"text-align: center; margin-top: 12px;\"><a href=\"https:\/\/www.academiaschool.edu\/it\/motivi-della-scelta\/supporto-amichevole-genitori-figli-per-lo-studio-allestero\/\">Maggiori dettagli<\/a><\/p>\n                <\/li>\n            <\/ul><br\/>\n<iframe loading=\"lazy\" width=\"560\" height=\"315\" src=\"https:\/\/www.youtube.com\/embed\/hkEeA756g34?si=PbuUakX6P4JyuudP\" title=\"YouTube video player\" frameborder=\"0\" allow=\"accelerometer; autoplay; clipboard-write; encrypted-media; gyroscope; picture-in-picture; web-share\" referrerpolicy=\"strict-origin-when-cross-origin\" allowfullscreen><\/iframe>\n            <img decoding=\"async\" src=\"https:\/\/www.academiaschool.edu\/wp-content\/uploads\/2024\/03\/als_uk_photo.webp\" alt=\"foto di gruppo\" class=\"fig\"\/>\n        <\/div>\n    <\/section>\n\n    <section class=\"contact\">\n        <div class=\"inner\">\n            <h2>\n  Indagine e  <br class=\"sp\"\/>sessione informativa online\n            <\/h2>\n            <p>Non esitare a contattarci.<\/p>\n            <p class=\"green\">Per le richieste dall&#8217;estero, \u00e8 conveniente contattarci via e-mail.<\/p>\n            <div class=\"button-area\">\n                <a href=\"https:\/\/www.academiaschool.edu\/it\/contact-us\/\"><span class=\"jin-icons in--p jin-ifont-mail\"><\/span>Modulo di richiesta<\/a>\n                <a href=\"tel:+1 (808) 946\u20135599\"><span class=\"jin-icons in--p jin-ifont-telephone\"><\/span>+1 (808) 946 &#8211; 5599<\/a>\n            <\/div>\n                    <h3>Ora delle Hawaii<\/h3>\n                    <p>Da luned\u00ec a gioved\u00ec: dalle 9.00 alle 13.00<br\/>Venerd\u00ec: dalle 9.00 alle 12.00<\/p>\n            <div class=\"arrow\"><\/div>\n        <\/div>\n    <\/section>\n\n    <section class=\"trial\">\n        <div class=\"inner\">\n            <h2>\n  Lezione di prova gratuita\n            <\/h2>\n            <p>Se risiedi alle Hawaii o sei in visita alle Hawaii, puoi partecipare a una lezione di prova gratuita.<br\/>\n  Se sei interessato, compila il modulo sottostante.<\/p>\n            <a href=\"https:\/\/www.academiaschool.edu\/it\/prenota-la-tua-lezione-di-prova-gratuita\/\"><img decoding=\"async\" src=\"https:\/\/www.academiaschool.edu\/wp-content\/uploads\/2024\/03\/free_trial_banner_20240204-1024x239.png\" alt=\"Lezione di prova gratuita\"\/><\/a>\n        <\/div>\n        <div class=\"arrow lightgreen\"><\/div>\n    <\/section>\n\n    <section class=\"campaign\">\n        <div class=\"inner\">\n            <h2>\n                <p><span>Campagna<\/span><\/p>\n  Campagna in corso\n            <\/h2>\n            <ul>\n                <li>\n                    <h3>\n                        <p>Per gli studenti con visto F1<\/p>\n  Campagna di trasferimento\n                    <\/h3>\n                    <p class=\"left\">\u00c8 una campagna preziosa<br\/>con <span>sconti fino al 20%<\/span>.<\/p>\n                    <a href=\"https:\/\/www.academiaschool.edu\/it\/campagna-di-trasferimento\/\"><img decoding=\"async\" src=\"https:\/\/www.academiaschool.edu\/wp-content\/uploads\/2024\/04\/EN_20240424.jpg\" alt=\"Campagna di trasferimento per studenti con visto F1 provenienti da altre scuole\"\/><\/a>\n                <\/li>\n                <li>\n                    <h3>\n                        <p>Per gli amici dello studente<\/p>\n  Campagna di Referral\n                    <\/h3>\n                    <p class=\"left\">Sia per l&#8217;individuo segnalato che per la persona che lo ha segnalato,<br\/><span>fino a un mese (4 settimane) viene aggiunto gratuitamente<\/span>.<\/p>\n                     <a href=\"https:\/\/www.academiaschool.edu\/it\/campagna-di-referral\/\"><img decoding=\"async\" src=\"https:\/\/www.academiaschool.edu\/wp-content\/uploads\/2024\/04\/EN_20240424-1.jpg\" alt=\"Campagna di Referral\"\/><\/a><a><\/a>\n                <\/li>\n            <\/ul>\n            <div class=\"arrow\"><\/div>\n        <\/div>\n    <\/section>\n\n    <section class=\"program\">\n        <div class=\"inner\">\n            <img decoding=\"async\" src=\"https:\/\/www.academiaschool.edu\/wp-content\/uploads\/2024\/03\/%E3%82%B9%E3%82%AF%E3%83%AA%E3%83%BC%E3%83%B3%E3%82%B7%E3%83%A7%E3%83%83%E3%83%88-2024-03-18-%E5%8D%88%E5%BE%8C8.28.49.png\" alt=\"Forniamo corsi di alta qualit\u00e0 e costanza sotto l'accreditamento di agenzie governative statunitensi.\"\/>\n            <div class=\"long\">\n                <h2>\n                    <p><span>In qualit\u00e0 di pioniere delle scuole di lingua alle Hawaii<\/span><\/p>\n  Corsi di alta qualit\u00e0 per tutti<br class=\"sp\"\/>dai principianti agli studenti avanzati\n                <\/h2>\n                <p>Academia Language School offre corsi di alta qualit\u00e0 e costanza sotto l&#8217;accreditamento di agenzie governative statunitensi. Forniamo un&#8217;ampia gamma di corsi per gli studenti<\/p>\n            <\/div>\n            <div class=\"arrow puregreen\"><\/div>\n        <\/div>\n    <\/section>\n\n    <section class=\"gallery\">\n        <div class=\"inner\">\n            <h2>\n                <p><span>Goditi una vita Aloha appagante in Academia<\/span><\/p>\n  Galleria fotografica\n            <\/h2>\n            <div class=\"gallery-box\">\n                <img decoding=\"async\" src=\"https:\/\/www.academiaschool.edu\/wp-content\/uploads\/2024\/03\/classroom.jpg\" alt=\"  Academia Language School Vita da studente,\"\/>\n                <img decoding=\"async\" src=\"https:\/\/www.academiaschool.edu\/wp-content\/uploads\/2024\/03\/napali-1024x597.jpg\" alt=\"Paesaggi hawaiani\"\/>\n                <img decoding=\"async\" src=\"https:\/\/www.academiaschool.edu\/wp-content\/uploads\/2024\/03\/373c345095c939960088c269fda1b126479b17a5-1024x683.webp\" alt=\"  Academia Language School Vita da studente,\"\/>\n                <img decoding=\"async\" src=\"https:\/\/www.academiaschool.edu\/wp-content\/uploads\/2024\/03\/hiking02.jpg\" alt=\"  Academia Language School Vita da studente,\"\/>\n                <img decoding=\"async\" src=\"https:\/\/www.academiaschool.edu\/wp-content\/uploads\/2024\/03\/hiking-haleakala2.jpg\" alt=\"Attivit\u00e0 hawaiane\"\/>\n                <img decoding=\"async\" src=\"https:\/\/www.academiaschool.edu\/wp-content\/uploads\/2024\/03\/picnic01.jpg\" alt=\"  Academia Language School Vita da studente,\"\/>\n                <img decoding=\"async\" src=\"https:\/\/www.academiaschool.edu\/wp-content\/uploads\/2024\/03\/halloweenparty.jpg\" alt=\"  Academia Language School Vita da studente,\"\/>\n                <img decoding=\"async\" src=\"https:\/\/www.academiaschool.edu\/wp-content\/uploads\/2024\/03\/69540459_10157677869164455_6972176722636570624_o-1024x768-1.jpg\" alt=\"  Academia Language School Vita da studente,\"\/>\n                <img decoding=\"async\" src=\"https:\/\/www.academiaschool.edu\/wp-content\/uploads\/2024\/03\/hiking-kokohead.jpg\" alt=\"  Academia Language School Vita da studente,\"\/>\n                <img decoding=\"async\" src=\"https:\/\/www.academiaschool.edu\/wp-content\/uploads\/2024\/03\/IMG_2575-1024x768-1.jpg\" alt=\"\"\/>\n                <img decoding=\"async\" src=\"https:\/\/www.academiaschool.edu\/wp-content\/uploads\/2024\/03\/surfer-in-water-1024x683-1.jpg\" alt=\"Attivit\u00e0 hawaiane\"\/>\n                <img decoding=\"async\" src=\"https:\/\/www.academiaschool.edu\/wp-content\/uploads\/2024\/03\/volleyball.jpg\" alt=\"Attivit\u00e0 hawaiane\"\/>\n            <\/div>\n            <div style=\"text-align:center;\">\n                <a href=\"https:\/\/www.academiaschool.edu\/it\/motivi-della-scelta\/divertente-aloha-student-life\/\" class=\"button\">Maggiori dettagli<\/a>\n            <\/div>\n            <div class=\"arrow\"><\/div>\n        <\/div>\n    <\/section>\n\n    <section class=\"contact\">\n        <div class=\"inner\">\n            <h2 style=\"margin-bottom:0;\">\n                <p><span>Richiesta e sessione informativa online<\/span><\/p>\n  Contatto\n            <\/h2>\n            <div class=\"button-area\" style=\"margin-bottom:0;\">\n                <a href=\"https:\/\/www.academiaschool.edu\/it\/contact-us\/\"><span class=\"jin-icons in--p jin-ifont-mail\"><\/span>Modulo di richiesta<\/a>\n                <a href=\"tel:+1 (808) 946\u20135599\"><span class=\"jin-icons in--p jin-ifont-telephone\"><\/span>+1 (808) 946 &#8211; 5599<\/a>\n            <\/div>\n            <div class=\"arrow graygreen\"><\/div>\n        <\/div>\n    <\/section>\n\n    <section class=\"access\">\n        <div class=\"inner\">\n            <div class=\"box\">\n                <iframe src=\"https:\/\/www.google.com\/maps\/embed?pb=!1m14!1m8!1m3!1d14869.91485947369!2d-157.8392341!3d21.2920925!3m2!1i1024!2i768!4f13.1!3m3!1m2!1s0x7c006df1f8650d73%3A0x168d9b6ef5129a7f!2sAcademia%20Language%20School!5e0!3m2!1sja!2sus!4v1710816677685!5m2!1sen!2sus\" width=\"100%\" height=\"400\" style=\"border:0;\" allowfullscreen=\"\" loading=\"lazy\" referrerpolicy=\"no-referrer-when-downgrade\"><\/iframe>\n            <\/div>\n            <div class=\"box\">\n                <h2>\n                    <img decoding=\"async\" src=\"https:\/\/www.academiaschool.edu\/wp-content\/uploads\/2024\/03\/ALS_55th_logo.png\" alt=\"Academia Language School\"\/>\n                <\/h2>\n                <ul>\n                    <li>Academia Language School<\/li>\n                    <li>1600 Kapiolani Blvd., Suite 1225<br\/>Honolulu, HI 96814<\/li>\n                <\/ul>\n            <\/div>\n        <\/div>\n    <\/section>\n<\/div><style jsx=\"true\">\n    #postContent p, .o--widget-area p,\n    .top_als p,\n    .top_als ul,\n    .top_als h2,\n    .top_als h3{\n        padding:0;\n        margin:0;\n    }\n\n    .top_als section {\n        width:100%;\n    }\n\n    .top_als .inner {\n        width:1120px;\n        margin:0 auto;\n        padding:80px 0;\n    }\n\n    .top_als h2 {\n        font-size:28px;\n        line-height:1.5;\n        font-weight:500;\n        color:#098177;\n        margin-bottom:40px;\n        text-align:center;\n    }\n\n    .top_als h2 p {\n        margin-bottom:8px;\n    }\n\n    .top_als h2 p span {\n        font-size:16px;\n        line-height:1.2;\n        color:#004c80;\n    }\n\n    .top_als .long h2 {\n        text-align:left;\n    }\n\n    .top_als li {\n        list-style:none;\n    }\n\n    .top_als .reason ul {\n        display:flex;\n        justify-content:space-between;\n    }\n\n    .top_als .reason ul li{\n        width:calc(33% - 52px);\n    }\n\n    .top_als .reason ul li p.icon > img{\n        margin:0 auto;\n    }\n\n    #postContent .top_als .reason ul li p.point{\n        text-align:center;\n        margin-bottom: 12px;\n    }\n\n    .top_als .reason ul li p.point span{\n        font-size:16px;\n        font-weight:700;\n        line-height:2;\n        font-family:roboto, sans-serif;\n        color:#004c80;\n        padding:2px 8px;\n    }\n\n    .top_als h3 {\n        font-size:20px;\n        font-weight:500;\n        line-height:1.3;\n        color:#004c80;\n        margin-bottom:24px;\n        text-align:center;\n    }\n\n    .top_als .reason h3 {\n        padding-bottom:16px;\n        border-bottom:1px solid #004c80;\n    }\n\n    .top_als .fig{\n        max-width:100%;\n        object-fit:cover;\n        margin-top:80px;\n    }\n\n    .top_als .contact {\n        position:relative;\n        text-align:center;\n    }\n\n    .top_als .green {\n        color:#098177;\n    }\n\n    .top_als .button-area {\n        width:100%;\n        display:flex;\n        justify-content: space-between;\n        padding: 40px 0;\n    }\n\n    .button,\n    .top_als .button-area a {\n        display: inline-block;\n        color: #098177;\n        padding: 10px 30px 12px 30px;\n        border-radius: 5px;\n        text-decoration: none;\n        outline: none;\n        background: #fff;\n        transition: all 0.3s ease-out;\n        margin: 0 auto;\n        font-weight: 500;\n        letter-spacing: 0.05em;\n        position: relative;\n    }\n\n    .button{\n        padding: 10px 50px 12px 30px;\n        margin-top:40px;\n    }\n\n    .top_als .button-area a.line {\n        color: #fff;\n        background: #1f9b68;\n        padding: 10px 50px 12px 30px;\n    }\n\n    .button::after,\n    .top_als .button-area a.line::after {\n        position: absolute;\n        top: 50%;\n        right: 20px;\n        font-weight: 900;\n        display: inline-block;\n        font-style: normal;\n        font-variant: normal;\n        text-rendering: auto;\n        line-height: 1;\n        font-family: \"jin-icons\";\n        content: \"\\e9eb\";\n        transform: translateY(-50%);\n    }\n\n    #wrapper a.button:hover,\n    #wrapper .top_als .button-area a:hover{\n            background: #098177;\n            color: white;\n    }\n\n    #wrapper .top_als .button-area a.line:hover{\n            background: #07b53b;\n    }\n\n    .top_als .button-area a span{\n        margin-right:10px;\n    }\n\n    .top_als .trial{\n        text-align:center;\n    }\n\n    .top_als .trial img{\n        margin:40px auto 0 auto;\n        width:800px;\n        max-width:100%;\n    }\n\n    .top_als .contact ul,\n    .top_als .campaign ul{\n        display:flex;\n        justify-content: space-between;\n        gap:40px;\n        padding:0;\n    }\n\n    .top_als .contact ul{\n        gap:0;\n        width:800px;\n        max-width:100%;\n        margin:0 auto;\n    }\n\n    .top_als .contact ul li {\n        width:50%;\n        margin-bottom:40px;\n        border-right: 1px solid #098177;\n    }\n\n    .top_als .contact ul li:last-child {\n        border:none;\n    }\n\n    .top_als .contact ul li h3 {\n        margin-bottom:12px;\n    }\n\n    .top_als .note{\n        font-size:14px;\n    }\n\n    .top_als .program .inner,\n    .top_als .access .inner{\n        display:flex;\n        justify-content: space-between;\n        gap:40px;\n    }\n\n    .top_als .box{\n        width:50%;\n        align-self: center;\n    }\n\n    .top_als .long{\n        width:60%;\n        text-align: left;\n    }\n\n    .top_als .short{\n        width:30%;\n    }\n\n    .top_als .long img{\n        width:100%;\n        margin-top: 40px;\n    }\n\n\n    .top_als .trial,\n    .top_als .program,\n    .top_als .gallery,\n    .top_als .campaign {\n        position:relative;\n    }\n\n    .top_als .gallery:before,\n    .top_als .contact:before,\n    .top_als .campaign:before {\n        position: absolute;\n        top: 0;\n        content: \"\";\n        width: 200vw;\n        height: 100%;\n        background: #1f9b68;\n        z-index: -1;\n        left: 0;\n        right: 0;\n        margin-left:-50%;\n    }\n\n    .top_als .contact:before{\n        background:#d6eae4;\n    }\n\n    .top_als .gallery:before{\n        background:#eef3f2;\n    }\n\n    .top_als .campaign h2,\n    .top_als .campaign h2 p span {\n        color:white;\n    }\n\n    .top_als .campaign ul li{\n        width:50%;\n        background:white;\n        text-align:center;\n        padding:40px;\n    }\n\n    #postContent .top_als .campaign h3 p{\n        font-size:16px;\n        color:#004c80;\n        margin-bottom:10px;\n        font-weight: 500;\n    }\n\n    .top_als .campaign h3 {\n        font-size:24px;\n        font-weight:700;\n        color:#1f9b68;\n        margin-bottom:20px;\n    }\n\n    .top_als .campaign p span{\n        color:#e2735d;\n    }\n\n    .top_als .campaign ul li img{\n        margin:20px auto 0 auto;\n    }\n\n    .top_als .contact h2,\n    .top_als .gallery h2{\n        font-family: roboto, noto sans JP, sans-serif;\n    }\n\n    .top_als .gallery-box{\n        display: flex;\n        gap:20px;\n        justify-content: space-between;\n        flex-wrap:wrap;\n    }\n\n    .top_als .gallery-box img{\n        width:calc(100% \/ 3 - 14px);\n        height:200px;\n        object-fit: cover;\n    }\n    \n    .top_als .access {\n        text-align: center;\n    }\n\n    .top_als .access h2 {\n        display:flex;\n        justify-content: center;\n    }\n\n    .top_als .access ul li{\n        margin-bottom:20px;\n        font-family:roboto,noto sans JP, sans-serif;\n    }\n\n    .top_als .access ul li:first-child{\n        font-size: 24px;\n        line-height: 1.5;\n        font-weight: 500;\n        color:#1f9b68;\n    }\n\n    .top_als .access ul li:last-child{\n        margin-bottom:0;\n    }\n\n    .top_als .box img {\n        width:350px;\n        max-width:100%;\n    }\n\n    .top_als .arrow{\n        position:absolute;\n        top:-1px;\n        left:0;\n        right:0;\n        background: #ffffff;\n        height: calc(tan(45deg) * 60px \/ 2);\n        width: 60px;\n        clip-path: polygon(0 0, 100% 0, 50% 100%);\n        z-index:10;\n        margin:0 auto;\n    }\n\n    .sp{\n        display:none;\n    }\n\n    .top_als .lightgreen{\n            background: #d6eae4;\n    }\n\n    .top_als .graygreen{\n            background: #eef3f2;\n    }\n\n    .top_als .puregreen{\n            background: #1f9b68;\n    }\n    \n    @media (min-width: 768px) {\n\n        a[href*=\"tel:\"] {\n            pointer-events: none;\n            cursor: default;\n            text-decoration: none;\n        }\n    }\n\n    @media (max-width: 1250px) {\n\n        .top_als .inner {\n            width:90%;\n        }\n\n        .top_als .button-area {\n            width: 370px;\n            display: block;\n            margin: 40px auto;\n            padding:0;\n        }\n\n        .top_als .button-area a {\n            margin:0 auto 40px auto;\n        }\n\n        .top_als .button-area a:last-child {\n            margin:0 auto;\n        }\n\n        .top_als .program img{\n            width:30%;\n            height:100%;\n        }\n\n        .top_als .gallery .button-area{\n            text-align:center;\n        }\n\n        .top_als .gallery .button-area a{\n            width:auto;\n        }\n\n        #postContent .top_als .campaign p.left br{\n            display:none;\n        }\n\n    }\n\n    @media (max-width: 768px) {\n\n        .top_als .reason ul li {\n            width:100%;\n            margin-bottom:80px;\n        }\n\n        .top_als .reason ul li:last-child {\n            margin-bottom:0;\n        }\n\n        .top_als .contact ul li {\n            width:100%;\n        }\n\n        .top_als .reason ul,\n        .top_als .button-area,\n        .top_als .contact ul,\n        .top_als .campaign ul,\n        .top_als .program .inner,\n        .top_als .access .inner{\n            display:block;\n        }\n\n        .top_als .button-area {\n             width: 100%;\n        }\n\n        .top_als .button-area a{\n            width: calc(100% - 80px);\n            font-size: 14px;\n        }\n\n        .top_als .button-area a.line{\n            font-size: 16px;\n        }\n\n        .top_als h3{\n            margin-bottom: 12px;\n        }\n\n        .top_als .contact ul li{\n            margin-bottom:40px;\n            border:none;\n        }\n\n        .top_als .note {\n            margin-top: 40px;\n        }\n\n        .top_als .box,\n        .top_als .long,\n        .top_als .short{\n            width:100%;\n            float:none;\n        }\n\n        .top_als .long h2{\n            text-align:center;\n        }\n        \n        .top_als .campaign ul li{\n            width:calc(100% - 40px);\n            padding:20px;\n            margin-bottom:40px;\n        }\n        \n        .top_als .campaign ul li:last-child{\n            margin-bottom:0;\n        }\n        \n\n        .top_als .campaign p.left,\n        .top_als .trial p{\n            text-align:left;\n        }\n        \n        .top_als .trial p br,\n        .top_als .campaign ul li br{\n            display:none;\n        }\n\n        .top_als .program{\n            text-align:center;\n        }\n\n        .top_als .program img{\n            width:520px;\n            max-width:100%;\n            margin:0 auto 40px auto;\n        }\n\n        .top_als .gallery-box img{\n            width:calc(50% - 10px);\n        }\n\n        .top_als .access .box {\n            margin-bottom:40px;\n        }\n\n        .top_als .access .box:last-child {\n            margin-bottom:0;\n        }\n    }\n\n    @media (max-width: 512px) {\n\n        .top_als{\n            font-size:14px;\n        }\n\n        .top_als .contact .inner > p{\n            text-align:left;\n        }\n\n        .top_als h2 {\n            font-size: 24px;\n        }\n\n        .top_als .reason ul li p.icon > img{\n            width:50px;\n        }\n\n        .top_als .button-area a{\n            width:100%;\n        }\n\n        .sp{\n            display:block;\n        }\n    }\n    <\/style><\/div>\n","protected":false},"excerpt":{"rendered":"<p>Tre motivi per cui viene scelta la ALS Punto 01 la pi\u00f9 antica scuola di linguead un prezzo accessibile Academia Language School, fondata nel 1969, \u00e8 la pi\u00f9 antica scuola di lingue delle Hawaii. Nonostante l&#8217;accelerazione dell&#8217;inflazione negli Stati Uniti, la scuola ha attuato diverse misure innovative per mantenere bassi i costi per gli studenti, [&hellip;]<\/p>\n","protected":false},"author":1,"featured_media":2169,"parent":0,"menu_order":0,"comment_status":"closed","ping_status":"closed","template":"template-full-width.php","meta":{"_jinr_url_youtube":"","_jinr_pip_youtube":false,"_jinr_time_youtube":"","_jinr_thumb_youtube":"","_jinr_media_youtube":"","_jinr_category_edit":false,"_jinr_category":"","_jinr_title_display":false,"_jinr_snsbutton_display":false,"_jinr_ads_display":false,"_jinr_thumbnail_display":false,"_jinr_profile_display":false,"_jinr_representations_display":false,"_jinr_relatedpost_display":false,"_jinr_sidebar1col_display":false,"_jinr_sidebar2col_display":false,"_jinr_seotitle_display":"","_jinr_description_display":"","_jinr_keyword_display":"","_jinr_hastag_display":"","_jinr_canonical_display":"","_jinr_noindex_display":false,"_jinr_paidpost":false,"_jinr_paidpost_product_id":"","_jinr_headtag_article":"","footnotes":""},"class_list":["post-3366","page","type-page","status-publish","has-post-thumbnail","hentry"],"_links":{"self":[{"href":"https:\/\/www.academiaschool.edu\/it\/wp-json\/wp\/v2\/pages\/3366","targetHints":{"allow":["GET"]}}],"collection":[{"href":"https:\/\/www.academiaschool.edu\/it\/wp-json\/wp\/v2\/pages"}],"about":[{"href":"https:\/\/www.academiaschool.edu\/it\/wp-json\/wp\/v2\/types\/page"}],"author":[{"embeddable":true,"href":"https:\/\/www.academiaschool.edu\/it\/wp-json\/wp\/v2\/users\/1"}],"replies":[{"embeddable":true,"href":"https:\/\/www.academiaschool.edu\/it\/wp-json\/wp\/v2\/comments?post=3366"}],"version-history":[{"count":10,"href":"https:\/\/www.academiaschool.edu\/it\/wp-json\/wp\/v2\/pages\/3366\/revisions"}],"predecessor-version":[{"id":6593,"href":"https:\/\/www.academiaschool.edu\/it\/wp-json\/wp\/v2\/pages\/3366\/revisions\/6593"}],"wp:featuredmedia":[{"embeddable":true,"href":"https:\/\/www.academiaschool.edu\/it\/wp-json\/wp\/v2\/media\/2169"}],"wp:attachment":[{"href":"https:\/\/www.academiaschool.edu\/it\/wp-json\/wp\/v2\/media?parent=3366"}],"curies":[{"name":"wp","href":"https:\/\/api.w.org\/{rel}","templated":true}]}}