{"id":7147,"date":"2024-12-12T06:11:56","date_gmt":"2024-12-12T16:11:56","guid":{"rendered":"https:\/\/www.academiaschool.edu\/programme-dete-kids-junior-fun\/"},"modified":"2025-01-02T19:44:28","modified_gmt":"2025-01-03T05:44:28","slug":"programme-dete-kids-junior-fun","status":"publish","type":"page","link":"https:\/\/www.academiaschool.edu\/fr\/programme-dete-kids-junior-fun\/","title":{"rendered":"Programme d&rsquo;\u00e9t\u00e9 Kids &amp; Junior Fun"},"content":{"rendered":"\n<p>Chez Academia, nous proposons un programme d&rsquo;\u00e9t\u00e9 amusant et engageant, con\u00e7u pour les enfants pendant leurs vacances d&rsquo;\u00e9t\u00e9.<\/p>\n\n<h2 class=\"wp-block-heading jinr-heading d--bold\"><strong>Aper\u00e7u du programme Kids &amp; Junior Fun<\/strong><\/h2>\n\n<p>Matin en plein air, apr\u00e8s-midi en classe. Apprenez l&rsquo;anglais en vous amusant. <\/p>\n\n<div class=\"wp-block-columns js--scr-animation is-layout-flex wp-container-core-columns-is-layout-9d6595d7 wp-block-columns-is-layout-flex\">\n<div class=\"wp-block-column is-layout-flow wp-block-column-is-layout-flow\">\n<section class=\"wp-block-jinr-blocks-timeline b--jinr-block b--jinr-timeline d--timeline-type-text d--timeline-design1 d--timeline-step-default\n\t\t\td--timeline-img-shadow js--scr-animation\"><div class=\"o--timeline-list\">\n<div class=\"wp-block-jinr-blocks-timelinechild c--timeline-item\"><div class=\"c--timeline-heading\"><div class=\"a--timeline-step ef\"><span class=\"a--timeline-step-text\"><\/span><\/div><div class=\"a--timeline-label d--bold\">8:15 Drop off<\/div><\/div><div class=\"c--timeline-contents\"><div class=\"a--timeline-text\">\n<p>Les enfants doivent arriver \u00e0 Academia v\u00eatus du T-shirt fourni par l&rsquo;\u00e9cole.<br\/>Veuillez noter que les parents\/tuteurs ne peuvent pas accompagner leurs enfants pendant le programme.<\/p>\n<\/div><\/div><\/div>\n\n\n\n<div class=\"wp-block-jinr-blocks-timelinechild c--timeline-item\"><div class=\"c--timeline-heading\"><div class=\"a--timeline-step ef\"><span class=\"a--timeline-step-text\"><\/span><\/div><div class=\"a--timeline-label d--bold\">8:30 Departure from the school<\/div><\/div><div class=\"c--timeline-contents\"><div class=\"a--timeline-text\">\n<p>La participation sera prise en compte et l&rsquo;aventure commencera !<\/p>\n<\/div><\/div><\/div>\n\n\n\n<div class=\"wp-block-jinr-blocks-timelinechild c--timeline-item\"><div class=\"c--timeline-heading\"><div class=\"a--timeline-step ef\"><span class=\"a--timeline-step-text\"><\/span><\/div><div class=\"a--timeline-label d--bold\">9:00 English Activity<\/div><\/div><div class=\"c--timeline-contents\"><div class=\"a--timeline-text\">\n<p>Les enfants profiteront d&rsquo;une vari\u00e9t\u00e9 d&rsquo;activit\u00e9s et visiteront des lieux diff\u00e9rents, avec une nouvelle exp\u00e9rience chaque jour.<\/p>\n<\/div><\/div><\/div>\n\n\n\n<div class=\"wp-block-jinr-blocks-timelinechild c--timeline-item\"><div class=\"c--timeline-heading\"><div class=\"a--timeline-step ef\"><span class=\"a--timeline-step-text\"><\/span><\/div><div class=\"a--timeline-label d--bold\">12:00 Lunch<\/div><\/div><div class=\"c--timeline-contents\"><div class=\"a--timeline-text\">\n<p>Le d\u00e9jeuner sera fourni par l&rsquo;\u00e9cole.<br\/>Pour les enfants souffrant d&rsquo;allergies graves que nous ne pouvons pas prendre en compte, les parents devront peut-\u00eatre fournir un panier-repas. Veuillez nous contacter pour plus de d\u00e9tails. <\/p>\n<\/div><\/div><\/div>\n\n\n\n<div class=\"wp-block-jinr-blocks-timelinechild c--timeline-item\"><div class=\"c--timeline-heading\"><div class=\"a--timeline-step ef\"><span class=\"a--timeline-step-text\"><\/span><\/div><div class=\"a--timeline-label d--bold\">12:40 Lunch Finish<\/div><\/div><div class=\"c--timeline-contents\"><div class=\"a--timeline-text\">\n<p>Tout le monde profitera de son repas ensemble.<\/p>\n<\/div><\/div><\/div>\n\n\n\n<div class=\"wp-block-jinr-blocks-timelinechild c--timeline-item\"><div class=\"c--timeline-heading\"><div class=\"a--timeline-step ef\"><span class=\"a--timeline-step-text\"><\/span><\/div><div class=\"a--timeline-label d--bold\">1:30 English Class<\/div><\/div><div class=\"c--timeline-contents\"><div class=\"a--timeline-text\">\n<p>De retour \u00e0 l&rsquo;\u00e9cole, les enfants participeront \u00e0 des activit\u00e9s scolaires amusantes. Ils apprendront des chansons hawa\u00efennes, joueront du ukul\u00e9l\u00e9 et s&rsquo;adonneront \u00e0 des activit\u00e9s artistiques et manuelles. <\/p>\n<\/div><\/div><\/div>\n\n\n\n<div class=\"wp-block-jinr-blocks-timelinechild c--timeline-item\"><div class=\"c--timeline-heading\"><div class=\"a--timeline-step ef\"><span class=\"a--timeline-step-text\"><\/span><\/div><div class=\"a--timeline-label d--bold\">3:45 Pick Up<\/div><\/div><div class=\"c--timeline-contents\"><div class=\"a--timeline-text\">\n<div class=\"wp-block-columns js--scr-animation is-layout-flex wp-container-core-columns-is-layout-9d6595d7 wp-block-columns-is-layout-flex\">\n<div class=\"wp-block-column is-layout-flow wp-block-column-is-layout-flow\"><\/div>\n<\/div>\n<\/div><\/div><\/div>\n<\/div><\/section>\n<\/div>\n\n\n\n<div class=\"wp-block-column is-layout-flow wp-block-column-is-layout-flow\">\n<pre class=\"wp-block-preformatted\"><strong>Activit\u00e9 en anglais \u306e\u4f8b<\/strong><\/pre>\n\n\n\n<figure class=\"wp-block-image size-large\"><img decoding=\"async\" src=\"https:\/\/academia-sch.jp\/wp-content\/uploads\/2024\/12\/F1C9753F-79B3-40CC-86B9-6FAAEC8D3E36-1024x621.jpg\" alt=\"MiniGolf\" class=\"wp-image-2432\"\/><\/figure>\n\n\n\n<ul class=\"wp-block-list jinr-list\">\n<li>Mini golf<\/li>\n\n\n\n<li>D\u00e9partement de la police d&rsquo;Honolulu<\/li>\n\n\n\n<li>Centre de d\u00e9couverte<\/li>\n\n\n\n<li>Centre du patrimoine de Manoa<\/li>\n\n\n\n<li>Randonn\u00e9e Diamond Head<\/li>\n\n\n\n<li>Parc de la vie marine<\/li>\n\n\n\n<li>Patinage sur glace<\/li>\n\n\n\n<li>Mus\u00e9e Bishop<\/li>\n\n\n\n<li>P\u00eache<\/li>\n\n\n\n<li>Plan\u00e9tarium et exp\u00e9rience scientifique<\/li>\n\n\n\n<li>Labyrinthe d&rsquo;ananas de la plantation de Dole<\/li>\n<\/ul>\n\n\n\n<p><strong>Classe d&rsquo;anglais \u306e\u4f8b<\/strong><\/p>\n\n\n\n<figure class=\"wp-block-image size-full\"><img decoding=\"async\" src=\"https:\/\/academia-sch.jp\/wp-content\/uploads\/2024\/12\/ukulele-4021002_640.jpg\" alt=\"\" class=\"wp-image-2427\"\/><\/figure>\n\n\n\n<ul class=\"wp-block-list jinr-list\">\n<li>musique<\/li>\n\n\n\n<li>ukul\u00e9l\u00e9<\/li>\n\n\n\n<li>chant<\/li>\n\n\n\n<li>lecture<\/li>\n\n\n\n<li>l&rsquo;artisanat<\/li>\n<\/ul>\n<\/div>\n<\/div>\n\n<h2 class=\"wp-block-heading jinr-heading d--bold\"><strong>Instructeurs du programme Kids &amp; Junior Fun<\/strong><\/h2>\n\n<div class=\"wp-block-columns js--scr-animation is-layout-flex wp-container-core-columns-is-layout-9d6595d7 wp-block-columns-is-layout-flex\">\n<div class=\"wp-block-column is-layout-flow wp-block-column-is-layout-flow\">\n<div class=\"wp-block-columns js--scr-animation is-layout-flex wp-container-core-columns-is-layout-9d6595d7 wp-block-columns-is-layout-flex\">\n<div class=\"wp-block-column is-layout-flow wp-block-column-is-layout-flow\"><div class=\"wp-block-image\">\n<figure class=\"aligncenter size-full is-resized\"><img decoding=\"async\" src=\"https:\/\/academia-sch.jp\/wp-content\/uploads\/2024\/12\/CHRISTINE_1212040418.png\" alt=\"CHRISTINE\" class=\"wp-image-2429\" style=\"width:147px;height:auto\"\/><\/figure>\n<\/div>\n\n\n<p class=\"has-text-align-center\">Christine<\/p>\n\n\n\n<p class=\"has-text-align-center\">Un expert en cr\u00e9ation de cours amusants et attrayants pour les enfants, y compris le ukul\u00e9l\u00e9, la danse et les travaux manuels.<\/p>\n<\/div>\n\n\n\n<div class=\"wp-block-column is-layout-flow wp-block-column-is-layout-flow\"><div class=\"wp-block-image\">\n<figure class=\"aligncenter size-full is-resized\"><img decoding=\"async\" src=\"https:\/\/academia-sch.jp\/wp-content\/uploads\/2024\/12\/&#x30B9;&#x30AF;&#x30EA;&#x30FC;&#x30F3;&#x30B7;&#x30E7;&#x30C3;&#x30C8;-2024-08-31-&#x5348;&#x524D;8.29.16_1212040448.png\" alt=\"Elizabeth\" class=\"wp-image-2430\" style=\"width:152px;height:auto\"\/><\/figure>\n<\/div>\n\n\n<p class=\"has-text-align-center\">Elizabeth<\/p>\n\n\n\n<p class=\"has-text-align-center\">En tant que m\u00e8re \u00e9levant un fils de 6 ans, Elizabeth con\u00e7oit des programmes qui trouvent un \u00e9cho aupr\u00e8s des enfants et les maintiennent engag\u00e9s.<\/p>\n<\/div>\n<\/div>\n<\/div>\n<\/div>\n\n<h2 class=\"wp-block-heading jinr-heading d--bold\"><strong>Programme Fun pour les enfants et les juniors 2025<\/strong><\/h2>\n\n<p>Chaque semaine sera limit\u00e9e \u00e0 un maximum de 8 participants.<\/p>\n\n<figure class=\"wp-block-table is-style-regular\" style=\"font-size:47px\"><table class=\"has-black-color has-text-color has-background has-link-color has-fixed-layout\" style=\"background-color:#f5ec8412\"><tbody><tr><td class=\"has-text-align-center\" data-align=\"center\"><strong><span class=\"jinr-d--text-color d--user-color2 d--bold\">\u00c9t\u00e9 2025<\/span><\/strong><\/td><td class=\"has-text-align-center\" data-align=\"center\"><strong><span class=\"jinr-d--text-color d--user-color2 d--bold\">D\u00e9marrer<\/span><\/strong><\/td><td class=\"has-text-align-center\" data-align=\"center\"><strong><span class=\"jinr-d--text-color d--user-color2 d--bold\">Fin<\/span><\/strong><\/td><td class=\"has-text-align-center\" data-align=\"center\"><strong><span class=\"jinr-d--text-color d--user-color2 d--bold\">Date limite de <span class=\"jinr-d--font-size d--fontsize-13px\">d\u00e9p\u00f4t des candidatures<\/span><\/span><\/strong><\/td><\/tr><tr><td class=\"has-text-align-center\" data-align=\"center\"><strong>Semaine 1<\/strong><\/td><td class=\"has-text-align-center\" data-align=\"center\">07\/14\/2025<\/td><td class=\"has-text-align-center\" data-align=\"center\">07\/18\/2025<\/td><td class=\"has-text-align-center\" data-align=\"center\">06\/29\/2025<\/td><\/tr><tr><td class=\"has-text-align-center\" data-align=\"center\"><strong>Semaine 2<\/strong><\/td><td class=\"has-text-align-center\" data-align=\"center\">07\/21\/2025<\/td><td class=\"has-text-align-center\" data-align=\"center\">07\/25\/2025<\/td><td class=\"has-text-align-center\" data-align=\"center\">07\/06\/2025<\/td><\/tr><tr><td class=\"has-text-align-center\" data-align=\"center\"><strong>Semaine 3<\/strong><\/td><td class=\"has-text-align-center\" data-align=\"center\">07\/28\/2025<\/td><td class=\"has-text-align-center\" data-align=\"center\">08\/01\/2025<\/td><td class=\"has-text-align-center\" data-align=\"center\">07\/13\/2025<\/td><\/tr><tr><td class=\"has-text-align-center\" data-align=\"center\"><strong>Semaine 4<\/strong><\/td><td class=\"has-text-align-center\" data-align=\"center\">08\/04\/2025<\/td><td class=\"has-text-align-center\" data-align=\"center\">08\/08\/2025<\/td><td class=\"has-text-align-center\" data-align=\"center\">07\/20\/2025<\/td><\/tr><tr><td class=\"has-text-align-center\" data-align=\"center\"><strong>Semaine 5<\/strong><\/td><td class=\"has-text-align-center\" data-align=\"center\">08\/11\/2025<\/td><td class=\"has-text-align-center\" data-align=\"center\">08\/15\/2025<\/td><td class=\"has-text-align-center\" data-align=\"center\">07\/27\/2025<\/td><\/tr><tr><td class=\"has-text-align-center\" data-align=\"center\"><strong>Semaine 6<\/strong><\/td><td class=\"has-text-align-center\" data-align=\"center\">08\/18\/2025<\/td><td class=\"has-text-align-center\" data-align=\"center\">08\/22\/2025<\/td><td class=\"has-text-align-center\" data-align=\"center\">08\/03\/2025<\/td><\/tr><\/tbody><\/table><\/figure>\n\n<p>Le programme est principalement destin\u00e9 aux enfants \u00e2g\u00e9s de 6 \u00e0 15 ans (\u00e9l\u00e8ves de l&rsquo;\u00e9cole maternelle, de l&rsquo;\u00e9cole \u00e9l\u00e9mentaire et du coll\u00e8ge). Les lyc\u00e9ens \u00e2g\u00e9s de 16 \u00e0 18 ans peuvent \u00e9galement s&rsquo;inscrire. Toutefois, les lyc\u00e9ens qui souhaitent un apprentissage plus acad\u00e9mique sont encourag\u00e9s \u00e0 s&rsquo;inscrire \u00e0 nos cours g\u00e9n\u00e9raux pour adultes.  <\/p>\n\n<ul class=\"wp-block-list jinr-list\">\n<li>Programme d&rsquo;amusement pour les enfants (6 \u00e0 12 ans)<\/li>\n\n\n\n<li>Programme Fun Junior (13 \u00e0 15 ans)<\/li>\n<\/ul>\n\n<h2 class=\"wp-block-heading jinr-heading d--bold\"><strong>Programme d&rsquo;amusement pour enfants et juniors 2025 Frais<\/strong><\/h2>\n\n<p>Frais d&rsquo;inscription : 100<\/p>\n\n<figure class=\"wp-block-table\"><table class=\"has-background has-fixed-layout\" style=\"background-color:#0061fc08\"><tbody><tr><td class=\"has-text-align-center\" data-align=\"center\"><span class=\"jinr-d--text-color d--user-color2 d--bold\">\u00c9t\u00e9 2025<\/span><\/td><td class=\"has-text-align-center\" data-align=\"center\"><span class=\"jinr-d--text-color d--user-color2 d--bold\">Frais de scolarit\u00e9<\/span><\/td><td class=\"has-text-align-center\" data-align=\"center\"><strong><span class=\"jinr-d--text-color d--user-color2 d--bold\">Total<\/span><\/strong><\/td><\/tr><tr><td class=\"has-text-align-center\" data-align=\"center\"><strong>1 semaine<\/strong><\/td><td class=\"has-text-align-center\" data-align=\"center\">$873.00<\/td><td class=\"has-text-align-center\" data-align=\"center\">$973.00<\/td><\/tr><tr><td class=\"has-text-align-center\" data-align=\"center\"><strong>2 semaines<\/strong><\/td><td class=\"has-text-align-center\" data-align=\"center\">$1,530.00<\/td><td class=\"has-text-align-center\" data-align=\"center\">$1,630.00<\/td><\/tr><tr><td class=\"has-text-align-center\" data-align=\"center\"><strong>3 semaines<\/strong><\/td><td class=\"has-text-align-center\" data-align=\"center\">$2,160.00<\/td><td class=\"has-text-align-center\" data-align=\"center\">$2,260.00<\/td><\/tr><tr><td class=\"has-text-align-center\" data-align=\"center\"><strong>4 semaines<\/strong><\/td><td class=\"has-text-align-center\" data-align=\"center\">$2,808.00<\/td><td class=\"has-text-align-center\" data-align=\"center\">$2,908.00<\/td><\/tr><tr><td class=\"has-text-align-center\" data-align=\"center\"><strong>5 semaines<\/strong><\/td><td class=\"has-text-align-center\" data-align=\"center\">$3,375.00<\/td><td class=\"has-text-align-center\" data-align=\"center\">$3,475.00<\/td><\/tr><tr><td class=\"has-text-align-center\" data-align=\"center\"><strong>6 semaines<\/strong><\/td><td class=\"has-text-align-center\" data-align=\"center\">$3,888.00<\/td><td class=\"has-text-align-center\" data-align=\"center\">$3,988.00<\/td><\/tr><\/tbody><\/table><\/figure>\n\n<p>Les frais indiqu\u00e9s ci-dessus s&rsquo;entendent taxes comprises. Des frais de traitement de 3 % s&rsquo;appliquent aux paiements par carte de cr\u00e9dit. <\/p>\n\n<h2 class=\"wp-block-heading jinr-heading d--bold\"><strong>Politique d&rsquo;annulation<\/strong><\/h2>\n\n<p>Les frais d&rsquo;inscription ne sont pas remboursables. Toute modification ou annulation doit \u00eatre effectu\u00e9e au moins 22 jours avant la date de d\u00e9but du programme. Les annulations effectu\u00e9es dans ce d\u00e9lai seront int\u00e9gralement rembours\u00e9es, \u00e0 l&rsquo;exception des frais d&rsquo;inscription non remboursables.  <\/p>\n\n<p>Les annulations effectu\u00e9es dans les 21 jours pr\u00e9c\u00e9dant la date de d\u00e9but du programme ne sont pas remboursables. En cas de mauvais temps, de catastrophe naturelle ou d&rsquo;autres circonstances impr\u00e9vues entra\u00eenant l&rsquo;annulation du programme, aucun remboursement, report de date ou activit\u00e9 de remplacement n&rsquo;est pr\u00e9vu. <\/p>\n\n<h2 class=\"wp-block-heading jinr-heading d--bold\"><strong>Application<\/strong><\/h2>\n\n<p>Veuillez remplir le formulaire de candidature, apr\u00e8s quoi nous vous fournirons les instructions de paiement. Votre place sera confirm\u00e9e au moment du paiement.<br\/>Soumettez votre candidature en utilisant le formulaire ci-dessous. <\/p>\n<section class='b--jinr-block b--jinr-button   js--scr-animation block_'>\n\t\t\t\t\t<div class=\"o--button-inner d--button-type1 d--button-solid d--button-solid-hover-down d--button-solid-animation-expand d--button-center\"><span class=\"a--button-hover\"><a href=\"https:\/\/form.jotform.com\/243461090509050\" target=\"_blank\" rel=\"noopener\"><span>Application<\/span><\/a><\/span><\/div>\n\t\t\t\t<\/section>\n<p>Si vous avez des questions, n&rsquo;h\u00e9sitez pas \u00e0 nous contacter en utilisant les informations ci-dessous.<\/p>\n\n<div class=\"wp-block-columns js--scr-animation is-layout-flex wp-container-core-columns-is-layout-9d6595d7 wp-block-columns-is-layout-flex\">\n<div class=\"wp-block-column is-layout-flow wp-block-column-is-layout-flow\">\n<p class=\"has-text-align-center\"><span class=\"jin-icons in--p jin-ifont-comment\"><\/span> <a href=\"https:\/\/wa.me\/message\/XNHGHW2TGDJ2I1\" target=\"_blank\" rel=\"noreferrer noopener nofollow\">WhatsAPP<\/a><\/p>\n<\/div>\n\n\n\n<div class=\"wp-block-column is-layout-flow wp-block-column-is-layout-flow\">\n<p class=\"has-text-align-center\"><span class=\"jin-icons in--p jin-ifont-comment\"><\/span> <a href=\"https:\/\/line.me\/R\/ti\/p\/@876dbswf?oat_content=url\" target=\"_blank\" rel=\"noreferrer noopener nofollow\">LINE<\/a><\/p>\n<\/div>\n\n\n\n<div class=\"wp-block-column is-layout-flow wp-block-column-is-layout-flow\">\n<p class=\"has-text-align-center\"><span class=\"jin-icons in--p jin-ifont-comment\"><\/span> <a href=\"https:\/\/academia-sch.kr\/kakaotalk_page\/\" target=\"_blank\" rel=\"noreferrer noopener\">KakaoTalk<\/a><\/p>\n<\/div>\n<\/div>\n\n\n<section class='b--jinr-block b--jinr-button   js--scr-animation block_'>\n\t\t\t\t\t<div class=\"o--button-inner d--button-type1 d--button-solid d--button-solid-hover-down d--button-solid-animation-expand d--button-center\"><span class=\"a--button-hover\"><a href=\"https:\/\/form.jotform.com\/241172060846048\" target=\"_blank\" rel=\"noopener\"><span>Contact Form<\/span><\/a><\/span><\/div>\n\t\t\t\t<\/section>","protected":false},"excerpt":{"rendered":"<p>Chez Academia, nous proposons un programme d&rsquo;\u00e9t\u00e9 amusant et engageant, con\u00e7u pour les enfants pendant leurs vacances d&rsquo;\u00e9t\u00e9. Aper\u00e7u du programme Kids &amp; Junior Fun Matin en plein air, apr\u00e8s-midi en classe. Apprenez l&rsquo;anglais en vous amusant. Activit\u00e9 en anglais \u306e\u4f8b Classe d&rsquo;anglais \u306e\u4f8b Instructeurs du programme Kids &amp; Junior Fun Christine Un expert en [&hellip;]<\/p>\n","protected":false},"author":1,"featured_media":0,"parent":0,"menu_order":0,"comment_status":"closed","ping_status":"closed","template":"","meta":{"_jinr_url_youtube":"","_jinr_pip_youtube":false,"_jinr_time_youtube":"","_jinr_thumb_youtube":"","_jinr_media_youtube":"","_jinr_category_edit":false,"_jinr_category":"","_jinr_title_display":false,"_jinr_snsbutton_display":false,"_jinr_ads_display":false,"_jinr_thumbnail_display":false,"_jinr_profile_display":false,"_jinr_representations_display":false,"_jinr_relatedpost_display":false,"_jinr_sidebar1col_display":false,"_jinr_sidebar2col_display":false,"_jinr_seotitle_display":"","_jinr_description_display":"","_jinr_keyword_display":"","_jinr_hastag_display":"","_jinr_canonical_display":"","_jinr_noindex_display":false,"_jinr_paidpost":false,"_jinr_paidpost_product_id":"","_jinr_headtag_article":"","footnotes":""},"class_list":["post-7147","page","type-page","status-publish","hentry"],"_links":{"self":[{"href":"https:\/\/www.academiaschool.edu\/fr\/wp-json\/wp\/v2\/pages\/7147","targetHints":{"allow":["GET"]}}],"collection":[{"href":"https:\/\/www.academiaschool.edu\/fr\/wp-json\/wp\/v2\/pages"}],"about":[{"href":"https:\/\/www.academiaschool.edu\/fr\/wp-json\/wp\/v2\/types\/page"}],"author":[{"embeddable":true,"href":"https:\/\/www.academiaschool.edu\/fr\/wp-json\/wp\/v2\/users\/1"}],"replies":[{"embeddable":true,"href":"https:\/\/www.academiaschool.edu\/fr\/wp-json\/wp\/v2\/comments?post=7147"}],"version-history":[{"count":1,"href":"https:\/\/www.academiaschool.edu\/fr\/wp-json\/wp\/v2\/pages\/7147\/revisions"}],"predecessor-version":[{"id":7148,"href":"https:\/\/www.academiaschool.edu\/fr\/wp-json\/wp\/v2\/pages\/7147\/revisions\/7148"}],"wp:attachment":[{"href":"https:\/\/www.academiaschool.edu\/fr\/wp-json\/wp\/v2\/media?parent=7147"}],"curies":[{"name":"wp","href":"https:\/\/api.w.org\/{rel}","templated":true}]}}