{"id":4776,"date":"2024-03-28T12:50:46","date_gmt":"2024-03-28T22:50:46","guid":{"rendered":"https:\/\/academia-school.net\/campagne-de-transfert\/"},"modified":"2025-01-02T22:35:34","modified_gmt":"2025-01-03T08:35:34","slug":"campagne-de-transfert","status":"publish","type":"page","link":"https:\/\/www.academiaschool.edu\/fr\/campagne-de-transfert\/","title":{"rendered":"Campagne de transfert"},"content":{"rendered":"\n<section class=\"wp-block-jinr-blocks-fullwidth b--jinr-block b--jinr-fullwidth-container d--top-margin-xs-pc d--bottom-margin-xs-pc d--top-margin-xs-sp d--bottom-margin-xs-sp \"><section class=\"b--jinr-fullwidth d--fullwidth-parallax-off d--fullwidth-deco-bgimage\"><div class=\"a--jinr-fullwidth-image\"><div class=\"a--jinr-fullwidth-image-clip\"><img decoding=\"async\" src=\"https:\/\/www.academiaschool.edu\/wp-content\/uploads\/2024\/03\/\u30b9\u30af\u30ea\u30fc\u30f3\u30b7\u30e7\u30c3\u30c8-2024-03-26-\u5348\u5f8c12.07.40-1.webp\"\/><\/div><\/div><div class=\"a--jinr-fullwidth-overlay\" style=\"background-color:#f5f5f5;opacity:0\"><\/div><div class=\"d--fullwidth-100 d--fullwidth-pad40 d--fullwidth-pad0-sp t--main-width\" style=\"color:#ffffff\">\n<p class=\"has-text-align-center\"><span class=\"jinr-d--font-size d--fontsize-36px\"><strong>Campagne de transfert<\/strong><\/span><\/p>\n<\/div><\/section><\/section>\n\n<h2 class=\"wp-block-heading jinr-heading d--bold\"><strong>Vue d&rsquo;ensemble de la campagne de transfert<\/strong><\/h2>\n\n<p>Notre \u00e9cole offre un tarif pr\u00e9f\u00e9rentiel aux \u00e9tudiants transf\u00e9r\u00e9s titulaires d&rsquo;un visa F-1. Ce tarif sp\u00e9cial permet de b\u00e9n\u00e9ficier d&rsquo;une r\u00e9duction allant jusqu&rsquo;\u00e0 20 % des frais de scolarit\u00e9 habituels.<\/p>\n\n<figure class=\"wp-block-table is-style-stripes\"><table><tbody><tr><td class=\"has-text-align-center\" data-align=\"center\"><\/td><td class=\"has-text-align-center\" data-align=\"center\"><strong>Prix r\u00e9guliers pour 2025<\/strong><\/td><td class=\"has-text-align-center\" data-align=\"center\"><strong><strong>Prix r\u00e9duit<\/strong><\/strong><\/td><\/tr><tr><td class=\"has-text-align-center\" data-align=\"center\">8 semaines<\/td><td class=\"has-text-align-center\" data-align=\"center\">$2,377<\/td><td class=\"has-text-align-center\" data-align=\"center\"><span class=\"jinr-d--text-color d--user-color1 d--bold\">$1,902<\/span><\/td><\/tr><tr><td class=\"has-text-align-center\" data-align=\"center\">12 semaines<\/td><td class=\"has-text-align-center\" data-align=\"center\">$2,835<\/td><td class=\"has-text-align-center\" data-align=\"center\"><span class=\"jinr-d--text-color d--user-color1 d--bold\">$2,778<\/span><\/td><\/tr><tr><td class=\"has-text-align-center\" data-align=\"center\">16 semaines<\/td><td class=\"has-text-align-center\" data-align=\"center\">$3,989<\/td><td class=\"has-text-align-center\" data-align=\"center\"><span class=\"jinr-d--text-color d--user-color1 d--bold\">$3,690<\/span><\/td><\/tr><tr><td class=\"has-text-align-center\" data-align=\"center\">24 semaines<\/td><td class=\"has-text-align-center\" data-align=\"center\">$5,384<\/td><td class=\"has-text-align-center\" data-align=\"center\"><span class=\"jinr-d--text-color d--user-color1 d--bold\">$4,980<\/span><\/td><\/tr><tr><td class=\"has-text-align-center\" data-align=\"center\">48 semaines<\/td><td class=\"has-text-align-center\" data-align=\"center\">$8,994<\/td><td class=\"has-text-align-center\" data-align=\"center\"><span class=\"jinr-d--text-color d--user-color1 d--bold\">$7,980<\/span><\/td><\/tr><\/tbody><\/table><figcaption class=\"wp-element-caption\">Les frais comprennent des frais d&rsquo;inscription uniques et non remboursables de 100 $ et des frais de technologie\/copie de 135 $.<\/figcaption><\/figure>\n\n<p>Les achats \u00e0 long terme permettent de r\u00e9aliser des \u00e9conomies.<br\/>Ce taux n&rsquo;est pas disponible par l&rsquo;interm\u00e9diaire d&rsquo;agents.<br\/>Il peut \u00eatre combin\u00e9 avec des promotions d&rsquo;orientation.<\/p>\n\n<p>Pour plus d&rsquo;informations sur les remboursements, veuillez consulter notre <a href=\"https:\/\/www.academiaschool.edu\/fr\/application\/politique-de-remboursement\/\">politique de remboursement<\/a>.<\/p>\n<section class=\"b--jinr-block b--jinr-blogcard d--blogcard-hover-up d--blogcard-style1 d--blogcard-mysite t--round \"><div class=\"a--blogcard-label ef\">Related Page<\/div><a class=\"o--blogcard-link t--round\" href=\"https:\/\/www.academiaschool.edu\/inquiry\/\"><div class=\"c--blogcard-image\"><img loading=\"lazy\" decoding=\"async\" class=\"a--blogcard-img-src\" width=\"128\" height=\"72\" src=\"https:\/\/www.academiaschool.edu\/wp-content\/uploads\/2025\/02\/\u540d\u79f0\u672a\u8a2d\u5b9a\u306e\u30c7\u30b6\u30a4\u30f3-7.png\" alt=\"Contact Us\" \/><\/div><div class=\"a--blogcard-title d--bold\">Contact Us<\/div><\/a><\/section>","protected":false},"excerpt":{"rendered":"<p>Vue d&rsquo;ensemble de la campagne de transfert Notre \u00e9cole offre un tarif pr\u00e9f\u00e9rentiel aux \u00e9tudiants transf\u00e9r\u00e9s titulaires d&rsquo;un visa F-1. Ce tarif sp\u00e9cial permet de b\u00e9n\u00e9ficier d&rsquo;une r\u00e9duction allant jusqu&rsquo;\u00e0 20 % des frais de scolarit\u00e9 habituels. Prix r\u00e9guliers pour 2025 Prix r\u00e9duit 8 semaines $2,377 $1,902 12 semaines $2,835 $2,778 16 semaines $3,989 $3,690 [&hellip;]<\/p>\n","protected":false},"author":1,"featured_media":0,"parent":0,"menu_order":0,"comment_status":"closed","ping_status":"closed","template":"","meta":{"_jinr_url_youtube":"","_jinr_pip_youtube":false,"_jinr_time_youtube":"","_jinr_thumb_youtube":"","_jinr_media_youtube":"","_jinr_category_edit":false,"_jinr_category":"","_jinr_title_display":false,"_jinr_snsbutton_display":false,"_jinr_ads_display":false,"_jinr_thumbnail_display":false,"_jinr_profile_display":false,"_jinr_representations_display":false,"_jinr_relatedpost_display":false,"_jinr_sidebar1col_display":false,"_jinr_sidebar2col_display":false,"_jinr_seotitle_display":"","_jinr_description_display":"","_jinr_keyword_display":"","_jinr_hastag_display":"","_jinr_canonical_display":"","_jinr_noindex_display":false,"_jinr_paidpost":false,"_jinr_paidpost_product_id":"","_jinr_headtag_article":"","footnotes":""},"class_list":["post-4776","page","type-page","status-publish","hentry"],"_links":{"self":[{"href":"https:\/\/www.academiaschool.edu\/fr\/wp-json\/wp\/v2\/pages\/4776","targetHints":{"allow":["GET"]}}],"collection":[{"href":"https:\/\/www.academiaschool.edu\/fr\/wp-json\/wp\/v2\/pages"}],"about":[{"href":"https:\/\/www.academiaschool.edu\/fr\/wp-json\/wp\/v2\/types\/page"}],"author":[{"embeddable":true,"href":"https:\/\/www.academiaschool.edu\/fr\/wp-json\/wp\/v2\/users\/1"}],"replies":[{"embeddable":true,"href":"https:\/\/www.academiaschool.edu\/fr\/wp-json\/wp\/v2\/comments?post=4776"}],"version-history":[{"count":4,"href":"https:\/\/www.academiaschool.edu\/fr\/wp-json\/wp\/v2\/pages\/4776\/revisions"}],"predecessor-version":[{"id":7236,"href":"https:\/\/www.academiaschool.edu\/fr\/wp-json\/wp\/v2\/pages\/4776\/revisions\/7236"}],"wp:attachment":[{"href":"https:\/\/www.academiaschool.edu\/fr\/wp-json\/wp\/v2\/media?parent=4776"}],"curies":[{"name":"wp","href":"https:\/\/api.w.org\/{rel}","templated":true}]}}