{"id":4772,"date":"2024-03-14T16:20:04","date_gmt":"2024-03-15T02:20:04","guid":{"rendered":"https:\/\/academia-school.net\/apercu-de-lecole\/"},"modified":"2024-04-24T09:51:44","modified_gmt":"2024-04-24T19:51:44","slug":"apercu-de-lecole","status":"publish","type":"page","link":"https:\/\/www.academiaschool.edu\/fr\/apercu-de-lecole\/","title":{"rendered":"Aper\u00e7u de l&rsquo;\u00e9cole"},"content":{"rendered":"\n<section class=\"wp-block-jinr-blocks-fullwidth b--jinr-block b--jinr-fullwidth-container d--top-margin-xs-pc d--bottom-margin-xs-pc d--top-margin-xs-sp d--bottom-margin-xs-sp \"><section class=\"b--jinr-fullwidth d--fullwidth-parallax-off d--fullwidth-deco-bgimage\"><div class=\"a--jinr-fullwidth-image\"><div class=\"a--jinr-fullwidth-image-clip\"><img decoding=\"async\" src=\"https:\/\/www.academiaschool.edu\/wp-content\/uploads\/2024\/03\/\u30b9\u30af\u30ea\u30fc\u30f3\u30b7\u30e7\u30c3\u30c8-2024-03-26-\u5348\u5f8c12.42.06.webp\"\/><\/div><\/div><div class=\"a--jinr-fullwidth-overlay\" style=\"background-color:#f5f5f5;opacity:0\"><\/div><div class=\"d--fullwidth-100 d--fullwidth-pad40 d--fullwidth-pad0-sp t--main-width\" style=\"color:false\">\n<p class=\"has-text-align-center has-white-color has-text-color has-link-color wp-elements-1d2856b99cfae478a4049018f1ef0eec\"><span class=\"jinr-d--font-size d--fontsize-36px\"><strong><strong>Aper\u00e7u de l&rsquo;\u00e9cole<\/strong><\/strong><\/span><\/p>\n<\/div><\/section><\/section>\n\n<h2 class=\"wp-block-heading jinr-heading d--bold\"><strong>Aper\u00e7u de l&rsquo;\u00e9cole<\/strong><\/h2>\n\n<h3 class=\"wp-block-heading jinr-heading d--bold\"><strong>Nom de l&rsquo;\u00e9cole<\/strong><\/h3>\n\n<p>\u00c9cole de langues Academia<\/p>\n\n<h3 class=\"wp-block-heading jinr-heading d--bold\">Directeur des programmes linguistiques<\/h3>\n\n<p>Rhodes Larry<\/p>\n\n<p><a href=\"https:\/\/www.academiaschool.edu\/fr\/raisons-du-choix\/professeurs-experimentes\/\">Cliquez ici pour la biographie<\/a><\/p>\n\n<h3 class=\"wp-block-heading jinr-heading d--bold\"><strong>Localisation<\/strong><\/h3>\n\n<p>\u00c9cole de langues Academia<br\/>1600, boulevard Kapiolani, bureau 1225<br\/>Honolulu, HI 96814<\/p>\n\n<figure class=\"wp-block-image size-full is-resized\"><img loading=\"lazy\" decoding=\"async\" width=\"640\" height=\"480\" src=\"https:\/\/www.academiaschool.edu\/wp-content\/uploads\/2024\/03\/academia_map.jpg\" alt=\"Adresse de l'&#xE9;cole de langues Academia\" class=\"wp-image-825\" style=\"width:740px;height:auto\" srcset=\"https:\/\/www.academiaschool.edu\/wp-content\/uploads\/2024\/03\/academia_map.jpg 640w, https:\/\/www.academiaschool.edu\/wp-content\/uploads\/2024\/03\/academia_map-300x225.jpg 300w\" sizes=\"auto, (max-width: 640px) 100vw, 640px\" \/><\/figure>\n\n<p><a href=\"https:\/\/maps.app.goo.gl\/yHyWr8o9g5BWrYBV9\" data-type=\"link\" data-id=\"https:\/\/maps.app.goo.gl\/yHyWr8o9g5BWrYBV9\">Carte Google<\/a><\/p>\n\n<h3 class=\"wp-block-heading jinr-heading d--bold\"><strong>Num\u00e9ro de t\u00e9l\u00e9phone<\/strong><\/h3>\n\n<p>1 (808) 946-5599<\/p>\n\n<p><strong>Heures de r\u00e9ception du t\u00e9l\u00e9phone (heure d&rsquo;Hawa\u00ef) :<\/strong><\/p>\n\n<p>Du lundi au jeudi : de 9 heures \u00e0 13 heures<br\/>Vendredi : de 9 heures \u00e0 12 heures<\/p>\n\n<p>En dehors de ces heures, des visites de l&rsquo;\u00e9cole sont possibles sur rendez-vous.<\/p>\n\n<h3 class=\"wp-block-heading jinr-heading d--bold\">E-MAIL<\/h3>\n\n<p>support@academiaschool.edu<\/p>\n","protected":false},"excerpt":{"rendered":"<p>Aper\u00e7u de l&rsquo;\u00e9cole Nom de l&rsquo;\u00e9cole \u00c9cole de langues Academia Directeur des programmes linguistiques Rhodes Larry Cliquez ici pour la biographie Localisation \u00c9cole de langues Academia1600, boulevard Kapiolani, bureau 1225Honolulu, HI 96814 Carte Google Num\u00e9ro de t\u00e9l\u00e9phone 1 (808) 946-5599 Heures de r\u00e9ception du t\u00e9l\u00e9phone (heure d&rsquo;Hawa\u00ef) : Du lundi au jeudi : de 9 [&hellip;]<\/p>\n","protected":false},"author":1,"featured_media":0,"parent":0,"menu_order":0,"comment_status":"closed","ping_status":"closed","template":"","meta":{"_jinr_url_youtube":"","_jinr_pip_youtube":false,"_jinr_time_youtube":"","_jinr_thumb_youtube":"","_jinr_media_youtube":"","_jinr_category_edit":false,"_jinr_category":"","_jinr_title_display":false,"_jinr_snsbutton_display":false,"_jinr_ads_display":false,"_jinr_thumbnail_display":false,"_jinr_profile_display":false,"_jinr_representations_display":false,"_jinr_relatedpost_display":false,"_jinr_sidebar1col_display":false,"_jinr_sidebar2col_display":false,"_jinr_seotitle_display":"","_jinr_description_display":"","_jinr_keyword_display":"","_jinr_hastag_display":"","_jinr_canonical_display":"","_jinr_noindex_display":false,"_jinr_paidpost":false,"_jinr_paidpost_product_id":"","_jinr_headtag_article":"","footnotes":""},"class_list":["post-4772","page","type-page","status-publish","hentry"],"_links":{"self":[{"href":"https:\/\/www.academiaschool.edu\/fr\/wp-json\/wp\/v2\/pages\/4772","targetHints":{"allow":["GET"]}}],"collection":[{"href":"https:\/\/www.academiaschool.edu\/fr\/wp-json\/wp\/v2\/pages"}],"about":[{"href":"https:\/\/www.academiaschool.edu\/fr\/wp-json\/wp\/v2\/types\/page"}],"author":[{"embeddable":true,"href":"https:\/\/www.academiaschool.edu\/fr\/wp-json\/wp\/v2\/users\/1"}],"replies":[{"embeddable":true,"href":"https:\/\/www.academiaschool.edu\/fr\/wp-json\/wp\/v2\/comments?post=4772"}],"version-history":[{"count":3,"href":"https:\/\/www.academiaschool.edu\/fr\/wp-json\/wp\/v2\/pages\/4772\/revisions"}],"predecessor-version":[{"id":4775,"href":"https:\/\/www.academiaschool.edu\/fr\/wp-json\/wp\/v2\/pages\/4772\/revisions\/4775"}],"wp:attachment":[{"href":"https:\/\/www.academiaschool.edu\/fr\/wp-json\/wp\/v2\/media?parent=4772"}],"curies":[{"name":"wp","href":"https:\/\/api.w.org\/{rel}","templated":true}]}}