{"id":4764,"date":"2024-03-28T12:51:44","date_gmt":"2024-03-28T22:51:44","guid":{"rendered":"https:\/\/academia-school.net\/campagne-de-reference\/"},"modified":"2024-04-24T09:51:18","modified_gmt":"2024-04-24T19:51:18","slug":"campagne-de-reference","status":"publish","type":"page","link":"https:\/\/www.academiaschool.edu\/fr\/campagne-de-reference\/","title":{"rendered":"Campagne de r\u00e9f\u00e9rence"},"content":{"rendered":"\n<section class=\"wp-block-jinr-blocks-fullwidth b--jinr-block b--jinr-fullwidth-container d--top-margin-xs-pc d--bottom-margin-xs-pc d--top-margin-xs-sp d--bottom-margin-xs-sp \"><section class=\"b--jinr-fullwidth d--fullwidth-parallax-off d--fullwidth-deco-bgimage\"><div class=\"a--jinr-fullwidth-image\"><div class=\"a--jinr-fullwidth-image-clip\"><img decoding=\"async\" src=\"https:\/\/www.academiaschool.edu\/wp-content\/uploads\/2024\/03\/\u30b9\u30af\u30ea\u30fc\u30f3\u30b7\u30e7\u30c3\u30c8-2024-03-26-\u5348\u5f8c8.23.45.webp\"\/><\/div><\/div><div class=\"a--jinr-fullwidth-overlay\" style=\"background-color:#f5f5f5;opacity:0\"><\/div><div class=\"d--fullwidth-100 d--fullwidth-pad40 d--fullwidth-pad0-sp t--main-width\" style=\"color:#ffffff\">\n<p class=\"has-text-align-center\"><span class=\"jinr-d--font-size d--fontsize-36px\"><strong>Campagne de r\u00e9f\u00e9rence<\/strong><\/span><\/p>\n<\/div><\/section><\/section>\n\n<h2 class=\"wp-block-heading jinr-heading d--bold\">Campagne de r\u00e9f\u00e9rence<\/h2>\n\n<p>La campagne de parrainage permet au parrain et \u00e0 la personne parrain\u00e9e de recevoir jusqu&rsquo;\u00e0 un mois d&rsquo;extension gratuite.<\/p>\n\n<p>Si la personne recommand\u00e9e s&rsquo;abonne pendant au moins 8 semaines, le r\u00e9f\u00e9rent et la personne recommand\u00e9e recevront deux semaines suppl\u00e9mentaires d&rsquo;extension gratuite.<\/p>\n\n<p>En outre, si la personne recommand\u00e9e prolonge son abonnement de 16 semaines ou plus (4 mois ou plus), le parrain et la personne recommand\u00e9e recevront tous deux deux semaines suppl\u00e9mentaires de prolongation gratuite.<\/p>\n\n<p>Pour pouvoir b\u00e9n\u00e9ficier de la campagne, la personne recommand\u00e9e doit s&rsquo;inscrire \u00e0 la campagne de recommandation avant de terminer son processus d&rsquo;inscription. Les demandes pr\u00e9sent\u00e9es apr\u00e8s le processus d&rsquo;inscription ne seront pas accept\u00e9es.<\/p>\n\n<p>De m\u00eame, les personnes qui \u00e9taient d\u00e9j\u00e0 inscrites et qui reviennent ne seront pas \u00e9ligibles pour cette campagne.<\/p>\n","protected":false},"excerpt":{"rendered":"<p>Campagne de r\u00e9f\u00e9rence La campagne de parrainage permet au parrain et \u00e0 la personne parrain\u00e9e de recevoir jusqu&rsquo;\u00e0 un mois d&rsquo;extension gratuite. Si la personne recommand\u00e9e s&rsquo;abonne pendant au moins 8 semaines, le r\u00e9f\u00e9rent et la personne recommand\u00e9e recevront deux semaines suppl\u00e9mentaires d&rsquo;extension gratuite. En outre, si la personne recommand\u00e9e prolonge son abonnement de 16 [&hellip;]<\/p>\n","protected":false},"author":1,"featured_media":0,"parent":0,"menu_order":0,"comment_status":"closed","ping_status":"closed","template":"","meta":{"_jinr_url_youtube":"","_jinr_pip_youtube":false,"_jinr_time_youtube":"","_jinr_thumb_youtube":"","_jinr_media_youtube":"","_jinr_category_edit":false,"_jinr_category":"","_jinr_title_display":false,"_jinr_snsbutton_display":false,"_jinr_ads_display":false,"_jinr_thumbnail_display":false,"_jinr_profile_display":false,"_jinr_representations_display":false,"_jinr_relatedpost_display":false,"_jinr_sidebar1col_display":false,"_jinr_sidebar2col_display":false,"_jinr_seotitle_display":"","_jinr_description_display":"","_jinr_keyword_display":"","_jinr_hastag_display":"","_jinr_canonical_display":"","_jinr_noindex_display":false,"_jinr_paidpost":false,"_jinr_paidpost_product_id":"","_jinr_headtag_article":"","footnotes":""},"class_list":["post-4764","page","type-page","status-publish","hentry"],"_links":{"self":[{"href":"https:\/\/www.academiaschool.edu\/fr\/wp-json\/wp\/v2\/pages\/4764","targetHints":{"allow":["GET"]}}],"collection":[{"href":"https:\/\/www.academiaschool.edu\/fr\/wp-json\/wp\/v2\/pages"}],"about":[{"href":"https:\/\/www.academiaschool.edu\/fr\/wp-json\/wp\/v2\/types\/page"}],"author":[{"embeddable":true,"href":"https:\/\/www.academiaschool.edu\/fr\/wp-json\/wp\/v2\/users\/1"}],"replies":[{"embeddable":true,"href":"https:\/\/www.academiaschool.edu\/fr\/wp-json\/wp\/v2\/comments?post=4764"}],"version-history":[{"count":3,"href":"https:\/\/www.academiaschool.edu\/fr\/wp-json\/wp\/v2\/pages\/4764\/revisions"}],"predecessor-version":[{"id":4767,"href":"https:\/\/www.academiaschool.edu\/fr\/wp-json\/wp\/v2\/pages\/4764\/revisions\/4767"}],"wp:attachment":[{"href":"https:\/\/www.academiaschool.edu\/fr\/wp-json\/wp\/v2\/media?parent=4764"}],"curies":[{"name":"wp","href":"https:\/\/api.w.org\/{rel}","templated":true}]}}