{"id":4760,"date":"2024-03-20T17:53:13","date_gmt":"2024-03-21T03:53:13","guid":{"rendered":"https:\/\/academia-school.net\/raisons-du-choix\/temoignages\/"},"modified":"2024-04-24T09:51:07","modified_gmt":"2024-04-24T19:51:07","slug":"temoignages","status":"publish","type":"page","link":"https:\/\/www.academiaschool.edu\/fr\/raisons-du-choix\/temoignages\/","title":{"rendered":"T\u00e9moignages"},"content":{"rendered":"\n<section class=\"wp-block-jinr-blocks-fullwidth b--jinr-block b--jinr-fullwidth-container d--top-margin-xs-pc d--bottom-margin-s-pc d--top-margin-xs-sp d--bottom-margin-xs-sp \"><section class=\"b--jinr-fullwidth d--fullwidth-parallax-off d--fullwidth-deco-bgimage\"><div class=\"a--jinr-fullwidth-image\"><div class=\"a--jinr-fullwidth-image-clip\"><img decoding=\"async\" src=\"https:\/\/www.academiaschool.edu\/wp-content\/uploads\/2024\/03\/\u30b9\u30af\u30ea\u30fc\u30f3\u30b7\u30e7\u30c3\u30c8-2024-03-26-\u5348\u5f8c8.21.16.webp\"\/><\/div><\/div><div class=\"a--jinr-fullwidth-overlay\" style=\"background-color:#222222;opacity:0.15\"><\/div><div class=\"d--fullwidth-100 d--fullwidth-pad40 d--fullwidth-pad0-sp t--main-width\" style=\"color:false\">\n<p class=\"has-text-align-center has-white-color has-text-color has-link-color wp-elements-8915b4b3203e58fc03e7ec3b9c275bcc\"><span class=\"jinr-d--font-size d--fontsize-36px\"><strong>T\u00e9moignages<\/strong><\/span><\/p>\n<\/div><\/section><\/section>\n\n<div class=\"wp-block-columns js--scr-animation is-layout-flex wp-container-core-columns-is-layout-9d6595d7 wp-block-columns-is-layout-flex\">\n<div class=\"wp-block-column is-layout-flow wp-block-column-is-layout-flow\"><div class=\"wp-block-image\">\n<figure class=\"aligncenter size-full is-resized\"><img loading=\"lazy\" decoding=\"async\" width=\"240\" height=\"240\" src=\"https:\/\/www.academiaschool.edu\/wp-content\/uploads\/2024\/03\/student_minjae.png\" alt=\"&#xE9;tudiant minjae\" class=\"wp-image-774\" style=\"width:188px;height:auto\" srcset=\"https:\/\/www.academiaschool.edu\/wp-content\/uploads\/2024\/03\/student_minjae.png 240w, https:\/\/www.academiaschool.edu\/wp-content\/uploads\/2024\/03\/student_minjae-150x150.png 150w\" sizes=\"auto, (max-width: 240px) 100vw, 240px\" \/><\/figure>\n<\/div>\n\n\n<section class=\"wp-block-jinr-blocks-designtitle b--jinr-block b--jinr-h2rich d--h2rich-left d--h2rich-style1 d--titledesign-weight-thin d--h2rich-none js--scr-animation\" style=\"border-color:false\"><div class=\"c--h2rich-contents\"><span class=\"a--h2rich-subcopy ef\" style=\"color:#004c80\"><strong>COR\u00c9E<\/strong><\/span><h2 class=\"a--h2rich-maincopy d--bold ef\" style=\"color:false\"><strong>MINJAE<\/strong><\/h2><\/div><\/section>\n\n\n\n<p>La fille du coll\u00e8gue de mon p\u00e8re \u00e9tait \u00e9tudiante \u00e0 l&rsquo;universit\u00e9 et apr\u00e8s avoir termin\u00e9 ses cours, elle m&rsquo;a recommand\u00e9 d&rsquo;am\u00e9liorer mon anglais ici. Je n&rsquo;avais jamais envisag\u00e9 d&rsquo;\u00e9tudier l&rsquo;anglais \u00e0 Hawa\u00ef et j&rsquo;\u00e9tais donc un peu d\u00e9concert\u00e9e d&rsquo;\u00eatre ici, mais j&rsquo;ai r\u00e9alis\u00e9 que j&rsquo;avais beaucoup de chance d&rsquo;\u00e9tudier dans un \u00e9tablissement universitaire et de s\u00e9journer dans ce beau pays peu de temps apr\u00e8s.<br\/>J&rsquo;ai \u00e9tudi\u00e9 l&rsquo;anglais assez longtemps en Cor\u00e9e, mais j&rsquo;avais toujours peur de parler avec des autochtones. Mais j&rsquo;ai chang\u00e9 apr\u00e8s avoir suivi des cours et j&rsquo;aime parler avec eux partout maintenant. Les cours et les professeurs \u00e9taient excellents. J&rsquo;ai beaucoup appris dans chaque cours. J&rsquo;ai \u00e9galement aim\u00e9 les activit\u00e9s scolaires. Je pourrais y rencontrer de nouvelles personnes.<br\/>J&rsquo;ai eu de merveilleux souvenirs \u00e0 Hawa\u00ef pendant deux mois et je pr\u00e9vois donc d&rsquo;\u00e9tudier plus longtemps la prochaine fois. Tous les professeurs et le personnel ont \u00e9t\u00e9 si gentils avec moi (merci beaucoup !) Ils me manquent beaucoup.<\/p>\n<\/div>\n\n\n\n<div class=\"wp-block-column is-layout-flow wp-block-column-is-layout-flow\"><div class=\"wp-block-image\">\n<figure class=\"aligncenter size-full is-resized\"><img loading=\"lazy\" decoding=\"async\" width=\"240\" height=\"240\" src=\"https:\/\/www.academiaschool.edu\/wp-content\/uploads\/2024\/03\/student_carlos.png\" alt=\"&#xE9;tudiant carlos\" class=\"wp-image-773\" style=\"width:186px;height:auto\" srcset=\"https:\/\/www.academiaschool.edu\/wp-content\/uploads\/2024\/03\/student_carlos.png 240w, https:\/\/www.academiaschool.edu\/wp-content\/uploads\/2024\/03\/student_carlos-150x150.png 150w\" sizes=\"auto, (max-width: 240px) 100vw, 240px\" \/><\/figure>\n<\/div>\n\n\n<section class=\"wp-block-jinr-blocks-designtitle b--jinr-block b--jinr-h2rich d--h2rich-left d--h2rich-style1 d--titledesign-weight-thin d--h2rich-none js--scr-animation\" style=\"border-color:false\"><div class=\"c--h2rich-contents\"><span class=\"a--h2rich-subcopy ef\" style=\"color:#004c80\"><strong>ESPAGNE<\/strong><\/span><h2 class=\"a--h2rich-maincopy d--bold ef\" style=\"color:false\"><strong>CARLOS<\/strong><\/h2><\/div><\/section>\n\n\n\n<p>Lorsque je suis arriv\u00e9e \u00e0 Hawa\u00ef, je n&rsquo;aurais jamais pu imaginer que j&rsquo;allais trouver l&rsquo;atmosph\u00e8re la plus propice \u00e0 l&rsquo;apprentissage de l&rsquo;anglais, mais aujourd&rsquo;hui, je suis tr\u00e8s heureuse car j&rsquo;ai rencontr\u00e9 des gens sympathiques et les professeurs sont toujours pr\u00eats \u00e0 m&rsquo;aider. Je sais qu&rsquo;ils sont l\u00e0 pour tout ce dont j&rsquo;ai besoin.<br\/>Les cours de conversation, en particulier, me sont tr\u00e8s utiles car ils me permettent d&rsquo;am\u00e9liorer mon anglais et je peux d\u00e9sormais parler anglais de mani\u00e8re beaucoup plus fluide qu&rsquo;il y a un an.<br\/>Je me souviens qu&rsquo;un jour Louise m&rsquo;a dit que l&rsquo;Academia \u00e9tait comme une grande famille et je peux le percevoir &#8211; c&rsquo;est \u00e9tonnant parce que lorsque vous arrivez dans un pays \u00e9tranger, vous appr\u00e9ciez beaucoup plus l&rsquo;affection.<\/p>\n<\/div>\n<\/div>\n\n<div class=\"wp-block-columns js--scr-animation is-layout-flex wp-container-core-columns-is-layout-9d6595d7 wp-block-columns-is-layout-flex\">\n<div class=\"wp-block-column is-layout-flow wp-block-column-is-layout-flow\"><div class=\"wp-block-image\">\n<figure class=\"aligncenter size-full is-resized\"><img loading=\"lazy\" decoding=\"async\" width=\"240\" height=\"240\" src=\"https:\/\/www.academiaschool.edu\/wp-content\/uploads\/2024\/03\/student_szabo.png\" alt=\"&#xE9;tudiant_szabo\" class=\"wp-image-699\" style=\"width:182px;height:auto\" srcset=\"https:\/\/www.academiaschool.edu\/wp-content\/uploads\/2024\/03\/student_szabo.png 240w, https:\/\/www.academiaschool.edu\/wp-content\/uploads\/2024\/03\/student_szabo-150x150.png 150w\" sizes=\"auto, (max-width: 240px) 100vw, 240px\" \/><\/figure>\n<\/div>\n\n\n<section class=\"wp-block-jinr-blocks-designtitle b--jinr-block b--jinr-h2rich d--h2rich-left d--h2rich-style1 d--titledesign-weight-thin d--h2rich-none js--scr-animation\" style=\"border-color:false\"><div class=\"c--h2rich-contents\"><span class=\"a--h2rich-subcopy ef\" style=\"color:#004c80\"><strong>HONGRIE<\/strong><\/span><h2 class=\"a--h2rich-maincopy d--bold ef\" style=\"color:false\"><strong>SZABO<\/strong><\/h2><\/div><\/section>\n\n\n\n<p>Je suis \u00e0 Academia depuis plus d&rsquo;un an et je pense que c&rsquo;est une excellente \u00e9cole. Je suis actuellement des cours de prononciation et de grammaire. Au d\u00e9but, j&rsquo;ai pris des cours de conversation et d&rsquo;\u00e9coute, mais mon anglais s&rsquo;am\u00e9liore et j&rsquo;ai voulu prendre des cours plus avanc\u00e9s. L&rsquo;\u00e9cole propose de nombreuses classes au choix. Mes professeurs sont tr\u00e8s bons et tr\u00e8s gentils. J&rsquo;aime aussi vivre \u00e0 Hawa\u00ef. J&rsquo;aime faire de la randonn\u00e9e et, \u00e0 Hawa\u00ef, je peux en faire toute l&rsquo;ann\u00e9e sur les plages, dans les for\u00eats tropicales et dans les montagnes. J&rsquo;ai l&rsquo;intention de visiter Maui et Big Island prochainement.<\/p>\n<\/div>\n\n\n\n<div class=\"wp-block-column is-layout-flow wp-block-column-is-layout-flow\"><div class=\"wp-block-image\">\n<figure class=\"aligncenter size-full is-resized\"><img loading=\"lazy\" decoding=\"async\" width=\"240\" height=\"240\" src=\"https:\/\/www.academiaschool.edu\/wp-content\/uploads\/2024\/03\/student_joyce.png\" alt=\"\" class=\"wp-image-700\" style=\"width:178px;height:auto\" srcset=\"https:\/\/www.academiaschool.edu\/wp-content\/uploads\/2024\/03\/student_joyce.png 240w, https:\/\/www.academiaschool.edu\/wp-content\/uploads\/2024\/03\/student_joyce-150x150.png 150w\" sizes=\"auto, (max-width: 240px) 100vw, 240px\" \/><\/figure>\n<\/div>\n\n\n<section class=\"wp-block-jinr-blocks-designtitle b--jinr-block b--jinr-h2rich d--h2rich-left d--h2rich-style1 d--titledesign-weight-thin d--h2rich-none js--scr-animation\" style=\"border-color:false\"><div class=\"c--h2rich-contents\"><span class=\"a--h2rich-subcopy ef\" style=\"color:#004c80\"><strong>TAIWAN<\/strong><\/span><h2 class=\"a--h2rich-maincopy d--bold ef\" style=\"color:false\"><strong>JOYCE<\/strong><\/h2><\/div><\/section>\n\n\n\n<p>J&rsquo;ai fr\u00e9quent\u00e9 d&rsquo;autres \u00e9coles d&rsquo;anglais et je pense qu&rsquo;Academia est la meilleure parce qu&rsquo;elle offre le meilleur choix de cours. Je peux prendre des cours de grammaire avanc\u00e9e, des cours de conversation, des cours de commerce ou m\u00eame un cours d&rsquo;anglais + th\u00e9\u00e2tre. En ce moment, je suis \u00e9galement le cours Academia&rsquo;s Work Practicum et j&rsquo;acquiers une exp\u00e9rience professionnelle tout en am\u00e9liorant mon anglais. Tout le monde \u00e0 Academia est extr\u00eamement sympathique !<\/p>\n<\/div>\n<\/div>\n\n<div class=\"wp-block-columns js--scr-animation is-layout-flex wp-container-core-columns-is-layout-9d6595d7 wp-block-columns-is-layout-flex\">\n<div class=\"wp-block-column is-layout-flow wp-block-column-is-layout-flow\"><div class=\"wp-block-image\">\n<figure class=\"aligncenter size-full is-resized\"><img loading=\"lazy\" decoding=\"async\" width=\"240\" height=\"240\" src=\"https:\/\/www.academiaschool.edu\/wp-content\/uploads\/2024\/03\/student_phoung.png\" alt=\"&#xE9;tudiant Phoung\" class=\"wp-image-768\" style=\"width:180px;height:auto\" srcset=\"https:\/\/www.academiaschool.edu\/wp-content\/uploads\/2024\/03\/student_phoung.png 240w, https:\/\/www.academiaschool.edu\/wp-content\/uploads\/2024\/03\/student_phoung-150x150.png 150w\" sizes=\"auto, (max-width: 240px) 100vw, 240px\" \/><\/figure>\n<\/div>\n\n\n<section class=\"wp-block-jinr-blocks-designtitle b--jinr-block b--jinr-h2rich d--h2rich-left d--h2rich-style1 d--titledesign-weight-thin d--h2rich-none js--scr-animation\" style=\"border-color:false\"><div class=\"c--h2rich-contents\"><span class=\"a--h2rich-subcopy ef\" style=\"color:#004c80\"><strong>VIETNAM<\/strong><\/span><h2 class=\"a--h2rich-maincopy d--bold ef\" style=\"color:false\"><strong>PHUONG<\/strong><\/h2><\/div><\/section>\n\n\n\n<p>Lorsque je suis arriv\u00e9 \u00e0 l&rsquo;Academia Language School, je ne parlais pas anglais. Apr\u00e8s 3 mois, je peux maintenant faire des phrases, mais j&rsquo;ai encore beaucoup \u00e0 apprendre ! J&rsquo;apprends davantage chaque jour et c&rsquo;est important pour moi car je veux avoir un emploi o\u00f9 je parle anglais.<\/p>\n<\/div>\n\n\n\n<div class=\"wp-block-column is-layout-flow wp-block-column-is-layout-flow\"><div class=\"wp-block-image\">\n<figure class=\"aligncenter size-full is-resized\"><img loading=\"lazy\" decoding=\"async\" width=\"240\" height=\"240\" src=\"https:\/\/www.academiaschool.edu\/wp-content\/uploads\/2024\/03\/student_hirose.png\" alt=\"&#xE9;tudiant_hirose\" class=\"wp-image-767\" style=\"width:179px;height:auto\" srcset=\"https:\/\/www.academiaschool.edu\/wp-content\/uploads\/2024\/03\/student_hirose.png 240w, https:\/\/www.academiaschool.edu\/wp-content\/uploads\/2024\/03\/student_hirose-150x150.png 150w\" sizes=\"auto, (max-width: 240px) 100vw, 240px\" \/><\/figure>\n<\/div>\n\n\n<section class=\"wp-block-jinr-blocks-designtitle b--jinr-block b--jinr-h2rich d--h2rich-left d--h2rich-style1 d--titledesign-weight-thin d--h2rich-none js--scr-animation\" style=\"border-color:false\"><div class=\"c--h2rich-contents\"><span class=\"a--h2rich-subcopy ef\" style=\"color:#004c80\">JAPON<\/span><h2 class=\"a--h2rich-maincopy d--bold ef\" style=\"color:false\">HIROSE<\/h2><\/div><\/section>\n\n\n\n<p>Je suis venue \u00e0 Academia avec un visa de touriste et le programme \u00e9tait si bon que je veux revenir et \u00e9tudier plus longtemps la prochaine fois. J&rsquo;ai beaucoup aim\u00e9 mes professeurs et mes camarades de classe et j&rsquo;ai l&rsquo;intention de les revoir bient\u00f4t.<\/p>\n<\/div>\n<\/div>\n\n<div class=\"wp-block-columns js--scr-animation is-layout-flex wp-container-core-columns-is-layout-9d6595d7 wp-block-columns-is-layout-flex\">\n<div class=\"wp-block-column is-layout-flow wp-block-column-is-layout-flow\"><div class=\"wp-block-image\">\n<figure class=\"aligncenter size-full is-resized\"><img loading=\"lazy\" decoding=\"async\" width=\"240\" height=\"240\" src=\"https:\/\/www.academiaschool.edu\/wp-content\/uploads\/2024\/03\/student_guillermo.png\" alt=\"&#xE9;tudiant_guillermo\" class=\"wp-image-772\" style=\"width:178px;height:auto\" srcset=\"https:\/\/www.academiaschool.edu\/wp-content\/uploads\/2024\/03\/student_guillermo.png 240w, https:\/\/www.academiaschool.edu\/wp-content\/uploads\/2024\/03\/student_guillermo-150x150.png 150w\" sizes=\"auto, (max-width: 240px) 100vw, 240px\" \/><\/figure>\n<\/div>\n\n\n<section class=\"wp-block-jinr-blocks-designtitle b--jinr-block b--jinr-h2rich d--h2rich-left d--h2rich-style1 d--titledesign-weight-thin d--h2rich-none js--scr-animation\" style=\"border-color:false\"><div class=\"c--h2rich-contents\"><span class=\"a--h2rich-subcopy ef\" style=\"color:#004c80\"><strong>MEXIQUE<\/strong><\/span><h2 class=\"a--h2rich-maincopy d--bold ef\" style=\"color:false\"><strong>GUILLERMO<\/strong><\/h2><\/div><\/section>\n\n\n\n<p>Fr\u00e9quenter l&rsquo;\u00e9cole de langues Academia a \u00e9t\u00e9 une exp\u00e9rience formidable pour moi. J&rsquo;ai appris l&rsquo;anglais plus vite que je ne le pensais, je me suis fait de nombreux amis proches ici \u00e0 l&rsquo;\u00e9cole, et j&rsquo;adore Hawa\u00ef. Pendant la semaine, j&rsquo;\u00e9tudie dur et j&rsquo;am\u00e9liore mon anglais. J&rsquo;aime mes professeurs et mes camarades de classe et j&rsquo;ai beaucoup appris d&rsquo;eux. Le week-end, je vais sur le bateau de mon ami pour faire de la plong\u00e9e et je sors aussi \u00e0 Waikiki.<br\/>Il y a beaucoup \u00e0 faire \u00e0 Hawa\u00ef ! J&rsquo;aime danser la salsa et j&rsquo;ai \u00e9t\u00e9 surprise de constater qu&rsquo;il existe de nombreux clubs de salsa \u00e0 Hawa\u00ef. Je passe tellement de bons moments \u00e0 Academia que j&rsquo;ai m\u00eame convaincu ma m\u00e8re de prendre des cours d&rsquo;anglais \u00e0 l&rsquo;\u00e9cole !<\/p>\n<\/div>\n\n\n\n<div class=\"wp-block-column is-layout-flow wp-block-column-is-layout-flow\"><div class=\"wp-block-image\">\n<figure class=\"aligncenter size-full is-resized\"><img loading=\"lazy\" decoding=\"async\" width=\"240\" height=\"240\" src=\"https:\/\/www.academiaschool.edu\/wp-content\/uploads\/2024\/03\/students_lecommandeurs.png\" alt=\"&#xE9;tudiants lecommandeurs\" class=\"wp-image-771\" style=\"width:176px;height:auto\" srcset=\"https:\/\/www.academiaschool.edu\/wp-content\/uploads\/2024\/03\/students_lecommandeurs.png 240w, https:\/\/www.academiaschool.edu\/wp-content\/uploads\/2024\/03\/students_lecommandeurs-150x150.png 150w\" sizes=\"auto, (max-width: 240px) 100vw, 240px\" \/><\/figure>\n<\/div>\n\n\n<section class=\"wp-block-jinr-blocks-designtitle b--jinr-block b--jinr-h2rich d--h2rich-left d--h2rich-style1 d--titledesign-weight-thin d--h2rich-none js--scr-animation\" style=\"border-color:false\"><div class=\"c--h2rich-contents\"><span class=\"a--h2rich-subcopy ef\" style=\"color:#004c80\"><strong>FRANCE<\/strong><\/span><h2 class=\"a--h2rich-maincopy d--bold ef\" style=\"color:false\"><strong>JACK ET CLAUDINE<\/strong><\/h2><\/div><\/section>\n\n\n\n<p>Nous aimons Academia parce que tous les gens y sont tr\u00e8s sympathiques. Nous rencontrons \u00e9galement de nombreuses cultures diff\u00e9rentes et nous parlons avec elles en anglais. La vie \u00e0 Hawa\u00ef est merveilleuse et nous avons l&rsquo;impression d&rsquo;\u00eatre en vacances tous les jours ! Nous aimons nager et nous nageons tous les jours, puis nous allons en classe pour apprendre l&rsquo;anglais. Le monde universitaire nous convient parfaitement car nous pouvons choisir d&rsquo;aller en cours le matin ou l&rsquo;apr\u00e8s-midi. Nous pouvons organiser notre vie avec l&rsquo;\u00e9cole, ce qui est tr\u00e8s important pour nous.<\/p>\n<\/div>\n<\/div>\n\n<div class=\"wp-block-columns js--scr-animation is-layout-flex wp-container-core-columns-is-layout-9d6595d7 wp-block-columns-is-layout-flex\">\n<div class=\"wp-block-column is-layout-flow wp-block-column-is-layout-flow\"><div class=\"wp-block-image\">\n<figure class=\"aligncenter size-full is-resized\"><img loading=\"lazy\" decoding=\"async\" width=\"240\" height=\"240\" src=\"https:\/\/www.academiaschool.edu\/wp-content\/uploads\/2024\/03\/student_javier.png\" alt=\"javier\" class=\"wp-image-770\" style=\"width:196px;height:auto\" srcset=\"https:\/\/www.academiaschool.edu\/wp-content\/uploads\/2024\/03\/student_javier.png 240w, https:\/\/www.academiaschool.edu\/wp-content\/uploads\/2024\/03\/student_javier-150x150.png 150w\" sizes=\"auto, (max-width: 240px) 100vw, 240px\" \/><\/figure>\n<\/div>\n\n\n<section class=\"wp-block-jinr-blocks-designtitle b--jinr-block b--jinr-h2rich d--h2rich-left d--h2rich-style1 d--titledesign-weight-thin d--h2rich-none js--scr-animation\" style=\"border-color:false\"><div class=\"c--h2rich-contents\"><span class=\"a--h2rich-subcopy ef\" style=\"color:#004c80\">ARGENTINE<\/span><h2 class=\"a--h2rich-maincopy d--bold ef\" style=\"color:false\"><strong>JAVIER<\/strong><\/h2><\/div><\/section>\n\n\n\n<p>Je suis tr\u00e8s heureuse d&rsquo;avoir eu la possibilit\u00e9 d&rsquo;\u00e9tudier l&rsquo;anglais \u00e0 Hawa\u00ef. Je pense que l&rsquo;exp\u00e9rience a \u00e9t\u00e9 extraordinaire et je la recommande \u00e0 tout le monde. J&rsquo;ai vraiment appr\u00e9ci\u00e9 le temps que j&rsquo;ai pass\u00e9 dans les activit\u00e9s scolaires.<br\/>Je n&rsquo;oublierai jamais mes trois mois \u00e0 Hawa\u00ef. J&rsquo;aimerais recommander l&rsquo;\u00e9cole Academia parce que tous les \u00e9tudiants, les enseignants et le personnel ont \u00e9t\u00e9 tr\u00e8s amicaux tout au long de l&rsquo;ann\u00e9e. Tous les amis que je me suis faits \u00e0 Hawa\u00ef me manqueront. J&rsquo;en suis tr\u00e8s heureux. Je vous remercie de votre attention.<\/p>\n<\/div>\n\n\n\n<div class=\"wp-block-column is-layout-flow wp-block-column-is-layout-flow\"><div class=\"wp-block-image\">\n<figure class=\"aligncenter size-full is-resized\"><img loading=\"lazy\" decoding=\"async\" width=\"240\" height=\"240\" src=\"https:\/\/www.academiaschool.edu\/wp-content\/uploads\/2024\/03\/student_bastian.png\" alt=\"&#xE9;tudiant_bastien\" class=\"wp-image-769\" style=\"width:194px;height:auto\" srcset=\"https:\/\/www.academiaschool.edu\/wp-content\/uploads\/2024\/03\/student_bastian.png 240w, https:\/\/www.academiaschool.edu\/wp-content\/uploads\/2024\/03\/student_bastian-150x150.png 150w\" sizes=\"auto, (max-width: 240px) 100vw, 240px\" \/><\/figure>\n<\/div>\n\n\n<section class=\"wp-block-jinr-blocks-designtitle b--jinr-block b--jinr-h2rich d--h2rich-left d--h2rich-style1 d--titledesign-weight-thin d--h2rich-none js--scr-animation\" style=\"border-color:false\"><div class=\"c--h2rich-contents\"><span class=\"a--h2rich-subcopy ef\" style=\"color:#004c80\">ALLEMAGNE<\/span><h2 class=\"a--h2rich-maincopy d--bold ef\" style=\"color:false\"><strong>BASTIAN<\/strong><\/h2><\/div><\/section>\n\n\n\n<p>Lorsque j&rsquo;ai commenc\u00e9 \u00e0 travailler pour Academia, je comprenais un peu l&rsquo;anglais, mais je ne pouvais pas beaucoup parler. J&rsquo;ai suivi des cours d&rsquo;anglais en Allemagne, mais les professeurs ne nous ont pas appris \u00e0 parler la langue. Le monde universitaire m&rsquo;a beaucoup appris et je me sens maintenant tr\u00e8s \u00e0 l&rsquo;aise pour discuter avec les gens. Je vous recommande vivement d&rsquo;\u00e9tudier l&rsquo;anglais \u00e0 Academia. S\u00e9journer \u00e0 Honolulu, \u00e0 Hawa\u00ef, est fabuleux et les activit\u00e9s ne manquent pas.<\/p>\n<\/div>\n<\/div>\n\n<div class=\"wp-block-columns js--scr-animation is-layout-flex wp-container-core-columns-is-layout-9d6595d7 wp-block-columns-is-layout-flex\">\n<div class=\"wp-block-column is-layout-flow wp-block-column-is-layout-flow\"><div class=\"wp-block-image\">\n<figure class=\"aligncenter size-full is-resized\"><img loading=\"lazy\" decoding=\"async\" width=\"240\" height=\"240\" src=\"https:\/\/www.academiaschool.edu\/wp-content\/uploads\/2024\/03\/student_fernando.png\" alt=\"&#xE9;tudiant_fernando\" class=\"wp-image-766\" style=\"width:183px;height:auto\" srcset=\"https:\/\/www.academiaschool.edu\/wp-content\/uploads\/2024\/03\/student_fernando.png 240w, https:\/\/www.academiaschool.edu\/wp-content\/uploads\/2024\/03\/student_fernando-150x150.png 150w\" sizes=\"auto, (max-width: 240px) 100vw, 240px\" \/><\/figure>\n<\/div>\n\n\n<section class=\"wp-block-jinr-blocks-designtitle b--jinr-block b--jinr-h2rich d--h2rich-left d--h2rich-style1 d--titledesign-weight-thin d--h2rich-none js--scr-animation\" style=\"border-color:false\"><div class=\"c--h2rich-contents\"><span class=\"a--h2rich-subcopy ef\" style=\"color:#004c80\">BR\u00c9SIL<\/span><h2 class=\"a--h2rich-maincopy d--bold ef\" style=\"color:false\"><strong>FERNANDO<\/strong><\/h2><\/div><\/section>\n\n\n\n<p>J&rsquo;aime l&rsquo;acad\u00e9mie et je m&rsquo;y suis fait de nombreux amis. J&rsquo;aime aussi surfer et Hawa\u00ef est le meilleur endroit au monde pour le surf. Je fais du surf tous les jours apr\u00e8s l&rsquo;\u00e9cole \u00e0 Ala Moana Beach. Je peux aller \u00e0 la plage apr\u00e8s les cours avec ma planche de surf. Beaucoup d&rsquo;autres \u00e9tudiants surfent \u00e9galement et parfois nous surfons tous ensemble.<\/p>\n<\/div>\n\n\n\n<div class=\"wp-block-column is-layout-flow wp-block-column-is-layout-flow\"><\/div>\n<\/div>\n<section class=\"b--jinr-block b--jinr-blogcard d--blogcard-hover-up d--blogcard-style1 d--blogcard-mysite t--round \"><div class=\"a--blogcard-label ef\">Related Page<\/div><a class=\"o--blogcard-link t--round\" href=\"https:\/\/www.academiaschool.edu\/reason\/\"><div class=\"c--blogcard-image\"><img loading=\"lazy\" decoding=\"async\" class=\"a--blogcard-img-src\" width=\"128\" height=\"72\" src=\"https:\/\/www.academiaschool.edu\/wp-content\/uploads\/2025\/02\/\u540d\u79f0\u672a\u8a2d\u5b9a\u306e\u30c7\u30b6\u30a4\u30f3-7.png\" alt=\"Reasons for Choosing\" \/><\/div><div class=\"a--blogcard-title d--bold\">Reasons for Choosing<\/div><\/a><\/section>","protected":false},"excerpt":{"rendered":"<p>La fille du coll\u00e8gue de mon p\u00e8re \u00e9tait \u00e9tudiante \u00e0 l&rsquo;universit\u00e9 et apr\u00e8s avoir termin\u00e9 ses cours, elle m&rsquo;a recommand\u00e9 d&rsquo;am\u00e9liorer mon anglais ici. Je n&rsquo;avais jamais envisag\u00e9 d&rsquo;\u00e9tudier l&rsquo;anglais \u00e0 Hawa\u00ef et j&rsquo;\u00e9tais donc un peu d\u00e9concert\u00e9e d&rsquo;\u00eatre ici, mais j&rsquo;ai r\u00e9alis\u00e9 que j&rsquo;avais beaucoup de chance d&rsquo;\u00e9tudier dans un \u00e9tablissement universitaire et de [&hellip;]<\/p>\n","protected":false},"author":1,"featured_media":0,"parent":4730,"menu_order":0,"comment_status":"closed","ping_status":"closed","template":"","meta":{"_jinr_url_youtube":"","_jinr_pip_youtube":false,"_jinr_time_youtube":"","_jinr_thumb_youtube":"","_jinr_media_youtube":"","_jinr_category_edit":false,"_jinr_category":"","_jinr_title_display":false,"_jinr_snsbutton_display":false,"_jinr_ads_display":false,"_jinr_thumbnail_display":false,"_jinr_profile_display":false,"_jinr_representations_display":false,"_jinr_relatedpost_display":false,"_jinr_sidebar1col_display":false,"_jinr_sidebar2col_display":false,"_jinr_seotitle_display":"","_jinr_description_display":"","_jinr_keyword_display":"","_jinr_hastag_display":"","_jinr_canonical_display":"","_jinr_noindex_display":false,"_jinr_paidpost":false,"_jinr_paidpost_product_id":"","_jinr_headtag_article":"","footnotes":""},"class_list":["post-4760","page","type-page","status-publish","hentry"],"_links":{"self":[{"href":"https:\/\/www.academiaschool.edu\/fr\/wp-json\/wp\/v2\/pages\/4760","targetHints":{"allow":["GET"]}}],"collection":[{"href":"https:\/\/www.academiaschool.edu\/fr\/wp-json\/wp\/v2\/pages"}],"about":[{"href":"https:\/\/www.academiaschool.edu\/fr\/wp-json\/wp\/v2\/types\/page"}],"author":[{"embeddable":true,"href":"https:\/\/www.academiaschool.edu\/fr\/wp-json\/wp\/v2\/users\/1"}],"replies":[{"embeddable":true,"href":"https:\/\/www.academiaschool.edu\/fr\/wp-json\/wp\/v2\/comments?post=4760"}],"version-history":[{"count":3,"href":"https:\/\/www.academiaschool.edu\/fr\/wp-json\/wp\/v2\/pages\/4760\/revisions"}],"predecessor-version":[{"id":4763,"href":"https:\/\/www.academiaschool.edu\/fr\/wp-json\/wp\/v2\/pages\/4760\/revisions\/4763"}],"up":[{"embeddable":true,"href":"https:\/\/www.academiaschool.edu\/fr\/wp-json\/wp\/v2\/pages\/4730"}],"wp:attachment":[{"href":"https:\/\/www.academiaschool.edu\/fr\/wp-json\/wp\/v2\/media?parent=4760"}],"curies":[{"name":"wp","href":"https:\/\/api.w.org\/{rel}","templated":true}]}}