{"id":4758,"date":"2024-03-20T17:51:17","date_gmt":"2024-03-21T03:51:17","guid":{"rendered":"https:\/\/academia-school.net\/raisons-du-choix\/emplacement-et-installations-de-premier-choix\/"},"modified":"2024-04-24T09:50:45","modified_gmt":"2024-04-24T19:50:45","slug":"emplacement-et-installations-de-premier-choix","status":"publish","type":"page","link":"https:\/\/www.academiaschool.edu\/fr\/raisons-du-choix\/emplacement-et-installations-de-premier-choix\/","title":{"rendered":"Emplacement et installations de premier choix"},"content":{"rendered":"\n<section class=\"wp-block-jinr-blocks-fullwidth b--jinr-block b--jinr-fullwidth-container d--top-margin-xs-pc d--bottom-margin-xs-pc d--top-margin-xs-sp d--bottom-margin-xs-sp \"><section class=\"b--jinr-fullwidth d--fullwidth-parallax-off d--fullwidth-deco-bgimage\"><div class=\"a--jinr-fullwidth-image\"><div class=\"a--jinr-fullwidth-image-clip\"><img decoding=\"async\" src=\"https:\/\/www.academiaschool.edu\/wp-content\/uploads\/2024\/03\/\u30b9\u30af\u30ea\u30fc\u30f3\u30b7\u30e7\u30c3\u30c8-2024-03-26-\u5348\u5f8c8.21.16.webp\"\/><\/div><\/div><div class=\"a--jinr-fullwidth-overlay\" style=\"background-color:#222222;opacity:0.15\"><\/div><div class=\"d--fullwidth-100 d--fullwidth-pad40 d--fullwidth-pad0-sp t--main-width\" style=\"color:false\">\n<p class=\"has-text-align-center has-white-color has-text-color has-link-color wp-elements-1cbbbe808f5985de4f8fbd86e022bba7\"><span class=\"jinr-d--font-size d--fontsize-36px\"><strong><strong>Emplacement et installations de premier choix<\/strong><\/strong><\/span><\/p>\n<\/div><\/section><\/section>\n\n<p>Notre \u00e9cole est id\u00e9alement situ\u00e9e dans le quartier Ala Moana d&rsquo;Honolulu, \u00e0 Hawa\u00ef. Nous sommes \u00e0 quelques pas de Waikiki et de Kakaako, ce qui en fait non seulement un lieu d&rsquo;apprentissage id\u00e9al, mais aussi un lieu de vie extr\u00eamement pratique. Les plages les plus populaires, les centres commerciaux et les supermarch\u00e9s d&rsquo;Honolulu se trouvent \u00e0 proximit\u00e9, ce qui am\u00e9liore l&rsquo;exp\u00e9rience quotidienne de nos \u00e9tudiants.<\/p>\n\n<p>Nous sommes \u00e9galement situ\u00e9s sur les principales lignes de bus, ce qui vous permet d&rsquo;acc\u00e9der facilement \u00e0 n&rsquo;importe quel endroit de l&rsquo;\u00eele. Tout ce dont vous avez besoin se trouve \u00e0 quelques minutes de notre emplacement.<\/p>\n\n<figure class=\"wp-block-image size-large\"><img loading=\"lazy\" decoding=\"async\" width=\"1024\" height=\"768\" src=\"https:\/\/www.academiaschool.edu\/wp-content\/uploads\/2024\/03\/diamond-head-1246031_1280-1024x768.webp\" alt=\"Alamoana Beach Park\" class=\"wp-image-968\" srcset=\"https:\/\/www.academiaschool.edu\/wp-content\/uploads\/2024\/03\/diamond-head-1246031_1280-1024x768.webp 1024w, https:\/\/www.academiaschool.edu\/wp-content\/uploads\/2024\/03\/diamond-head-1246031_1280-300x225.webp 300w, https:\/\/www.academiaschool.edu\/wp-content\/uploads\/2024\/03\/diamond-head-1246031_1280-768x576.webp 768w, https:\/\/www.academiaschool.edu\/wp-content\/uploads\/2024\/03\/diamond-head-1246031_1280.webp 1280w\" sizes=\"auto, (max-width: 1024px) 100vw, 1024px\" \/><\/figure>\n\n<ul class=\"jinr-list wp-block-list\">\n<li><strong>Ala Moana Beach Park<\/strong> 8 minutes \u00e0 pied<\/li>\n\n\n\n<li><strong>Centre commercial Ala Moana<\/strong> \u00e0 3 minutes \u00e0 pied<\/li>\n\n\n\n<li><strong>Plage de Waikiki<\/strong> \u00e0 20 minutes \u00e0 pied<\/li>\n<\/ul>\n\n<figure class=\"wp-block-image size-full is-resized\"><img loading=\"lazy\" decoding=\"async\" width=\"640\" height=\"480\" src=\"https:\/\/www.academiaschool.edu\/wp-content\/uploads\/2024\/03\/academia_map-1.jpg\" alt=\"\" class=\"wp-image-965\" style=\"width:739px;height:auto\" srcset=\"https:\/\/www.academiaschool.edu\/wp-content\/uploads\/2024\/03\/academia_map-1.jpg 640w, https:\/\/www.academiaschool.edu\/wp-content\/uploads\/2024\/03\/academia_map-1-300x225.jpg 300w\" sizes=\"auto, (max-width: 640px) 100vw, 640px\" \/><\/figure>\n\n<p>De plus, notre emplacement dans l&#8217;embl\u00e9matique PAN AM BUILDING est bien connu dans tout Honolulu. Le b\u00e2timent est bien entretenu et dispose d&rsquo;un syst\u00e8me de s\u00e9curit\u00e9 fiable, ce qui garantit un environnement s\u00fbr et propre \u00e0 nos \u00e9l\u00e8ves.<\/p>\n<section class=\"b--jinr-block b--jinr-blogcard d--blogcard-hover-up d--blogcard-style1 d--blogcard-mysite t--round \"><div class=\"a--blogcard-label ef\">Related Page<\/div><a class=\"o--blogcard-link t--round\" href=\"https:\/\/www.academiaschool.edu\/reason\/\"><div class=\"c--blogcard-image\"><img loading=\"lazy\" decoding=\"async\" class=\"a--blogcard-img-src\" width=\"128\" height=\"72\" src=\"https:\/\/www.academiaschool.edu\/wp-content\/uploads\/2025\/02\/\u540d\u79f0\u672a\u8a2d\u5b9a\u306e\u30c7\u30b6\u30a4\u30f3-7.png\" alt=\"Reasons for Choosing\" \/><\/div><div class=\"a--blogcard-title d--bold\">Reasons for Choosing<\/div><\/a><\/section>","protected":false},"excerpt":{"rendered":"<p>Notre \u00e9cole est id\u00e9alement situ\u00e9e dans le quartier Ala Moana d&rsquo;Honolulu, \u00e0 Hawa\u00ef. Nous sommes \u00e0 quelques pas de Waikiki et de Kakaako, ce qui en fait non seulement un lieu d&rsquo;apprentissage id\u00e9al, mais aussi un lieu de vie extr\u00eamement pratique. Les plages les plus populaires, les centres commerciaux et les supermarch\u00e9s d&rsquo;Honolulu se trouvent [&hellip;]<\/p>\n","protected":false},"author":1,"featured_media":0,"parent":4730,"menu_order":0,"comment_status":"closed","ping_status":"closed","template":"","meta":{"_jinr_url_youtube":"","_jinr_pip_youtube":false,"_jinr_time_youtube":"","_jinr_thumb_youtube":"","_jinr_media_youtube":"","_jinr_category_edit":false,"_jinr_category":"","_jinr_title_display":false,"_jinr_snsbutton_display":false,"_jinr_ads_display":false,"_jinr_thumbnail_display":false,"_jinr_profile_display":false,"_jinr_representations_display":false,"_jinr_relatedpost_display":false,"_jinr_sidebar1col_display":false,"_jinr_sidebar2col_display":false,"_jinr_seotitle_display":"","_jinr_description_display":"","_jinr_keyword_display":"","_jinr_hastag_display":"","_jinr_canonical_display":"","_jinr_noindex_display":false,"_jinr_paidpost":false,"_jinr_paidpost_product_id":"","_jinr_headtag_article":"","footnotes":""},"class_list":["post-4758","page","type-page","status-publish","hentry"],"_links":{"self":[{"href":"https:\/\/www.academiaschool.edu\/fr\/wp-json\/wp\/v2\/pages\/4758","targetHints":{"allow":["GET"]}}],"collection":[{"href":"https:\/\/www.academiaschool.edu\/fr\/wp-json\/wp\/v2\/pages"}],"about":[{"href":"https:\/\/www.academiaschool.edu\/fr\/wp-json\/wp\/v2\/types\/page"}],"author":[{"embeddable":true,"href":"https:\/\/www.academiaschool.edu\/fr\/wp-json\/wp\/v2\/users\/1"}],"replies":[{"embeddable":true,"href":"https:\/\/www.academiaschool.edu\/fr\/wp-json\/wp\/v2\/comments?post=4758"}],"version-history":[{"count":1,"href":"https:\/\/www.academiaschool.edu\/fr\/wp-json\/wp\/v2\/pages\/4758\/revisions"}],"predecessor-version":[{"id":4759,"href":"https:\/\/www.academiaschool.edu\/fr\/wp-json\/wp\/v2\/pages\/4758\/revisions\/4759"}],"up":[{"embeddable":true,"href":"https:\/\/www.academiaschool.edu\/fr\/wp-json\/wp\/v2\/pages\/4730"}],"wp:attachment":[{"href":"https:\/\/www.academiaschool.edu\/fr\/wp-json\/wp\/v2\/media?parent=4758"}],"curies":[{"name":"wp","href":"https:\/\/api.w.org\/{rel}","templated":true}]}}