{"id":4754,"date":"2024-03-20T17:52:13","date_gmt":"2024-03-21T03:52:13","guid":{"rendered":"https:\/\/academia-school.net\/raisons-du-choix\/soutien-amical-aux-parents-et-aux-enfants-qui-etudient-a-letranger\/"},"modified":"2024-04-24T09:50:18","modified_gmt":"2024-04-24T19:50:18","slug":"soutien-amical-aux-parents-et-aux-enfants-qui-etudient-a-letranger","status":"publish","type":"page","link":"https:\/\/www.academiaschool.edu\/fr\/raisons-du-choix\/soutien-amical-aux-parents-et-aux-enfants-qui-etudient-a-letranger\/","title":{"rendered":"Soutien amical aux parents et aux enfants qui \u00e9tudient \u00e0 l&rsquo;\u00e9tranger"},"content":{"rendered":"\n<section class=\"wp-block-jinr-blocks-fullwidth b--jinr-block b--jinr-fullwidth-container d--top-margin-xs-pc d--bottom-margin-xs-pc d--top-margin-xs-sp d--bottom-margin-xs-sp \"><section class=\"b--jinr-fullwidth d--fullwidth-parallax-off d--fullwidth-deco-bgimage\"><div class=\"a--jinr-fullwidth-image\"><div class=\"a--jinr-fullwidth-image-clip\"><img decoding=\"async\" src=\"https:\/\/www.academiaschool.edu\/wp-content\/uploads\/2024\/03\/\u30b9\u30af\u30ea\u30fc\u30f3\u30b7\u30e7\u30c3\u30c8-2024-03-26-\u5348\u5f8c8.21.16.webp\"\/><\/div><\/div><div class=\"a--jinr-fullwidth-overlay\" style=\"background-color:#222222;opacity:0.15\"><\/div><div class=\"d--fullwidth-100 d--fullwidth-pad40 d--fullwidth-pad0-sp t--main-width\" style=\"color:false\">\n<p class=\"has-text-align-center has-white-color has-text-color has-link-color wp-elements-760cb433f7879083f3f14eb1516a4761\"><span class=\"jinr-d--font-size d--fontsize-36px\"><strong><strong>Soutien aux parents et aux enfants qui \u00e9tudient \u00e0 l&rsquo;\u00e9tranger<\/strong><\/strong><\/span><\/p>\n<\/div><\/section><\/section>\n\n<p>L&rsquo;ALS appr\u00e9cie les personnes qui viennent \u00e0 Hawa\u00ef pour \u00e9tudier \u00e0 l&rsquo;\u00e9tranger avec leurs parents et leurs enfants et leur offre un soutien vari\u00e9.<\/p>\n\n<ul class=\"jinr-list wp-block-list\">\n<li>Un programme d&rsquo;\u00e9tudes pratique<\/li>\n\n\n\n<li>Emplacement pratique pour les ramassages et les d\u00e9p\u00f4ts<\/li>\n\n\n\n<li>Des vacances faciles \u00e0 coordonner avec celles des enfants<\/li>\n\n\n\n<li>S\u00e9minaires et informations sur la parentalit\u00e9 et la scolarisation aux \u00c9tats-Unis<\/li>\n<\/ul>\n\n<p>Examinons chacun d&rsquo;entre eux en d\u00e9tail.<\/p>\n\n<h2 class=\"wp-block-heading jinr-heading d--bold\"><strong>Un programme d&rsquo;\u00e9tudes pratique<\/strong><\/h2>\n\n<p>Le programme ALS est tr\u00e8s pratique pour les parents qui doivent d\u00e9poser et r\u00e9cup\u00e9rer leurs enfants.<\/p>\n\n<p>De nombreux \u00e9tudiants de l&rsquo;ALS sont des parents qui s&rsquo;occupent du transport de leurs enfants. Il existe trois options d&rsquo;horaire pour le programme d&rsquo;\u00e9tudes de quatre jours en semaine :<\/p>\n\n<ul class=\"jinr-list wp-block-list\">\n<li>7 H 40 &#8211; 12 H 10<\/li>\n\n\n\n<li>8 H 45 &#8211; 13 H 30<\/li>\n\n\n\n<li>10 H 00 &#8211; 14 H 40<\/li>\n<\/ul>\n\n<p>Veuillez choisir l&rsquo;horaire qui convient le mieux \u00e0 vos besoins de prise en charge et de d\u00e9pose.<\/p>\n\n<figure class=\"wp-block-image size-large\"><img loading=\"lazy\" decoding=\"async\" width=\"1024\" height=\"684\" src=\"https:\/\/www.academiaschool.edu\/wp-content\/uploads\/2024\/03\/1_CONVENIENT-CURRICULUM-1-1024x684.png\" alt=\"\" class=\"wp-image-981\" srcset=\"https:\/\/www.academiaschool.edu\/wp-content\/uploads\/2024\/03\/1_CONVENIENT-CURRICULUM-1-1024x684.png 1024w, https:\/\/www.academiaschool.edu\/wp-content\/uploads\/2024\/03\/1_CONVENIENT-CURRICULUM-1-300x200.png 300w, https:\/\/www.academiaschool.edu\/wp-content\/uploads\/2024\/03\/1_CONVENIENT-CURRICULUM-1-768x513.png 768w, https:\/\/www.academiaschool.edu\/wp-content\/uploads\/2024\/03\/1_CONVENIENT-CURRICULUM-1.png 1160w\" sizes=\"auto, (max-width: 1024px) 100vw, 1024px\" \/><\/figure>\n\n<p>Par exemple, les parents qui peuvent d\u00e9poser leurs enfants dans une \u00e9cole priv\u00e9e \u00e0 7 heures du matin peuvent choisir l&rsquo;horaire 7h40 &#8211; 12h10. Les personnes dont les enfants fr\u00e9quentent l&rsquo;\u00e9cole publique ou qui ont plusieurs enfants et qui ont besoin de plus de temps pour aller les chercher et les d\u00e9poser peuvent opter pour l&rsquo;horaire 8h45 &#8211; 13h30. Les parents d&rsquo;enfants plus \u00e2g\u00e9s qui rentrent \u00e0 la maison le soir peuvent choisir l&rsquo;horaire 10h00 &#8211; 14h40.<\/p>\n\n<h2 class=\"wp-block-heading jinr-heading d--bold\"><strong>Emplacement pratique pour les ramassages et les d\u00e9p\u00f4ts<\/strong><\/h2>\n\n<p>L&rsquo;ALS est situ\u00e9 \u00e0 Ala Moana, avec un acc\u00e8s tr\u00e8s pratique. Il se trouve \u00e0 proximit\u00e9 de Don Quijote et du centre commercial Ala Moana, ce qui est pratique pour faire du shopping apr\u00e8s les cours.<\/p>\n\n<figure class=\"wp-block-image size-large\"><img loading=\"lazy\" decoding=\"async\" width=\"1024\" height=\"684\" src=\"https:\/\/www.academiaschool.edu\/wp-content\/uploads\/2024\/03\/2_PRIME-LOCATION-2-1024x684.png\" alt=\"\" class=\"wp-image-982\" srcset=\"https:\/\/www.academiaschool.edu\/wp-content\/uploads\/2024\/03\/2_PRIME-LOCATION-2-1024x684.png 1024w, https:\/\/www.academiaschool.edu\/wp-content\/uploads\/2024\/03\/2_PRIME-LOCATION-2-300x200.png 300w, https:\/\/www.academiaschool.edu\/wp-content\/uploads\/2024\/03\/2_PRIME-LOCATION-2-768x513.png 768w, https:\/\/www.academiaschool.edu\/wp-content\/uploads\/2024\/03\/2_PRIME-LOCATION-2.png 1160w\" sizes=\"auto, (max-width: 1024px) 100vw, 1024px\" \/><\/figure>\n\n<p>L&rsquo;accessibilit\u00e9 est cruciale pour les \u00e9coles qui font la navette quotidiennement.<\/p>\n\n<h2 class=\"wp-block-heading jinr-heading d--bold\"><strong>Des vacances faciles \u00e0 coordonner avec celles des enfants<\/strong><\/h2>\n\n<p>Le syst\u00e8me de vacances d&rsquo;ALS est \u00e9galement tr\u00e8s pratique pour les parents avec enfants.<\/p>\n\n<figure class=\"wp-block-image size-large\"><img loading=\"lazy\" decoding=\"async\" width=\"1024\" height=\"684\" src=\"https:\/\/www.academiaschool.edu\/wp-content\/uploads\/2024\/03\/3_VACATION-SCHEDULES-THAT-ALIGN-WITH-CHILDRENS-BREAKS-1-1024x684.png\" alt=\"\" class=\"wp-image-983\" srcset=\"https:\/\/www.academiaschool.edu\/wp-content\/uploads\/2024\/03\/3_VACATION-SCHEDULES-THAT-ALIGN-WITH-CHILDRENS-BREAKS-1-1024x684.png 1024w, https:\/\/www.academiaschool.edu\/wp-content\/uploads\/2024\/03\/3_VACATION-SCHEDULES-THAT-ALIGN-WITH-CHILDRENS-BREAKS-1-300x200.png 300w, https:\/\/www.academiaschool.edu\/wp-content\/uploads\/2024\/03\/3_VACATION-SCHEDULES-THAT-ALIGN-WITH-CHILDRENS-BREAKS-1-768x513.png 768w, https:\/\/www.academiaschool.edu\/wp-content\/uploads\/2024\/03\/3_VACATION-SCHEDULES-THAT-ALIGN-WITH-CHILDRENS-BREAKS-1.png 1160w\" sizes=\"auto, (max-width: 1024px) 100vw, 1024px\" \/><\/figure>\n\n<p>De nombreux parents souhaitent retourner au Japon avec leurs enfants pendant les vacances d&rsquo;\u00e9t\u00e9.<\/p>\n\n<p>Ces parents pourraient envisager de prendre un ou deux mois de vacances. Avec une pr\u00e9paration et des proc\u00e9dures ad\u00e9quates, il est possible de prendre des vacances align\u00e9es sur les cong\u00e9s d&rsquo;\u00e9t\u00e9 des enfants.<\/p>\n\n<h2 class=\"wp-block-heading jinr-heading d--bold\"><strong>S\u00e9minaires et informations sur la parentalit\u00e9 et la scolarisation aux \u00c9tats-Unis<\/strong><\/h2>\n\n<p>Nous organisons des s\u00e9minaires et fournissons des informations sur la pr\u00e9paration \u00e0 la poursuite des \u00e9tudes et sur les risques li\u00e9s aux enfants, tels que la drogue et la criminalit\u00e9, \u00e0 l&rsquo;intention des parents qui envisagent d&rsquo;\u00e9lever et de scolariser leurs enfants aux \u00c9tats-Unis.<\/p>\n\n<p>Des experts fournissent des explications d\u00e9taill\u00e9es sur les derni\u00e8res tendances en mati\u00e8re d&rsquo;\u00e9ducation, sur l&rsquo;art d&rsquo;\u00eatre parent en toute s\u00e9curit\u00e9 dans un environnement s\u00e9curis\u00e9 et sur les strat\u00e9gies efficaces pour la poursuite des \u00e9tudes. L&rsquo;objectif est de permettre aux parents de mieux comprendre les d\u00e9fis auxquels ils peuvent \u00eatre confront\u00e9s et d&rsquo;aider leurs enfants \u00e0 r\u00e9ussir.<\/p>\n\n<p>Par exemple, dans le s\u00e9minaire suivant, nous invitons des experts externes \u00e0 discuter de la s\u00e9curit\u00e9 des parents aux \u00c9tats-Unis, du r\u00f4le des m\u00e8res et des points sur lesquels se concentrer en fonction des crit\u00e8res d&rsquo;\u00e9valuation actuels de l&rsquo;universit\u00e9 de Harvard. Un temps de r\u00e9seautage est \u00e9galement pr\u00e9vu pour les \u00e9tudiants \u00e0 l&rsquo;heure du d\u00e9jeuner, apr\u00e8s le s\u00e9minaire.<\/p>\n\n<figure class=\"wp-block-image size-large\"><img loading=\"lazy\" decoding=\"async\" width=\"704\" height=\"1024\" src=\"https:\/\/www.academiaschool.edu\/wp-content\/uploads\/2024\/03\/Japanese-Dept-6-704x1024.png\" alt=\"\" class=\"wp-image-979\" srcset=\"https:\/\/www.academiaschool.edu\/wp-content\/uploads\/2024\/03\/Japanese-Dept-6-704x1024.png 704w, https:\/\/www.academiaschool.edu\/wp-content\/uploads\/2024\/03\/Japanese-Dept-6-206x300.png 206w, https:\/\/www.academiaschool.edu\/wp-content\/uploads\/2024\/03\/Japanese-Dept-6-768x1117.png 768w, https:\/\/www.academiaschool.edu\/wp-content\/uploads\/2024\/03\/Japanese-Dept-6-1056x1536.png 1056w, https:\/\/www.academiaschool.edu\/wp-content\/uploads\/2024\/03\/Japanese-Dept-6.png 1375w\" sizes=\"auto, (max-width: 704px) 100vw, 704px\" \/><\/figure>\n\n<p>Si vous \u00e9tudiez ou envisagez d&rsquo;\u00e9tudier \u00e0 l&rsquo;\u00e9tranger \u00e0 Hawa\u00ef, n&rsquo;h\u00e9sitez pas \u00e0 nous contacter.<\/p>\n<section class='b--jinr-block b--jinr-button   js--scr-animation block_a19c9c40-cf29-44c3-a3e0-2c0ce9d831e3'>\n\t\t\t\t\t<div class=\"o--button-inner d--button-type4 d--button-outline d--button-outline-hover-halftransparent  d--button-center\"><span class=\"a--button-hover\"><a href=\"\"><span><strong>Contact Form<\/strong><\/span><\/a><\/span><\/div>\n\t\t\t\t<\/section><section class=\"b--jinr-block b--jinr-blogcard d--blogcard-hover-up d--blogcard-style1 d--blogcard-mysite t--round \"><div class=\"a--blogcard-label ef\">Related Page<\/div><a class=\"o--blogcard-link t--round\" href=\"https:\/\/www.academiaschool.edu\/reason\/\"><div class=\"c--blogcard-image\"><img loading=\"lazy\" decoding=\"async\" class=\"a--blogcard-img-src\" width=\"128\" height=\"72\" src=\"https:\/\/www.academiaschool.edu\/wp-content\/uploads\/2025\/02\/\u540d\u79f0\u672a\u8a2d\u5b9a\u306e\u30c7\u30b6\u30a4\u30f3-7.png\" alt=\"Reasons for Choosing\" \/><\/div><div class=\"a--blogcard-title d--bold\">Reasons for Choosing<\/div><\/a><\/section>","protected":false},"excerpt":{"rendered":"<p>L&rsquo;ALS appr\u00e9cie les personnes qui viennent \u00e0 Hawa\u00ef pour \u00e9tudier \u00e0 l&rsquo;\u00e9tranger avec leurs parents et leurs enfants et leur offre un soutien vari\u00e9. Examinons chacun d&rsquo;entre eux en d\u00e9tail. Un programme d&rsquo;\u00e9tudes pratique Le programme ALS est tr\u00e8s pratique pour les parents qui doivent d\u00e9poser et r\u00e9cup\u00e9rer leurs enfants. De nombreux \u00e9tudiants de l&rsquo;ALS [&hellip;]<\/p>\n","protected":false},"author":1,"featured_media":0,"parent":4730,"menu_order":0,"comment_status":"closed","ping_status":"closed","template":"","meta":{"_jinr_url_youtube":"","_jinr_pip_youtube":false,"_jinr_time_youtube":"","_jinr_thumb_youtube":"","_jinr_media_youtube":"","_jinr_category_edit":false,"_jinr_category":"","_jinr_title_display":false,"_jinr_snsbutton_display":false,"_jinr_ads_display":false,"_jinr_thumbnail_display":false,"_jinr_profile_display":false,"_jinr_representations_display":false,"_jinr_relatedpost_display":false,"_jinr_sidebar1col_display":false,"_jinr_sidebar2col_display":false,"_jinr_seotitle_display":"","_jinr_description_display":"","_jinr_keyword_display":"","_jinr_hastag_display":"","_jinr_canonical_display":"","_jinr_noindex_display":false,"_jinr_paidpost":false,"_jinr_paidpost_product_id":"","_jinr_headtag_article":"","footnotes":""},"class_list":["post-4754","page","type-page","status-publish","hentry"],"_links":{"self":[{"href":"https:\/\/www.academiaschool.edu\/fr\/wp-json\/wp\/v2\/pages\/4754","targetHints":{"allow":["GET"]}}],"collection":[{"href":"https:\/\/www.academiaschool.edu\/fr\/wp-json\/wp\/v2\/pages"}],"about":[{"href":"https:\/\/www.academiaschool.edu\/fr\/wp-json\/wp\/v2\/types\/page"}],"author":[{"embeddable":true,"href":"https:\/\/www.academiaschool.edu\/fr\/wp-json\/wp\/v2\/users\/1"}],"replies":[{"embeddable":true,"href":"https:\/\/www.academiaschool.edu\/fr\/wp-json\/wp\/v2\/comments?post=4754"}],"version-history":[{"count":3,"href":"https:\/\/www.academiaschool.edu\/fr\/wp-json\/wp\/v2\/pages\/4754\/revisions"}],"predecessor-version":[{"id":4757,"href":"https:\/\/www.academiaschool.edu\/fr\/wp-json\/wp\/v2\/pages\/4754\/revisions\/4757"}],"up":[{"embeddable":true,"href":"https:\/\/www.academiaschool.edu\/fr\/wp-json\/wp\/v2\/pages\/4730"}],"wp:attachment":[{"href":"https:\/\/www.academiaschool.edu\/fr\/wp-json\/wp\/v2\/media?parent=4754"}],"curies":[{"name":"wp","href":"https:\/\/api.w.org\/{rel}","templated":true}]}}