{"id":4750,"date":"2024-03-25T06:34:04","date_gmt":"2024-03-25T16:34:04","guid":{"rendered":"https:\/\/academia-school.net\/raisons-du-choix\/faible-cout-commitment-and-secrets\/"},"modified":"2024-04-24T09:49:59","modified_gmt":"2024-04-24T19:49:59","slug":"faible-cout-commitment-and-secrets","status":"publish","type":"page","link":"https:\/\/www.academiaschool.edu\/fr\/raisons-du-choix\/faible-cout-commitment-and-secrets\/","title":{"rendered":"Faible co\u00fbt ! Commitment and Secrets"},"content":{"rendered":"\n<section class=\"wp-block-jinr-blocks-fullwidth b--jinr-block b--jinr-fullwidth-container d--top-margin-xs-pc d--bottom-margin-xs-pc d--top-margin-xs-sp d--bottom-margin-xs-sp \"><section class=\"b--jinr-fullwidth d--fullwidth-parallax-off d--fullwidth-deco-bgimage\"><div class=\"a--jinr-fullwidth-image\"><div class=\"a--jinr-fullwidth-image-clip\"><img decoding=\"async\" src=\"https:\/\/www.academiaschool.edu\/wp-content\/uploads\/2024\/03\/\u30b9\u30af\u30ea\u30fc\u30f3\u30b7\u30e7\u30c3\u30c8-2024-03-26-\u5348\u5f8c8.21.16.webp\"\/><\/div><\/div><div class=\"a--jinr-fullwidth-overlay\" style=\"background-color:#222222;opacity:0.15\"><\/div><div class=\"d--fullwidth-100 d--fullwidth-pad40 d--fullwidth-pad0-sp t--main-width\" style=\"color:false\">\n<p class=\"has-text-align-center has-white-color has-text-color has-link-color wp-elements-2bc04d9b635d2587b1624fc7f4e136ab\"><span class=\"jinr-d--font-size d--fontsize-36px\"><strong><strong>Faible co\u00fbt ! Engagement et secrets<\/strong><\/strong><\/span><\/p>\n<\/div><\/section><\/section>\n\n<h2 class=\"wp-block-heading jinr-heading d--bold\"><strong>Faible co\u00fbt ! Engagement et secrets<\/strong><\/h2>\n\n<p>Nous nous engageons \u00e0 fournir le meilleur environnement d&rsquo;apprentissage \u00e0 chaque \u00e9l\u00e8ve tout en maintenant les co\u00fbts aussi bas que possible. Pour y parvenir, nous avons mis en \u0153uvre plusieurs initiatives sp\u00e9ciales et secr\u00e8tes.<\/p>\n\n<h3 class=\"wp-block-heading jinr-heading d--bold\"><strong>Notre engagement<\/strong><\/h3>\n\n<section class=\"wp-block-jinr-blocks-simplebox b--jinr-block-container\"><div class=\"b--jinr-block b--jinr-box d--simple-box5  \"><div class=\"c--simple-box-inner\">\n<p class=\"has-text-align-center\"><strong>Une tarification ax\u00e9e sur l&rsquo;\u00e9tudiant<\/strong><\/p>\n<\/div><\/div><\/section>\n\n<p>Notre plus grand engagement est de fixer des prix aussi bas que possible afin que les \u00e9tudiants puissent se concentrer sur leurs \u00e9tudes de langues et profiter de la vie \u00e0 Hawa\u00ef avec une charge financi\u00e8re minimale. Malgr\u00e9 les difficult\u00e9s \u00e0 vivre avec l&rsquo;inflation aux \u00c9tats-Unis, nous voulons rendre nos prix accessibles \u00e0 tous. \u00c0 cette fin, nous mettons en \u0153uvre diverses mesures de r\u00e9duction des co\u00fbts, dont les r\u00e9sultats se refl\u00e8tent tous dans la r\u00e9duction des frais de scolarit\u00e9.<\/p>\n\n<h3 class=\"wp-block-heading jinr-heading d--bold\"><strong>Nos secrets<\/strong><\/h3>\n\n<h4 class=\"wp-block-heading jinr-heading d--bold\"><strong>Utilisation intelligente de l&rsquo;espace<\/strong><\/h4>\n\n<p>Si vous visitez notre \u00e9cole pour la premi\u00e8re fois, vous serez peut-\u00eatre surpris par sa compacit\u00e9. Normalement, les activit\u00e9s scolaires n\u00e9cessitent des salles pour le personnel et de vastes espaces de bureaux, mais nous avons innov\u00e9 dans ce domaine. En supprimant les chambres du personnel et en r\u00e9duisant l&rsquo;espace de r\u00e9ception et de bureau, nous pouvons allouer davantage de fonds \u00e0 l&rsquo;am\u00e9lioration de la qualit\u00e9 de l&rsquo;enseignement et \u00e0 la r\u00e9duction des frais de scolarit\u00e9.<\/p>\n\n<h4 class=\"wp-block-heading jinr-heading d--bold\"><strong>Mod\u00e8le op\u00e9rationnel efficace<\/strong><\/h4>\n\n<p>En tirant parti des derni\u00e8res technologies pour num\u00e9riser et automatiser les t\u00e2ches administratives, nous avons \u00e9t\u00e9 en mesure de r\u00e9duire les co\u00fbts op\u00e9rationnels. Cela nous permet de maintenir le personnel et les autres co\u00fbts d&rsquo;exploitation \u00e0 un niveau peu \u00e9lev\u00e9, ce qui nous permet d&rsquo;offrir des frais de scolarit\u00e9 bas, les plus bas du secteur.<\/p>\n\n<h3 class=\"wp-block-heading jinr-heading d--bold\">Investir dans votre avenir<\/h3>\n\n<p>Dans notre \u00e9cole de langues, si nous continuons \u00e0 chercher des moyens de r\u00e9duire les co\u00fbts, nous ne faisons jamais de compromis sur la qualit\u00e9 de l&rsquo;enseignement. Des cours de qualit\u00e9 dispens\u00e9s par des professeurs exp\u00e9riment\u00e9s, une aide \u00e0 l&rsquo;apprentissage compl\u00e8te et une communaut\u00e9 chaleureuse sont \u00e0 votre disposition. Avec notre engagement et nos secrets, nous vous aidons \u00e0 vous rapprocher de vos r\u00eaves et de vos objectifs gr\u00e2ce \u00e0 l&rsquo;apprentissage des langues.<\/p>\n\n<p>Nous esp\u00e9rons que vous choisirez notre \u00e9cole pour votre voyage d&rsquo;apprentissage des langues. Apprenons, grandissons et ouvrons un nouveau monde ensemble.<\/p>\n<section class=\"b--jinr-block b--jinr-blogcard d--blogcard-hover-up d--blogcard-style1 d--blogcard-mysite t--round \"><div class=\"a--blogcard-label ef\">Related Page<\/div><a class=\"o--blogcard-link t--round\" href=\"https:\/\/www.academiaschool.edu\/reason\/\"><div class=\"c--blogcard-image\"><img loading=\"lazy\" decoding=\"async\" class=\"a--blogcard-img-src\" width=\"128\" height=\"72\" src=\"https:\/\/www.academiaschool.edu\/wp-content\/uploads\/2025\/02\/\u540d\u79f0\u672a\u8a2d\u5b9a\u306e\u30c7\u30b6\u30a4\u30f3-7.png\" alt=\"Reasons for Choosing\" \/><\/div><div class=\"a--blogcard-title d--bold\">Reasons for Choosing<\/div><\/a><\/section>","protected":false},"excerpt":{"rendered":"<p>Faible co\u00fbt ! Engagement et secrets Nous nous engageons \u00e0 fournir le meilleur environnement d&rsquo;apprentissage \u00e0 chaque \u00e9l\u00e8ve tout en maintenant les co\u00fbts aussi bas que possible. Pour y parvenir, nous avons mis en \u0153uvre plusieurs initiatives sp\u00e9ciales et secr\u00e8tes. Notre engagement Notre plus grand engagement est de fixer des prix aussi bas que possible [&hellip;]<\/p>\n","protected":false},"author":1,"featured_media":0,"parent":4730,"menu_order":0,"comment_status":"closed","ping_status":"closed","template":"","meta":{"_jinr_url_youtube":"","_jinr_pip_youtube":false,"_jinr_time_youtube":"","_jinr_thumb_youtube":"","_jinr_media_youtube":"","_jinr_category_edit":false,"_jinr_category":"","_jinr_title_display":false,"_jinr_snsbutton_display":false,"_jinr_ads_display":false,"_jinr_thumbnail_display":false,"_jinr_profile_display":false,"_jinr_representations_display":false,"_jinr_relatedpost_display":false,"_jinr_sidebar1col_display":false,"_jinr_sidebar2col_display":false,"_jinr_seotitle_display":"","_jinr_description_display":"","_jinr_keyword_display":"","_jinr_hastag_display":"","_jinr_canonical_display":"","_jinr_noindex_display":false,"_jinr_paidpost":false,"_jinr_paidpost_product_id":"","_jinr_headtag_article":"","footnotes":""},"class_list":["post-4750","page","type-page","status-publish","hentry"],"_links":{"self":[{"href":"https:\/\/www.academiaschool.edu\/fr\/wp-json\/wp\/v2\/pages\/4750","targetHints":{"allow":["GET"]}}],"collection":[{"href":"https:\/\/www.academiaschool.edu\/fr\/wp-json\/wp\/v2\/pages"}],"about":[{"href":"https:\/\/www.academiaschool.edu\/fr\/wp-json\/wp\/v2\/types\/page"}],"author":[{"embeddable":true,"href":"https:\/\/www.academiaschool.edu\/fr\/wp-json\/wp\/v2\/users\/1"}],"replies":[{"embeddable":true,"href":"https:\/\/www.academiaschool.edu\/fr\/wp-json\/wp\/v2\/comments?post=4750"}],"version-history":[{"count":3,"href":"https:\/\/www.academiaschool.edu\/fr\/wp-json\/wp\/v2\/pages\/4750\/revisions"}],"predecessor-version":[{"id":4753,"href":"https:\/\/www.academiaschool.edu\/fr\/wp-json\/wp\/v2\/pages\/4750\/revisions\/4753"}],"up":[{"embeddable":true,"href":"https:\/\/www.academiaschool.edu\/fr\/wp-json\/wp\/v2\/pages\/4730"}],"wp:attachment":[{"href":"https:\/\/www.academiaschool.edu\/fr\/wp-json\/wp\/v2\/media?parent=4750"}],"curies":[{"name":"wp","href":"https:\/\/api.w.org\/{rel}","templated":true}]}}